{"id":2519,"date":"2023-04-03T21:38:18","date_gmt":"2023-04-03T20:38:18","guid":{"rendered":"https:\/\/infinigate.wpengine.com\/hr\/?page_id=2519"},"modified":"2023-04-19T22:29:17","modified_gmt":"2023-04-19T21:29:17","slug":"vie-privee-2","status":"publish","type":"page","link":"https:\/\/www.infinigate.com\/hr\/infinigate-technologies\/vie-privee-2\/","title":{"rendered":"D\u00e9claration de confidentalit\u00e9"},"content":{"rendered":"\n<h4 class=\"wp-block-heading wp-block-heading\" id=\"h-declaration-de-confidentialite\">D\u00e9claration de Confidentialit\u00e9<\/h4>\n\n\n\n<p>Nous appr\u00e9cions votre visite sur notre site Web et votre int\u00e9r\u00eat pour notre entreprise. Cette d\u00e9claration de confidentialit\u00e9 explique quelles donn\u00e9es personnelles Infingate France SAS recueille lorsque vous utilisez nos services sur notre site Web et comment nous utilisons vos donn\u00e9es. Nous respectons votre vie priv\u00e9e et souhaitons vous fournir une compr\u00e9hension claire et transparente des donn\u00e9es que nous collectons et utilisons.<\/p>\n\n\n\n<h4 class=\"wp-block-heading wp-block-heading\" id=\"h-information-de-contact-du-responsable\">Information de contact du responsable<\/h4>\n\n\n\n<p>Si vous avez des questions concernant cette d\u00e9claration de confidentialit\u00e9 ou toute demande relative \u00e0 vos informations personnelles, veuillez nous contacter \u00e0 :<\/p>\n\n\n\n<p>Notre adresse: <br>INFINIGATE FRANCE SAS<br>40 avenue Pierre Lefaucheux <br>92100 Boulogne Billancourt<\/p>\n\n\n\n<p>Directeur G\u00e9n\u00e9ral : Yannick Bourque\u00a0<\/p>\n\n\n\n<p>T\u00e9l\u00e9phone: 01 80 73 04 25<\/p>\n\n\n\n<p>Fax: 01 46 21 07 40<\/p>\n\n\n\n<p>Email: <a href=\"mailto:info-fr@infinigate.com\">info-fr@infinigate.com<\/a><\/p>\n\n\n\n<h4 class=\"wp-block-heading wp-block-heading\" id=\"h-les-raisons-pour-lesquelles-vos-donnees-personnelles-sont-traitees-et-la-base-legale-pour-leur-traitement\">Les raisons pour lesquelles vos donn\u00e9es personnelles sont trait\u00e9es et la base l\u00e9gale pour leur traitement<\/h4>\n\n\n\n<p>Les donn\u00e9es personnelles sont des informations individuelles sur les circonstances personnelles ou professionnelles d&#8217;une personne physique sp\u00e9cifique ou identifiable, telles que votre nom, votre adresse, votre num\u00e9ro de t\u00e9l\u00e9phone, votre date de naissance, vos donn\u00e9es de paiement et votre adresse IP. Ci-dessous, nous fournissons des informations sur le traitement et la base juridique de vos donn\u00e9es personnelles lors de l\u2019utilisation de ce site :<\/p>\n\n\n\n<ul class=\"wp-block-list\">\n<li>Traitement de donn\u00e9es personnelles \u00e0 des fins d&#8217;enregistrement, de participation et d&#8217;ex\u00e9cution de formations, d&#8217;\u00e9v\u00e9nements ou de webcasts:<\/li>\n<\/ul>\n\n\n\n<p>Afin de participer \u00e0 nos formations, \u00e9v\u00e9nements ou webcasts et de pouvoir les r\u00e9aliser, vous devez vous inscrire. Par cons\u00e9quent, nous traitons vos donn\u00e9es personnelles. Ce sont votre nom et pr\u00e9nom, votre fonction, adresse, num\u00e9ro de t\u00e9l\u00e9phone et adresse e-mail. La base juridique pour le traitement de vos donn\u00e9es personnelles : Votre consentement en vertu de l&#8217;article 6 par . 1 RGPD.&nbsp;Si vous vous inscrivez \u00e0 une formation, \u00e0 un \u00e9v\u00e9nement ou \u00e0 un webinar qui n&#8217;est pas gratuit, la base juridique pour le traitement de vos donn\u00e9es personnelles: l&#8217; ex\u00e9cution d&#8217;un contrat ou d&#8217;une action pr\u00e9contractuelle avec vous conform\u00e9ment \u00e0 l&#8217;article 6 par. 1 RGPD .&nbsp;<\/p>\n\n\n\n<ul class=\"wp-block-list\">\n<li>Traitement des donn\u00e9es personnelles dans le but d&#8217;envoyer des informations :&nbsp;<\/li>\n<\/ul>\n\n\n\n<p>Dans le cadre du suivi de formations, d&#8217;\u00e9v\u00e9nements, de webcasts ou d&#8217;\u00e9v\u00e9nements sur site, nous traitons vos donn\u00e9es personnelles \u00e0 des fins d&#8217;envoi unique d&#8217;informations par courrier ou par e-mail. Ce sont nom et pr\u00e9nom, nom de l&#8217;entreprise, adresse et adresse e-mail. Base juridique pour le traitement de vos donn\u00e9es personnelles: Int\u00e9r\u00eat justifiable de la personne responsable conform\u00e9ment \u00e0 l&#8217;article 6 par. 1 RGPD .&nbsp;<\/p>\n\n\n\n<ul class=\"wp-block-list\">\n<li>Traitement des donn\u00e9es personnelles \u00e0 des fins d&#8217;enregistrement en tant que revendeur :&nbsp;<\/li>\n<\/ul>\n\n\n\n<p>En vous inscrivant en tant que revendeur, vous nous fournissez des donn\u00e9es personnelles telles que le nom, le nom de la soci\u00e9t\u00e9, le poste, l&#8217;adresse et l&#8217;adresse e-mail. Vos donn\u00e9es peuvent donc \u00eatre utilis\u00e9es pour g\u00e9rer la collaboration et vous contacter . Base juridique du traitement de vos donn\u00e9es personnelles: Accomplissement d&#8217;un contrat ou ex\u00e9cution de mesures pr\u00e9contractuelles avec vous conform\u00e9ment \u00e0 l&#8217;article 6 par. 1 RGPD.&nbsp;<\/p>\n\n\n\n<ul class=\"wp-block-list\">\n<li>Traitement de donn\u00e9es personnelles \u00e0 des fins de marketing ou de publicit\u00e9 :<\/li>\n<\/ul>\n\n\n\n<p>&nbsp;En vous inscrivant \u00e0 notre newsletter (e-mail d&#8217;information promotionnelle), nous recevons vos donn\u00e9es personnelles, plus pr\u00e9cis\u00e9ment votre nom et votre adresse e-mail. Vos donn\u00e9es peuvent donc \u00eatre utilis\u00e9es pour vous envoyer des informations marketing ou publicitaires. Base juridique pour le traitement de vos donn\u00e9es personnelles: Consentement en vertu de l&#8217;article 6 par. 1 RGPD .<\/p>\n\n\n\n<ul class=\"wp-block-list\">\n<li>Traitement des donn\u00e9es personnelles aux fins de votre demande d&#8217;emploi :<\/li>\n<\/ul>\n\n\n\n<p>Afin d&#8217;\u00eatre en mesure de pourvoir \u00e0 un ou plusieurs de nos postes vacants, nous vous demandons de bien vouloir nous faire parvenir votre dossier de candidature \u00e0 l&#8217;adresse e-mail, fournies sur notre site Web. Dans le but de recevoir et d\u2019\u00e9tudier votre demande, nous traitons vos donn\u00e9es personnelles en fonction de la port\u00e9e de vos donn\u00e9es personnelles soumises. La base juridique du traitement de vos donn\u00e9es personnelles : la d\u00e9cision ou la justification d\u2019un emploi. Vous \u00eates invit\u00e9s \u00e0 soumettre vos documents dans un fichier prot\u00e9g\u00e9. Contactez-nous et indiquez nous les informations utiles pour exploiter vos documents.<\/p>\n\n\n\n<ul class=\"wp-block-list\">\n<li>Traitement des donn\u00e9es personnelles \u00e0 des fins d&#8217;enqu\u00eate et de poursuite des perturbations ou des abus de nos services en ligne :&nbsp;<\/li>\n<\/ul>\n\n\n\n<p>Nous enqu\u00eatons et suivons les interruptions ou les abus de nos offres en ligne ou de nos services et \u00e9quipements de t\u00e9l\u00e9communication, pour lesquels nous traitons vos donn\u00e9es personnelles. Ce sont votre adresse IP ainsi que le temps de vos visites sur notre site. La base juridique pour le traitement de vos donn\u00e9es personnelles: Int\u00e9r\u00eat justifiable de la personne responsable conform\u00e9ment \u00e0 l&#8217;article 6 par. 1 RGPD . La fourniture de vos donn\u00e9es personnelles dans le cadre de l&#8217;utilisation de notre site Web n&#8217;est pas requise par la loi et est seulement n\u00e9cessaire pour une conclusion du contrat, si cela a \u00e9t\u00e9 nomm\u00e9 ci-dessus pour les fins respectives du traitement des donn\u00e9es personnelles. La prise de d\u00e9cision automatis\u00e9e, y compris le profilage, bas\u00e9e sur vos informations personnelles trait\u00e9es via notre site Web, ne se produit pas.<\/p>\n\n\n\n<h4 class=\"wp-block-heading wp-block-heading\" id=\"h-categories-de-destinataires-de-donnees-personnelles\">Cat\u00e9gories de destinataires de donn\u00e9es personnelles<\/h4>\n\n\n\n<p>&nbsp;Vos donn\u00e9es personnelles trait\u00e9es sur notre site ne seront pas transmises \u00e0 d&#8217; autres destinataires si cela est n\u00e9cessaire aux fins respectives du traitement de ces donn\u00e9es personnelles, ou si nous avons confi\u00e9 plus de destinataires \u00e0 l&#8217;ex\u00e9cution des t\u00e2ches individuelles ou des services. Les cat\u00e9gories de destinataires de donn\u00e9es personnelles trait\u00e9es via notre site Web sont:<\/p>\n\n\n\n<ul class=\"wp-block-list\">\n<li>Ressources internes impliqu\u00e9s dans l&#8217;ex\u00e9cution des processus d&#8217;affaires respectifs (e. G. Achats, comptabilit\u00e9, IT)<\/li>\n\n\n\n<li>Les fournisseurs impliqu\u00e9s dans l&#8217;ex\u00e9cution des processus m\u00e9tier respectifs (par exemple, achats, comptabilit\u00e9, comptabilit\u00e9, informatique)<\/li>\n\n\n\n<li>Fournisseur de services pour l&#8217;h\u00e9bergement, la maintenance et l&#8217;administration de notre site web ou de nos bases de donn\u00e9es, actuellement : Infinigate Holding GmbH, Richard- Reitzner- Allee 8, 85540 Haar \/ Munich.<\/li>\n\n\n\n<li>Soci\u00e9t\u00e9s affili\u00e9es de notre groupe de soci\u00e9t\u00e9s<\/li>\n\n\n\n<li>Les fournisseurs de services externes pour le soutien ind\u00e9pendant direct des processus d&#8217;affaires respectifs (e. G. De fournisseur de services de messagerie ou de livraison, consultant fiscal, auditeur)<\/li>\n<\/ul>\n\n\n\n<p>La transmission de vos donn\u00e9es personnelles \u00e0 des destinataires nomm\u00e9s ci-dessus est bas\u00e9e sur votre consentement conform\u00e9ment \u00e0 l&#8217;article 6 par. 1 du R\u00e8glement europ\u00e9en sur la protection des donn\u00e9es, s&#8217;il est n\u00e9cessaire de remplir un contrat ou d&#8217; effectuer des mesures pr\u00e9contractuelles avec vous, conform\u00e9ment \u00e0 l&#8217; article 6 , par. 1 RGPD en raison de l&#8217;int\u00e9r\u00eat l\u00e9gitime de la personne responsable en vertu de l&#8217;article 6 par. 1 RGPD, ou pour le traitement de donn\u00e9es \u00e0 caract\u00e8re personnel conform\u00e9ment \u00e0 l&#8217; article 28 (1) de la RGPD.<\/p>\n\n\n\n<h4 class=\"wp-block-heading wp-block-heading\" id=\"h-transmission-de-donnees-a-des-destinataires-dans-un-pays-tiers-ou-a-une-organisation-internationale\">Transmission de donn\u00e9es \u00e0 des destinataires dans un pays tiers ou \u00e0 une organisation internationale<\/h4>\n\n\n\n<p>&nbsp;Nous ne transf\u00e9rons aucune donn\u00e9e personnelle trait\u00e9e via notre site web \u00e0 un destinataire dans un pays tiers ou \u00e0 une organisation internationale. Les transferts de vos donn\u00e9es personnelles aux vendeurs dont nous distribuons les produits et qui ont leur si\u00e8ge social dans un pays tiers sont exclus, si cela est n\u00e9cessaire pour ex\u00e9cuter un contrat ou prendre des mesures pr\u00e9contractuelles avec vous conform\u00e9ment \u00e0 l&#8217;article 6, par 1 de la RGPD.&nbsp;<\/p>\n\n\n\n<h4 class=\"wp-block-heading wp-block-heading\" id=\"h-duree-de-stockage-des-donnees-personnelles-nbsp\">Dur\u00e9e de stockage des donn\u00e9es personnelles&nbsp;<\/h4>\n\n\n\n<p>Vos donn\u00e9es personnelles ne seront stock\u00e9es que tant que leur r\u00e9tention est n\u00e9cessaire pour l&#8217; accomplissement d\u2019une mission. En dehors de cela, les donn\u00e9es personnelles trait\u00e9es via notre site Web (adresse IP) seront stock\u00e9es pendant un maximum de 48 heures , puis supprim\u00e9es. Cependant, en raison de dur\u00e9e de r\u00e9tention l\u00e9gales ou contractuelles, certaines informations doivent \u00eatre conserv\u00e9es plus longtemps. Par exemple donn\u00e9es personnelles avec pertinence fiscale g\u00e9n\u00e9ralement sur une p\u00e9riode de 10 ans, autres donn\u00e9es personnelles en droit commercial g\u00e9n\u00e9ralement sur une p\u00e9riode de 5 ans.<\/p>\n\n\n\n<h4 class=\"wp-block-heading wp-block-heading\" id=\"h-informations-sur-vos-droits-en-tant-que-personne-affectee\">Informations sur vos droits en tant que personne affect\u00e9e<\/h4>\n\n\n\n<p>En g\u00e9n\u00e9ral, et en relation avec vos informations personnelles trait\u00e9es via notre site Web, vous pouvez exercer les droits sp\u00e9cifi\u00e9s ci-dessous. Droit d\u2019acc\u00e8s selon l&#8217;article 15 du RGPD : Vous avez le droit de demander des informations sur vos donn\u00e9es personnelles enregistr\u00e9es et d&#8217;autres informations relatives \u00e0 ces donn\u00e9es personnelles.&nbsp;<\/p>\n\n\n\n<ul class=\"wp-block-list\">\n<li>Droit de rectification conform\u00e9ment \u00e0 l&#8217;article 16 du RGPD :&nbsp;<\/li>\n<\/ul>\n\n\n\n<p>Vous avez le droit d&#8217;exiger la correction de vos donn\u00e9es personnelles incorrectes sans d\u00e9lai.<\/p>\n\n\n\n<ul class=\"wp-block-list\">\n<li>Droit d&#8217;annulation conform\u00e9ment \u00e0 l&#8217;article 17 du RGPD :<\/li>\n<\/ul>\n\n\n\n<p>&nbsp;Vous avez le droit d&#8217;exiger la suppression imm\u00e9diate des donn\u00e9es personnelles vous concernant, dans les limites l\u00e9gales.&nbsp;<\/p>\n\n\n\n<ul class=\"wp-block-list\">\n<li>&nbsp;Droit \u00e0 la restriction du traitement conform\u00e9ment \u00e0 l&#8217;article 18 du RGPD :&nbsp;<\/li>\n<\/ul>\n\n\n\n<p>Vous avez le droit de restreindre le traitement de vos donn\u00e9es personnelles. Droit \u00e0 la portabilit\u00e9 des donn\u00e9es en vertu de l&#8217;article 20 du r\u00e8glement europ\u00e9en sur la protection des donn\u00e9es : Vous avez le droit d&#8217;obtenir vos donn\u00e9es personnelles dans un format structur\u00e9, commun et lisible.<\/p>\n\n\n\n<ul class=\"wp-block-list\">\n<li>&nbsp;Droit de r\u00e9tractation conform\u00e9ment \u00e0 l&#8217;article 7, paragraphe 3, du RGPD :<\/li>\n<\/ul>\n\n\n\n<p>&nbsp;Vous avez le droit de retirer votre consentement pour vos donn\u00e9es personnelles \u00e0 tout moment, conform\u00e9ment \u00e0 l&#8217;article 6 par. 1 RGPD. La l\u00e9galit\u00e9 du traitement de vos donn\u00e9es personnelles effectu\u00e9 sur la base de votre consentement n\u2019est pas affect\u00e9e jusqu&#8217;\u00e0 ce que votre r\u00e9vocation ne soit faite.<\/p>\n\n\n\n<ul class=\"wp-block-list\">\n<li>Droit \u00e0 l\u2019opposition conform\u00e9ment \u00e0 l&#8217;article 21, paragraphe 1, du RGPD :<\/li>\n<\/ul>\n\n\n\n<p>Conform\u00e9ment \u00e0 l&#8217; article 6 par. 1 RGPD, vous avez le droit de vous opposer au traitement de vos donn\u00e9es personnelles \u00e0 tout moment.<\/p>\n\n\n\n<ul class=\"wp-block-list\">\n<li>Droit de porter plainte aupr\u00e8s d&#8217;une autorit\u00e9 de contr\u00f4le en vertu de l&#8217;article 77 du RGPD&nbsp;<\/li>\n<\/ul>\n\n\n\n<p>Si, en tant que personne concern\u00e9e, vous estimez que le traitement de vos donn\u00e9es personnelles est contraire au r\u00e8glement europ\u00e9en sur la confidentialit\u00e9 des donn\u00e9es, vous avez le droit de vous plaindre aupr\u00e8s d&#8217;une autorit\u00e9 de contr\u00f4le, notamment dans l&#8217;\u00c9tat membre de r\u00e9sidence, de travail ou l&#8217;emplacement de l&#8217;infraction pr\u00e9sum\u00e9e par d\u00e9faut. Autorit\u00e9 de surveillance responsable :&nbsp;<\/p>\n\n\n\n<p>&nbsp;Commission Nationale de l&#8217;Informatique et des Libert\u00e9s &#8211; CNIL 8 rue Vivienne, CS 30223 F-75002 Paris Cedex 02 Site Internet: http:\/\/www.cnil.fr\/ L&#8217;exercice de vos droits d&#8217;annulation, de restriction de traitement, de r\u00e9vocation ou d&#8217;opposition peut entra\u00eener l&#8217;utilisation limit\u00e9e ou inapplicable de notre site Web ou d&#8217;autres services. Vous pouvez directement adresser vos droits identifi\u00e9s ci-dessus aux informations de contact fournies sous &#8221; Coordonn\u00e9es du responsable&#8221; dans cet Avis de confidentialit\u00e9.&nbsp;<\/p>\n\n\n\n<h4 class=\"wp-block-heading wp-block-heading\" id=\"h-transmission-securisee-des-donnees-personnelles-via-le-chiffrement-ssl\">Transmission s\u00e9curis\u00e9e des donn\u00e9es personnelles via le chiffrement SSL<\/h4>\n\n\n\n<p>Les donn\u00e9es personnelles que vous transmettez via notre site Web et Internet sont transmises sous forme chiffr\u00e9e \u00e0 l&#8217;aide de la technologie de cryptage Secure Socket Layers (SSL). La technologie SSL chiffre et prot\u00e8ge vos informations personnelles lors de la transmission via notre site Web et Internet. De plus, notre site Internet peut contenir des liens vers d&#8217; autres sites. Si vous utilisez ces liens, vous allez \u00eatre redirig\u00e9 vers un autre site automatiquement, nous ne prenons aucune responsabilit\u00e9 de la politique de confidentialit\u00e9 alors existante. Pour votre propre s\u00e9curit\u00e9, vous devrez alors lire la politique de confidentialit\u00e9 des sites visit\u00e9s.<\/p>\n\n\n\n<h4 class=\"wp-block-heading wp-block-heading\" id=\"h-nbsp-utilisation-de-cookies\">&nbsp;Utilisation de cookies<\/h4>\n\n\n\n<p>&nbsp;Les cookies sont de petits fichiers qui vous permettent de stocker des informations sp\u00e9cifiques li\u00e9es sur votre PC ou tout autre appareil pendant que vous utilisez notre site Web. Nous ne stockons pas de donn\u00e9es personnelles dans les cookies. Vous pouvez d\u00e9sactiver l&#8217;utilisation de cookies via votre navigateur Internet, les restreindre \u00e0 certains sites Web ou configurer votre navigateur Internet pour qu&#8217;il vous avertisse lorsqu&#8217;un cookie est envoy\u00e9. Notez que si vous d\u00e9cidez de d\u00e9sactiver les cookies, vous pouvez toujours naviguer sur le site, mais de nombreuses fonctionnalit\u00e9s cl\u00e9s peuvent ne pas \u00eatre disponibles. Lorsque vous utilisez notre site Web, les cookies peuvent \u00e9galement \u00eatre stock\u00e9s par des tiers sur votre PC ou d&#8217;autres appareils. Vous pouvez d\u00e9sactiver l&#8217;utilisation de cookies tiers via votre navigateur internet.<\/p>\n\n\n\n<h4 class=\"wp-block-heading wp-block-heading\" id=\"h-analyse-de-site-web\">Analyse de site Web<\/h4>\n\n\n\n<p>&nbsp;Matomo (anciennement Piwik ): Notre site web utilise le service d&#8217;analyse Matomo . Matomo utilise des cookies, qui sont des fichiers texte qui sont stock\u00e9s sur votre ordinateur et nous permettent d\u2019analyser l&#8217;utilisation du site par vous. A cet effet, les informations d&#8217;utilisation g\u00e9n\u00e9r\u00e9es par le cookie sont transmises \u00e0 nos serveurs et stock\u00e9es \u00e0 des fins d&#8217;analyse de l&#8217;utilisation et d&#8217;optimisation du site. Votre adresse IP sera anonymis\u00e9e, de sorte que vous restiez anonyme pour nous en tant qu&#8217;utilisateur. Les informations g\u00e9n\u00e9r\u00e9es par les cookies concernant votre utilisation de ce site web sont stock\u00e9es sur nos serveurs et ne sont pas divulgu\u00e9es \u00e0 des tiers, sauf notre fournisseur de services pour l&#8217;h\u00e9bergement, la maintenance et l&#8217;administration de notre site Web, Infinigate Holding GmbH, Richard- Reitzner- Allee 8, 85540 Haar \/ Munich. L&#8217;adresse IP raccourcie transmise par Matomo depuis votre navigateur ne sera pas fusionn\u00e9e avec d&#8217;autres donn\u00e9es Matomo . Vous pouvez emp\u00eacher le stockage de cookies par un param\u00e8tre de votre navigateur; Cependant, veuillez noter que si vous faites cela, vous ne pourrez peut-\u00eatre pas utiliser toutes les fonctionnalit\u00e9s de ce site. Des informations \u00e0 la politique de confidentialit\u00e9 de Matomo peuvent \u00eatre trouv\u00e9es \u00e0 l\u2019adresse matomo.org\/privacy-policy\/ .&nbsp;<\/p>\n\n\n\n<h4 class=\"wp-block-heading wp-block-heading\" id=\"h-d-autres-questions-nbsp\">D&#8217;autres questions&nbsp;<\/h4>\n\n\n\n<p>Si d&#8217;autres questions restent sans r\u00e9ponse concernant cette d\u00e9claration de confidentialit\u00e9 relative \u00e0 vos informations personnelles trait\u00e9es sur notre site Web, vous pouvez imm\u00e9diatement soumettre vos questions au responsable du traitement des donn\u00e9es indiqu\u00e9 dans cette d\u00e9claration de confidentialit\u00e9 (privacy statement).&nbsp;<\/p>\n\n\n\n<p>&nbsp;Derni\u00e8re mise \u00e0 jour: mai 2018<\/p>\n","protected":false},"excerpt":{"rendered":"<p>D\u00e9claration de Confidentialit\u00e9 Nous appr\u00e9cions votre visite sur notre site Web et votre int\u00e9r\u00eat pour notre entreprise. Cette d\u00e9claration de&hellip;<\/p>\n","protected":false},"author":5,"featured_media":7334,"parent":1613,"menu_order":6,"comment_status":"closed","ping_status":"closed","template":"","meta":{"_acf_changed":false,"footnotes":""},"folder":[],"class_list":["post-2519","page","type-page","status-publish","has-post-thumbnail","hentry"],"acf":[],"distributor_meta":false,"distributor_terms":false,"distributor_media":false,"distributor_original_site_name":"Infinigate | Croatia","distributor_original_site_url":"https:\/\/www.infinigate.com\/hr","push-errors":false,"_links":{"self":[{"href":"https:\/\/www.infinigate.com\/hr\/wp-json\/wp\/v2\/pages\/2519","targetHints":{"allow":["GET"]}}],"collection":[{"href":"https:\/\/www.infinigate.com\/hr\/wp-json\/wp\/v2\/pages"}],"about":[{"href":"https:\/\/www.infinigate.com\/hr\/wp-json\/wp\/v2\/types\/page"}],"author":[{"embeddable":true,"href":"https:\/\/www.infinigate.com\/hr\/wp-json\/wp\/v2\/users\/5"}],"replies":[{"embeddable":true,"href":"https:\/\/www.infinigate.com\/hr\/wp-json\/wp\/v2\/comments?post=2519"}],"version-history":[{"count":0,"href":"https:\/\/www.infinigate.com\/hr\/wp-json\/wp\/v2\/pages\/2519\/revisions"}],"up":[{"embeddable":true,"href":"https:\/\/www.infinigate.com\/hr\/wp-json\/wp\/v2\/pages\/1613"}],"wp:featuredmedia":[{"embeddable":true,"href":"https:\/\/www.infinigate.com\/hr\/wp-json\/wp\/v2\/media\/7334"}],"wp:attachment":[{"href":"https:\/\/www.infinigate.com\/hr\/wp-json\/wp\/v2\/media?parent=2519"}],"wp:term":[{"taxonomy":"folder","embeddable":true,"href":"https:\/\/www.infinigate.com\/hr\/wp-json\/wp\/v2\/folder?post=2519"}],"curies":[{"name":"wp","href":"https:\/\/api.w.org\/{rel}","templated":true}]}}