{"id":3290,"date":"2023-09-25T15:21:28","date_gmt":"2023-09-25T13:21:28","guid":{"rendered":"https:\/\/www.infinigate.com\/hr\/?page_id=3290"},"modified":"2023-09-26T09:35:42","modified_gmt":"2023-09-26T07:35:42","slug":"infinigate-and-fortinet-your-cybersecurity-partners","status":"publish","type":"page","link":"https:\/\/www.infinigate.com\/hr\/infinigate-and-fortinet-your-cybersecurity-partners\/","title":{"rendered":"Infinigate and Fortinet: Your Cybersecurity Partners"},"content":{"rendered":"\n<figure class=\"wp-block-gallery has-nested-images columns-default is-cropped wp-block-gallery-1 is-layout-flex wp-block-gallery-is-layout-flex\">\n<figure class=\"wp-block-image size-full is-style-corner-overlay\"><img loading=\"lazy\" decoding=\"async\" width=\"1024\" height=\"307\" data-id=\"3291\" src=\"https:\/\/www.infinigate.com\/hr\/wp-content\/uploads\/sites\/18\/2023\/09\/Become-our-partner-1-1024x307-1.png\" alt=\"\" class=\"wp-image-3291\" srcset=\"https:\/\/www.infinigate.com\/hr\/wp-content\/uploads\/sites\/18\/2023\/09\/Become-our-partner-1-1024x307-1.png 1024w, https:\/\/www.infinigate.com\/hr\/wp-content\/uploads\/sites\/18\/2023\/09\/Become-our-partner-1-1024x307-1-300x90.png 300w, https:\/\/www.infinigate.com\/hr\/wp-content\/uploads\/sites\/18\/2023\/09\/Become-our-partner-1-1024x307-1-768x230.png 768w\" sizes=\"auto, (max-width: 1024px) 100vw, 1024px\" \/><\/figure>\n<\/figure>\n\n\n\n<div class=\"wp-block-columns is-layout-flex wp-container-core-columns-is-layout-9d6595d7 wp-block-columns-is-layout-flex\">\n<div class=\"wp-block-column is-layout-flow wp-block-column-is-layout-flow\">\n<p>U dana\u0161njem digitalnom svijetu koji se neprestano razvija, kiberneti\u010dka sigurnost nikada nije bila kriti\u010dnija. Svakim danom pojavljuju se nove prijetnje i ranjivosti koje ugro\u017eavaju podatke i poslovanje va\u0161e tvrtke. Za prevladavanje takvih situacija potrebni su vam pouzdani partneri, a ti partneri su Infinigate i Fortinet.<\/p>\n<\/div>\n<\/div>\n\n\n\n<h2 class=\"wp-block-heading is-style-border-left wp-block-heading\">Za\u0161to odabrati Fortinet?<\/h2>\n\n\n\n<div class=\"wp-block-columns is-layout-flex wp-container-core-columns-is-layout-9d6595d7 wp-block-columns-is-layout-flex\">\n<div class=\"wp-block-column is-layout-flow wp-block-column-is-layout-flow\">\n<p>S vi\u0161e od dva desetlje\u0107a iskustva, Fortinet je dosljedno bio na \u010delu inovacija, pru\u017eaju\u0107i najsuvremenija rje\u0161enja za za\u0161titu va\u0161e digitalne infrastrukture. Provjerite za\u0161to biste trebali odabrati Fortinet:<\/p>\n\n\n\n<ul class=\"wp-block-list\">\n<li>Stru\u010dnost bez premca: Fortinetov tim stru\u010dnjaka za kiberneti\u010dku sigurnost ima neusporedivo znanje i iskustvo kako bi va\u0161a tvrtka bila za\u0161ti\u0107ena. Oni razumiju prijetnje koji se stalno razvijaju i stalno prilago\u0111avaju svoja rje\u0161enja.<\/li>\n\n\n\n<li>Sveobuhvatna sigurnost: Fortinet nudi sveobuhvatan paket sigurnosnih tehnologija, od najsuvremenijih vatrozida do napredne za\u0161tite od prijetnji i sigurnih SD-WAN rje\u0161enja. Sve va\u0161e potrebe za kiberneti\u010dkom sigurno\u0161\u0107u pokrivene su istim skupom rje\u0161enja.<\/li>\n\n\n\n<li>Proaktivna obrana: korak sam ispred kiberneti\u010dkih kriminalaca. Njihov proaktivan pristup zna\u010di da predvi\u0111aju prijetnje prije nego \u0161to se dogode, nude\u0107i preventivnu za\u0161titu.<\/li>\n\n\n\n<li>Skalabilna rje\u0161enja: Bilo da ste dio male tvrtke ili globalne korporacije, Fortinet rje\u0161enja su skalabilna kako bi zadovoljila jedinstvene zahtjeve.<\/li>\n<\/ul>\n\n\n\n<p><\/p>\n<\/div>\n<\/div>\n\n\n\n<h2 class=\"wp-block-heading is-style-border-left wp-block-heading\">Za\u0161to odabrati Infinigate?<\/h2>\n\n\n\n<div class=\"wp-block-columns is-layout-flex wp-container-core-columns-is-layout-9d6595d7 wp-block-columns-is-layout-flex\">\n<div class=\"wp-block-column is-layout-flow wp-block-column-is-layout-flow\">\n<p>U Infinigateu razumijemo da uspjeh nije samo kvaliteta proizvoda na\u0161ih dobavlja\u010da; tako\u0111er se radi o kvaliteti na\u0161e suradnje s partnerima kroz uslugu dodane vrijednosti. Koje su va\u0161e koristi od rada s Infinigateom?<\/p>\n\n\n\n<ul class=\"wp-block-list\">\n<li>Stru\u010dnost: Infinigateovo duboko poznavanje industrije i tehni\u010dka stru\u010dnost osiguravaju vam podr\u0161ku i vodstvo najvi\u0161e kvalitete.<\/li>\n\n\n\n<li>Ogroman portfelj: Kao preprodava\u010d s dodanom vrijedno\u0161\u0107u, Infinigate nudi \u0161irok raspon komplementarnih proizvoda i usluga za pobolj\u0161anje va\u0161e pozicije u podru\u010dju kiberneti\u010dke sigurnosti.<\/li>\n\n\n\n<li>Prilago\u0111ena rje\u0161enja: Infinigate blisko sura\u0111uje s Fortinetom kako bi prilagodio rje\u0161enja koja odgovaraju specifi\u010dnim potrebama va\u0161e tvrtke.<\/li>\n\n\n\n<li>Podr\u0161ka bez premca: Infinigate nudi visokokvalitetnu korisni\u010dku podr\u0161ku, osiguravaju\u0107i da imate pomo\u0107 kada vam je najpotrebnija.<\/li>\n<\/ul>\n<\/div>\n<\/div>\n\n\n\n<h2 class=\"wp-block-heading is-style-border-left wp-block-heading\">Djelujte ve\u0107 danas, kontaktirajte nas sada<strong>&nbsp;<\/strong><\/h2>\n\n\n\n<div class=\"wp-block-columns is-layout-flex wp-container-core-columns-is-layout-9d6595d7 wp-block-columns-is-layout-flex\">\n<div class=\"wp-block-column is-layout-flow wp-block-column-is-layout-flow\">\n<p>Kinerneti\u010dka sigurnost neprestano se razvija, a rizici su stvarni. Nemojte \u010dekati da cyber napad sprije\u010di aktivnost va\u0161e tvrtke.<\/p>\n\n\n\n<p>Kontaktirajte nas danas kako bismo zajedno po\u010deli graditi \u010dvrstu strategiju kiberneti\u010dke sigurnosti. Va\u0161a digitalna infrastruktura zaslu\u017euje samo najbolju za\u0161titu.<\/p>\n<\/div>\n<\/div>\n\n\n\n<h2 class=\"wp-block-heading is-style-border-left wp-block-heading\">Partner with Infinigate and Fortinet<\/h2>\n\n\n\n<p>Kako bi Vas kontaktirali molimo Vas da ispunite podatke u nastavku. Infinigate \u0107e vas vrlo brzo kontaktirati.<\/p>\n\n\n<script>\nvar gform;gform||(document.addEventListener(\"gform_main_scripts_loaded\",function(){gform.scriptsLoaded=!0}),document.addEventListener(\"gform\/theme\/scripts_loaded\",function(){gform.themeScriptsLoaded=!0}),window.addEventListener(\"DOMContentLoaded\",function(){gform.domLoaded=!0}),gform={domLoaded:!1,scriptsLoaded:!1,themeScriptsLoaded:!1,isFormEditor:()=>\"function\"==typeof InitializeEditor,callIfLoaded:function(o){return!(!gform.domLoaded||!gform.scriptsLoaded||!gform.themeScriptsLoaded&&!gform.isFormEditor()||(gform.isFormEditor()&&console.warn(\"The use of gform.initializeOnLoaded() is deprecated in the form editor context and will be removed in Gravity Forms 3.1.\"),o(),0))},initializeOnLoaded:function(o){gform.callIfLoaded(o)||(document.addEventListener(\"gform_main_scripts_loaded\",()=>{gform.scriptsLoaded=!0,gform.callIfLoaded(o)}),document.addEventListener(\"gform\/theme\/scripts_loaded\",()=>{gform.themeScriptsLoaded=!0,gform.callIfLoaded(o)}),window.addEventListener(\"DOMContentLoaded\",()=>{gform.domLoaded=!0,gform.callIfLoaded(o)}))},hooks:{action:{},filter:{}},addAction:function(o,r,e,t){gform.addHook(\"action\",o,r,e,t)},addFilter:function(o,r,e,t){gform.addHook(\"filter\",o,r,e,t)},doAction:function(o){gform.doHook(\"action\",o,arguments)},applyFilters:function(o){return gform.doHook(\"filter\",o,arguments)},removeAction:function(o,r){gform.removeHook(\"action\",o,r)},removeFilter:function(o,r,e){gform.removeHook(\"filter\",o,r,e)},addHook:function(o,r,e,t,n){null==gform.hooks[o][r]&&(gform.hooks[o][r]=[]);var d=gform.hooks[o][r];null==n&&(n=r+\"_\"+d.length),gform.hooks[o][r].push({tag:n,callable:e,priority:t=null==t?10:t})},doHook:function(r,o,e){var t;if(e=Array.prototype.slice.call(e,1),null!=gform.hooks[r][o]&&((o=gform.hooks[r][o]).sort(function(o,r){return o.priority-r.priority}),o.forEach(function(o){\"function\"!=typeof(t=o.callable)&&(t=window[t]),\"action\"==r?t.apply(null,e):e[0]=t.apply(null,e)})),\"filter\"==r)return e[0]},removeHook:function(o,r,t,n){var e;null!=gform.hooks[o][r]&&(e=(e=gform.hooks[o][r]).filter(function(o,r,e){return!!(null!=n&&n!=o.tag||null!=t&&t!=o.priority)}),gform.hooks[o][r]=e)}});\n<\/script>\n\n                <div class='gf_browser_gecko gform_wrapper gravity-theme gform-theme--no-framework' data-form-theme='gravity-theme' data-form-index='0' id='gform_wrapper_120' ><div id='gf_120' class='gform_anchor' tabindex='-1'><\/div><form method='post' enctype='multipart\/form-data'  id='gform_120'  action='\/hr\/wp-json\/wp\/v2\/pages\/3290#gf_120' data-formid='120' novalidate>\n                        <div class='gform-body gform_body'><div id='gform_fields_120' class='gform_fields top_label form_sublabel_above description_above validation_below'><div id=\"field_120_10\" class=\"gfield gfield--type-honeypot gform_validation_container field_sublabel_above gfield--has-description field_description_above field_validation_below gfield_visibility_visible\"  ><label class='gfield_label gform-field-label' for='input_120_10'>Email<\/label><div class='gfield_description' id='gfield_description_120_10'>This field is for validation purposes and should be left unchanged.<\/div><div class='ginput_container'><input name='input_10' id='input_120_10' type='text' value='' autocomplete='new-password'\/><\/div><\/div><div id=\"field_120_1\" class=\"gfield gfield--type-text gfield_contains_required field_sublabel_above gfield--no-description field_description_above field_validation_below gfield_visibility_visible\"  ><label class='gfield_label gform-field-label' for='input_120_1'>Full name<span class=\"gfield_required\"><span class=\"gfield_required gfield_required_text\">(Required)<\/span><\/span><\/label><div class='ginput_container ginput_container_text'><input name='input_1' id='input_120_1' type='text' value='' class='large'     aria-required=\"true\" aria-invalid=\"false\"   \/><\/div><\/div><div id=\"field_120_5\" class=\"gfield gfield--type-text gfield--width-full gfield_contains_required field_sublabel_above gfield--no-description field_description_above field_validation_below gfield_visibility_visible\"  ><label class='gfield_label gform-field-label' for='input_120_5'>Company<span class=\"gfield_required\"><span class=\"gfield_required gfield_required_text\">(Required)<\/span><\/span><\/label><div class='ginput_container ginput_container_text'><input name='input_5' id='input_120_5' type='text' value='' class='large'     aria-required=\"true\" aria-invalid=\"false\"   \/><\/div><\/div><div id=\"field_120_3\" class=\"gfield gfield--type-email gfield--width-full gfield_contains_required field_sublabel_above gfield--no-description field_description_above field_validation_below gfield_visibility_visible\"  ><label class='gfield_label gform-field-label' for='input_120_3'>Company email<span class=\"gfield_required\"><span class=\"gfield_required gfield_required_text\">(Required)<\/span><\/span><\/label><div class='ginput_container ginput_container_email'>\n                            <input name='input_3' id='input_120_3' type='email' value='' class='large'    aria-required=\"true\" aria-invalid=\"false\"  \/>\n                        <\/div><\/div><div id=\"field_120_7\" class=\"gfield gfield--type-textarea gfield--width-full field_sublabel_above gfield--no-description field_description_above field_validation_below gfield_visibility_visible\"  ><label class='gfield_label gform-field-label' for='input_120_7'>Tell us more about your interest in Infinigate and Fortinet<\/label><div class='ginput_container ginput_container_textarea'><textarea name='input_7' id='input_120_7' class='textarea large'      aria-invalid=\"false\"   rows='10' cols='50'><\/textarea><\/div><\/div><fieldset id=\"field_120_9\" class=\"gfield gfield--type-checkbox gfield--type-choice gfield--width-full gfield_contains_required field_sublabel_above gfield--no-description field_description_above field_validation_below gfield_visibility_visible\"  ><legend class='gfield_label gform-field-label gfield_label_before_complex' >Infinigate privacy policy<span class=\"gfield_required\"><span class=\"gfield_required gfield_required_text\">(Required)<\/span><\/span><\/legend><div class='ginput_container ginput_container_checkbox'><div class='gfield_checkbox ' id='input_120_9'><div class='gchoice gchoice_120_9_1'>\n\t\t\t\t\t\t\t\t<input class='gfield-choice-input' name='input_9.1' type='checkbox'  value='I understand contact from Infinigate will be strictly in accordance with the terms set out in its &lt;a href=&quot;\/privacy\/&quot;&gt;privacy policy&lt;\/a&gt;'  id='choice_120_9_1'   \/>\n\t\t\t\t\t\t\t\t<label for='choice_120_9_1' id='label_120_9_1' class='gform-field-label gform-field-label--type-inline'>I understand contact from Infinigate will be strictly in accordance with the terms set out in its <a href=\"\/privacy\/\">privacy policy<\/a><\/label>\n\t\t\t\t\t\t\t<\/div><\/div><\/div><\/fieldset><\/div><\/div>\n        <div class='gform-footer gform_footer top_label'> <input type='submit' id='gform_submit_button_120' class='gform_button button' onclick='gform.submission.handleButtonClick(this);' data-submission-type='submit' value='Submit'  \/> \n            <input type='hidden' class='gform_hidden' name='gform_submission_method' data-js='gform_submission_method_120' value='postback' \/>\n            <input type='hidden' class='gform_hidden' name='gform_theme' data-js='gform_theme_120' id='gform_theme_120' value='gravity-theme' \/>\n            <input type='hidden' class='gform_hidden' name='gform_style_settings' data-js='gform_style_settings_120' id='gform_style_settings_120' value='{&quot;inputPrimaryColor&quot;:&quot;#204ce5&quot;}' \/>\n            <input type='hidden' class='gform_hidden' name='is_submit_120' value='1' \/>\n            <input type='hidden' class='gform_hidden' name='gform_submit' value='120' \/>\n            \n            <input type='hidden' class='gform_hidden' name='gform_currency' data-currency='USD' value='H+6jjtfd92Sxiua6G8rK++Tu6+ZLWcwqZQWwCHmAo0XuxvCpKFFRiNtOox0Nva6JdgNkivPqBy5mnBC5DE4CXjbhMbaIMT2+ZbJit6\/g7PQ7pmk=' \/>\n            <input type='hidden' class='gform_hidden' name='gform_unique_id' value='' \/>\n            <input type='hidden' class='gform_hidden' name='state_120' value='WyJ7XCI5LjFcIjpcIjFhOGNlNzk3MmJiMTkwMThhMmEyYTE3M2RhZjdiZGU2XCJ9IiwiODAwYTM4YzYwYmNlMmI3NDRkYjM5YTllMTM4YWNmOGYiXQ==' \/>\n            <input type='hidden' autocomplete='off' class='gform_hidden' name='gform_target_page_number_120' id='gform_target_page_number_120' value='0' \/>\n            <input type='hidden' autocomplete='off' class='gform_hidden' name='gform_source_page_number_120' id='gform_source_page_number_120' value='1' \/>\n            <input type='hidden' name='gform_field_values' value='' \/>\n            \n        <\/div>\n                        <\/form>\n                        <\/div><script>\ngform.initializeOnLoaded( function() {gformInitSpinner( 120, 'https:\/\/www.infinigate.com\/hr\/wp-content\/plugins\/gravityforms\/images\/spinner.svg', true );jQuery('#gform_ajax_frame_120').on('load',function(){var contents = jQuery(this).contents().find('*').html();var is_postback = contents.indexOf('GF_AJAX_POSTBACK') >= 0;if(!is_postback){return;}var form_content = jQuery(this).contents().find('#gform_wrapper_120');var is_confirmation = jQuery(this).contents().find('#gform_confirmation_wrapper_120').length > 0;var is_redirect = contents.indexOf('gformRedirect(){') >= 0;var is_form = form_content.length > 0 && ! is_redirect && ! is_confirmation;var mt = parseInt(jQuery('html').css('margin-top'), 10) + parseInt(jQuery('body').css('margin-top'), 10) + 100;if(is_form){jQuery('#gform_wrapper_120').html(form_content.html());if(form_content.hasClass('gform_validation_error')){jQuery('#gform_wrapper_120').addClass('gform_validation_error');} else {jQuery('#gform_wrapper_120').removeClass('gform_validation_error');}setTimeout( function() { \/* delay the scroll by 50 milliseconds to fix a bug in chrome *\/ jQuery(document).scrollTop(jQuery('#gform_wrapper_120').offset().top - mt); }, 50 );if(window['gformInitDatepicker']) {gformInitDatepicker();}if(window['gformInitPriceFields']) {gformInitPriceFields();}var current_page = jQuery('#gform_source_page_number_120').val();gformInitSpinner( 120, 'https:\/\/www.infinigate.com\/hr\/wp-content\/plugins\/gravityforms\/images\/spinner.svg', true );jQuery(document).trigger('gform_page_loaded', [120, current_page]);window['gf_submitting_120'] = false;}else if(!is_redirect){var confirmation_content = jQuery(this).contents().find('.GF_AJAX_POSTBACK').html();if(!confirmation_content){confirmation_content = contents;}jQuery('#gform_wrapper_120').replaceWith(confirmation_content);jQuery(document).scrollTop(jQuery('#gf_120').offset().top - mt);jQuery(document).trigger('gform_confirmation_loaded', [120]);window['gf_submitting_120'] = false;wp.a11y.speak(jQuery('#gform_confirmation_message_120').text());}else{jQuery('#gform_120').append(contents);if(window['gformRedirect']) {gformRedirect();}}jQuery(document).trigger(\"gform_pre_post_render\", [{ formId: \"120\", currentPage: \"current_page\", abort: function() { this.preventDefault(); } }]);        if (event && event.defaultPrevented) {                return;        }        const gformWrapperDiv = document.getElementById( \"gform_wrapper_120\" );        if ( gformWrapperDiv ) {            const visibilitySpan = document.createElement( \"span\" );            visibilitySpan.id = \"gform_visibility_test_120\";            gformWrapperDiv.insertAdjacentElement( \"afterend\", visibilitySpan );        }        const visibilityTestDiv = document.getElementById( \"gform_visibility_test_120\" );        let postRenderFired = false;        function triggerPostRender() {            if ( postRenderFired ) {                return;            }            postRenderFired = true;            gform.core.triggerPostRenderEvents( 120, current_page );            if ( visibilityTestDiv ) {                visibilityTestDiv.parentNode.removeChild( visibilityTestDiv );            }        }        function debounce( func, wait, immediate ) {            var timeout;            return function() {                var context = this, args = arguments;                var later = function() {                    timeout = null;                    if ( !immediate ) func.apply( context, args );                };                var callNow = immediate && !timeout;                clearTimeout( timeout );                timeout = setTimeout( later, wait );                if ( callNow ) func.apply( context, args );            };        }        const debouncedTriggerPostRender = debounce( function() {            triggerPostRender();        }, 200 );        if ( visibilityTestDiv && visibilityTestDiv.offsetParent === null ) {            const observer = new MutationObserver( ( mutations ) => {                mutations.forEach( ( mutation ) => {                    if ( mutation.type === 'attributes' && visibilityTestDiv.offsetParent !== null ) {                        debouncedTriggerPostRender();                        observer.disconnect();                    }                });            });            observer.observe( document.body, {                attributes: true,                childList: false,                subtree: true,                attributeFilter: [ 'style', 'class' ],            });        } else {            triggerPostRender();        }    } );} );\n<\/script>\n","protected":false},"excerpt":{"rendered":"<p>U dana\u0161njem digitalnom svijetu koji se neprestano razvija, kiberneti\u010dka sigurnost nikada nije bila kriti\u010dnija. Svakim danom pojavljuju se nove prijetnje&hellip;<\/p>\n","protected":false},"author":31,"featured_media":3298,"parent":0,"menu_order":51,"comment_status":"closed","ping_status":"closed","template":"","meta":{"_acf_changed":false,"footnotes":""},"folder":[],"class_list":["post-3290","page","type-page","status-publish","has-post-thumbnail","hentry"],"acf":[],"distributor_meta":false,"distributor_terms":false,"distributor_media":false,"distributor_original_site_name":"Infinigate | Croatia","distributor_original_site_url":"https:\/\/www.infinigate.com\/hr","push-errors":false,"_links":{"self":[{"href":"https:\/\/www.infinigate.com\/hr\/wp-json\/wp\/v2\/pages\/3290","targetHints":{"allow":["GET"]}}],"collection":[{"href":"https:\/\/www.infinigate.com\/hr\/wp-json\/wp\/v2\/pages"}],"about":[{"href":"https:\/\/www.infinigate.com\/hr\/wp-json\/wp\/v2\/types\/page"}],"author":[{"embeddable":true,"href":"https:\/\/www.infinigate.com\/hr\/wp-json\/wp\/v2\/users\/31"}],"replies":[{"embeddable":true,"href":"https:\/\/www.infinigate.com\/hr\/wp-json\/wp\/v2\/comments?post=3290"}],"version-history":[{"count":0,"href":"https:\/\/www.infinigate.com\/hr\/wp-json\/wp\/v2\/pages\/3290\/revisions"}],"wp:featuredmedia":[{"embeddable":true,"href":"https:\/\/www.infinigate.com\/hr\/wp-json\/wp\/v2\/media\/3298"}],"wp:attachment":[{"href":"https:\/\/www.infinigate.com\/hr\/wp-json\/wp\/v2\/media?parent=3290"}],"wp:term":[{"taxonomy":"folder","embeddable":true,"href":"https:\/\/www.infinigate.com\/hr\/wp-json\/wp\/v2\/folder?post=3290"}],"curies":[{"name":"wp","href":"https:\/\/api.w.org\/{rel}","templated":true}]}}