{"id":1613,"date":"2023-03-07T20:41:27","date_gmt":"2023-03-07T20:41:27","guid":{"rendered":"https:\/\/infinigate.wpengine.com\/?page_id=1613"},"modified":"2024-08-13T11:04:40","modified_gmt":"2024-08-13T09:04:40","slug":"infinigates-sikkerhetsomrader","status":"publish","type":"page","link":"https:\/\/www.infinigate.com\/no\/infinigates-sikkerhetsomrader\/","title":{"rendered":"Infinigates Sikkerhetsomr\u00e5der"},"content":{"rendered":"\n<p><\/p>\n\n\n\n<figure class=\"wp-block-image alignfull size-full is-style-corner-overlay\"><img loading=\"lazy\" decoding=\"async\" width=\"1440\" height=\"510\" src=\"https:\/\/www.infinigate.com\/no\/wp-content\/uploads\/sites\/30\/2023\/04\/Hero-image-technology.jpg\" alt=\"\" class=\"wp-image-3181\" srcset=\"https:\/\/www.infinigate.com\/no\/wp-content\/uploads\/sites\/28\/2023\/04\/Hero-image-technology.jpg 1440w, https:\/\/www.infinigate.com\/no\/wp-content\/uploads\/sites\/28\/2023\/04\/Hero-image-technology-300x106.jpg 300w, https:\/\/www.infinigate.com\/no\/wp-content\/uploads\/sites\/28\/2023\/04\/Hero-image-technology-1024x363.jpg 1024w, https:\/\/www.infinigate.com\/no\/wp-content\/uploads\/sites\/28\/2023\/04\/Hero-image-technology-768x272.jpg 768w\" sizes=\"auto, (max-width: 1440px) 100vw, 1440px\" \/><\/figure>\n\n\n    <section style=\"--content-grid--columns: 3;\" class=\"content-grid wp-block animate content-grid--3-columns content-grid--has-overlay alignwide\">\r\n        <div class=\"content-grid__inner\">\r\n            \r\n\r\n            \r\n\r\n            \r\n                    \r\n                                                    \r\n                    \r\n                                                                        <div class=\"content-grid__items\">\r\n                                                                            <div class=\"content-grid__item has-background has-gray-200-background-color\">\r\n                                            \r\n                                                \r\n                                        \r\n                                                                                        <h3 class=\"content-grid__item__heading\">IT-sikkerhet<\/h3>\r\n                                        \r\n                                                                        <div class=\" content-grid__item__subheading\">\r\n                                            <p>Gi kundene dine trygghet med teknologier som beskytter deres systemer og data d\u00f8gnet rundt, \u00e5ret rundt. Vi sikter p\u00e5 total sikkerhet.<\/p>\n                                <\/div>\r\n                                        \r\n                                                                        <div class=\"content-grid__item__link\">\r\n                                                <a  href=\"https:\/\/www.infinigate.com\/no\/sikkerhetsomrader\/it-sikkerhet\/\" target=\"\" class=\"g-button--arrow\">\r\n                Les mer            <\/a>\r\n                                <\/div>\r\n                                        \r\n                        <\/div>\r\n                                                                            <div class=\"content-grid__item has-background has-gray-300-background-color\">\r\n                                            \r\n                                                \r\n                                        \r\n                                                                                        <h3 class=\"content-grid__item__heading\">Nettverkssikkerhet<\/h3>\r\n                                        \r\n                                                                        <div class=\" content-grid__item__subheading\">\r\n                                            <p>Gi kundene dine mer nettverksintelligens, automasjon og effektivitet med v\u00e5re sikre, AI-drevne nettverksl\u00f8sninger.<\/p>\n                                <\/div>\r\n                                        \r\n                                                                        <div class=\"content-grid__item__link\">\r\n                                                <a  href=\"https:\/\/www.infinigate.com\/no\/sikkerhetsomrader\/nettverkssikkerhet\/\" target=\"\" class=\"g-button--arrow\">\r\n                Les mer            <\/a>\r\n                                <\/div>\r\n                                        \r\n                        <\/div>\r\n                                                                            <div class=\"content-grid__item has-background has-gray-400-background-color\">\r\n                                            \r\n                                                \r\n                                        \r\n                                                                                        <h3 class=\"content-grid__item__heading\">Skysikkerhet<\/h3>\r\n                                        \r\n                                                                        <div class=\" content-grid__item__subheading\">\r\n                                            <p>Dine kunders raske overgang til skyen trenger ikke medf\u00f8re sikkerhets- eller kostnadsrisikoer. Hjelp dem med \u00e5 skape og implementere sikre og effektive multisky-strategier.<\/p>\n                                <\/div>\r\n                                        \r\n                                                                        <div class=\"content-grid__item__link\">\r\n                                                <a  href=\"https:\/\/www.infinigate.com\/no\/sikkerhetsomrader\/skysikkerhet\/\" target=\"\" class=\"g-button--arrow\">\r\n                Les mer            <\/a>\r\n                                <\/div>\r\n                                        \r\n                        <\/div>\r\n                                                    <\/div>\r\n                                    <\/div>\r\n    <\/section>\r\n","protected":false},"excerpt":{"rendered":"","protected":false},"author":13,"featured_media":0,"parent":0,"menu_order":10,"comment_status":"closed","ping_status":"closed","template":"","meta":{"_acf_changed":false,"footnotes":""},"folder":[],"class_list":["post-1613","page","type-page","status-publish","hentry"],"acf":[],"distributor_meta":false,"distributor_terms":false,"distributor_media":false,"distributor_original_site_name":"Infinigate | Norway","distributor_original_site_url":"https:\/\/www.infinigate.com\/no","push-errors":false,"_links":{"self":[{"href":"https:\/\/www.infinigate.com\/no\/wp-json\/wp\/v2\/pages\/1613","targetHints":{"allow":["GET"]}}],"collection":[{"href":"https:\/\/www.infinigate.com\/no\/wp-json\/wp\/v2\/pages"}],"about":[{"href":"https:\/\/www.infinigate.com\/no\/wp-json\/wp\/v2\/types\/page"}],"author":[{"embeddable":true,"href":"https:\/\/www.infinigate.com\/no\/wp-json\/wp\/v2\/users\/13"}],"replies":[{"embeddable":true,"href":"https:\/\/www.infinigate.com\/no\/wp-json\/wp\/v2\/comments?post=1613"}],"version-history":[{"count":0,"href":"https:\/\/www.infinigate.com\/no\/wp-json\/wp\/v2\/pages\/1613\/revisions"}],"wp:attachment":[{"href":"https:\/\/www.infinigate.com\/no\/wp-json\/wp\/v2\/media?parent=1613"}],"wp:term":[{"taxonomy":"folder","embeddable":true,"href":"https:\/\/www.infinigate.com\/no\/wp-json\/wp\/v2\/folder?post=1613"}],"curies":[{"name":"wp","href":"https:\/\/api.w.org\/{rel}","templated":true}]}}