{"id":1721,"date":"2023-03-10T11:54:41","date_gmt":"2023-03-10T11:54:41","guid":{"rendered":"https:\/\/infinigate.wpengine.com\/?page_id=1721"},"modified":"2025-06-06T09:41:50","modified_gmt":"2025-06-06T07:41:50","slug":"profesjonelle-tjenester","status":"publish","type":"page","link":"https:\/\/www.infinigate.com\/no\/tjenester\/profesjonelle-tjenester\/","title":{"rendered":"Profesjonelle tjenester"},"content":{"rendered":"\n<figure class=\"wp-block-image alignfull size-full is-style-corner-overlay\"><img loading=\"lazy\" decoding=\"async\" width=\"1440\" height=\"510\" src=\"https:\/\/www.infinigate.com\/no\/wp-content\/uploads\/sites\/30\/2023\/04\/configuration-as-a-service.jpg\" alt=\"\" class=\"wp-image-3065\" srcset=\"https:\/\/www.infinigate.com\/no\/wp-content\/uploads\/sites\/28\/2023\/04\/configuration-as-a-service.jpg 1440w, https:\/\/www.infinigate.com\/no\/wp-content\/uploads\/sites\/28\/2023\/04\/configuration-as-a-service-300x106.jpg 300w, https:\/\/www.infinigate.com\/no\/wp-content\/uploads\/sites\/28\/2023\/04\/configuration-as-a-service-1024x363.jpg 1024w, https:\/\/www.infinigate.com\/no\/wp-content\/uploads\/sites\/28\/2023\/04\/configuration-as-a-service-768x272.jpg 768w\" sizes=\"auto, (max-width: 1440px) 100vw, 1440px\" \/><\/figure>\n\n\n\n<blockquote class=\"wp-block-quote is-layout-flow wp-block-quote-is-layout-flow\">\n<p>\u201cI samarbeid med deg ligger v\u00e5r interesse i \u00e5 realisere raske og effektive prosesser for v\u00e5re kunder. Derfor utvider vi kontinuerlig logistikk- og finansielle tjenester basert p\u00e5 dine krav. Ikke n\u00f8l med \u00e5 kontakte oss med dine \u00f8nsker!\u201d<\/p>\n<\/blockquote>\n\n\n\n<div class=\"wp-block-group alignfull has-background is-horizontal is-nowrap is-layout-flex wp-container-core-group-is-layout-41b81202 wp-block-group-is-layout-flex\" style=\"background-color:#f4f4f6\">\n<div class=\"wp-block-columns are-vertically-aligned-center is-layout-flex wp-container-core-columns-is-layout-9d6595d7 wp-block-columns-is-layout-flex\">\n<div class=\"wp-block-column is-vertically-aligned-center is-layout-flow wp-block-column-is-layout-flow\">\n<h2 class=\"wp-block-heading wp-block-heading\" id=\"h-profesjonelle-tjenester-installasjon-og-konfigurering\">Profesjonelle tjenester, Installasjon og konfigurering;<\/h2>\n\n\n\n<p>Ofte krever prosjekter en rask og profesjonell realisering. Om n\u00f8dvendig kan v\u00e5rt Tech-team bist\u00e5 deg med installasjon og implementering av IT-sikkerhetsl\u00f8sninger, eksternt eller p\u00e5 lokasjonen det gjelder.&nbsp;<\/p>\n<\/div>\n\n\n\n<div class=\"wp-block-column is-vertically-aligned-center is-layout-flow wp-block-column-is-layout-flow\">\n<figure class=\"wp-block-image size-full\"><img loading=\"lazy\" decoding=\"async\" width=\"800\" height=\"479\" src=\"https:\/\/www.infinigate.com\/no\/wp-content\/uploads\/sites\/28\/2024\/06\/Infinigate_Nico_800x479.jpg\" alt=\"Leverand\u00f8r akkreditert oppl\u00e6ring\" class=\"wp-image-4061\" srcset=\"https:\/\/www.infinigate.com\/no\/wp-content\/uploads\/sites\/28\/2024\/06\/Infinigate_Nico_800x479.jpg 800w, https:\/\/www.infinigate.com\/no\/wp-content\/uploads\/sites\/28\/2024\/06\/Infinigate_Nico_800x479-300x180.jpg 300w, https:\/\/www.infinigate.com\/no\/wp-content\/uploads\/sites\/28\/2024\/06\/Infinigate_Nico_800x479-768x460.jpg 768w\" sizes=\"auto, (max-width: 800px) 100vw, 800px\" \/><\/figure>\n<\/div>\n<\/div>\n<\/div>\n\n\n    <section style=\"--content-grid--columns: 3;\" class=\"content-grid wp-block animate content-grid--3-columns alignfull\">\r\n        <div class=\"content-grid__inner\">\r\n            \r\n\r\n                                <h2 class=\"content-grid__heading has--heading-border\">R\u00e5dgivning<\/h2>\r\n            \r\n\r\n            \r\n                                            <div class=\"content-grid__subheading\">\r\n                            <p>Uansett om det er generelle sp\u00f8rsm\u00e5l, en introduksjon til spesialfunksjoner eller detaljert innsikt; V\u00e5re erfarne kolleger fra Tech-teamet hjelper deg selv i presales-fasen.<\/p>\n                        <\/div>\r\n                    \r\n                                                    \r\n                    \r\n                                                                        <div class=\"content-grid__items\">\r\n                                                                            <div class=\"content-grid__item has-background has-gray-25-background-color\">\r\n                                            \r\n                                                \r\n                                        \r\n                                                                                        <h3 class=\"content-grid__item__heading\">Produktr\u00e5d, kravanalyse, utvikling av foresl\u00e5tte l\u00f8sninger<\/h3>\r\n                                        \r\n                                                                        <div class=\" content-grid__item__subheading\">\r\n                                            <p>I tillegg til generelle r\u00e5d om produktene til v\u00e5re leverand\u00f8rer, tilbyr vi ogs\u00e5 analyse av kundekrav og utforming av tilsvarende l\u00f8sninger. P\u00e5 denne m\u00e5ten sikrer vi at komplette IT-installasjoner oppfyller kundenes \u00f8nsker.<\/p>\n                                <\/div>\r\n                                        \r\n                                        \r\n                        <\/div>\r\n                                                                            <div class=\"content-grid__item has-background has-gray-25-background-color\">\r\n                                            \r\n                                                \r\n                                        \r\n                                                                                        <h3 class=\"content-grid__item__heading\">Konsept\/Prosjektgjennomgang<\/h3>\r\n                                        \r\n                                                                        <div class=\" content-grid__item__subheading\">\r\n                                            <p>Er du usikker p\u00e5 om l\u00f8sningen du planlegger dekker alle behovene til kunden? V\u00e5re produktspesialister bist\u00e5r gjerne og unders\u00f8ker s\u00f8ker om konseptet som er utviklet er i tr\u00e5d med behovene til kunden.<\/p>\n                                <\/div>\r\n                                        \r\n                                        \r\n                        <\/div>\r\n                                                                            <div class=\"content-grid__item has-background has-gray-25-background-color\">\r\n                                            \r\n                                                \r\n                                        \r\n                                                                                        <h3 class=\"content-grid__item__heading\">Workshops<\/h3>\r\n                                        \r\n                                                                        <div class=\" content-grid__item__subheading\">\r\n                                            <p>Om \u00f8nskelig holder vi planleggingsm\u00f8ter og workshops med deg og dine kunder online, eller fysisk p\u00e5 \u00f8nsket stedet.<\/p>\n                                <\/div>\r\n                                        \r\n                                        \r\n                        <\/div>\r\n                                                                            <div class=\"content-grid__item has-background has-gray-25-background-color\">\r\n                                            \r\n                                                \r\n                                        \r\n                                                                                        <h3 class=\"content-grid__item__heading\">Testinstallasjon<\/h3>\r\n                                        \r\n                                                                        <div class=\" content-grid__item__subheading\">\r\n                                            <p>Vi organiserer gjerne en testinstallasjon for deg og dine kunder slik at de kan teste den \u00f8nskede l\u00f8sningen gjennom sine skritt, f\u00f8r de g\u00e5r til innkj\u00f8p. Vi er alltid tilgjengelig for sp\u00f8rsm\u00e5l om individuelle funksjoner og konfigurasjoner.<\/p>\n                                <\/div>\r\n                                        \r\n                                        \r\n                        <\/div>\r\n                                                                            <div class=\"content-grid__item has-background has-gray-25-background-color\">\r\n                                            \r\n                                                \r\n                                        \r\n                                                                                        <h3 class=\"content-grid__item__heading\">Proof of Concept<\/h3>\r\n                                        \r\n                                                                        <div class=\" content-grid__item__subheading\">\r\n                                            <p>Proof of Concept g\u00e5r utover en ren testinstallasjon. I dette tilfellet vil vi aktivt veilede deg og kunden din gjennom testfasen, og starte med kvalifisering, installasjon og konfigurasjon, og avslutter med den endelige diskusjonen.<\/p>\n                                <\/div>\r\n                                        \r\n                                        \r\n                        <\/div>\r\n                                                    <\/div>\r\n                                    <\/div>\r\n    <\/section>\r\n\n\n    <section style=\"--content-grid--columns: 3;\" class=\"content-grid wp-block animate content-grid--3-columns alignfull\">\r\n        <div class=\"content-grid__inner\">\r\n            \r\n\r\n                                <h2 class=\"content-grid__heading has--heading-border\">Utrulling<\/h2>\r\n            \r\n\r\n            \r\n                                            <div class=\"content-grid__subheading\">\r\n                            <p>Vellykkede prosjekter krever vanligvis rask og profesjonell implementering. Om n\u00f8dvendig vil v\u00e5rt h\u00f8yt utdannede Tech-team st\u00f8tte deg med installasjon og implementering av l\u00f8sningene v\u00e5re, eksternt eller p\u00e5 stedet hos kunden.<\/p>\n                        <\/div>\r\n                    \r\n                                                    \r\n                    \r\n                                                                        <div class=\"content-grid__items\">\r\n                                                                            <div class=\"content-grid__item has-background has-blue-background-color\">\r\n                                            \r\n                                                \r\n                                        \r\n                                                                                        <h3 class=\"content-grid__item__heading\">Installasjon, konfigurasjon, integrering<\/h3>\r\n                                        \r\n                                                                        <div class=\" content-grid__item__subheading\">\r\n                                            <p>N\u00e5r det gjelder installasjon, konfigurasjon og integrering, kan vi st\u00f8tte deg effektivt og raskt, slik at en igangsettelse ikke er et problem, selv for kunder uten spesialkunnskap eller erfaring.<\/p>\n                                <\/div>\r\n                                        \r\n                                        \r\n                        <\/div>\r\n                                                                            <div class=\"content-grid__item has-background has-blue-background-color\">\r\n                                            \r\n                                                \r\n                                        \r\n                                                                                        <h3 class=\"content-grid__item__heading\">Kunnskapsoverf\u00f8ring<\/h3>\r\n                                        \r\n                                                                        <div class=\" content-grid__item__subheading\">\r\n                                            <p>Som en del av utrullingen av l\u00f8sningene gir vi deg selvf\u00f8lgelig den kunnskapen du trenger for videre drift.<\/p>\n                                <\/div>\r\n                                        \r\n                                        \r\n                        <\/div>\r\n                                                                            <div class=\"content-grid__item has-background has-blue-background-color\">\r\n                                            \r\n                                                \r\n                                        \r\n                                                                                        <h3 class=\"content-grid__item__heading\">Produktanmeldelse og gjennomgang<\/h3>\r\n                                        \r\n                                                                        <div class=\" content-grid__item__subheading\">\r\n                                            <p>Etter en analyse av kundens milj\u00f8 og opprettelsen av en detaljert rapport om resultatene, bekrefter vi riktig implementering av l\u00f8sningen til kunden din og p\u00e5peker ogs\u00e5 potensial for optimalisering.<\/p>\n                                <\/div>\r\n                                        \r\n                                        \r\n                        <\/div>\r\n                                                                            <div class=\"content-grid__item has-background has-blue-background-color\">\r\n                                            \r\n                                                \r\n                                        \r\n                                                                                        <h3 class=\"content-grid__item__heading\">WLAN Belysninger<\/h3>\r\n                                        \r\n                                                                        <div class=\" content-grid__item__subheading\">\r\n                                            <p>V\u00e5re ansatte har mange \u00e5rs erfaring med planlegging og installering av sofistikerte WLAN-milj\u00f8er. Vi bruker metoder og tekniske hjelpemidlene som lar deg tilby en l\u00f8sning som er n\u00f8yaktig og skreddersydd for kunden, uavhengig av leverand\u00f8r.<\/p>\n                                <\/div>\r\n                                        \r\n                                        \r\n                        <\/div>\r\n                                                    <\/div>\r\n                                    <\/div>\r\n    <\/section>\r\n\n\n    <section class=\"links wp-block animate alignwide\">\r\n        <div class=\"links__inner\">\r\n                                <h2 class=\"links__heading has--heading-border\"><p>Our other partner services<\/p>\n<\/h2>\r\n            \r\n            \r\n            <div class=\"links__items\">\r\n                                                            <div class=\"links__item\">\r\n                                <a  href=\"https:\/\/www.infinigate.com\/no\/tjenester\/kurs\/\" target=\"\">\r\n                Kurs &amp; Workshops            <\/a>\r\n                        <\/div>\r\n                                                                                <div class=\"links__item\">\r\n                                <a  href=\"https:\/\/www.infinigate.com\/no\/tjenester\/distribusjon\/\" target=\"\">\r\n                Distribusjon            <\/a>\r\n                        <\/div>\r\n                                                                                <div class=\"links__item\">\r\n                                <a  href=\"https:\/\/www.infinigate.com\/no\/tjenester\/markedsforing\/\" target=\"\">\r\n                Markedsf\u00f8ring            <\/a>\r\n                        <\/div>\r\n                                                                                <div class=\"links__item\">\r\n                                <a  href=\"https:\/\/www.infinigate.com\/no\/tjenester\/salg\/\" target=\"\">\r\n                Salg            <\/a>\r\n                        <\/div>\r\n                                                                                <div class=\"links__item\">\r\n                                <a  href=\"https:\/\/www.infinigate.com\/no\/tjenester\/teknisk-support\/\" target=\"\">\r\n                Teknisk Support            <\/a>\r\n                        <\/div>\r\n                                                                                <div class=\"links__item\">\r\n                                <a  href=\"https:\/\/www.infinigate.com\/no\/tjenester\/partnerutvikling\/\" target=\"\">\r\n                Partnerutvikling            <\/a>\r\n                        <\/div>\r\n                                                <\/div>\r\n        <\/div>\r\n    <\/section>\r\n\n\n\n<div class=\"wp-block-cover alignwide\"><span aria-hidden=\"true\" class=\"wp-block-cover__background has-blue-background-color has-background-dim-0 has-background-dim\"><\/span><img loading=\"lazy\" decoding=\"async\" width=\"800\" height=\"450\" class=\"wp-block-cover__image-background wp-image-1065\" alt=\"decoration\" src=\"https:\/\/infinigatecdev.wpengine.com\/wp-content\/uploads\/2023\/02\/background-texture-2.jpg\" data-object-fit=\"cover\" srcset=\"https:\/\/www.infinigate.com\/no\/wp-content\/uploads\/sites\/28\/2023\/02\/background-texture-2.jpg 800w, https:\/\/www.infinigate.com\/no\/wp-content\/uploads\/sites\/28\/2023\/02\/background-texture-2-300x169.jpg 300w, https:\/\/www.infinigate.com\/no\/wp-content\/uploads\/sites\/28\/2023\/02\/background-texture-2-768x432.jpg 768w\" sizes=\"auto, (max-width: 800px) 100vw, 800px\" \/><div class=\"wp-block-cover__inner-container is-layout-constrained wp-block-cover-is-layout-constrained\">\n<div class=\"wp-block-columns is-layout-flex wp-container-core-columns-is-layout-9d6595d7 wp-block-columns-is-layout-flex\">\n<div class=\"wp-block-column is-layout-flow wp-block-column-is-layout-flow\" style=\"flex-basis:66.66%\">\n<h3 class=\"wp-block-heading has-text-align-left has-white-color has-text-color has-link-color wp-elements-56a9917128b8a9288ca85a067ddcfbcb\" id=\"h-har-du-sporsmal\">Har du sp\u00f8rsm\u00e5l?<\/h3>\n\n\n\n<p>Salgsteamet hos Infinigate hjelper deg gjerne!<\/p>\n<\/div>\n\n\n\n<div class=\"wp-block-column is-vertically-aligned-center is-layout-flow wp-block-column-is-layout-flow\" style=\"flex-basis:33.33%\">\n<p class=\"has-text-align-center has-white-color has-text-color has-link-color wp-elements-4f33e84499a0b8c5d53b6c350c5a91df\">Email: <a href=\"mailto:info@infinigate.no\">info@infinigate.no<\/a><br>Tel: <a href=\"tel:004767101800\"><\/a><a href=\"tel:+47-67-10-18-00\">+47 67 10 18 00<\/a><\/p>\n\n\n\n<div class=\"wp-block-buttons is-content-justification-center is-layout-flex wp-container-core-buttons-is-layout-16018d1d wp-block-buttons-is-layout-flex\">\n<div class=\"wp-block-button\"><a class=\"wp-block-button__link wp-element-button\" href=\"https:\/\/www.infinigate.com\/no\/kontakt-oss\/\">Kontakt oss<\/a><\/div>\n<\/div>\n<\/div>\n<\/div>\n<\/div><\/div>\n","protected":false},"excerpt":{"rendered":"<p>\u201cI samarbeid med deg ligger v\u00e5r interesse i \u00e5 realisere raske og effektive prosesser for v\u00e5re kunder. Derfor utvider vi&hellip;<\/p>\n","protected":false},"author":13,"featured_media":3065,"parent":851,"menu_order":44,"comment_status":"closed","ping_status":"closed","template":"","meta":{"_acf_changed":false,"footnotes":""},"folder":[],"class_list":["post-1721","page","type-page","status-publish","has-post-thumbnail","hentry"],"acf":[],"distributor_meta":false,"distributor_terms":false,"distributor_media":false,"distributor_original_site_name":"Infinigate | Norway","distributor_original_site_url":"https:\/\/www.infinigate.com\/no","push-errors":false,"_links":{"self":[{"href":"https:\/\/www.infinigate.com\/no\/wp-json\/wp\/v2\/pages\/1721","targetHints":{"allow":["GET"]}}],"collection":[{"href":"https:\/\/www.infinigate.com\/no\/wp-json\/wp\/v2\/pages"}],"about":[{"href":"https:\/\/www.infinigate.com\/no\/wp-json\/wp\/v2\/types\/page"}],"author":[{"embeddable":true,"href":"https:\/\/www.infinigate.com\/no\/wp-json\/wp\/v2\/users\/13"}],"replies":[{"embeddable":true,"href":"https:\/\/www.infinigate.com\/no\/wp-json\/wp\/v2\/comments?post=1721"}],"version-history":[{"count":0,"href":"https:\/\/www.infinigate.com\/no\/wp-json\/wp\/v2\/pages\/1721\/revisions"}],"up":[{"embeddable":true,"href":"https:\/\/www.infinigate.com\/no\/wp-json\/wp\/v2\/pages\/851"}],"wp:featuredmedia":[{"embeddable":true,"href":"https:\/\/www.infinigate.com\/no\/wp-json\/wp\/v2\/media\/3065"}],"wp:attachment":[{"href":"https:\/\/www.infinigate.com\/no\/wp-json\/wp\/v2\/media?parent=1721"}],"wp:term":[{"taxonomy":"folder","embeddable":true,"href":"https:\/\/www.infinigate.com\/no\/wp-json\/wp\/v2\/folder?post=1721"}],"curies":[{"name":"wp","href":"https:\/\/api.w.org\/{rel}","templated":true}]}}