{"id":1727,"date":"2023-03-10T12:00:53","date_gmt":"2023-03-10T12:00:53","guid":{"rendered":"https:\/\/infinigate.wpengine.com\/?page_id=1727"},"modified":"2025-04-01T15:08:27","modified_gmt":"2025-04-01T13:08:27","slug":"distribusjon","status":"publish","type":"page","link":"https:\/\/www.infinigate.com\/no\/tjenester\/distribusjon\/","title":{"rendered":"Distribusjon"},"content":{"rendered":"<section class=\"media-content wp-block media-content--right media-content--media-type--image has-gray-25-background-color has-background alignfull\">\r\n    <div class=\"media-content__inner\">\r\n        <div class=\"media-content__content\">\r\n                                <h2 class=\"media-content__heading\">Infinigate logistikktjenester:<\/h2>\r\n            \r\n            \r\n            <ul>\n<li>Planlagte leveranser<\/li>\n<li>Bestillingssporing ( via partnerportalen)<\/li>\n<li>Delvis- eller komplette leveranser<\/li>\n<li>Prislisteeksport i ulike formater<\/li>\n<li>Online tilkobling til dine systemer<\/li>\n<li>Software- og fakturaleveranse per E-post<\/li>\n<li>Prissammenligning og bestillingsalternativer via IT Scope<\/li>\n<li>Privat merking: Vi leverer til kundene dine, f\u00f8lgesedler med logo og avsender.<\/li>\n<\/ul>\n\r\n                    <\/div>\r\n\r\n                    <div class=\"media-content__media\">\r\n                <img loading=\"lazy\" decoding=\"async\" width=\"900\" height=\"656\" src=\"https:\/\/www.infinigate.com\/no\/wp-content\/uploads\/sites\/28\/2023\/03\/global-logistics.jpg\" class=\"attachment-super size-super\" alt=\"global logistics\" sizes=\"auto, (max-width: 768px) 100vw, 50vw\" srcset=\"https:\/\/www.infinigate.com\/no\/wp-content\/uploads\/sites\/28\/2023\/03\/global-logistics.jpg 900w, https:\/\/www.infinigate.com\/no\/wp-content\/uploads\/sites\/28\/2023\/03\/global-logistics-300x219.jpg 300w, https:\/\/www.infinigate.com\/no\/wp-content\/uploads\/sites\/28\/2023\/03\/global-logistics-768x560.jpg 768w\" \/>            <\/div>\r\n            <\/div>\r\n<\/section>\r\n\n\n\n<div class=\"wp-block-columns is-layout-flex wp-container-core-columns-is-layout-9d6595d7 wp-block-columns-is-layout-flex\">\n<div class=\"wp-block-column is-layout-flow wp-block-column-is-layout-flow\">\n<p>V\u00e5rt logistikkteam gir deg r\u00e5d og st\u00f8tter deg i alle daglige sp\u00f8rsm\u00e5l s\u00e5 vel som med spesielle krav, f.eks. for komplekse transaksjoner eller leveranser i utlandet. Vi s\u00f8rger for at du alltid har den nyeste informasjonen, og at du kan tilby kundene dine en utmerket arbeidsflyt fra bestilling til levering.<\/p>\n<\/div>\n\n\n\n<div class=\"wp-block-column is-layout-flow wp-block-column-is-layout-flow\">\n<p>Med v\u00e5re spesialister for digital tilkobling og behandling, implementerer vi dine krav ved \u00e5 koble sammen dine systemer med v\u00e5re.<\/p>\n<\/div>\n<\/div>\n\n\n\n<div class=\"wp-block-group alignfull has-blue-background-color has-background is-horizontal is-nowrap is-layout-flex wp-container-core-group-is-layout-41b81202 wp-block-group-is-layout-flex\">\n<div class=\"wp-block-columns are-vertically-aligned-center is-layout-flex wp-container-core-columns-is-layout-9d6595d7 wp-block-columns-is-layout-flex\">\n<div class=\"wp-block-column is-vertically-aligned-center is-layout-flow wp-block-column-is-layout-flow\">\n<h2 class=\"wp-block-heading wp-block-heading\" id=\"h-finansielle-tjenester\">Finansielle tjenester<\/h2>\n\n\n\n<p>V\u00e5re partnere har sv\u00e6rt forskjellige krav til \u00f8konomisk behandling av prosjekter. Sammen med deg har vi utviklet et helt sett med ytelsesmodeller som dekker de ulike kravene. Vi utvikler kontinuerlig disse tjenestene og i partnerportalen kan du laste ned brosjyren Distriburion Services og f\u00e5 en oversikt over alle tjenestene vi tilbyr.<\/p>\n<\/div>\n\n\n\n<div class=\"wp-block-column is-vertically-aligned-center is-layout-flow wp-block-column-is-layout-flow\">\n<figure class=\"wp-block-image size-large\"><img decoding=\"async\" src=\"https:\/\/www.infinigate.com\/no\/wp-content\/uploads\/sites\/28\/2024\/06\/distribution_220944824_xl-2015_800x479.jpg\" alt=\"Distribusjon\"\/><\/figure>\n<\/div>\n<\/div>\n<\/div>\n\n\n\n<blockquote class=\"wp-block-quote is-layout-flow wp-block-quote-is-layout-flow\">\n<p>\u201cI samarbeid med deg ligger v\u00e5r interesse i \u00e5 realisere raske og effektive prosesser for v\u00e5re kunder. Derfor utvider vi kontinuerlig logistikk- og finansielle tjenester basert p\u00e5 dine krav. Ikke n\u00f8l med \u00e5 kontakte oss med dine \u00f8nsker!\u201d<\/p>\n<\/blockquote>\n\n\n\n<div class=\"wp-block-cover alignwide\"><span aria-hidden=\"true\" class=\"wp-block-cover__background has-blue-background-color has-background-dim-0 has-background-dim\"><\/span><img loading=\"lazy\" decoding=\"async\" width=\"800\" height=\"450\" class=\"wp-block-cover__image-background wp-image-1065\" alt=\"decoration\" src=\"https:\/\/infinigatecdev.wpengine.com\/wp-content\/uploads\/2023\/02\/background-texture-2.jpg\" data-object-fit=\"cover\" srcset=\"https:\/\/www.infinigate.com\/no\/wp-content\/uploads\/sites\/28\/2023\/02\/background-texture-2.jpg 800w, https:\/\/www.infinigate.com\/no\/wp-content\/uploads\/sites\/28\/2023\/02\/background-texture-2-300x169.jpg 300w, https:\/\/www.infinigate.com\/no\/wp-content\/uploads\/sites\/28\/2023\/02\/background-texture-2-768x432.jpg 768w\" sizes=\"auto, (max-width: 800px) 100vw, 800px\" \/><div class=\"wp-block-cover__inner-container is-layout-constrained wp-block-cover-is-layout-constrained\">\n<div class=\"wp-block-columns is-layout-flex wp-container-core-columns-is-layout-9d6595d7 wp-block-columns-is-layout-flex\">\n<div class=\"wp-block-column is-layout-flow wp-block-column-is-layout-flow\" style=\"flex-basis:66.66%\">\n<h3 class=\"wp-block-heading has-text-align-left has-white-color has-text-color has-link-color wp-elements-56a9917128b8a9288ca85a067ddcfbcb\" id=\"h-har-du-sporsmal\">Har du sp\u00f8rsm\u00e5l?<\/h3>\n\n\n\n<p>Salgsteamet hos Infinigate hjelper deg gjerne!<\/p>\n<\/div>\n\n\n\n<div class=\"wp-block-column is-vertically-aligned-center is-layout-flow wp-block-column-is-layout-flow\" style=\"flex-basis:33.33%\">\n<p class=\"has-text-align-center has-white-color has-text-color has-link-color wp-elements-4f33e84499a0b8c5d53b6c350c5a91df\">Email: <a href=\"mailto:info@infinigate.no\">info@infinigate.no<\/a><br>Tel: <a href=\"tel:004767101800\"><\/a><a href=\"tel:+47-67-10-18-00\">+47 67 10 18 00<\/a><\/p>\n\n\n\n<div class=\"wp-block-buttons is-content-justification-center is-layout-flex wp-container-core-buttons-is-layout-16018d1d wp-block-buttons-is-layout-flex\">\n<div class=\"wp-block-button\"><a class=\"wp-block-button__link wp-element-button\" href=\"https:\/\/www.infinigate.com\/no\/kontakt-oss\/\">Kontakt oss<\/a><\/div>\n<\/div>\n<\/div>\n<\/div>\n<\/div><\/div>\n\n\n    <section class=\"links wp-block animate alignwide\">\r\n        <div class=\"links__inner\">\r\n                                <h2 class=\"links__heading has--heading-border\"><p>Our other partner services<\/p>\n<\/h2>\r\n            \r\n            \r\n            <div class=\"links__items\">\r\n                                                            <div class=\"links__item\">\r\n                                <a  href=\"https:\/\/www.infinigate.com\/no\/tjenester\/kurs\/\" target=\"\">\r\n                Kurs &amp; Workshops            <\/a>\r\n                        <\/div>\r\n                                                                                <div class=\"links__item\">\r\n                                <a  href=\"https:\/\/www.infinigate.com\/no\/tjenester\/markedsforing\/\" target=\"\">\r\n                Markedsf\u00f8ring            <\/a>\r\n                        <\/div>\r\n                                                                                <div class=\"links__item\">\r\n                                <a  href=\"https:\/\/www.infinigate.com\/no\/tjenester\/profesjonelle-tjenester\/\" target=\"\">\r\n                Profesjonelle tjenester            <\/a>\r\n                        <\/div>\r\n                                                                                <div class=\"links__item\">\r\n                                <a  href=\"https:\/\/www.infinigate.com\/no\/tjenester\/salg\/\" target=\"\">\r\n                Salg            <\/a>\r\n                        <\/div>\r\n                                                                                <div class=\"links__item\">\r\n                                <a  href=\"https:\/\/www.infinigate.com\/no\/tjenester\/teknisk-support\/\" target=\"\">\r\n                Teknisk Support            <\/a>\r\n                        <\/div>\r\n                                                                                <div class=\"links__item\">\r\n                                <a  href=\"https:\/\/www.infinigate.com\/no\/tjenester\/partnerutvikling\/\" target=\"\">\r\n                Partnerutvikling            <\/a>\r\n                        <\/div>\r\n                                                <\/div>\r\n        <\/div>\r\n    <\/section>\r\n","protected":false},"excerpt":{"rendered":"<p>V\u00e5rt logistikkteam gir deg r\u00e5d og st\u00f8tter deg i alle daglige sp\u00f8rsm\u00e5l s\u00e5 vel som med spesielle krav, f.eks. for&hellip;<\/p>\n","protected":false},"author":13,"featured_media":1811,"parent":851,"menu_order":42,"comment_status":"closed","ping_status":"closed","template":"","meta":{"_acf_changed":false,"footnotes":""},"folder":[],"class_list":["post-1727","page","type-page","status-publish","has-post-thumbnail","hentry"],"acf":[],"distributor_meta":false,"distributor_terms":false,"distributor_media":false,"distributor_original_site_name":"Infinigate | Norway","distributor_original_site_url":"https:\/\/www.infinigate.com\/no","push-errors":false,"_links":{"self":[{"href":"https:\/\/www.infinigate.com\/no\/wp-json\/wp\/v2\/pages\/1727","targetHints":{"allow":["GET"]}}],"collection":[{"href":"https:\/\/www.infinigate.com\/no\/wp-json\/wp\/v2\/pages"}],"about":[{"href":"https:\/\/www.infinigate.com\/no\/wp-json\/wp\/v2\/types\/page"}],"author":[{"embeddable":true,"href":"https:\/\/www.infinigate.com\/no\/wp-json\/wp\/v2\/users\/13"}],"replies":[{"embeddable":true,"href":"https:\/\/www.infinigate.com\/no\/wp-json\/wp\/v2\/comments?post=1727"}],"version-history":[{"count":0,"href":"https:\/\/www.infinigate.com\/no\/wp-json\/wp\/v2\/pages\/1727\/revisions"}],"up":[{"embeddable":true,"href":"https:\/\/www.infinigate.com\/no\/wp-json\/wp\/v2\/pages\/851"}],"wp:featuredmedia":[{"embeddable":true,"href":"https:\/\/www.infinigate.com\/no\/wp-json\/wp\/v2\/media\/1811"}],"wp:attachment":[{"href":"https:\/\/www.infinigate.com\/no\/wp-json\/wp\/v2\/media?parent=1727"}],"wp:term":[{"taxonomy":"folder","embeddable":true,"href":"https:\/\/www.infinigate.com\/no\/wp-json\/wp\/v2\/folder?post=1727"}],"curies":[{"name":"wp","href":"https:\/\/api.w.org\/{rel}","templated":true}]}}