{"id":1731,"date":"2023-03-10T12:03:50","date_gmt":"2023-03-10T12:03:50","guid":{"rendered":"https:\/\/infinigate.wpengine.com\/?page_id=1731"},"modified":"2024-06-15T23:56:05","modified_gmt":"2024-06-15T22:56:05","slug":"partnerutvikling","status":"publish","type":"page","link":"https:\/\/www.infinigate.com\/no\/tjenester\/partnerutvikling\/","title":{"rendered":"Partnerutvikling"},"content":{"rendered":"\n<figure class=\"wp-block-image alignfull size-full is-style-corner-overlay\"><img loading=\"lazy\" decoding=\"async\" width=\"1440\" height=\"510\" src=\"https:\/\/www.infinigate.com\/no\/wp-content\/uploads\/sites\/30\/2023\/04\/Partner-Enablement-services-1.jpg\" alt=\"\" class=\"wp-image-3070\" srcset=\"https:\/\/www.infinigate.com\/no\/wp-content\/uploads\/sites\/28\/2023\/04\/Partner-Enablement-services-1.jpg 1440w, https:\/\/www.infinigate.com\/no\/wp-content\/uploads\/sites\/28\/2023\/04\/Partner-Enablement-services-1-300x106.jpg 300w, https:\/\/www.infinigate.com\/no\/wp-content\/uploads\/sites\/28\/2023\/04\/Partner-Enablement-services-1-1024x363.jpg 1024w, https:\/\/www.infinigate.com\/no\/wp-content\/uploads\/sites\/28\/2023\/04\/Partner-Enablement-services-1-768x272.jpg 768w\" sizes=\"auto, (max-width: 1440px) 100vw, 1440px\" \/><\/figure>\n\n\n\n<blockquote class=\"wp-block-quote is-layout-flow wp-block-quote-is-layout-flow\">\n<p>\u201cVi i Infinigate driver aktiv utvikling av v\u00e5re partnere, v\u00e5re forretningsutviklere og teknikkere gir deg gjerne kombinert r\u00e5d om tekniske og komersielle sp\u00f8rsm\u00e5l.\u201d<\/p>\n<\/blockquote>\n\n\n<section class=\"media-content wp-block media-content--right media-content--media-type--image has-gray-25-background-color has-background alignfull\">\r\n    <div class=\"media-content__inner\">\r\n        <div class=\"media-content__content\">\r\n            \r\n            \r\n            <p>V\u00e5r daglige oppgave er \u00e5 presentere nye produkter, teknologier og ideer for deg eller for kundene dine, sammen med deg.<\/p>\n<h2>Webinar<\/h2>\n<p>Vi presentere gjerne v\u00e5re produkter og tjenester gjennom individuelt tilpassede webinarer for deg og dine kolleger, helt kostnadsfritt.<\/p>\n<h2>Forretningsutvikling<\/h2>\n<p>V\u00e5re erfarne ansatte hjelper deg gjerne med \u00e5 utvide portef\u00f8ljen din, samt utvide til nye forretningsomr\u00e5der. Sammen med deg utarbeider vi n\u00f8dvendige planene for sertifiseringsl\u00f8p med leverand\u00f8ren, samt forretningsplaner.<\/p>\n<h2>Presentasjoner<\/h2>\n<p>N\u00e5r en kunde er interessert i en av l\u00f8sningene v\u00e5re bist\u00e5r vi med \u00e5 svare p\u00e5 sp\u00f8rsm\u00e5l og hjelper deg med \u00e5 inspirere kundene dine &#8211; fysisk hos deg eller online.<\/p>\n\r\n                    <\/div>\r\n\r\n                    <div class=\"media-content__media\">\r\n                <img loading=\"lazy\" decoding=\"async\" width=\"900\" height=\"582\" src=\"https:\/\/www.infinigate.com\/no\/wp-content\/uploads\/sites\/28\/2023\/04\/Partner-Enablement-services-2.jpg\" class=\"attachment-super size-super\" alt=\"Partner Enablement services\" sizes=\"auto, (max-width: 768px) 100vw, 50vw\" srcset=\"https:\/\/www.infinigate.com\/no\/wp-content\/uploads\/sites\/28\/2023\/04\/Partner-Enablement-services-2.jpg 900w, https:\/\/www.infinigate.com\/no\/wp-content\/uploads\/sites\/28\/2023\/04\/Partner-Enablement-services-2-300x194.jpg 300w, https:\/\/www.infinigate.com\/no\/wp-content\/uploads\/sites\/28\/2023\/04\/Partner-Enablement-services-2-768x497.jpg 768w\" \/>            <\/div>\r\n            <\/div>\r\n<\/section>\r\n\n\n\n<div class=\"wp-block-columns is-layout-flex wp-container-core-columns-is-layout-9d6595d7 wp-block-columns-is-layout-flex\">\n<div class=\"wp-block-column is-layout-flow wp-block-column-is-layout-flow\">\n<h2 class=\"wp-block-heading is-style-border-left wp-block-heading\" id=\"h-partnermesse-og-arrangementer\">Partnermesse og arrangementer\u00a0<\/h2>\n\n\n\n<p>I tillegg kan vi hjelpe deg og dine kolleger ved kunde- og spesialarrangementer som f.eks. din interne partnermesse; Som ved alle v\u00e5re andre tjenester, kan vi opptre n\u00f8ytralt som ansatte i bedriften din, noe som skaper tillit hos kundene dine og understreker din kompetanse.<\/p>\n\n\n\n<p><br><\/p>\n<\/div>\n\n\n\n<div class=\"wp-block-column is-layout-flow wp-block-column-is-layout-flow\">\n<h2 class=\"wp-block-heading is-style-border-left wp-block-heading\" id=\"h-ute-etter-ny-teknologi\">Ute etter ny teknologi?<\/h2>\n\n\n\n<p>Markedet er kontinuerlig og hurtig i endring. Vi legger stor vekt p\u00e5 \u00e5 hele tiden v\u00e6re p\u00e5 utkikk etter ny teknologi og nye leverand\u00f8rer, slik at du som partner alltid kan v\u00e6re et skritt foran konkurentene dine, uten store utgifter.<\/p>\n<\/div>\n<\/div>\n\n\n    <section class=\"links wp-block animate alignwide\">\r\n        <div class=\"links__inner\">\r\n                                <h2 class=\"links__heading has--heading-border\"><p>Our other partner services<\/p>\n<\/h2>\r\n            \r\n            \r\n            <div class=\"links__items\">\r\n                                                            <div class=\"links__item\">\r\n                                <a  href=\"https:\/\/www.infinigate.com\/no\/tjenester\/kurs\/\" target=\"\">\r\n                Kurs &amp; Workshops            <\/a>\r\n                        <\/div>\r\n                                                                                <div class=\"links__item\">\r\n                                <a  href=\"https:\/\/www.infinigate.com\/no\/tjenester\/distribusjon\/\" target=\"\">\r\n                Distribusjon            <\/a>\r\n                        <\/div>\r\n                                                                                <div class=\"links__item\">\r\n                                <a  href=\"https:\/\/www.infinigate.com\/no\/tjenester\/markedsforing\/\" target=\"\">\r\n                Markedsf\u00f8ring            <\/a>\r\n                        <\/div>\r\n                                                                                <div class=\"links__item\">\r\n                                <a  href=\"https:\/\/www.infinigate.com\/no\/tjenester\/profesjonelle-tjenester\/\" target=\"\">\r\n                Profesjonelle tjenester            <\/a>\r\n                        <\/div>\r\n                                                                                <div class=\"links__item\">\r\n                                <a  href=\"https:\/\/www.infinigate.com\/no\/tjenester\/salg\/\" target=\"\">\r\n                Salg            <\/a>\r\n                        <\/div>\r\n                                                                                <div class=\"links__item\">\r\n                                <a  href=\"https:\/\/www.infinigate.com\/no\/tjenester\/teknisk-support\/\" target=\"\">\r\n                Teknisk Support            <\/a>\r\n                        <\/div>\r\n                                                <\/div>\r\n        <\/div>\r\n    <\/section>\r\n\n\n\n<div class=\"wp-block-cover alignwide\"><span aria-hidden=\"true\" class=\"wp-block-cover__background has-blue-background-color has-background-dim-0 has-background-dim\"><\/span><img loading=\"lazy\" decoding=\"async\" width=\"800\" height=\"450\" class=\"wp-block-cover__image-background wp-image-1065\" alt=\"decoration\" src=\"https:\/\/infinigatecdev.wpengine.com\/wp-content\/uploads\/2023\/02\/background-texture-2.jpg\" data-object-fit=\"cover\" srcset=\"https:\/\/www.infinigate.com\/no\/wp-content\/uploads\/sites\/28\/2023\/02\/background-texture-2.jpg 800w, https:\/\/www.infinigate.com\/no\/wp-content\/uploads\/sites\/28\/2023\/02\/background-texture-2-300x169.jpg 300w, https:\/\/www.infinigate.com\/no\/wp-content\/uploads\/sites\/28\/2023\/02\/background-texture-2-768x432.jpg 768w\" sizes=\"auto, (max-width: 800px) 100vw, 800px\" \/><div class=\"wp-block-cover__inner-container is-layout-constrained wp-block-cover-is-layout-constrained\">\n<div class=\"wp-block-columns is-layout-flex wp-container-core-columns-is-layout-9d6595d7 wp-block-columns-is-layout-flex\">\n<div class=\"wp-block-column is-layout-flow wp-block-column-is-layout-flow\" style=\"flex-basis:66.66%\">\n<h3 class=\"wp-block-heading has-text-align-left has-white-color has-text-color has-link-color wp-elements-56a9917128b8a9288ca85a067ddcfbcb\" id=\"h-har-du-sporsmal\">Har du sp\u00f8rsm\u00e5l?<\/h3>\n\n\n\n<p>Salgsteamet hos Infinigate hjelper deg gjerne!<\/p>\n<\/div>\n\n\n\n<div class=\"wp-block-column is-vertically-aligned-center is-layout-flow wp-block-column-is-layout-flow\" style=\"flex-basis:33.33%\">\n<p class=\"has-text-align-center has-white-color has-text-color has-link-color wp-elements-4f33e84499a0b8c5d53b6c350c5a91df\">Email: <a href=\"mailto:info@infinigate.no\">info@infinigate.no<\/a><br>Tel: <a href=\"tel:004767101800\"><\/a><a href=\"tel:+47-67-10-18-00\">+47 67 10 18 00<\/a><\/p>\n\n\n\n<div class=\"wp-block-buttons is-content-justification-center is-layout-flex wp-container-core-buttons-is-layout-16018d1d wp-block-buttons-is-layout-flex\">\n<div class=\"wp-block-button\"><a class=\"wp-block-button__link wp-element-button\" href=\"https:\/\/www.infinigate.com\/no\/kontakt-oss\/\">Kontakt oss<\/a><\/div>\n<\/div>\n<\/div>\n<\/div>\n<\/div><\/div>\n","protected":false},"excerpt":{"rendered":"<p>\u201cVi i Infinigate driver aktiv utvikling av v\u00e5re partnere, v\u00e5re forretningsutviklere og teknikkere gir deg gjerne kombinert r\u00e5d om tekniske&hellip;<\/p>\n","protected":false},"author":13,"featured_media":3070,"parent":851,"menu_order":47,"comment_status":"closed","ping_status":"closed","template":"","meta":{"_acf_changed":false,"footnotes":""},"folder":[],"class_list":["post-1731","page","type-page","status-publish","has-post-thumbnail","hentry"],"acf":[],"distributor_meta":false,"distributor_terms":false,"distributor_media":false,"distributor_original_site_name":"Infinigate | Norway","distributor_original_site_url":"https:\/\/www.infinigate.com\/no","push-errors":false,"_links":{"self":[{"href":"https:\/\/www.infinigate.com\/no\/wp-json\/wp\/v2\/pages\/1731","targetHints":{"allow":["GET"]}}],"collection":[{"href":"https:\/\/www.infinigate.com\/no\/wp-json\/wp\/v2\/pages"}],"about":[{"href":"https:\/\/www.infinigate.com\/no\/wp-json\/wp\/v2\/types\/page"}],"author":[{"embeddable":true,"href":"https:\/\/www.infinigate.com\/no\/wp-json\/wp\/v2\/users\/13"}],"replies":[{"embeddable":true,"href":"https:\/\/www.infinigate.com\/no\/wp-json\/wp\/v2\/comments?post=1731"}],"version-history":[{"count":0,"href":"https:\/\/www.infinigate.com\/no\/wp-json\/wp\/v2\/pages\/1731\/revisions"}],"up":[{"embeddable":true,"href":"https:\/\/www.infinigate.com\/no\/wp-json\/wp\/v2\/pages\/851"}],"wp:featuredmedia":[{"embeddable":true,"href":"https:\/\/www.infinigate.com\/no\/wp-json\/wp\/v2\/media\/3070"}],"wp:attachment":[{"href":"https:\/\/www.infinigate.com\/no\/wp-json\/wp\/v2\/media?parent=1731"}],"wp:term":[{"taxonomy":"folder","embeddable":true,"href":"https:\/\/www.infinigate.com\/no\/wp-json\/wp\/v2\/folder?post=1731"}],"curies":[{"name":"wp","href":"https:\/\/api.w.org\/{rel}","templated":true}]}}