{"id":3744,"date":"2023-12-13T16:52:59","date_gmt":"2023-12-13T16:52:59","guid":{"rendered":"https:\/\/www.infinigate.com\/no\/?page_id=3744"},"modified":"2024-06-15T23:37:31","modified_gmt":"2024-06-15T22:37:31","slug":"salg","status":"publish","type":"page","link":"https:\/\/www.infinigate.com\/no\/tjenester\/salg\/","title":{"rendered":"Salg"},"content":{"rendered":"\n<figure class=\"wp-block-image alignfull size-full is-style-default\"><img loading=\"lazy\" decoding=\"async\" width=\"1440\" height=\"510\" src=\"https:\/\/www.infinigate.com\/no\/wp-content\/uploads\/sites\/30\/2023\/03\/Hero-image-support.jpg\" alt=\"\" class=\"wp-image-1801\" srcset=\"https:\/\/www.infinigate.com\/no\/wp-content\/uploads\/sites\/28\/2023\/03\/Hero-image-support.jpg 1440w, https:\/\/www.infinigate.com\/no\/wp-content\/uploads\/sites\/28\/2023\/03\/Hero-image-support-300x106.jpg 300w, https:\/\/www.infinigate.com\/no\/wp-content\/uploads\/sites\/28\/2023\/03\/Hero-image-support-1024x363.jpg 1024w, https:\/\/www.infinigate.com\/no\/wp-content\/uploads\/sites\/28\/2023\/03\/Hero-image-support-768x272.jpg 768w\" sizes=\"auto, (max-width: 1440px) 100vw, 1440px\" \/><\/figure>\n\n\n\n<blockquote class=\"wp-block-quote is-layout-flow wp-block-quote-is-layout-flow\">\n<p>\u201cSalgsteamet hos Infinigate gir deg eksepsjonelle servicetjen.\u201d<\/p>\n<\/blockquote>\n\n\n\n<p class=\"is-style-large-body\"><strong>St\u00f8tte n\u00e5r du trenger det &#8211; v\u00e5re spesialister er der for deg!<\/strong><\/p>\n\n\n<section class=\"media-content wp-block media-content--right media-content--media-type--image has-gray-25-background-color has-background alignfull\">\r\n    <div class=\"media-content__inner\">\r\n        <div class=\"media-content__content\">\r\n                                <h2 class=\"media-content__heading\">Forretningsutvikling <\/h2>\r\n            \r\n            \r\n            <p>V\u00e5re erfarne ansatte hjelper deg gjerne med \u00e5 utvide portef\u00f8ljen din, samt utvide til nye forretningsomr\u00e5der. Sammen med deg utarbeider vi n\u00f8dvendige planene for sertifiseringsl\u00f8p med leverand\u00f8ren, samt forretningsplaner.<\/p>\n<h2>Leverand\u00f8rspesialister<\/h2>\n<p>Spesialistene v\u00e5re er delt inn i leverand\u00f8r-team og er tilgjengelig for deg med omfattende spesialkunnskap n\u00e5r som helst.<\/p>\n<h2>Test l\u00f8sningen<\/h2>\n<p>Vi gir deg hele spekteret av funksjoner og l\u00f8sninger fra v\u00e5re produsenter i en definert kostnadsfri leieperiode, slikat du har muligheten til \u00e5 teste dem under reelle forhold.<\/p>\n\r\n                    <\/div>\r\n\r\n                    <div class=\"media-content__media\">\r\n                <img loading=\"lazy\" decoding=\"async\" width=\"800\" height=\"479\" src=\"https:\/\/www.infinigate.com\/no\/wp-content\/uploads\/sites\/28\/2024\/06\/Carl_phonecall_800x479.png?ver=1718696893\" class=\"attachment-super size-super\" alt=\"Carl phonecall\" sizes=\"auto, (max-width: 768px) 100vw, 50vw\" srcset=\"https:\/\/www.infinigate.com\/no\/wp-content\/uploads\/sites\/28\/2024\/06\/Carl_phonecall_800x479.png 800w, https:\/\/www.infinigate.com\/no\/wp-content\/uploads\/sites\/28\/2024\/06\/Carl_phonecall_800x479-300x180.png 300w, https:\/\/www.infinigate.com\/no\/wp-content\/uploads\/sites\/28\/2024\/06\/Carl_phonecall_800x479-768x460.png 768w\" \/>            <\/div>\r\n            <\/div>\r\n<\/section>\r\n\n\n\n<div class=\"wp-block-columns is-layout-flex wp-container-core-columns-is-layout-9d6595d7 wp-block-columns-is-layout-flex\">\n<div class=\"wp-block-column is-layout-flow wp-block-column-is-layout-flow\">\n<h2 class=\"wp-block-heading is-style-border-left wp-block-heading\" id=\"h-paminnelse-om-fornyelse\">P\u00e5minnelse om fornyelse<\/h2>\n\n\n\n<p>Vi sender deg en p\u00e5minnelse f\u00f8r en lisensavtale utl\u00f8per, slik at du kan starte lisensfornyelsen for din kunde i god tid.<\/p>\n<\/div>\n\n\n\n<div class=\"wp-block-column is-layout-flow wp-block-column-is-layout-flow\">\n<h2 class=\"wp-block-heading is-style-border-left wp-block-heading\" id=\"h-msp\">MSP<\/h2>\n\n\n\n<p>\u00d8nsker du \u00e5 komme i gang med MSP, eller utvide ditt n\u00e5v\u00e6rende tilbud? Vi hjelper deg gjerne!<\/p>\n<\/div>\n<\/div>\n\n\n    <section class=\"links wp-block animate alignwide\">\r\n        <div class=\"links__inner\">\r\n                                <h2 class=\"links__heading has--heading-border\"><p>Our other partner services<\/p>\n<\/h2>\r\n            \r\n            \r\n            <div class=\"links__items\">\r\n                                                            <div class=\"links__item\">\r\n                                <a  href=\"https:\/\/www.infinigate.com\/no\/tjenester\/kurs\/\" target=\"\">\r\n                Kurs &amp; Workshops            <\/a>\r\n                        <\/div>\r\n                                                                                <div class=\"links__item\">\r\n                                <a  href=\"https:\/\/www.infinigate.com\/no\/tjenester\/distribusjon\/\" target=\"\">\r\n                Distribusjon            <\/a>\r\n                        <\/div>\r\n                                                                                <div class=\"links__item\">\r\n                                <a  href=\"https:\/\/www.infinigate.com\/no\/tjenester\/markedsforing\/\" target=\"\">\r\n                Markedsf\u00f8ring            <\/a>\r\n                        <\/div>\r\n                                                                                <div class=\"links__item\">\r\n                                <a  href=\"https:\/\/www.infinigate.com\/no\/tjenester\/profesjonelle-tjenester\/\" target=\"\">\r\n                Profesjonelle tjenester            <\/a>\r\n                        <\/div>\r\n                                                                                <div class=\"links__item\">\r\n                                <a  href=\"https:\/\/www.infinigate.com\/no\/tjenester\/teknisk-support\/\" target=\"\">\r\n                Teknisk Support            <\/a>\r\n                        <\/div>\r\n                                                                                <div class=\"links__item\">\r\n                                <a  href=\"https:\/\/www.infinigate.com\/no\/tjenester\/partnerutvikling\/\" target=\"\">\r\n                Partnerutvikling            <\/a>\r\n                        <\/div>\r\n                                                <\/div>\r\n        <\/div>\r\n    <\/section>\r\n\n\n\n<div class=\"wp-block-cover alignwide\"><span aria-hidden=\"true\" class=\"wp-block-cover__background has-blue-background-color has-background-dim-0 has-background-dim\"><\/span><img loading=\"lazy\" decoding=\"async\" width=\"800\" height=\"450\" class=\"wp-block-cover__image-background wp-image-1065\" alt=\"decoration\" src=\"https:\/\/infinigatecdev.wpengine.com\/wp-content\/uploads\/2023\/02\/background-texture-2.jpg\" data-object-fit=\"cover\" srcset=\"https:\/\/www.infinigate.com\/no\/wp-content\/uploads\/sites\/28\/2023\/02\/background-texture-2.jpg 800w, https:\/\/www.infinigate.com\/no\/wp-content\/uploads\/sites\/28\/2023\/02\/background-texture-2-300x169.jpg 300w, https:\/\/www.infinigate.com\/no\/wp-content\/uploads\/sites\/28\/2023\/02\/background-texture-2-768x432.jpg 768w\" sizes=\"auto, (max-width: 800px) 100vw, 800px\" \/><div class=\"wp-block-cover__inner-container is-layout-constrained wp-block-cover-is-layout-constrained\">\n<div class=\"wp-block-columns is-layout-flex wp-container-core-columns-is-layout-9d6595d7 wp-block-columns-is-layout-flex\">\n<div class=\"wp-block-column is-layout-flow wp-block-column-is-layout-flow\" style=\"flex-basis:66.66%\">\n<h3 class=\"wp-block-heading has-text-align-left has-white-color has-text-color has-link-color wp-elements-56a9917128b8a9288ca85a067ddcfbcb\" id=\"h-har-du-sporsmal\">Har du sp\u00f8rsm\u00e5l?<\/h3>\n\n\n\n<p>Salgsteamet hos Infinigate hjelper deg gjerne!<\/p>\n<\/div>\n\n\n\n<div class=\"wp-block-column is-vertically-aligned-center is-layout-flow wp-block-column-is-layout-flow\" style=\"flex-basis:33.33%\">\n<p class=\"has-text-align-center has-white-color has-text-color has-link-color wp-elements-4f33e84499a0b8c5d53b6c350c5a91df\">Email: <a href=\"mailto:info@infinigate.no\">info@infinigate.no<\/a><br>Tel: <a href=\"tel:004767101800\"><\/a><a href=\"tel:+47-67-10-18-00\">+47 67 10 18 00<\/a><\/p>\n\n\n\n<div class=\"wp-block-buttons is-content-justification-center is-layout-flex wp-container-core-buttons-is-layout-16018d1d wp-block-buttons-is-layout-flex\">\n<div class=\"wp-block-button\"><a class=\"wp-block-button__link wp-element-button\" href=\"https:\/\/www.infinigate.com\/no\/kontakt-oss\/\">Kontakt oss<\/a><\/div>\n<\/div>\n<\/div>\n<\/div>\n<\/div><\/div>\n","protected":false},"excerpt":{"rendered":"<p>\u201cSalgsteamet hos Infinigate gir deg eksepsjonelle servicetjen.\u201d St\u00f8tte n\u00e5r du trenger det &#8211; v\u00e5re spesialister er der for deg! P\u00e5minnelse&hellip;<\/p>\n","protected":false},"author":13,"featured_media":1801,"parent":851,"menu_order":45,"comment_status":"closed","ping_status":"closed","template":"","meta":{"_acf_changed":false,"footnotes":""},"folder":[],"class_list":["post-3744","page","type-page","status-publish","has-post-thumbnail","hentry"],"acf":[],"distributor_meta":false,"distributor_terms":false,"distributor_media":false,"distributor_original_site_name":"Infinigate | Norway","distributor_original_site_url":"https:\/\/www.infinigate.com\/no","push-errors":false,"_links":{"self":[{"href":"https:\/\/www.infinigate.com\/no\/wp-json\/wp\/v2\/pages\/3744","targetHints":{"allow":["GET"]}}],"collection":[{"href":"https:\/\/www.infinigate.com\/no\/wp-json\/wp\/v2\/pages"}],"about":[{"href":"https:\/\/www.infinigate.com\/no\/wp-json\/wp\/v2\/types\/page"}],"author":[{"embeddable":true,"href":"https:\/\/www.infinigate.com\/no\/wp-json\/wp\/v2\/users\/13"}],"replies":[{"embeddable":true,"href":"https:\/\/www.infinigate.com\/no\/wp-json\/wp\/v2\/comments?post=3744"}],"version-history":[{"count":0,"href":"https:\/\/www.infinigate.com\/no\/wp-json\/wp\/v2\/pages\/3744\/revisions"}],"up":[{"embeddable":true,"href":"https:\/\/www.infinigate.com\/no\/wp-json\/wp\/v2\/pages\/851"}],"wp:featuredmedia":[{"embeddable":true,"href":"https:\/\/www.infinigate.com\/no\/wp-json\/wp\/v2\/media\/1801"}],"wp:attachment":[{"href":"https:\/\/www.infinigate.com\/no\/wp-json\/wp\/v2\/media?parent=3744"}],"wp:term":[{"taxonomy":"folder","embeddable":true,"href":"https:\/\/www.infinigate.com\/no\/wp-json\/wp\/v2\/folder?post=3744"}],"curies":[{"name":"wp","href":"https:\/\/api.w.org\/{rel}","templated":true}]}}