{"id":5412,"date":"2024-08-20T12:28:57","date_gmt":"2024-08-20T10:28:57","guid":{"rendered":"https:\/\/www.infinigate.com\/no\/?page_id=5412"},"modified":"2024-08-26T11:54:16","modified_gmt":"2024-08-26T09:54:16","slug":"kjaere-evelon-venn","status":"publish","type":"page","link":"https:\/\/www.infinigate.com\/no\/landingpages\/kjaere-evelon-venn\/","title":{"rendered":"Kj\u00e6re Evelon-venn!"},"content":{"rendered":"\n<div class=\"wp-block-cover alignfull\"><span aria-hidden=\"true\" class=\"wp-block-cover__background has-blue-background-color has-background-dim-0 has-background-dim\"><\/span><img loading=\"lazy\" decoding=\"async\" width=\"1200\" height=\"600\" class=\"wp-block-cover__image-background wp-image-5352\" alt=\"\" src=\"https:\/\/www.infinigate.com\/no\/wp-content\/uploads\/sites\/30\/2024\/08\/Event-Header-banner-1600px-X-500px-3.jpg\" style=\"object-position:29% 51%\" data-object-fit=\"cover\" data-object-position=\"29% 51%\" srcset=\"https:\/\/www.infinigate.com\/no\/wp-content\/uploads\/sites\/28\/2024\/08\/Event-Header-banner-1600px-X-500px-3.jpg 1200w, https:\/\/www.infinigate.com\/no\/wp-content\/uploads\/sites\/28\/2024\/08\/Event-Header-banner-1600px-X-500px-3-300x150.jpg 300w, https:\/\/www.infinigate.com\/no\/wp-content\/uploads\/sites\/28\/2024\/08\/Event-Header-banner-1600px-X-500px-3-1024x512.jpg 1024w, https:\/\/www.infinigate.com\/no\/wp-content\/uploads\/sites\/28\/2024\/08\/Event-Header-banner-1600px-X-500px-3-768x384.jpg 768w\" sizes=\"auto, (max-width: 1200px) 100vw, 1200px\" \/><div class=\"wp-block-cover__inner-container is-layout-constrained wp-block-cover-is-layout-constrained\">\n<div class=\"wp-block-columns alignfull are-vertically-aligned-top is-layout-flex wp-container-core-columns-is-layout-9d6595d7 wp-block-columns-is-layout-flex\">\n<div class=\"wp-block-column is-vertically-aligned-top is-layout-flow wp-block-column-is-layout-flow\">\n<p><\/p>\n\n\n\n<p>Vi i Fortinet og Infinigate har gleden av \u00e5 invitere dere med p\u00e5 en l\u00e6rerik og hyggelig fagdag i deres lokaler p\u00e5 Sem den 19. september.<\/p>\n\n\n\n<p>Er du selger og har lurt p\u00e5 hvorfor det er viktig \u00e5 ha sikker internettkobling ogs\u00e5 hos mindre selskaper? Mona B\u00e6rug fra Fortinet og Morten Kristensen fra Infinigate vil fortelle om dagens trussel-landskap; hva er egentlig risikoen, og hvem beskytter vi oss mot? Og hvem er egentlig Fortinet, og hvordan kan vi sammen med Evelon bidra til en sikrere digital hverdag for v\u00e5re kunder?<br><br><br><\/p>\n\n\n\n<h3 class=\"wp-block-heading has-white-color has-text-color has-link-color wp-elements-936a370f33601ebf1d97c24164b5e512\" id=\"h-\"><\/h3>\n<\/div>\n\n\n\n<div class=\"wp-block-column is-vertically-aligned-top is-layout-flow wp-block-column-is-layout-flow\"><\/div>\n<\/div>\n<\/div><\/div>\n\n\n\n<div class=\"wp-block-columns is-layout-flex wp-container-core-columns-is-layout-9d6595d7 wp-block-columns-is-layout-flex\">\n<div class=\"wp-block-column is-layout-flow wp-block-column-is-layout-flow\" style=\"flex-basis:100%\">\n<div class=\"wp-block-group is-layout-constrained wp-block-group-is-layout-constrained\">\n<div class=\"wp-block-columns is-layout-flex wp-container-core-columns-is-layout-9d6595d7 wp-block-columns-is-layout-flex\">\n<div class=\"wp-block-column is-vertically-aligned-stretch is-layout-flow wp-block-column-is-layout-flow\">\n<p>Sammen setter vi ogs\u00e5 av tid til \u00e5 g\u00e5 gjennom salgssertifiseringer i fellesskap slik at du blir enda bedre utrustet til \u00e5 ta nettverk- og sikkerhetspraten med kunden.<\/p>\n\n\n\n<p>I den tekniske gjennomgangen vil Ola R\u00f8kke fra Infinigate og Erik Bonnegolt fra Fortinet dra dere gjennom hele visjonen rundt Fortinet Security fabric (CSMA) og tilh\u00f8rende produkter. Sammen ser vi p\u00e5 ny funksjonalitet i FortiOS 7.6 og hva som skjer fremover med FortiGate b\u00e5de i skya og som fysisk boks. Det blir ogs\u00e5 gjennomgang av switch-og aksesspunkt-portef\u00f8ljen, og ett dykk ned i FortiManager og FortiAnalyzer som administrative verkt\u00f8y.&nbsp;<\/p>\n\n\n\n<p>Vi h\u00e5per veldig at du vil bli med oss videre p\u00e5 middag etter endt fagdag for \u00e5 fortsette de gode samtalene.<br><br><br><br><\/p>\n\n\n\n<div class=\"wp-block-buttons alignfull is-content-justification-center is-layout-flex wp-container-core-buttons-is-layout-16018d1d wp-block-buttons-is-layout-flex\">\n<div class=\"wp-block-button has-custom-width wp-block-button__width-75\"><a class=\"wp-block-button__link wp-element-button\" href=\"https:\/\/app.emarketeer.com\/ext\/form\/entry.php?m=386362a1e96057260a9024df0143f3a37237e5f&amp;Origin=Direct\" style=\"border-radius:59px\">                  REGISTRERING                  <\/a><\/div>\n<\/div>\n\n\n\n<hr class=\"wp-block-separator has-alpha-channel-opacity\" \/>\n\n\n\n<p><br><br><\/p>\n\n\n\n<p><\/p>\n\n\n\n<p class=\"has-text-align-center\"><br><br><br><br><strong>Har du sp\u00f8rsm\u00e5l?<\/strong><\/p>\n\n\n\n<p class=\"has-text-align-center\">Ta gjerne kontakt!<\/p>\n\n\n\n<div class=\"wp-block-columns is-layout-flex wp-container-core-columns-is-layout-9d6595d7 wp-block-columns-is-layout-flex\">\n<div class=\"wp-block-column is-layout-flow wp-block-column-is-layout-flow\">    <article class=\"team-member\">\r\n        <div class=\"team-member__inner\">\r\n            <div class=\"team-member__header\">\r\n                <h2 class=\"team-member__heading\">Lars Brustad<\/h2>\r\n                <div class=\"team-member__content\">\r\n                    <div class=\"team-member__job-title\">Salgsleder Vestfold<\/div>\r\n                                        <div class=\"team-member__email-address\"><a href=\"mailto:l&#097;&#114;s&#046;&#098;rust&#097;&#100;&#064;&#101;&#118;elon.&#110;o\">lars.brustad@evelon.no<\/a><\/div>\r\n                                                            <div class=\"team-member__phone-number\"><a href=\"tel:+47 922 64 645\">+47 922 64 645<\/a><\/div>\r\n                                    <\/div>\r\n            <\/div>\r\n       <\/div>\r\n       <div class=\"team-member__image\">\r\n            <div class=\"team-member__image-inner\">\r\n                                    <img loading=\"lazy\" decoding=\"async\" width=\"768\" height=\"839\" src=\"https:\/\/www.infinigate.com\/no\/wp-content\/uploads\/sites\/28\/2024\/08\/Lars-Brustad-21-768x839.jpg\" class=\"attachment-medium_large size-medium_large\" alt=\"\" srcset=\"https:\/\/www.infinigate.com\/no\/wp-content\/uploads\/sites\/28\/2024\/08\/Lars-Brustad-21-768x839.jpg 768w, https:\/\/www.infinigate.com\/no\/wp-content\/uploads\/sites\/28\/2024\/08\/Lars-Brustad-21-274x300.jpg 274w, https:\/\/www.infinigate.com\/no\/wp-content\/uploads\/sites\/28\/2024\/08\/Lars-Brustad-21-937x1024.jpg 937w, https:\/\/www.infinigate.com\/no\/wp-content\/uploads\/sites\/28\/2024\/08\/Lars-Brustad-21-1405x1536.jpg 1405w, https:\/\/www.infinigate.com\/no\/wp-content\/uploads\/sites\/28\/2024\/08\/Lars-Brustad-21.jpg 1709w\" sizes=\"auto, (max-width: 768px) 100vw, 768px\" \/>                            <\/div>\r\n        <\/div>\r\n    <\/article>\r\n<\/div>\n\n\n\n<div class=\"wp-block-column is-vertically-aligned-bottom is-layout-flow wp-block-column-is-layout-flow\">    <article class=\"team-member\">\r\n        <div class=\"team-member__inner\">\r\n            <div class=\"team-member__header\">\r\n                <h2 class=\"team-member__heading\">Mona B\u00e6rug<\/h2>\r\n                <div class=\"team-member__content\">\r\n                    <div class=\"team-member__job-title\">Channel Account Manager, Fortinet<\/div>\r\n                                        <div class=\"team-member__email-address\"><a href=\"mailto:m&#098;&#097;e&#114;u&#103;&#064;fo&#114;tinet&#046;co&#109;\">mbaerug@fortinet.com<\/a><\/div>\r\n                                                            <div class=\"team-member__phone-number\"><a href=\"tel:+47 404 97 129\">+47 404 97 129<\/a><\/div>\r\n                                    <\/div>\r\n            <\/div>\r\n       <\/div>\r\n       <div class=\"team-member__image\">\r\n            <div class=\"team-member__image-inner\">\r\n                                    <img loading=\"lazy\" decoding=\"async\" width=\"768\" height=\"768\" src=\"https:\/\/www.infinigate.com\/no\/wp-content\/uploads\/sites\/28\/2024\/08\/1555090128276-768x768.jpeg\" class=\"attachment-medium_large size-medium_large\" alt=\"\" srcset=\"https:\/\/www.infinigate.com\/no\/wp-content\/uploads\/sites\/28\/2024\/08\/1555090128276-768x768.jpeg 768w, https:\/\/www.infinigate.com\/no\/wp-content\/uploads\/sites\/28\/2024\/08\/1555090128276-300x300.jpeg 300w, https:\/\/www.infinigate.com\/no\/wp-content\/uploads\/sites\/28\/2024\/08\/1555090128276-150x150.jpeg 150w, https:\/\/www.infinigate.com\/no\/wp-content\/uploads\/sites\/28\/2024\/08\/1555090128276.jpeg 800w\" sizes=\"auto, (max-width: 768px) 100vw, 768px\" \/>                            <\/div>\r\n        <\/div>\r\n    <\/article>\r\n<\/div>\n<\/div>\n<\/div>\n\n\n\n<div class=\"wp-block-column is-layout-flow wp-block-column-is-layout-flow\">\n<div class=\"wp-block-cover has-custom-content-position is-position-top-center\"><span aria-hidden=\"true\" class=\"wp-block-cover__background has-blue-background-color has-background-dim-100 has-background-dim\"><\/span><div class=\"wp-block-cover__inner-container is-layout-constrained wp-block-cover-is-layout-constrained\">\n<h2 class=\"wp-block-heading has-white-color has-text-color has-link-color wp-elements-6e37845e178785185034a476ff7af7fe\" id=\"h-agenda\"><strong>Agenda <\/strong><\/h2>\n\n\n\n<h6 class=\"wp-block-heading has-white-color has-text-color has-link-color wp-elements-d48143450157336ab23894d22dc80a32\" id=\"h-kan-forekomme-justeringer\"><strong>*kan forekomme justeringer<\/strong><\/h6>\n\n\n\n<p><br><strong>Salgs-track<\/strong><\/p>\n\n\n\n<hr class=\"wp-block-separator has-alpha-channel-opacity\" \/>\n\n\n\n<p><strong>09:00 &#8211; 10:00<\/strong><br>Velkommen og intro til cyberlandskapet i Norge<\/p>\n\n\n\n<p><strong>10:00 &#8211; 11:00<\/strong><br>Fortinet Security Fabric, produkter og muligheter<\/p>\n\n\n\n<p><strong>11:00 &#8211; 12:00<\/strong><br>Lunsj<\/p>\n\n\n\n<p><strong>12:00 &#8211; 13:45<\/strong><br>Fortsettelse med Security Fabric, dealregistrering og FortiCare<\/p>\n\n\n\n<p><strong>14:00 &#8211; 16:00<\/strong><br>Salgssertifiseringer<br><\/p>\n\n\n\n<hr class=\"wp-block-separator has-alpha-channel-opacity\" \/>\n\n\n\n<p><\/p>\n\n\n\n<p><br><strong>Teknisk track<\/strong><\/p>\n\n\n\n<p><\/p>\n\n\n\n<hr class=\"wp-block-separator has-alpha-channel-opacity\" \/>\n\n\n\n<p><strong>09:00 &#8211; 10:00<\/strong><br>Intro til Fortinets produktportef\u00f8lje<\/p>\n\n\n\n<p><strong>10:00 &#8211; 11:00<\/strong><br>Hvordan bygge spennende opportunities i ulike vertikaler?<\/p>\n\n\n\n<p><strong>11:00 &#8211; 12:00<\/strong><br>Lunsj<\/p>\n\n\n\n<p><strong>12:00 &#8211; 13:45<\/strong><br>Nytt og spennende i FortiGate, FortiSwitch og FortiAP<\/p>\n\n\n\n<p><strong>14:00 &#8211; 15:00<\/strong><br>FortiManager og FortiAnalyzer<\/p>\n\n\n\n<p><strong>15:00 &#8211; 16:00<\/strong><br>Ticketing og support<\/p>\n\n\n\n<hr class=\"wp-block-separator has-alpha-channel-opacity\" \/>\n\n\n\n<p><\/p>\n<\/div><\/div>\n<\/div>\n<\/div>\n<\/div>\n<\/div>\n<\/div>\n","protected":false},"excerpt":{"rendered":"<p>Sammen setter vi ogs\u00e5 av tid til \u00e5 g\u00e5 gjennom salgssertifiseringer i fellesskap slik at du blir enda bedre utrustet&hellip;<\/p>\n","protected":false},"author":80,"featured_media":0,"parent":5410,"menu_order":0,"comment_status":"closed","ping_status":"closed","template":"","meta":{"_acf_changed":false,"footnotes":""},"folder":[],"class_list":["post-5412","page","type-page","status-publish","hentry"],"acf":[],"distributor_meta":false,"distributor_terms":false,"distributor_media":false,"distributor_original_site_name":"Infinigate | Norway","distributor_original_site_url":"https:\/\/www.infinigate.com\/no","push-errors":false,"_links":{"self":[{"href":"https:\/\/www.infinigate.com\/no\/wp-json\/wp\/v2\/pages\/5412","targetHints":{"allow":["GET"]}}],"collection":[{"href":"https:\/\/www.infinigate.com\/no\/wp-json\/wp\/v2\/pages"}],"about":[{"href":"https:\/\/www.infinigate.com\/no\/wp-json\/wp\/v2\/types\/page"}],"author":[{"embeddable":true,"href":"https:\/\/www.infinigate.com\/no\/wp-json\/wp\/v2\/users\/80"}],"replies":[{"embeddable":true,"href":"https:\/\/www.infinigate.com\/no\/wp-json\/wp\/v2\/comments?post=5412"}],"version-history":[{"count":0,"href":"https:\/\/www.infinigate.com\/no\/wp-json\/wp\/v2\/pages\/5412\/revisions"}],"up":[{"embeddable":true,"href":"https:\/\/www.infinigate.com\/no\/wp-json\/wp\/v2\/pages\/5410"}],"wp:attachment":[{"href":"https:\/\/www.infinigate.com\/no\/wp-json\/wp\/v2\/media?parent=5412"}],"wp:term":[{"taxonomy":"folder","embeddable":true,"href":"https:\/\/www.infinigate.com\/no\/wp-json\/wp\/v2\/folder?post=5412"}],"curies":[{"name":"wp","href":"https:\/\/api.w.org\/{rel}","templated":true}]}}