{"id":5725,"date":"2024-09-05T12:46:32","date_gmt":"2024-09-05T10:46:32","guid":{"rendered":"https:\/\/www.infinigate.com\/no\/?page_id=5725"},"modified":"2024-10-01T11:44:37","modified_gmt":"2024-10-01T09:44:37","slug":"fortinet-fast-track-2024","status":"publish","type":"page","link":"https:\/\/www.infinigate.com\/no\/landingpages\/fortinet-fast-track-2024\/","title":{"rendered":"Fortinet Fast Track 2024"},"content":{"rendered":"\n<figure class=\"wp-block-image alignwide size-large\"><img loading=\"lazy\" decoding=\"async\" width=\"1024\" height=\"337\" src=\"https:\/\/www.infinigate.com\/no\/wp-content\/uploads\/sites\/28\/2024\/09\/forti_fast-track-1024x337.png\" alt=\"\" class=\"wp-image-5727\" srcset=\"https:\/\/www.infinigate.com\/no\/wp-content\/uploads\/sites\/28\/2024\/09\/forti_fast-track-1024x337.png 1024w, https:\/\/www.infinigate.com\/no\/wp-content\/uploads\/sites\/28\/2024\/09\/forti_fast-track-300x99.png 300w, https:\/\/www.infinigate.com\/no\/wp-content\/uploads\/sites\/28\/2024\/09\/forti_fast-track-768x253.png 768w, https:\/\/www.infinigate.com\/no\/wp-content\/uploads\/sites\/28\/2024\/09\/forti_fast-track.png 1041w\" sizes=\"auto, (max-width: 1024px) 100vw, 1024px\" \/><\/figure>\n\n\n\n<p class=\"alignwide has-text-align-wide\">Vi vet at \u00e5 l\u00e6re seg (eller holde seg oppdatert p\u00e5) en ny teknologi er tidkrevende. Enkelte leverand\u00f8rer kan kreve et sertifiseringskurs som kan g\u00e5 over flere dager. Alternativt g\u00e5r man i gang med installasjon og risikerer un\u00f8dvendig tidsbruk p\u00e5 \u00abfomling\u00bb og feilretting. Dette kan ofte resulterer i store svakheter i installert l\u00f8sning.<\/p>\n\n\n\n<p class=\"alignwide has-text-align-wide\">Fortinet Fast Track Workshops er en serie instrukt\u00f8rledede og kostnadsfrie treninger for tekniske ressurser som \u00f8nsker en innf\u00f8ring eller oppdatering i Fortinet sine produkter. Hver workshop er frittst\u00e5ende, og tar for seg et unikt tema. Treningene gjennomf\u00f8res i en virtuell lab i et organisert milj\u00f8 og varer i kun 4 timer.<\/p>\n\n\n\n<p class=\"alignwide has-text-align-wide\">Det er ingen krav til forkunnskaper p\u00e5 Fortinet-produkter og l\u00f8sninger, og all trening skjer via en browser. Instrukt\u00f8r er tilgjengelig gjennom hele workshopen.<\/p>\n\n\n\n<p class=\"alignwide has-text-align-wide\">Infinigate har n\u00e5 gleden av \u00e5 invitere til Fortinet Network Security Fast Track!<\/p>\n\n\n\n<p class=\"has-text-align-center\"><\/p>\n\n\n\n<h4 class=\"wp-block-heading alignwide has-text-align-center wp-block-heading\" id=\"h-registrer-deg-for-a-bli-med\"><br>Registrer deg for \u00e5 bli med:<br><\/h4>\n\n\n\n<div class=\"wp-block-columns is-layout-flex wp-container-core-columns-is-layout-9d6595d7 wp-block-columns-is-layout-flex\">\n<div class=\"wp-block-column is-layout-flow wp-block-column-is-layout-flow\">\n<h4 class=\"wp-block-heading wp-block-heading\" id=\"h-simplified-soc-with-security-fabric-analytics-and-automation-tirsdag-8-oktober\"><strong>Simplified SOC with Security Fabric Analytics and Automation<\/strong><br><br>Tirsdag 8. oktober<br><\/h4>\n\n\n\n<div class=\"wp-block-buttons is-layout-flex wp-block-buttons-is-layout-flex\">\n<div class=\"wp-block-button\"><a class=\"wp-block-button__link wp-element-button\" href=\"https:\/\/app.emarketeer.com\/ext\/form\/entry.php?m=387152a1bd6179e58bff1293188900275261054&amp;Origin=Direct\">Registrering<\/a><\/div>\n<\/div>\n<\/div>\n\n\n\n<div class=\"wp-block-column is-layout-flow wp-block-column-is-layout-flow\">\n<p>Grunnleggende bruk av FortiAnalyzer, Fortinets logging og rapporteringsverkt\u00f8y.<br>Deltakerne vil gjennom de 4 timene l\u00e6re seg bl.a.<\/p>\n\n\n\n<p>\u2022\u2002\u2002\u2002Unders\u00f8ke analyse logger og kj\u00f8re rapporter<\/p>\n\n\n\n<p>\u2022\u2002\u2002\u2002Lage egendefinerte rapporter<\/p>\n\n\n\n<p>\u2022\u2002\u2002\u2002Analysere sikkerheten i Security Fabric<\/p>\n\n\n\n<p>\u2022      Lage egendefinert overv\u00e5kning av Security Fabric<\/p>\n\n\n\n<p>\u2022\u2002\u2002Automasjon med Event Handlers og Stitches<\/p>\n\n\n\n<p>\u2022\u2002\u2002Automasjon med FortiAnalyzer IOC og Stiches<\/p>\n\n\n\n<p>\u2022\u2002\u2002Automasjon med FortiSoc Playbooks<\/p>\n<\/div>\n<\/div>\n\n\n\n<hr class=\"wp-block-separator has-alpha-channel-opacity\" \/>\n\n\n\n<div class=\"wp-block-columns is-layout-flex wp-container-core-columns-is-layout-9d6595d7 wp-block-columns-is-layout-flex\">\n<div class=\"wp-block-column is-layout-flow wp-block-column-is-layout-flow\">\n<h4 class=\"wp-block-heading wp-block-heading\" id=\"h-constructing-a-secure-sd-wan-architecture-tirsdag-29-oktober\"><strong>Constructing a Secure SD-WAN Architecture<\/strong><br><br>Tirsdag 29. oktober<br><\/h4>\n\n\n\n<div class=\"wp-block-buttons is-layout-flex wp-block-buttons-is-layout-flex\">\n<div class=\"wp-block-button\"><a class=\"wp-block-button__link wp-element-button\" href=\"https:\/\/app.emarketeer.com\/ext\/form\/entry.php?m=387153adda30c37b521147590efc3a74a80e43b&amp;Origin=Direct\">Registrering<\/a><\/div>\n<\/div>\n<\/div>\n\n\n\n<div class=\"wp-block-column is-layout-flow wp-block-column-is-layout-flow\">\n<p>Deltakerne vil gjennom de 4 timene l\u00e6re seg bl.a.<\/p>\n\n\n\n<p>\u2022\u2002\u2002SDN for WAN og enterprise nettverk<\/p>\n\n\n\n<p>\u2022\u2002\u2002Implementere applikasjonskontroll og QoS over SD-WAN<\/p>\n\n\n\n<p>\u2022\u2002\u2002Benytte FortiManager for samlet kontroll over mange kontorer<\/p>\n\n\n\n<p>\u2022\u2002\u2002Kombinere SD-WAN redundans med AD-VPN for en dynamisk nettverksl\u00f8sning<\/p>\n<\/div>\n<\/div>\n\n\n\n<hr class=\"wp-block-separator has-alpha-channel-opacity\" \/>\n\n\n\n<div class=\"wp-block-columns is-layout-flex wp-container-core-columns-is-layout-9d6595d7 wp-block-columns-is-layout-flex\">\n<div class=\"wp-block-column is-layout-flow wp-block-column-is-layout-flow\">\n<h4 class=\"wp-block-heading wp-block-heading\" id=\"h-introduction-to-fortinet-network-security-tirsdag-5-november\"><strong>Introduction to Fortinet Network Security<\/strong><br><br>Tirsdag 5. November<br><\/h4>\n\n\n\n<div class=\"wp-block-buttons is-layout-flex wp-block-buttons-is-layout-flex\">\n<div class=\"wp-block-button\"><a class=\"wp-block-button__link wp-element-button\" href=\"https:\/\/app.emarketeer.com\/ext\/form\/entry.php?m=387154a6977669f736de53ae8feeb00ab6d4b02&amp;Origin=Direct\">Registrering<\/a><\/div>\n<\/div>\n<\/div>\n\n\n\n<div class=\"wp-block-column is-layout-flow wp-block-column-is-layout-flow\">\n<p>Grunnleggende oppsett av FortiGate<br>Deltakerne vil gjennom de 4 timene l\u00e6re seg bl.a.<\/p>\n\n\n\n<p>\u2022\u2002\u2002\u2002\u2002\u2002Installering av FortiGate<\/p>\n\n\n\n<p>\u2022\u2002\u2002\u2002\u2002\u2002Konfigurering av basic routing<\/p>\n\n\n\n<p>\u2022\u2002\u2002\u2002\u2002\u2002Konfigurering av sikkerhetsregler<\/p>\n\n\n\n<p>\u2022\u2002\u2002\u2002\u2002\u2002Gjennomf\u00f8re sikkerhetsskanning<\/p>\n\n\n\n<p>\u2022\u2002\u2002\u2002\u2002\u2002Bruk av CLI<\/p>\n<\/div>\n<\/div>\n\n\n\n<hr class=\"wp-block-separator has-alpha-channel-opacity\" \/>\n\n\n\n<div class=\"wp-block-columns is-layout-flex wp-container-core-columns-is-layout-9d6595d7 wp-block-columns-is-layout-flex\">\n<div class=\"wp-block-column is-layout-flow wp-block-column-is-layout-flow\">\n<h4 class=\"wp-block-heading wp-block-heading\" id=\"h-fortifying-the-enterprise-network-tirsdag-12-november\"><strong>Fortifying the Enterprise Network<\/strong><br><br>Tirsdag 12. November<br><\/h4>\n\n\n\n<div class=\"wp-block-buttons is-layout-flex wp-block-buttons-is-layout-flex\">\n<div class=\"wp-block-button\"><a class=\"wp-block-button__link wp-element-button\" href=\"https:\/\/app.emarketeer.com\/ext\/form\/entry.php?m=387159a67aab32c4e484b65033f2370d368c405&amp;Origin=Direct\">Registrering<\/a><\/div>\n<\/div>\n<\/div>\n\n\n\n<div class=\"wp-block-column is-layout-flow wp-block-column-is-layout-flow\">\n<p>Bygger p\u00e5 temaene i \u00abIntroduction to Fortinet Network Security\u00bb, med fokus p\u00e5 oppsett av<\/p>\n\n\n\n<p>\u2022\u2002\u2002\u2002\u2002\u2002Profil-basert inspeksjon<\/p>\n\n\n\n<p>\u2022\u2002\u2002\u2002\u2002\u2002IPS<\/p>\n\n\n\n<p>\u2022\u2002\u2002\u2002\u2002\u2002Antivirus CDR og threat feeds<\/p>\n\n\n\n<p>\u2022\u2002\u2002\u2002\u2002\u2002Automatisering<\/p>\n\n\n\n<p>\u2022\u2002\u2002\u2002\u2002\u2002Blokkering av spesifikke applikasjoner<\/p>\n<\/div>\n<\/div>\n\n\n\n<hr class=\"wp-block-separator has-alpha-channel-opacity\" \/>\n\n\n\n<div class=\"wp-block-columns is-layout-flex wp-container-core-columns-is-layout-9d6595d7 wp-block-columns-is-layout-flex\">\n<div class=\"wp-block-column is-layout-flow wp-block-column-is-layout-flow\">\n<h4 class=\"wp-block-heading wp-block-heading\" id=\"h-simplified-soc-with-security-fabric-analytics-and-automation-tirsdag-26-november\"><strong>Simplified SOC with Security Fabric Analytics and Automation<\/strong><br><br>Tirsdag 26. November<br><\/h4>\n\n\n\n<div class=\"wp-block-buttons is-layout-flex wp-block-buttons-is-layout-flex\">\n<div class=\"wp-block-button\"><a class=\"wp-block-button__link wp-element-button\" href=\"https:\/\/app.emarketeer.com\/ext\/form\/entry.php?m=387162acde33f39eab45f19c8ca06f6c7b4b27f&amp;Origin=Direct\">Registrering<\/a><\/div>\n<\/div>\n<\/div>\n\n\n\n<div class=\"wp-block-column is-layout-flow wp-block-column-is-layout-flow\">\n<p>Grunnleggende bruk av FortiAnalyzer, Fortinets logging og rapporteringsverkt\u00f8y.<br>Deltakerne vil gjennom de 4 timene l\u00e6re seg bl.a.<\/p>\n\n\n\n<p>\u2022\u2002\u2002\u2002Unders\u00f8ke analyse logger og kj\u00f8re rapporter<\/p>\n\n\n\n<p>\u2022\u2002\u2002\u2002Lage egendefinerte rapporter<\/p>\n\n\n\n<p>\u2022\u2002\u2002\u2002Analysere sikkerheten i Security Fabric<\/p>\n\n\n\n<p>\u2022      Lage egendefinert overv\u00e5kning av Security Fabric<\/p>\n\n\n\n<p>\u2022\u2002\u2002Automasjon med Event Handlers og Stitches<\/p>\n\n\n\n<p>\u2022\u2002\u2002Automasjon med FortiAnalyzer IOC og Stiches<\/p>\n\n\n\n<p>\u2022\u2002\u2002Automasjon med FortiSoc Playbooks<\/p>\n<\/div>\n<\/div>\n\n\n\n<hr class=\"wp-block-separator has-alpha-channel-opacity\" \/>\n\n\n\n<div class=\"wp-block-columns is-layout-flex wp-container-core-columns-is-layout-9d6595d7 wp-block-columns-is-layout-flex\">\n<div class=\"wp-block-column is-layout-flow wp-block-column-is-layout-flow\">\n<h4 class=\"wp-block-heading wp-block-heading\" id=\"h-constructing-a-secure-sd-wan-architecture-tirsdag-3-desember\"><strong>Constructing a Secure SD-WAN Architecture<\/strong><br><br>Tirsdag 3. Desember<br><\/h4>\n\n\n\n<div class=\"wp-block-buttons is-layout-flex wp-block-buttons-is-layout-flex\">\n<div class=\"wp-block-button\"><a class=\"wp-block-button__link wp-element-button\" href=\"https:\/\/app.emarketeer.com\/ext\/form\/entry.php?m=387164ad62af7ef626ee21b4af0c7a268a870ac&amp;Origin=Direct\">Registrering<\/a><\/div>\n<\/div>\n<\/div>\n\n\n\n<div class=\"wp-block-column is-layout-flow wp-block-column-is-layout-flow\">\n<p>Deltakerne vil gjennom de 4 timene l\u00e6re seg bl.a.<\/p>\n\n\n\n<p>\u2002\u2022\u2002\u2002SDN for WAN og enterprise nettverk<\/p>\n\n\n\n<p>\u2002\u2022\u2002\u2002Implementere applikasjonskontroll og QoS over SD-WAN<\/p>\n\n\n\n<p>\u2002\u2022\u2002\u2002Benytte FortiManager for samlet kontroll over mange kontorer<\/p>\n\n\n\n<p>\u2002\u2022\u2002\u2002Kombinere SD-WAN redundans med AD-VPN for en dynamisk nettverksl\u00f8sning<\/p>\n<\/div>\n<\/div>\n\n\n\n<hr class=\"wp-block-separator has-alpha-channel-opacity\" \/>\n\n\n\n<div class=\"wp-block-cover alignwide\"><span aria-hidden=\"true\" class=\"wp-block-cover__background has-blue-background-color has-background-dim-100 has-background-dim\"><\/span><div class=\"wp-block-cover__inner-container is-layout-constrained wp-block-cover-is-layout-constrained\">\n<p class=\"has-text-align-center\">Kontakt oss dersom du har noen sp\u00f8rsm\u00e5l!<\/p>\n\n\n\n<div class=\"wp-block-columns is-layout-flex wp-container-core-columns-is-layout-9d6595d7 wp-block-columns-is-layout-flex\">\n<div class=\"wp-block-column is-layout-flow wp-block-column-is-layout-flow\"><\/div>\n\n\n\n<div class=\"wp-block-column is-layout-flow wp-block-column-is-layout-flow\">    <article class=\"team-member\">\r\n        <div class=\"team-member__inner\">\r\n            <div class=\"team-member__header\">\r\n                <h2 class=\"team-member__heading\">Ola R\u00f8kke<\/h2>\r\n                <div class=\"team-member__content\">\r\n                    <div class=\"team-member__job-title\">Security Engineer<\/div>\r\n                                        <div class=\"team-member__email-address\"><a href=\"mailto:&#111;&#108;a.r&#111;&#107;k&#101;&#064;&#105;n&#102;&#105;n&#105;&#103;a&#116;&#101;.n&#111;\">ola.rokke@infinigate.no<\/a><\/div>\r\n                                                            <div class=\"team-member__phone-number\"><a href=\"tel:+47 46 42 82 44 \">+47 46 42 82 44 <\/a><\/div>\r\n                                    <\/div>\r\n            <\/div>\r\n       <\/div>\r\n       <div class=\"team-member__image\">\r\n            <div class=\"team-member__image-inner\">\r\n                                    <img loading=\"lazy\" decoding=\"async\" width=\"768\" height=\"1152\" src=\"https:\/\/www.infinigate.com\/no\/wp-content\/uploads\/sites\/28\/2025\/09\/Ola-Rokke-768x1152.jpg\" class=\"attachment-medium_large size-medium_large\" alt=\"\" srcset=\"https:\/\/www.infinigate.com\/no\/wp-content\/uploads\/sites\/28\/2025\/09\/Ola-Rokke-768x1152.jpg 768w, https:\/\/www.infinigate.com\/no\/wp-content\/uploads\/sites\/28\/2025\/09\/Ola-Rokke-200x300.jpg 200w, https:\/\/www.infinigate.com\/no\/wp-content\/uploads\/sites\/28\/2025\/09\/Ola-Rokke-683x1024.jpg 683w, https:\/\/www.infinigate.com\/no\/wp-content\/uploads\/sites\/28\/2025\/09\/Ola-Rokke-1024x1536.jpg 1024w, https:\/\/www.infinigate.com\/no\/wp-content\/uploads\/sites\/28\/2025\/09\/Ola-Rokke-1365x2048.jpg 1365w, https:\/\/www.infinigate.com\/no\/wp-content\/uploads\/sites\/28\/2025\/09\/Ola-Rokke-1667x2500.jpg 1667w, https:\/\/www.infinigate.com\/no\/wp-content\/uploads\/sites\/28\/2025\/09\/Ola-Rokke-scaled.jpg 2000w\" sizes=\"auto, (max-width: 768px) 100vw, 768px\" \/>                            <\/div>\r\n        <\/div>\r\n    <\/article>\r\n<\/div>\n\n\n\n<div class=\"wp-block-column is-layout-flow wp-block-column-is-layout-flow\"><\/div>\n<\/div>\n<\/div><\/div>\n","protected":false},"excerpt":{"rendered":"<p>Vi vet at \u00e5 l\u00e6re seg (eller holde seg oppdatert p\u00e5) en ny teknologi er tidkrevende. Enkelte leverand\u00f8rer kan kreve&hellip;<\/p>\n","protected":false},"author":80,"featured_media":0,"parent":5410,"menu_order":0,"comment_status":"closed","ping_status":"closed","template":"","meta":{"_acf_changed":false,"footnotes":""},"folder":[],"class_list":["post-5725","page","type-page","status-publish","hentry"],"acf":[],"distributor_meta":false,"distributor_terms":false,"distributor_media":false,"distributor_original_site_name":"Infinigate | Norway","distributor_original_site_url":"https:\/\/www.infinigate.com\/no","push-errors":false,"_links":{"self":[{"href":"https:\/\/www.infinigate.com\/no\/wp-json\/wp\/v2\/pages\/5725","targetHints":{"allow":["GET"]}}],"collection":[{"href":"https:\/\/www.infinigate.com\/no\/wp-json\/wp\/v2\/pages"}],"about":[{"href":"https:\/\/www.infinigate.com\/no\/wp-json\/wp\/v2\/types\/page"}],"author":[{"embeddable":true,"href":"https:\/\/www.infinigate.com\/no\/wp-json\/wp\/v2\/users\/80"}],"replies":[{"embeddable":true,"href":"https:\/\/www.infinigate.com\/no\/wp-json\/wp\/v2\/comments?post=5725"}],"version-history":[{"count":0,"href":"https:\/\/www.infinigate.com\/no\/wp-json\/wp\/v2\/pages\/5725\/revisions"}],"up":[{"embeddable":true,"href":"https:\/\/www.infinigate.com\/no\/wp-json\/wp\/v2\/pages\/5410"}],"wp:attachment":[{"href":"https:\/\/www.infinigate.com\/no\/wp-json\/wp\/v2\/media?parent=5725"}],"wp:term":[{"taxonomy":"folder","embeddable":true,"href":"https:\/\/www.infinigate.com\/no\/wp-json\/wp\/v2\/folder?post=5725"}],"curies":[{"name":"wp","href":"https:\/\/api.w.org\/{rel}","templated":true}]}}