{"id":5962,"date":"2024-10-13T21:38:11","date_gmt":"2024-10-13T19:38:11","guid":{"rendered":"https:\/\/www.infinigate.com\/no\/?page_id=5962"},"modified":"2024-11-28T15:05:18","modified_gmt":"2024-11-28T14:05:18","slug":"pre-cyber-day-2024","status":"publish","type":"page","link":"https:\/\/www.infinigate.com\/no\/landingpages\/pre-cyber-day-2024\/","title":{"rendered":"PRE-Cyber Day 2024"},"content":{"rendered":"\n<h3 class=\"wp-block-heading alignwide wp-block-heading\" id=\"h-dato-3-og-4-desember-2024-sted-infinigate-as-lysaker-torg-5\"><strong>Dato:<\/strong> 3. og 4. Desember 2024<br><strong>Sted:<\/strong> Infinigate AS, Lysaker Torg 5<\/h3>\n\n\n\n<p><\/p>\n\n\n\n<p class=\"alignwide has-text-align-wide\">Infinigate inviterer v\u00e5re partnere til en spennende PRE-Cyber Day med to dedikerte seminarer. Disse arrangementene gir deg muligheten til \u00e5 styrke dine ferdigheter, l\u00e6re om nye l\u00f8sninger og nettverke med bransjeeksperter. Etter seminarene inviteres alle deltakere til Cyber Day \u2013 v\u00e5rt st\u00f8rste partnerarrangement! Begrensede plasser, meld deg p\u00e5 i dag.<\/p>\n\n\n\n<div class=\"wp-block-columns is-layout-flex wp-container-core-columns-is-layout-9d6595d7 wp-block-columns-is-layout-flex\">\n<div class=\"wp-block-column is-layout-flow wp-block-column-is-layout-flow\">\n<div class=\"wp-block-cover has-custom-content-position is-position-top-center\"><span aria-hidden=\"true\" class=\"wp-block-cover__background has-green-background-color has-background-dim-100 has-background-dim\"><\/span><div class=\"wp-block-cover__inner-container is-layout-constrained wp-block-cover-is-layout-constrained\">\n<h3 class=\"wp-block-heading has-text-align-center wp-block-heading\" id=\"h-fortinet-smb-seminar\">Fortinet SMB Seminar<\/h3>\n\n\n\n<p><strong>N\u00e5r:<\/strong>&nbsp;Tirsdag, 3. desember, kl. 08:30\u201311:00<br><strong>Hvor:<\/strong>&nbsp;Infinigate AS, Lysaker Torg 5<\/p>\n\n\n\n<p><strong>Om arrangementet:<\/strong><br>Registrer deg n\u00e5 og bli med for en innsiktsfull dag om sikkerhetsl\u00f8sninger fra Fortinet, skreddersydd for SMB-markedet! Dette seminaret er rettet mot nye SMB-fokuserte partnere og gir en praktisk gjennomgang av Fortinet-produkter, teknologiene i bakkant, og hvordan du som partner kan dra nytte av Infinigates ressurser. La v\u00e5re eksperter guide deg gjennom l\u00f8sninger som styrker kundens sikkerhet og partnerens vekstmuligheter.<\/p>\n\n\n\n<p><strong>Agenda:<\/strong><\/p>\n\n\n\n<p><strong><span style=\"text-decoration: underline\">08:30\u201309:00 \u2014<\/span><\/strong> Kaffe og registrering<\/p>\n\n\n\n<p><strong><span style=\"text-decoration: underline\">09:00\u201309:15 <\/span><\/strong>\u2014 Velkomst ved Thomas &amp; Sebastian<\/p>\n\n\n\n<p><strong><span style=\"text-decoration: underline\">09:15\u201310:15<\/span><\/strong> \u2014&nbsp;<strong>Fortinet Sikkerhetsl\u00f8sninger for SMB<\/strong><\/p>\n\n\n\n<p><strong><span style=\"text-decoration: underline\">10:15\u201310:30<\/span><\/strong> \u2014 Kort pause<\/p>\n\n\n\n<p><strong><span style=\"text-decoration: underline\">10:30\u201311:00<\/span><\/strong> \u2014&nbsp;<strong>Partnerskap for suksess<\/strong><\/p>\n\n\n\n<p class=\"has-text-align-center\"><strong><span style=\"text-decoration: underline\">11:00<\/span><\/strong> \u2014 Avslutning og enkel lunsj for de som \u00f8nsker<br><\/p>\n\n\n\n<p class=\"has-text-align-center\"><a href=\"https:\/\/app.emarketeer.com\/ext\/form\/entry.php?m=388744a85e420b6084a0c90a8bee2ec8902393e&amp;Origin=Direct\"><strong>Registrering<\/strong><\/a><\/p>\n<\/div><\/div>\n<\/div>\n\n\n\n<div class=\"wp-block-column is-layout-flow wp-block-column-is-layout-flow\">\n<div class=\"wp-block-cover has-custom-content-position is-position-top-center\"><span aria-hidden=\"true\" class=\"wp-block-cover__background has-cyan-background-color has-background-dim-100 has-background-dim\"><\/span><div class=\"wp-block-cover__inner-container is-layout-constrained wp-block-cover-is-layout-constrained\">\n<h3 class=\"wp-block-heading has-text-align-center wp-block-heading\" id=\"h-azure-dagen\">Azure-dagen<\/h3>\n\n\n\n<p class=\"has-text-align-center\"><br><br><strong>N\u00e5r:<\/strong>&nbsp; Tirsdag, 3. desember, <br>kl. 12:00\u201316:00<br><strong>Hvor:<\/strong>&nbsp;Infinigate AS, Lysaker Torg 5<\/p>\n\n\n\n<p class=\"has-text-align-center\"><strong>Om arrangementet:<\/strong><br> Registrer deg n\u00e5 og hold av dagen for \u00e5 l\u00e6re hvordan du kan utvikle din sluttkundes Azure reise.&nbsp; F\u00e5 innsikt i hvordan du kan utvikle dine kunders Azure-reise p\u00e5 en sikker m\u00e5te. Vi har med oss eksperter fra Infinigate, Microsoft, og Cloud Cop for \u00e5 guide deg gjennom den nyeste kunnskapen om Azure og sky-sikkerhet.<\/p>\n\n\n\n<p class=\"has-text-align-left\"><strong>Agenda:<\/strong><\/p>\n\n\n\n<ul class=\"wp-block-list\">\n<li><strong><span style=\"text-decoration: underline\">12:00\u201312:10<\/span><\/strong>&nbsp;\u2013 Introduksjon ved Cecilie Andersen<\/li>\n\n\n\n<li><strong><span style=\"text-decoration: underline\">12:10-13:30 <\/span><\/strong>Unlocking Zero Trust: Your First Steps with Microsoft, Stein-Erik Alvestad<\/li>\n\n\n\n<li><strong><span style=\"text-decoration: underline\">13:30\u201314:00<\/span><\/strong>&nbsp;\u2013 Kaffepause<\/li>\n\n\n\n<li><strong><span style=\"text-decoration: underline\">14:00\u201315:15<\/span><\/strong>&nbsp;\u2013&nbsp;<em>Boost up your Azure Administration Security<\/em>&nbsp;ved Jimmy Lind\u00f8<\/li>\n\n\n\n<li><strong><span style=\"text-decoration: underline\">15:15\u201315:45<\/span><\/strong>&nbsp;\u2013&nbsp;<em>Hvordan bruke Azure for 3dje parts leverand\u00f8rer<\/em>&nbsp;ved Torstein Trulsrud<\/li>\n\n\n\n<li><strong><span style=\"text-decoration: underline\">15:45\u201316:00<\/span><\/strong>&nbsp;\u2013&nbsp;<em>Fra risiko til resultater: Effektiv sky-sikkerhet med forenklet Governance<\/em>&nbsp;ved Torstein B\u00f8rresen<\/li>\n<\/ul>\n\n\n\n<p><strong>Forelesere:<\/strong><br><br>Torstein B\u00f8rresen, Cloud Cop<\/p>\n\n\n\n<p>Cecilie Andersen, Infinigate Cloud Norge<\/p>\n\n\n\n<p>Jimmy Lind\u00f8, Infinigate Cloud<br><br>Torstein Trulsrud, Infinigate AS<\/p>\n\n\n\n<p>Stein Erik Alvestad, Microsoft<br><br><\/p>\n\n\n\n<p class=\"has-text-align-center\"><strong><a href=\"https:\/\/app.emarketeer.com\/ext\/form\/entry.php?m=388744a85e420b6084a0c90a8bee2ec8902393e&amp;Origin=Direct\">Registrering<\/a><\/strong><\/p>\n<\/div><\/div>\n<\/div>\n\n\n\n<div class=\"wp-block-column is-layout-flow wp-block-column-is-layout-flow\">\n<div class=\"wp-block-cover is-light has-custom-content-position is-position-top-center\"><span aria-hidden=\"true\" class=\"wp-block-cover__background has-teal-background-color has-background-dim-100 has-background-dim\"><\/span><div class=\"wp-block-cover__inner-container is-layout-constrained wp-block-cover-is-layout-constrained\">\n<h3 class=\"wp-block-heading has-text-align-center wp-block-heading\" id=\"h-mssp-seminar\">MSSP-seminar <\/h3>\n\n\n\n<p class=\"has-text-align-center\"><strong>N\u00e5r:<\/strong>&nbsp;  Onsdag, 4. desember, <br>kl. 09:00\u201312:00<br><strong>Hvor:<\/strong>&nbsp;Infinigate AS, Lysaker Torg 5<\/p>\n\n\n\n<p class=\"has-text-align-center\"><strong>Om arrangementet:<\/strong><br>Dette seminaret er for deg som \u00f8nsker \u00e5 tilby dine kunder sikkerhet og nettverk som en tjeneste. Vi ser en \u00f8kende ettersp\u00f8rsel fra bedrifter som vil fokusere p\u00e5 sin kjernevirksomhet, mens en p\u00e5litelig partner ivaretar deres sikkerhetsbehov.<br><br><br><strong>Hva kan du forvente?<\/strong><\/p>\n\n\n\n<ul class=\"wp-block-list\">\n<li><strong>Innf\u00f8ring i de nyeste l\u00f8sningene<\/strong>&nbsp;fra ledende sikkerhets- og nettverksleverand\u00f8rer<\/li>\n\n\n\n<li>Praktiske tips om hvordan du kan skape nye inntektsstr\u00f8mmer gjennom tjenestesalg<\/li>\n\n\n\n<li>Nettverksmuligheter med andre partnere og eksperter<\/li>\n<\/ul>\n\n\n\n<p><\/p>\n\n\n\n<p class=\"has-text-align-center\"><em>Og det blir bedre \u2013 samme dag arrangerer som kjent v\u00e5rt store arrangement&nbsp;Cyber Day, og du er selvsagt hjertelig velkommen til \u00e5 delta etter seminaret. Vi s\u00f8rger for transport og lunsj!<\/em><br><br><br><\/p>\n\n\n\n<p><\/p>\n\n\n\n<p class=\"has-text-align-center\"><strong>Leverand\u00f8rene du m\u00f8ter:<\/strong><\/p>\n\n\n\n<p class=\"has-text-align-center\">Juniper<br><br>Sophos<br><br>Infinigate Cloud<\/p>\n\n\n\n<p class=\"has-text-align-center\">Securenvoy<br><br><\/p>\n\n\n\n<p class=\"has-text-align-center\"><strong><a href=\"https:\/\/app.emarketeer.com\/ext\/form\/entry.php?m=388744a85e420b6084a0c90a8bee2ec8902393e&amp;Origin=Direct\">Registrering<\/a><\/strong><\/p>\n<\/div><\/div>\n<\/div>\n<\/div>\n\n\n\n<div class=\"wp-block-cover alignwide\" style=\"min-height:277px;aspect-ratio:unset;\"><span aria-hidden=\"true\" class=\"wp-block-cover__background has-background-dim\" style=\"background-color:#122e3e\"><\/span><img loading=\"lazy\" decoding=\"async\" width=\"600\" height=\"190\" class=\"wp-block-cover__image-background wp-image-5967\" alt=\"\" src=\"https:\/\/www.infinigate.com\/no\/wp-content\/uploads\/sites\/28\/2024\/10\/Design-uten-navn-2.jpg\" data-object-fit=\"cover\" srcset=\"https:\/\/www.infinigate.com\/no\/wp-content\/uploads\/sites\/28\/2024\/10\/Design-uten-navn-2.jpg 600w, https:\/\/www.infinigate.com\/no\/wp-content\/uploads\/sites\/28\/2024\/10\/Design-uten-navn-2-300x95.jpg 300w\" sizes=\"auto, (max-width: 600px) 100vw, 600px\" \/><div class=\"wp-block-cover__inner-container is-layout-constrained wp-block-cover-is-layout-constrained\">\n<h3 class=\"wp-block-heading has-text-align-center wp-block-heading\" id=\"h-registrering-pre-cyber-day\"><strong>Registrering<\/strong> <strong>Pre-Cyber Day<\/strong><\/h3>\n\n\n\n<p class=\"has-text-align-center\">Antall plasser er begrenset, s\u00e5 sikre din deltakelse ved \u00e5 registrere deg her tidlig.<\/p>\n\n\n\n<div class=\"wp-block-buttons is-content-justification-center is-layout-flex wp-container-core-buttons-is-layout-16018d1d wp-block-buttons-is-layout-flex\">\n<div class=\"wp-block-button\"><a class=\"wp-block-button__link wp-element-button\" href=\"https:\/\/app.emarketeer.com\/ext\/form\/entry.php?m=388744a85e420b6084a0c90a8bee2ec8902393e&amp;Origin=Direct\">R E G I S T R E R I N G<\/a><\/div>\n<\/div>\n\n\n\n<p class=\"has-text-align-center\">Vi ser frem til \u00e5 se deg!<\/p>\n<\/div><\/div>\n\n\n\n<div class=\"wp-block-cover alignwide is-light\"><span aria-hidden=\"true\" class=\"wp-block-cover__background has-coral-background-color has-background-dim-100 has-background-dim\"><\/span><div class=\"wp-block-cover__inner-container is-layout-constrained wp-block-cover-is-layout-constrained\">\n<p class=\"has-text-align-center\"><strong>Cyber Day<\/strong><\/p>\n\n\n\n<p class=\"has-text-align-center\">Som deltaker p\u00e5 seminarene er du hjertelig velkommen til \u00e5 bli med p\u00e5 Cyber Day, v\u00e5rt st\u00f8rste partnerarrangement. Her samles eksperter og partnere fra hele landet for en dag full av nettverking, faglige foredrag, og inspirerende presentasjoner fra bransjens beste.<br><br>Husk ogs\u00e5 \u00e5 melde deg p\u00e5&nbsp;<strong>Cyber Day<\/strong>&nbsp;via en egen p\u00e5meldingslink <strong><a href=\"https:\/\/www.infinigate.com\/no\/events\/infinigate-cyber-day\/\">HER.<\/a><\/strong><\/p>\n<\/div><\/div>\n","protected":false},"excerpt":{"rendered":"<p>Dato: 3. og 4. Desember 2024Sted: Infinigate AS, Lysaker Torg 5 Infinigate inviterer v\u00e5re partnere til en spennende PRE-Cyber Day&hellip;<\/p>\n","protected":false},"author":80,"featured_media":0,"parent":5410,"menu_order":0,"comment_status":"closed","ping_status":"closed","template":"","meta":{"_acf_changed":false,"footnotes":""},"folder":[],"class_list":["post-5962","page","type-page","status-publish","hentry"],"acf":[],"distributor_meta":false,"distributor_terms":false,"distributor_media":false,"distributor_original_site_name":"Infinigate | Norway","distributor_original_site_url":"https:\/\/www.infinigate.com\/no","push-errors":false,"_links":{"self":[{"href":"https:\/\/www.infinigate.com\/no\/wp-json\/wp\/v2\/pages\/5962","targetHints":{"allow":["GET"]}}],"collection":[{"href":"https:\/\/www.infinigate.com\/no\/wp-json\/wp\/v2\/pages"}],"about":[{"href":"https:\/\/www.infinigate.com\/no\/wp-json\/wp\/v2\/types\/page"}],"author":[{"embeddable":true,"href":"https:\/\/www.infinigate.com\/no\/wp-json\/wp\/v2\/users\/80"}],"replies":[{"embeddable":true,"href":"https:\/\/www.infinigate.com\/no\/wp-json\/wp\/v2\/comments?post=5962"}],"version-history":[{"count":0,"href":"https:\/\/www.infinigate.com\/no\/wp-json\/wp\/v2\/pages\/5962\/revisions"}],"up":[{"embeddable":true,"href":"https:\/\/www.infinigate.com\/no\/wp-json\/wp\/v2\/pages\/5410"}],"wp:attachment":[{"href":"https:\/\/www.infinigate.com\/no\/wp-json\/wp\/v2\/media?parent=5962"}],"wp:term":[{"taxonomy":"folder","embeddable":true,"href":"https:\/\/www.infinigate.com\/no\/wp-json\/wp\/v2\/folder?post=5962"}],"curies":[{"name":"wp","href":"https:\/\/api.w.org\/{rel}","templated":true}]}}