{"id":6148,"date":"2024-11-11T10:11:18","date_gmt":"2024-11-11T09:11:18","guid":{"rendered":"https:\/\/www.infinigate.com\/no\/?page_id=6148"},"modified":"2025-04-01T10:37:07","modified_gmt":"2025-04-01T08:37:07","slug":"cpx-2025","status":"publish","type":"page","link":"https:\/\/www.infinigate.com\/no\/cpx-2025\/","title":{"rendered":"Check Point CPX"},"content":{"rendered":"\n<div class=\"wp-block-cover alignfull is-light\"><span aria-hidden=\"true\" class=\"wp-block-cover__background has-background-dim\" style=\"background-color:#b9b5b3\"><\/span><img loading=\"lazy\" decoding=\"async\" width=\"1418\" height=\"490\" class=\"wp-block-cover__image-background wp-image-6153\" alt=\"\" src=\"https:\/\/www.infinigate.com\/no\/wp-content\/uploads\/sites\/28\/2024\/11\/cpx-header.png\" data-object-fit=\"cover\" srcset=\"https:\/\/www.infinigate.com\/no\/wp-content\/uploads\/sites\/28\/2024\/11\/cpx-header.png 1418w, https:\/\/www.infinigate.com\/no\/wp-content\/uploads\/sites\/28\/2024\/11\/cpx-header-300x104.png 300w, https:\/\/www.infinigate.com\/no\/wp-content\/uploads\/sites\/28\/2024\/11\/cpx-header-1024x354.png 1024w, https:\/\/www.infinigate.com\/no\/wp-content\/uploads\/sites\/28\/2024\/11\/cpx-header-768x265.png 768w\" sizes=\"auto, (max-width: 1418px) 100vw, 1418px\" \/><div class=\"wp-block-cover__inner-container is-layout-flow wp-block-cover-is-layout-flow\">\n<h1 class=\"wp-block-heading has-text-align-center has-large-font-size wp-block-heading\" id=\"h-check-point-cpx-2025\"><br>CHECK POINT CPX 2025<\/h1>\n\n\n\n<h2 class=\"wp-block-heading has-text-align-center wp-block-heading\" id=\"h-wien-3-5-februar-2025\">Wien | 3-5 Februar 2025<br><br><\/h2>\n<\/div><\/div>\n\n\n\n<div class=\"wp-block-cover alignwide is-light\"><span aria-hidden=\"true\" class=\"wp-block-cover__background has-background-dim\" style=\"background-color:#bbb3b0\"><\/span><img loading=\"lazy\" decoding=\"async\" width=\"1290\" height=\"463\" class=\"wp-block-cover__image-background wp-image-6168\" alt=\"\" src=\"https:\/\/www.infinigate.com\/no\/wp-content\/uploads\/sites\/28\/2024\/11\/CPX_Nordic-reception.png\" data-object-fit=\"cover\" srcset=\"https:\/\/www.infinigate.com\/no\/wp-content\/uploads\/sites\/28\/2024\/11\/CPX_Nordic-reception.png 1290w, https:\/\/www.infinigate.com\/no\/wp-content\/uploads\/sites\/28\/2024\/11\/CPX_Nordic-reception-300x108.png 300w, https:\/\/www.infinigate.com\/no\/wp-content\/uploads\/sites\/28\/2024\/11\/CPX_Nordic-reception-1024x368.png 1024w, https:\/\/www.infinigate.com\/no\/wp-content\/uploads\/sites\/28\/2024\/11\/CPX_Nordic-reception-768x276.png 768w\" sizes=\"auto, (max-width: 1290px) 100vw, 1290px\" \/><div class=\"wp-block-cover__inner-container is-layout-constrained wp-block-cover-is-layout-constrained\">\n<h3 class=\"wp-block-heading has-text-align-center wp-block-heading\" id=\"h-velkommen-til-infinigate-nordic-welcome-reception\">Velkommen til Infinigate Nordic Welcome Reception!<\/h3>\n\n\n\n<p class=\"has-text-align-center\">Vi inviterer deg til en uformell og hyggelig samling p\u00e5 OXBO bar, Hilton Vienna Waterfront. Bli med Infinigates team fra Norge og Sverige for en avslappet ettermiddag med mingling og noe godt i glasset f\u00f8r kveldens middager. Dette er en perfekt anledning til \u00e5 knytte nye kontakter og m\u00f8te kolleger i bransjen.<\/p>\n\n\n\n<p class=\"has-text-align-center\"><strong>Tid:<\/strong> Tirsdag 04. Februar, 17.00\u201319.00<br><strong>Sted: <\/strong>OXBO bar, Hilton Vienna Waterfront<\/p>\n\n\n\n<div class=\"wp-block-buttons is-content-justification-center is-layout-flex wp-container-core-buttons-is-layout-16018d1d wp-block-buttons-is-layout-flex\">\n<div class=\"wp-block-button\"><a class=\"wp-block-button__link has-text-align-center wp-element-button\" href=\"https:\/\/app.emarketeer.com\/ext\/form\/entry.php?m=389899a9dd326fe0c8fa4fe5e34a2a07a5098c5&amp;Origin=Direct\">REGISTRERING INFINIGATE WELCOME RECEPTION<\/a><\/div>\n<\/div>\n<\/div><\/div>\n\n\n\n<div class=\"wp-block-columns is-layout-flex wp-container-core-columns-is-layout-9d6595d7 wp-block-columns-is-layout-flex\">\n<div class=\"wp-block-column is-layout-flow wp-block-column-is-layout-flow\">\n<h2 class=\"wp-block-heading wp-block-heading\" id=\"h-cpx-4-5-februar-wien\">CPX | 4-5 Februar | Wien<\/h2>\n\n\n\n<h5 class=\"wp-block-heading wp-block-heading\" id=\"h-tid-for-cpx-cybersikkerhetseventet-du-ikke-vil-ga-glipp-av-check-point-samler-kunder-og-partnere-til-en-stor-konferanse-og-expo\"><strong>Tid for CPX \u2013 cybersikkerhetseventet du ikke vil g\u00e5 glipp av! Check Point samler kunder og partnere til \u00e9n stor konferanse og expo.<\/strong><\/h5>\n\n\n\n<p>P\u00e5 CPX f\u00e5r du informasjon om det aller nyeste innen cybersikkerhet levert av de mest kunnskapsrike sikkerhetsekspertene. Forelesninger om beste praksis kombineres med praktisk trening og nettverksbygging. Alt for \u00e5 gi deltakerne verdifulle relasjoner og best mulig innsikt i strategiene og teknologiene som trengs for \u00e5 ligge ett skritt foran de cyberkriminelle.<\/p>\n\n\n\n<p>Vi kj\u00f8rer i tradisjon tro v\u00e5r Infinigate Nordic Welcome Reception, og h\u00e5per \u00e5 se deg der!<strong> <\/strong><\/p>\n<\/div>\n\n\n\n<div class=\"wp-block-column is-layout-flow wp-block-column-is-layout-flow\">\n<figure class=\"wp-block-image size-full is-resized\"><img loading=\"lazy\" decoding=\"async\" width=\"700\" height=\"479\" src=\"https:\/\/www.infinigate.com\/no\/wp-content\/uploads\/sites\/28\/2024\/11\/CPX2025_700x479pxl.webp\" alt=\"\" class=\"wp-image-6156\" style=\"width:541px;height:auto\" srcset=\"https:\/\/www.infinigate.com\/no\/wp-content\/uploads\/sites\/28\/2024\/11\/CPX2025_700x479pxl.webp 700w, https:\/\/www.infinigate.com\/no\/wp-content\/uploads\/sites\/28\/2024\/11\/CPX2025_700x479pxl-300x205.webp 300w\" sizes=\"auto, (max-width: 700px) 100vw, 700px\" \/><\/figure>\n\n\n\n<div class=\"wp-block-buttons is-content-justification-center is-layout-flex wp-container-core-buttons-is-layout-16018d1d wp-block-buttons-is-layout-flex\">\n<div class=\"wp-block-button\"><a class=\"wp-block-button__link wp-element-button\" href=\"https:\/\/app.emarketeer.com\/ext\/form\/entry.php?m=390200afe90098214325acf06ae9f4743edd7e5&amp;Origin=Direct\">REGISTRERING &#8211; CHECK POINT CPX EMEA 2025<\/a><\/div>\n<\/div>\n<\/div>\n<\/div>\n\n\n\n<div class=\"wp-block-columns alignwide has-grey-background-color has-background is-layout-flex wp-container-core-columns-is-layout-9d6595d7 wp-block-columns-is-layout-flex\" style=\"box-shadow:var(--wp--preset--shadow--sharp)\">\n<div class=\"wp-block-column is-layout-flow wp-block-column-is-layout-flow\">\n<h2 class=\"wp-block-heading wp-block-heading\" id=\"h-hoydepunkter\">H\u00f8ydepunkter<\/h2>\n\n\n\n<p><span style=\"text-decoration: underline\">\u23f0<strong> Mandag 3. februar <\/strong><\/span><br>Ankomstdag<\/p>\n\n\n\n<p>On site Check-in<\/p>\n\n\n\n<p>Kveldsarrangement i regi av Check Point Norge<\/p>\n\n\n\n<p><span style=\"text-decoration: underline\">\u23f0<strong> Tirsdag 4. februar <\/strong><br><\/span>Heldag CPX p\u00e5 Wien messe.<\/p>\n\n\n\n<p><strong>17.00-19.00<\/strong> Infinigate Welcome Reception<br>OXBO bar p\u00e5 Hilton Vienna Waterfront<br>Infinigates team fra Sverige og Norge inviterer til ettersnakk, mingling og noe godt \u00e5 drikke f\u00f8r kveldens middager.<\/p>\n\n\n\n<p><strong>19.30 <\/strong>Kveldsarrangement i regi av Check Point Norge<\/p>\n\n\n\n<p><span style=\"text-decoration: underline\">\u23f0<strong> Onsdag 5. februar <\/strong><\/span><br>Heldag CPX p\u00e5 Wien messe.<\/p>\n\n\n\n<p>Kveldsarrangement i regi av Check Point Norge<\/p>\n<\/div>\n\n\n\n<div class=\"wp-block-column is-layout-flow wp-block-column-is-layout-flow\">\n<figure class=\"wp-block-image size-full is-resized\"><img loading=\"lazy\" decoding=\"async\" width=\"497\" height=\"712\" src=\"https:\/\/www.infinigate.com\/no\/wp-content\/uploads\/sites\/28\/2024\/11\/Screenshot-2024-11-11-at-09.51.50.png\" alt=\"\" class=\"wp-image-6163\" style=\"width:487px;height:auto\" srcset=\"https:\/\/www.infinigate.com\/no\/wp-content\/uploads\/sites\/28\/2024\/11\/Screenshot-2024-11-11-at-09.51.50.png 497w, https:\/\/www.infinigate.com\/no\/wp-content\/uploads\/sites\/28\/2024\/11\/Screenshot-2024-11-11-at-09.51.50-209x300.png 209w\" sizes=\"auto, (max-width: 497px) 100vw, 497px\" \/><\/figure>\n<\/div>\n<\/div>\n\n\n\n<h2 class=\"wp-block-heading alignwide has-text-align-center wp-block-heading\" id=\"h-teamet-du-moter-pa-check-point-cpx\"><strong>Teamet du m\u00f8ter p\u00e5 Check Point CPX:<\/strong><\/h2>\n\n\n\n<div class=\"wp-block-columns is-layout-flex wp-container-core-columns-is-layout-9d6595d7 wp-block-columns-is-layout-flex\">\n<div class=\"wp-block-column is-layout-flow wp-block-column-is-layout-flow\">    <article class=\"team-member\">\r\n        <div class=\"team-member__inner\">\r\n            <div class=\"team-member__header\">\r\n                <h2 class=\"team-member__heading\">Thomas Hagelid<\/h2>\r\n                <div class=\"team-member__content\">\r\n                    <div class=\"team-member__job-title\">RVP North | South | East Europe<\/div>\r\n                                        <div class=\"team-member__email-address\"><a href=\"mailto:&#116;h&#111;&#109;a&#115;&#046;ha&#103;&#101;l&#105;&#100;&#064;&#105;n&#102;&#105;&#110;&#105;&#103;ate.&#110;o\">thomas.hagelid@infinigate.no<\/a><\/div>\r\n                                                            <div class=\"team-member__phone-number\"><a href=\"tel:+47 90 63 70 00\">+47 90 63 70 00<\/a><\/div>\r\n                                    <\/div>\r\n            <\/div>\r\n       <\/div>\r\n       <div class=\"team-member__image\">\r\n            <div class=\"team-member__image-inner\">\r\n                                    <img loading=\"lazy\" decoding=\"async\" width=\"768\" height=\"1152\" src=\"https:\/\/www.infinigate.com\/no\/wp-content\/uploads\/sites\/28\/2025\/09\/Thomas-Hagelid-768x1152.jpg\" class=\"attachment-medium_large size-medium_large\" alt=\"\" srcset=\"https:\/\/www.infinigate.com\/no\/wp-content\/uploads\/sites\/28\/2025\/09\/Thomas-Hagelid-768x1152.jpg 768w, https:\/\/www.infinigate.com\/no\/wp-content\/uploads\/sites\/28\/2025\/09\/Thomas-Hagelid-200x300.jpg 200w, https:\/\/www.infinigate.com\/no\/wp-content\/uploads\/sites\/28\/2025\/09\/Thomas-Hagelid-683x1024.jpg 683w, https:\/\/www.infinigate.com\/no\/wp-content\/uploads\/sites\/28\/2025\/09\/Thomas-Hagelid-1024x1536.jpg 1024w, https:\/\/www.infinigate.com\/no\/wp-content\/uploads\/sites\/28\/2025\/09\/Thomas-Hagelid-1365x2048.jpg 1365w, https:\/\/www.infinigate.com\/no\/wp-content\/uploads\/sites\/28\/2025\/09\/Thomas-Hagelid-1667x2500.jpg 1667w, https:\/\/www.infinigate.com\/no\/wp-content\/uploads\/sites\/28\/2025\/09\/Thomas-Hagelid-scaled.jpg 2000w\" sizes=\"auto, (max-width: 768px) 100vw, 768px\" \/>                            <\/div>\r\n        <\/div>\r\n    <\/article>\r\n<\/div>\n\n\n\n<div class=\"wp-block-column is-layout-flow wp-block-column-is-layout-flow\">    <article class=\"team-member\">\r\n        <div class=\"team-member__inner\">\r\n            <div class=\"team-member__header\">\r\n                <h2 class=\"team-member__heading\">Jarle Nilsen <\/h2>\r\n                <div class=\"team-member__content\">\r\n                    <div class=\"team-member__job-title\">Business Unit Manager<\/div>\r\n                                        <div class=\"team-member__email-address\"><a href=\"mailto:jarl&#101;.&#110;ils&#101;n&#064;infini&#103;at&#101;&#046;&#110;&#111;\">jarle.nilsen@infinigate.no<\/a><\/div>\r\n                                                            <div class=\"team-member__phone-number\"><a href=\"tel:+47 40 87 15 10\">+47 40 87 15 10<\/a><\/div>\r\n                                    <\/div>\r\n            <\/div>\r\n       <\/div>\r\n       <div class=\"team-member__image\">\r\n            <div class=\"team-member__image-inner\">\r\n                                    <img loading=\"lazy\" decoding=\"async\" width=\"768\" height=\"1152\" src=\"https:\/\/www.infinigate.com\/no\/wp-content\/uploads\/sites\/28\/2025\/08\/Jarle-Nilsen-768x1152.jpg\" class=\"attachment-medium_large size-medium_large\" alt=\"\" srcset=\"https:\/\/www.infinigate.com\/no\/wp-content\/uploads\/sites\/28\/2025\/08\/Jarle-Nilsen-768x1152.jpg 768w, https:\/\/www.infinigate.com\/no\/wp-content\/uploads\/sites\/28\/2025\/08\/Jarle-Nilsen-200x300.jpg 200w, https:\/\/www.infinigate.com\/no\/wp-content\/uploads\/sites\/28\/2025\/08\/Jarle-Nilsen-683x1024.jpg 683w, https:\/\/www.infinigate.com\/no\/wp-content\/uploads\/sites\/28\/2025\/08\/Jarle-Nilsen-1024x1536.jpg 1024w, https:\/\/www.infinigate.com\/no\/wp-content\/uploads\/sites\/28\/2025\/08\/Jarle-Nilsen-1365x2048.jpg 1365w, https:\/\/www.infinigate.com\/no\/wp-content\/uploads\/sites\/28\/2025\/08\/Jarle-Nilsen-1666x2500.jpg 1666w, https:\/\/www.infinigate.com\/no\/wp-content\/uploads\/sites\/28\/2025\/08\/Jarle-Nilsen-scaled.jpg 2000w\" sizes=\"auto, (max-width: 768px) 100vw, 768px\" \/>                            <\/div>\r\n        <\/div>\r\n    <\/article>\r\n<\/div>\n\n\n\n<div class=\"wp-block-column is-layout-flow wp-block-column-is-layout-flow\">    <article class=\"team-member\">\r\n        <div class=\"team-member__inner\">\r\n            <div class=\"team-member__header\">\r\n                <h2 class=\"team-member__heading\"> Morten H\u00e5konsen <\/h2>\r\n                <div class=\"team-member__content\">\r\n                    <div class=\"team-member__job-title\">Vendor Manager<\/div>\r\n                                        <div class=\"team-member__email-address\"><a href=\"mailto:m&#111;&#114;t&#101;n.&#104;&#097;kon&#115;&#101;n&#064;&#105;&#110;fin&#105;&#103;&#097;t&#101;&#046;no\">morten.hakonsen@infinigate.no<\/a><\/div>\r\n                                                            <div class=\"team-member__phone-number\"><a href=\"tel:+47 99 53 63 33\">+47 99 53 63 33<\/a><\/div>\r\n                                    <\/div>\r\n            <\/div>\r\n       <\/div>\r\n       <div class=\"team-member__image\">\r\n            <div class=\"team-member__image-inner\">\r\n                                    <img loading=\"lazy\" decoding=\"async\" width=\"768\" height=\"1152\" src=\"https:\/\/www.infinigate.com\/no\/wp-content\/uploads\/sites\/28\/2025\/09\/Morten-Hakonsen-768x1152.jpg\" class=\"attachment-medium_large size-medium_large\" alt=\"\" srcset=\"https:\/\/www.infinigate.com\/no\/wp-content\/uploads\/sites\/28\/2025\/09\/Morten-Hakonsen-768x1152.jpg 768w, https:\/\/www.infinigate.com\/no\/wp-content\/uploads\/sites\/28\/2025\/09\/Morten-Hakonsen-200x300.jpg 200w, https:\/\/www.infinigate.com\/no\/wp-content\/uploads\/sites\/28\/2025\/09\/Morten-Hakonsen-683x1024.jpg 683w, https:\/\/www.infinigate.com\/no\/wp-content\/uploads\/sites\/28\/2025\/09\/Morten-Hakonsen-1024x1536.jpg 1024w, https:\/\/www.infinigate.com\/no\/wp-content\/uploads\/sites\/28\/2025\/09\/Morten-Hakonsen-1365x2048.jpg 1365w, https:\/\/www.infinigate.com\/no\/wp-content\/uploads\/sites\/28\/2025\/09\/Morten-Hakonsen-1666x2500.jpg 1666w, https:\/\/www.infinigate.com\/no\/wp-content\/uploads\/sites\/28\/2025\/09\/Morten-Hakonsen-scaled.jpg 2000w\" sizes=\"auto, (max-width: 768px) 100vw, 768px\" \/>                            <\/div>\r\n        <\/div>\r\n    <\/article>\r\n<\/div>\n<\/div>\n\n\n\n<div class=\"wp-block-columns is-layout-flex wp-container-core-columns-is-layout-9d6595d7 wp-block-columns-is-layout-flex\">\n<div class=\"wp-block-column is-layout-flow wp-block-column-is-layout-flow\">    <article class=\"team-member\">\r\n        <div class=\"team-member__inner\">\r\n            <div class=\"team-member__header\">\r\n                <h2 class=\"team-member__heading\">Hans Kristian Holm<\/h2>\r\n                <div class=\"team-member__content\">\r\n                    <div class=\"team-member__job-title\">Senior Security Engineer<\/div>\r\n                                        <div class=\"team-member__email-address\"><a href=\"mailto:h&#097;&#110;&#115;.h&#111;l&#109;&#064;&#105;nfini&#103;&#097;&#116;e.&#110;o\">hans.holm@infinigate.no<\/a><\/div>\r\n                                                            <div class=\"team-member__phone-number\"><a href=\"tel:+47 98 67 54 53 \">+47 98 67 54 53 <\/a><\/div>\r\n                                    <\/div>\r\n            <\/div>\r\n       <\/div>\r\n       <div class=\"team-member__image\">\r\n            <div class=\"team-member__image-inner\">\r\n                                    <img loading=\"lazy\" decoding=\"async\" width=\"768\" height=\"1152\" src=\"https:\/\/www.infinigate.com\/no\/wp-content\/uploads\/sites\/28\/2025\/09\/Hans-Kristian-Holm-768x1152.jpg\" class=\"attachment-medium_large size-medium_large\" alt=\"\" srcset=\"https:\/\/www.infinigate.com\/no\/wp-content\/uploads\/sites\/28\/2025\/09\/Hans-Kristian-Holm-768x1152.jpg 768w, https:\/\/www.infinigate.com\/no\/wp-content\/uploads\/sites\/28\/2025\/09\/Hans-Kristian-Holm-200x300.jpg 200w, https:\/\/www.infinigate.com\/no\/wp-content\/uploads\/sites\/28\/2025\/09\/Hans-Kristian-Holm-683x1024.jpg 683w, https:\/\/www.infinigate.com\/no\/wp-content\/uploads\/sites\/28\/2025\/09\/Hans-Kristian-Holm-1024x1536.jpg 1024w, https:\/\/www.infinigate.com\/no\/wp-content\/uploads\/sites\/28\/2025\/09\/Hans-Kristian-Holm-1365x2048.jpg 1365w, https:\/\/www.infinigate.com\/no\/wp-content\/uploads\/sites\/28\/2025\/09\/Hans-Kristian-Holm-1667x2500.jpg 1667w, https:\/\/www.infinigate.com\/no\/wp-content\/uploads\/sites\/28\/2025\/09\/Hans-Kristian-Holm-scaled.jpg 2000w\" sizes=\"auto, (max-width: 768px) 100vw, 768px\" \/>                            <\/div>\r\n        <\/div>\r\n    <\/article>\r\n<\/div>\n\n\n\n<div class=\"wp-block-column is-layout-flow wp-block-column-is-layout-flow\">    <article class=\"team-member\">\r\n        <div class=\"team-member__inner\">\r\n            <div class=\"team-member__header\">\r\n                <h2 class=\"team-member__heading\">Alexander Beck <\/h2>\r\n                <div class=\"team-member__content\">\r\n                    <div class=\"team-member__job-title\">Business Development Manager<\/div>\r\n                                        <div class=\"team-member__email-address\"><a href=\"mailto:Al&#101;x&#097;&#110;d&#101;&#114;&#046;&#066;e&#099;k&#064;&#105;&#110;&#102;&#105;niga&#116;e&#046;n&#111;\">Alexander.Beck@infinigate.no<\/a><\/div>\r\n                                                            <div class=\"team-member__phone-number\"><a href=\"tel:+47 96 62 00 66\">+47 96 62 00 66<\/a><\/div>\r\n                                    <\/div>\r\n            <\/div>\r\n       <\/div>\r\n       <div class=\"team-member__image\">\r\n            <div class=\"team-member__image-inner\">\r\n                                    <img loading=\"lazy\" decoding=\"async\" width=\"768\" height=\"1152\" src=\"https:\/\/www.infinigate.com\/no\/wp-content\/uploads\/sites\/28\/2025\/09\/Alexander-Back-768x1152.jpg\" class=\"attachment-medium_large size-medium_large\" alt=\"\" srcset=\"https:\/\/www.infinigate.com\/no\/wp-content\/uploads\/sites\/28\/2025\/09\/Alexander-Back-768x1152.jpg 768w, https:\/\/www.infinigate.com\/no\/wp-content\/uploads\/sites\/28\/2025\/09\/Alexander-Back-200x300.jpg 200w, https:\/\/www.infinigate.com\/no\/wp-content\/uploads\/sites\/28\/2025\/09\/Alexander-Back-683x1024.jpg 683w, https:\/\/www.infinigate.com\/no\/wp-content\/uploads\/sites\/28\/2025\/09\/Alexander-Back-1024x1536.jpg 1024w, https:\/\/www.infinigate.com\/no\/wp-content\/uploads\/sites\/28\/2025\/09\/Alexander-Back-1365x2048.jpg 1365w, https:\/\/www.infinigate.com\/no\/wp-content\/uploads\/sites\/28\/2025\/09\/Alexander-Back-1667x2500.jpg 1667w, https:\/\/www.infinigate.com\/no\/wp-content\/uploads\/sites\/28\/2025\/09\/Alexander-Back-scaled.jpg 2000w\" sizes=\"auto, (max-width: 768px) 100vw, 768px\" \/>                            <\/div>\r\n        <\/div>\r\n    <\/article>\r\n<\/div>\n\n\n\n<div class=\"wp-block-column is-layout-flow wp-block-column-is-layout-flow\">    <article class=\"team-member\">\r\n        <div class=\"team-member__inner\">\r\n            <div class=\"team-member__header\">\r\n                <h2 class=\"team-member__heading\">Hanna Lidal<\/h2>\r\n                <div class=\"team-member__content\">\r\n                    <div class=\"team-member__job-title\">Marketing Manager<\/div>\r\n                                        <div class=\"team-member__email-address\"><a href=\"mailto:&#104;&#097;&#110;&#110;&#097;&#046;&#108;&#105;&#100;&#097;l&#064;&#105;&#110;&#102;&#105;&#110;&#105;&#103;ate.&#110;o\">hanna.lidal@infinigate.no<\/a><\/div>\r\n                                                            <div class=\"team-member__phone-number\"><a href=\"tel:+47 41 67 93 06\">+47 41 67 93 06<\/a><\/div>\r\n                                    <\/div>\r\n            <\/div>\r\n       <\/div>\r\n       <div class=\"team-member__image\">\r\n            <div class=\"team-member__image-inner\">\r\n                                    <img loading=\"lazy\" decoding=\"async\" width=\"768\" height=\"1152\" src=\"https:\/\/www.infinigate.com\/no\/wp-content\/uploads\/sites\/28\/2025\/09\/Hanna-Lidal-768x1152.jpg\" class=\"attachment-medium_large size-medium_large\" alt=\"\" srcset=\"https:\/\/www.infinigate.com\/no\/wp-content\/uploads\/sites\/28\/2025\/09\/Hanna-Lidal-768x1152.jpg 768w, https:\/\/www.infinigate.com\/no\/wp-content\/uploads\/sites\/28\/2025\/09\/Hanna-Lidal-200x300.jpg 200w, https:\/\/www.infinigate.com\/no\/wp-content\/uploads\/sites\/28\/2025\/09\/Hanna-Lidal-683x1024.jpg 683w, https:\/\/www.infinigate.com\/no\/wp-content\/uploads\/sites\/28\/2025\/09\/Hanna-Lidal-1024x1536.jpg 1024w, https:\/\/www.infinigate.com\/no\/wp-content\/uploads\/sites\/28\/2025\/09\/Hanna-Lidal-1365x2048.jpg 1365w, https:\/\/www.infinigate.com\/no\/wp-content\/uploads\/sites\/28\/2025\/09\/Hanna-Lidal-1667x2500.jpg 1667w, https:\/\/www.infinigate.com\/no\/wp-content\/uploads\/sites\/28\/2025\/09\/Hanna-Lidal-scaled.jpg 2000w\" sizes=\"auto, (max-width: 768px) 100vw, 768px\" \/>                            <\/div>\r\n        <\/div>\r\n    <\/article>\r\n<\/div>\n<\/div>\n","protected":false},"excerpt":{"rendered":"<p>CPX | 4-5 Februar | Wien Tid for CPX \u2013 cybersikkerhetseventet du ikke vil g\u00e5 glipp av! Check Point samler&hellip;<\/p>\n","protected":false},"author":80,"featured_media":0,"parent":0,"menu_order":0,"comment_status":"closed","ping_status":"closed","template":"","meta":{"_acf_changed":false,"footnotes":""},"folder":[],"class_list":["post-6148","page","type-page","status-publish","hentry"],"acf":[],"distributor_meta":false,"distributor_terms":false,"distributor_media":false,"distributor_original_site_name":"Infinigate | Norway","distributor_original_site_url":"https:\/\/www.infinigate.com\/no","push-errors":false,"_links":{"self":[{"href":"https:\/\/www.infinigate.com\/no\/wp-json\/wp\/v2\/pages\/6148","targetHints":{"allow":["GET"]}}],"collection":[{"href":"https:\/\/www.infinigate.com\/no\/wp-json\/wp\/v2\/pages"}],"about":[{"href":"https:\/\/www.infinigate.com\/no\/wp-json\/wp\/v2\/types\/page"}],"author":[{"embeddable":true,"href":"https:\/\/www.infinigate.com\/no\/wp-json\/wp\/v2\/users\/80"}],"replies":[{"embeddable":true,"href":"https:\/\/www.infinigate.com\/no\/wp-json\/wp\/v2\/comments?post=6148"}],"version-history":[{"count":0,"href":"https:\/\/www.infinigate.com\/no\/wp-json\/wp\/v2\/pages\/6148\/revisions"}],"wp:attachment":[{"href":"https:\/\/www.infinigate.com\/no\/wp-json\/wp\/v2\/media?parent=6148"}],"wp:term":[{"taxonomy":"folder","embeddable":true,"href":"https:\/\/www.infinigate.com\/no\/wp-json\/wp\/v2\/folder?post=6148"}],"curies":[{"name":"wp","href":"https:\/\/api.w.org\/{rel}","templated":true}]}}