{"id":7418,"date":"2025-05-13T10:48:35","date_gmt":"2025-05-13T08:48:35","guid":{"rendered":"https:\/\/www.infinigate.com\/no\/?page_id=7418"},"modified":"2025-05-13T12:25:42","modified_gmt":"2025-05-13T10:25:42","slug":"techupdate-med-fortinet-infinigate-netnordic","status":"publish","type":"page","link":"https:\/\/www.infinigate.com\/no\/techupdate-med-fortinet-infinigate-netnordic\/","title":{"rendered":"TechUpdate  med Fortinet, Infinigate og NetNordic"},"content":{"rendered":"\n<h3 class=\"wp-block-heading alignwide wp-block-heading\" id=\"h-velkommen-til-en-laererik-og-hyggelig-sommeravslutning\">Velkommen til en l\u00e6rerik og hyggelig sommeravslutning!<\/h3>\n\n\n\n<p class=\"alignwide has-text-align-wide\">Fortinet og Infinigate har gleden av \u00e5 invitere NetNordic til en techupdate &amp; summer gathering<strong> <\/strong>\u2013 en ettermiddag fylt med faglig p\u00e5fyll, gode samtaler og sommerstemning.<\/p>\n\n\n\n<p class=\"alignwide has-text-align-wide\">Vi setter stor pris p\u00e5 det gode samarbeidet vi har hatt gjennom f\u00f8rste halv\u00e5r, og \u00f8nsker \u00e5 markere dette sammen med dere. Dette blir en perfekt anledning til \u00e5 b\u00e5de se fremover og feire innsatsen s\u00e5 langt.<\/p>\n\n\n\n<div class=\"wp-block-buttons alignwide is-layout-flex wp-block-buttons-is-layout-flex\">\n<div class=\"wp-block-button has-custom-width wp-block-button__width-100\"><a class=\"wp-block-button__link has-blue-background-color has-background wp-element-button\" href=\"https:\/\/app.emarketeer.com\/ext\/form\/entry.php?m=396144a86f70055b10ebea56d13ff539a02a70a&amp;Origin=Direct\">REGISTRERING<\/a><\/div>\n<\/div>\n\n\n\n<div class=\"wp-block-columns is-layout-flex wp-container-core-columns-is-layout-9d6595d7 wp-block-columns-is-layout-flex\">\n<div class=\"wp-block-column is-layout-flow wp-block-column-is-layout-flow\">\n<div class=\"wp-block-cover alignwide is-light\"><span aria-hidden=\"true\" class=\"wp-block-cover__background has-coral-background-color has-background-dim-100 has-background-dim\"><\/span><div class=\"wp-block-cover__inner-container is-layout-constrained wp-block-cover-is-layout-constrained\">\n<h4 class=\"wp-block-heading has-text-align-center wp-block-heading\" id=\"h-agenda\">Agenda<\/h4>\n\n\n\n<p><strong>14:00\u201315:00<\/strong><br>Ankomst, kaffe og lett servering<\/p>\n\n\n\n<p><strong>15:00\u201316:00<\/strong><br><strong>Faglig gjennomgang med Fortinet<\/strong><br>F\u00e5 innsikt i Fortinets viktigste satsingsomr\u00e5der og hvordan de adresserer dagens og morgendagens sikkerhetsutfordringer. Vi ser n\u00e6rmere p\u00e5 deres plattformtankegang, integrerte l\u00f8sninger og strategiske initiativer \u2013 og hvordan partnerskapet med NetNordic skaper merverdi for v\u00e5re felles kunder.<br><br><strong>Foredragsholdere:<\/strong><\/p>\n\n\n\n<ul class=\"wp-block-list\">\n<li>Bjarne Br\u00f8rs, <strong>Fortinet<\/strong><\/li>\n\n\n\n<li>Anders Teigen, <strong>Fortinet<\/strong><\/li>\n<\/ul>\n\n\n\n<p class=\"has-text-align-left\"><strong>Etter 16:00<\/strong><br>Uformell mingling p\u00e5 Tjuvholmen.<\/p>\n<\/div><\/div>\n<\/div>\n\n\n\n<div class=\"wp-block-column is-layout-flow wp-block-column-is-layout-flow\">\n<div class=\"wp-block-cover alignwide has-custom-content-position is-position-top-center\"><span aria-hidden=\"true\" class=\"wp-block-cover__background has-blue-background-color has-background-dim-100 has-background-dim\"><\/span><div class=\"wp-block-cover__inner-container is-layout-constrained wp-block-cover-is-layout-constrained\">\n<h4 class=\"wp-block-heading has-text-align-center wp-block-heading\" id=\"h-detaljer\">Detaljer<\/h4>\n\n\n\n<p class=\"has-text-align-center\"><strong>Dato:<\/strong> Fredag 20. Juni <br><strong>Tid:<\/strong> 14:00 \u2013 19.00<br><strong>Sted:<\/strong> Tjuvholmen, Oslo<\/p>\n\n\n\n<h4 class=\"wp-block-heading wp-block-heading\"><br><br>Hvorfor delta?<\/h4>\n\n\n\n<ul class=\"wp-block-list\">\n<li>F\u00e5 faglig oppdatering og inspirasjon direkte fra Fortinet<br><\/li>\n\n\n\n<li>M\u00f8t kolleger og samarbeidspartnere i uformelle omgivelser<br><\/li>\n\n\n\n<li>Feir en vel gjennomf\u00f8rt f\u00f8rste halvdel av \u00e5ret med oss!<\/li>\n<\/ul>\n<\/div><\/div>\n<\/div>\n<\/div>\n\n\n    <section style=\"--content-grid--columns: 1;\" class=\"content-grid wp-block animate content-grid--1-columns alignfull has-background has-grey-background-color\">\r\n        <div class=\"content-grid__inner\">\r\n            \r\n\r\n                                <h2 class=\"content-grid__heading has--heading-border\">Om Infinigate<\/h2>\r\n            \r\n\r\n            \r\n                    \r\n                                                    \r\n                    \r\n                                                                        <div class=\"content-grid__items\">\r\n                                                                            <div class=\"content-grid__item has-background has-white-background-color\">\r\n                                            \r\n                                                \r\n                                        \r\n                                        \r\n                                                                        <div class=\" content-grid__item__subheading\">\r\n                                            <p>Infinigate er en distribut\u00f8r med fokus p\u00e5 IT-sikkerhet. For leverand\u00f8rene i v\u00e5r portef\u00f8lje tilbyr vi kvalifisert support, oppl\u00e6ring, markedsf\u00f8rings- og salgsst\u00f8tte. Vi hjelper deg som er forhandler med \u00e5 utvikle din sikkerhetsvirksomhet. Du som \u00f8nsker \u00e5 l\u00e6re mer om IT-sikkerhet og ikke er en IT-forhandler, er ogs\u00e5 velkommen til \u00e5 kontakte Infinigate.<\/p>\n<p>Vi gir gjerne r\u00e5d og tips om IT-sikkerhet!<\/p>\n                                <\/div>\r\n                                        \r\n                                                                        <div class=\"content-grid__item__link\">\r\n                                                <a  href=\"https:\/\/www.infinigate.com\/no\/kontakt-oss\/\" target=\"\" class=\"g-button--arrow\">\r\n                Kontakt oss            <\/a>\r\n                                <\/div>\r\n                                        \r\n                        <\/div>\r\n                                                    <\/div>\r\n                                    <\/div>\r\n    <\/section>\r\n","protected":false},"excerpt":{"rendered":"<p>Velkommen til en l\u00e6rerik og hyggelig sommeravslutning! Fortinet og Infinigate har gleden av \u00e5 invitere NetNordic til en techupdate &amp;&hellip;<\/p>\n","protected":false},"author":80,"featured_media":0,"parent":0,"menu_order":0,"comment_status":"closed","ping_status":"closed","template":"","meta":{"_acf_changed":false,"footnotes":""},"folder":[],"class_list":["post-7418","page","type-page","status-publish","hentry"],"acf":[],"distributor_meta":false,"distributor_terms":false,"distributor_media":false,"distributor_original_site_name":"Infinigate | Norway","distributor_original_site_url":"https:\/\/www.infinigate.com\/no","push-errors":false,"_links":{"self":[{"href":"https:\/\/www.infinigate.com\/no\/wp-json\/wp\/v2\/pages\/7418","targetHints":{"allow":["GET"]}}],"collection":[{"href":"https:\/\/www.infinigate.com\/no\/wp-json\/wp\/v2\/pages"}],"about":[{"href":"https:\/\/www.infinigate.com\/no\/wp-json\/wp\/v2\/types\/page"}],"author":[{"embeddable":true,"href":"https:\/\/www.infinigate.com\/no\/wp-json\/wp\/v2\/users\/80"}],"replies":[{"embeddable":true,"href":"https:\/\/www.infinigate.com\/no\/wp-json\/wp\/v2\/comments?post=7418"}],"version-history":[{"count":0,"href":"https:\/\/www.infinigate.com\/no\/wp-json\/wp\/v2\/pages\/7418\/revisions"}],"wp:attachment":[{"href":"https:\/\/www.infinigate.com\/no\/wp-json\/wp\/v2\/media?parent=7418"}],"wp:term":[{"taxonomy":"folder","embeddable":true,"href":"https:\/\/www.infinigate.com\/no\/wp-json\/wp\/v2\/folder?post=7418"}],"curies":[{"name":"wp","href":"https:\/\/api.w.org\/{rel}","templated":true}]}}