{"id":851,"date":"2022-11-10T15:18:21","date_gmt":"2022-11-10T15:18:21","guid":{"rendered":"https:\/\/infinigate.wpengine.com\/?page_id=851"},"modified":"2024-11-13T13:36:50","modified_gmt":"2024-11-13T12:36:50","slug":"tjenester","status":"publish","type":"page","link":"https:\/\/www.infinigate.com\/no\/tjenester\/","title":{"rendered":"Partnertjenester"},"content":{"rendered":"\n<figure class=\"wp-block-image alignfull size-full is-style-corner-overlay\"><img loading=\"lazy\" decoding=\"async\" width=\"1440\" height=\"510\" src=\"https:\/\/www.infinigate.com\/no\/wp-content\/uploads\/sites\/30\/2023\/04\/Hero-image-partner-highres.jpg\" alt=\"\" class=\"wp-image-3064\" srcset=\"https:\/\/www.infinigate.com\/no\/wp-content\/uploads\/sites\/28\/2023\/04\/Hero-image-partner-highres.jpg 1440w, https:\/\/www.infinigate.com\/no\/wp-content\/uploads\/sites\/28\/2023\/04\/Hero-image-partner-highres-300x106.jpg 300w, https:\/\/www.infinigate.com\/no\/wp-content\/uploads\/sites\/28\/2023\/04\/Hero-image-partner-highres-1024x363.jpg 1024w, https:\/\/www.infinigate.com\/no\/wp-content\/uploads\/sites\/28\/2023\/04\/Hero-image-partner-highres-768x272.jpg 768w\" sizes=\"auto, (max-width: 1440px) 100vw, 1440px\" \/><\/figure>\n\n\n\n<h5 class=\"wp-block-heading has-text-align-left wp-block-heading\" id=\"h-\"><\/h5>\n\n\n    <section class=\"cards wp-block animate cards--columns-3 cards--type--default alignwide\">\n        <div class=\"cards__inner\">\n                            <div class=\"cards__header\">\n                                                <h2 class=\"cards__heading has--heading-border\"><p>V\u00e5re partnertjenester for deg:<\/p>\n<\/h2>\r\n                    \n                    \n                                    <\/div>\n            \n            <div class=\"cards__items\">\n                \n                \n                <article class=\"g-card animate-element has-white-background-color has-background has-image has-link g-card--type--custom\">\r\n        <div class=\"g-card__inner\">\r\n                \r\n\r\n                                        <div class=\"g-card__header\">\r\n                    \r\n\r\n                        <h2 class=\"g-card__heading\">    <a href=\"https:\/\/www.infinigate.com\/no\/tjenester\/kurs\/\">\r\n                Leverand\u00f8r akkreditert oppl\u00e6ring            <\/a>\r\n<\/h2>\r\n                    \r\n                                            <div class=\"g-card__content\">\r\n                            <p>Infinigate tilbyr et bredt spekter av sertifiseringskurs, webinarer og workshops. Vi er et autorisert kurssenter for en rekke leverand\u00f8rer og gjennomf\u00f8rer flere sertifiseringskurs. I tillegg til teknisk kurs organiserer vi ogs\u00e5 jevnlig salgstrening og webinarer om aktuelle IT-sikkerhetsemner.<\/p>\n                        <\/div>\r\n                    \r\n                    \r\n                                    <\/div>\r\n            \r\n            \r\n            \r\n            \r\n\r\n\r\n\r\n            \r\n                <a  href=\"https:\/\/www.infinigate.com\/no\/tjenester\/kurs\/\" target=\"\" class=\"g-button--arrow g-card__read-more\">\r\n                Les mer            <\/a>\r\n\r\n                <\/div>\r\n    \r\n            <div class=\"g-card__image\">\r\n                        <div class=\"g-card__image-inner img-fit\">\r\n                <img loading=\"lazy\" decoding=\"async\" width=\"768\" height=\"460\" src=\"https:\/\/www.infinigate.com\/no\/wp-content\/uploads\/sites\/28\/2024\/06\/Infinigate_Nico_800x479-768x460.jpg\" class=\"attachment-medium_large size-medium_large\" alt=\"Leverand\u00f8r akkreditert oppl\u00e6ring\" srcset=\"https:\/\/www.infinigate.com\/no\/wp-content\/uploads\/sites\/28\/2024\/06\/Infinigate_Nico_800x479-768x460.jpg 768w, https:\/\/www.infinigate.com\/no\/wp-content\/uploads\/sites\/28\/2024\/06\/Infinigate_Nico_800x479-300x180.jpg 300w, https:\/\/www.infinigate.com\/no\/wp-content\/uploads\/sites\/28\/2024\/06\/Infinigate_Nico_800x479.jpg 800w\" sizes=\"auto, (max-width: 768px) 100vw, 768px\" \/>            <\/div>\r\n            \r\n                    <\/div>\r\n    \r\n    <\/article>\r\n<article class=\"g-card animate-element has-white-background-color has-background has-image has-link g-card--type--custom\">\r\n        <div class=\"g-card__inner\">\r\n                \r\n\r\n                                        <div class=\"g-card__header\">\r\n                    \r\n\r\n                        <h2 class=\"g-card__heading\">    <a href=\"https:\/\/www.infinigate.com\/no\/tjenester\/markedsforing\/\">\r\n                Markedsf\u00f8ring            <\/a>\r\n<\/h2>\r\n                    \r\n                                            <div class=\"g-card__content\">\r\n                            <p>Marketing teamet hos Infinigate er p\u00e5 din side i \u00e5 generere nye potensielle kunder og salgsfremmende kampanjer. Sammen med deg utvikler vi ideer, definerer konsepter og st\u00f8tter deg gjennom gjennomf\u00f8ringen av kampanjene. Bruk tjenestene v\u00e5re for \u00e5 lykkes!<\/p>\n                        <\/div>\r\n                    \r\n                    \r\n                                    <\/div>\r\n            \r\n            \r\n            \r\n            \r\n\r\n\r\n\r\n            \r\n                <a  href=\"https:\/\/www.infinigate.com\/no\/tjenester\/markedsforing\/\" target=\"\" class=\"g-button--arrow g-card__read-more\">\r\n                Les mer            <\/a>\r\n\r\n                <\/div>\r\n    \r\n            <div class=\"g-card__image\">\r\n                        <div class=\"g-card__image-inner img-fit\">\r\n                <img loading=\"lazy\" decoding=\"async\" width=\"768\" height=\"460\" src=\"https:\/\/www.infinigate.com\/no\/wp-content\/uploads\/sites\/28\/2024\/06\/Marketing_283488109_800x479-768x460.jpg\" class=\"attachment-medium_large size-medium_large\" alt=\"Markedsf\u00f8ring\" srcset=\"https:\/\/www.infinigate.com\/no\/wp-content\/uploads\/sites\/28\/2024\/06\/Marketing_283488109_800x479-768x460.jpg 768w, https:\/\/www.infinigate.com\/no\/wp-content\/uploads\/sites\/28\/2024\/06\/Marketing_283488109_800x479-300x180.jpg 300w, https:\/\/www.infinigate.com\/no\/wp-content\/uploads\/sites\/28\/2024\/06\/Marketing_283488109_800x479.jpg 800w\" sizes=\"auto, (max-width: 768px) 100vw, 768px\" \/>            <\/div>\r\n            \r\n                    <\/div>\r\n    \r\n    <\/article>\r\n<article class=\"g-card animate-element has-white-background-color has-background has-image has-link g-card--type--custom\">\r\n        <div class=\"g-card__inner\">\r\n                \r\n\r\n                                        <div class=\"g-card__header\">\r\n                    \r\n\r\n                        <h2 class=\"g-card__heading\">    <a href=\"https:\/\/www.infinigate.com\/no\/tjenester\/profesjonelle-tjenester\/\">\r\n                 Profesjonelle tjenester             <\/a>\r\n<\/h2>\r\n                    \r\n                                            <div class=\"g-card__content\">\r\n                            <p>Tech-teamet v\u00e5rt st\u00f8tter deg fra r\u00e5dgivning i prosjektets start til utrulling, dette inkluderer implementering og installasjon av IT-sikkerhetsl\u00f8sninger eksternt eller p\u00e5 stedet hos kundens lokaler.<\/p>\n                        <\/div>\r\n                    \r\n                    \r\n                                    <\/div>\r\n            \r\n            \r\n            \r\n            \r\n\r\n\r\n\r\n            \r\n                <a  href=\"https:\/\/www.infinigate.com\/no\/tjenester\/profesjonelle-tjenester\/\" target=\"\" class=\"g-button--arrow g-card__read-more\">\r\n                Les mer            <\/a>\r\n\r\n                <\/div>\r\n    \r\n            <div class=\"g-card__image\">\r\n                        <div class=\"g-card__image-inner img-fit\">\r\n                <img loading=\"lazy\" decoding=\"async\" width=\"768\" height=\"460\" src=\"https:\/\/www.infinigate.com\/no\/wp-content\/uploads\/sites\/28\/2024\/06\/ProfessionalServices_72200647_xl-2015_800x479-768x460.jpg\" class=\"attachment-medium_large size-medium_large\" alt=\"Profesjonelle tjenester\" srcset=\"https:\/\/www.infinigate.com\/no\/wp-content\/uploads\/sites\/28\/2024\/06\/ProfessionalServices_72200647_xl-2015_800x479-768x460.jpg 768w, https:\/\/www.infinigate.com\/no\/wp-content\/uploads\/sites\/28\/2024\/06\/ProfessionalServices_72200647_xl-2015_800x479-300x180.jpg 300w, https:\/\/www.infinigate.com\/no\/wp-content\/uploads\/sites\/28\/2024\/06\/ProfessionalServices_72200647_xl-2015_800x479.jpg 800w\" sizes=\"auto, (max-width: 768px) 100vw, 768px\" \/>            <\/div>\r\n            \r\n                    <\/div>\r\n    \r\n    <\/article>\r\n<article class=\"g-card animate-element has-white-background-color has-background has-image has-link g-card--type--custom\">\r\n        <div class=\"g-card__inner\">\r\n                \r\n\r\n                                        <div class=\"g-card__header\">\r\n                    \r\n\r\n                        <h2 class=\"g-card__heading\">    <a href=\"https:\/\/www.infinigate.com\/no\/tjenester\/salg\/\">\r\n                Salg            <\/a>\r\n<\/h2>\r\n                    \r\n                                            <div class=\"g-card__content\">\r\n                            <p>Salgsteamet hos Infinigate gir deg eksepsjonelle servicetjenester. Dette gjelder alt fra konsultasjon n\u00e5r du trenger det til fullstendig prosjektst\u00f8tte.<\/p>\n                        <\/div>\r\n                    \r\n                    \r\n                                    <\/div>\r\n            \r\n            \r\n            \r\n            \r\n\r\n\r\n\r\n            \r\n                <a  href=\"https:\/\/www.infinigate.com\/no\/tjenester\/salg\/\" target=\"\" class=\"g-button--arrow g-card__read-more\">\r\n                Les mer            <\/a>\r\n\r\n                <\/div>\r\n    \r\n            <div class=\"g-card__image\">\r\n                        <div class=\"g-card__image-inner img-fit\">\r\n                <img loading=\"lazy\" decoding=\"async\" width=\"768\" height=\"460\" src=\"https:\/\/www.infinigate.com\/no\/wp-content\/uploads\/sites\/28\/2024\/06\/Infinigate_MortenH_800x479-768x460.jpg\" class=\"attachment-medium_large size-medium_large\" alt=\"Morten H\" srcset=\"https:\/\/www.infinigate.com\/no\/wp-content\/uploads\/sites\/28\/2024\/06\/Infinigate_MortenH_800x479-768x460.jpg 768w, https:\/\/www.infinigate.com\/no\/wp-content\/uploads\/sites\/28\/2024\/06\/Infinigate_MortenH_800x479-300x180.jpg 300w, https:\/\/www.infinigate.com\/no\/wp-content\/uploads\/sites\/28\/2024\/06\/Infinigate_MortenH_800x479.jpg 800w\" sizes=\"auto, (max-width: 768px) 100vw, 768px\" \/>            <\/div>\r\n            \r\n                    <\/div>\r\n    \r\n    <\/article>\r\n<article class=\"g-card animate-element has-white-background-color has-background has-image has-link g-card--type--custom\">\r\n        <div class=\"g-card__inner\">\r\n                \r\n\r\n                                        <div class=\"g-card__header\">\r\n                    \r\n\r\n                        <h2 class=\"g-card__heading\">    <a href=\"https:\/\/www.infinigate.com\/no\/tjenester\/teknisk-support\/\">\r\n                Teknisk Support             <\/a>\r\n<\/h2>\r\n                    \r\n                                            <div class=\"g-card__content\">\r\n                            <p>Selv n\u00e5r salgsprosessen er fullf\u00f8rt, er det viktig \u00e5 kunne tilby optimal support til kundene. I over 90% av tilfellene kan vi bidra til \u00e5 l\u00f8se problemene uten involvering fra leverand\u00f8ren, noe som betyr rask hjelp.<\/p>\n                        <\/div>\r\n                    \r\n                    \r\n                                    <\/div>\r\n            \r\n            \r\n            \r\n            \r\n\r\n\r\n\r\n            \r\n                <a  href=\"https:\/\/www.infinigate.com\/no\/tjenester\/teknisk-support\/\" target=\"\" class=\"g-button--arrow g-card__read-more\">\r\n                Les mer            <\/a>\r\n\r\n                <\/div>\r\n    \r\n            <div class=\"g-card__image\">\r\n                        <div class=\"g-card__image-inner img-fit\">\r\n                <img loading=\"lazy\" decoding=\"async\" width=\"768\" height=\"460\" src=\"https:\/\/www.infinigate.com\/no\/wp-content\/uploads\/sites\/28\/2024\/06\/technical-support_8338557_xl-2015_800x479-768x460.jpg\" class=\"attachment-medium_large size-medium_large\" alt=\"Teknisk Support\" srcset=\"https:\/\/www.infinigate.com\/no\/wp-content\/uploads\/sites\/28\/2024\/06\/technical-support_8338557_xl-2015_800x479-768x460.jpg 768w, https:\/\/www.infinigate.com\/no\/wp-content\/uploads\/sites\/28\/2024\/06\/technical-support_8338557_xl-2015_800x479-300x180.jpg 300w, https:\/\/www.infinigate.com\/no\/wp-content\/uploads\/sites\/28\/2024\/06\/technical-support_8338557_xl-2015_800x479.jpg 800w\" sizes=\"auto, (max-width: 768px) 100vw, 768px\" \/>            <\/div>\r\n            \r\n                    <\/div>\r\n    \r\n    <\/article>\r\n<article class=\"g-card animate-element has-white-background-color has-background has-image has-link g-card--type--custom\">\r\n        <div class=\"g-card__inner\">\r\n                \r\n\r\n                                        <div class=\"g-card__header\">\r\n                    \r\n\r\n                        <h2 class=\"g-card__heading\">    <a href=\"https:\/\/www.infinigate.com\/no\/tjenester\/partnerutvikling\/\">\r\n                Partnerutvikling            <\/a>\r\n<\/h2>\r\n                    \r\n                                            <div class=\"g-card__content\">\r\n                            <p>Vi i Infinigate driver aktiv utvikling av v\u00e5re partnere, v\u00e5re forretningsutviklere og teknikkere gir deg gjerne kombinert r\u00e5d om tekniske og komersielle sp\u00f8rsm\u00e5l. V\u00e5r daglige oppgave er \u00e5 presentere nye produkter, teknologier og ideer for deg eller for kundene dine sammen med deg.<\/p>\n                        <\/div>\r\n                    \r\n                    \r\n                                    <\/div>\r\n            \r\n            \r\n            \r\n            \r\n\r\n\r\n\r\n            \r\n                <a  href=\"https:\/\/www.infinigate.com\/no\/tjenester\/partnerutvikling\/\" target=\"\" class=\"g-button--arrow g-card__read-more\">\r\n                Les mer            <\/a>\r\n\r\n                <\/div>\r\n    \r\n            <div class=\"g-card__image\">\r\n                        <div class=\"g-card__image-inner img-fit\">\r\n                <img loading=\"lazy\" decoding=\"async\" width=\"768\" height=\"460\" src=\"https:\/\/www.infinigate.com\/no\/wp-content\/uploads\/sites\/28\/2024\/06\/Businessman_future_93374114_xl-2015_800x479-768x460.jpg\" class=\"attachment-medium_large size-medium_large\" alt=\"Partnerutvikling\" srcset=\"https:\/\/www.infinigate.com\/no\/wp-content\/uploads\/sites\/28\/2024\/06\/Businessman_future_93374114_xl-2015_800x479-768x460.jpg 768w, https:\/\/www.infinigate.com\/no\/wp-content\/uploads\/sites\/28\/2024\/06\/Businessman_future_93374114_xl-2015_800x479-300x180.jpg 300w, https:\/\/www.infinigate.com\/no\/wp-content\/uploads\/sites\/28\/2024\/06\/Businessman_future_93374114_xl-2015_800x479.jpg 800w\" sizes=\"auto, (max-width: 768px) 100vw, 768px\" \/>            <\/div>\r\n            \r\n                    <\/div>\r\n    \r\n    <\/article>\r\n            <\/div>\n\n            \n                <\/section>\n\n\n<section class=\"media-content wp-block media-content--left media-content--media-type--image has-gray-25-background-color has-background alignfull\">\r\n    <div class=\"media-content__inner\">\r\n        <div class=\"media-content__content\">\r\n                                <h2 class=\"media-content__heading\">Finansiering \u2013 smarte m\u00e5ter \u00e5 betale p\u00e5<\/h2>\r\n            \r\n            \r\n            <p>\u00c5 ta beslutninger om store investeringer kan bli enklere hvis det finnes fleksible muligheter for \u00e5 finansiere prosjektet. Infinigates finansieringstjeneste gir muligheten til \u00e5 dele opp betalingen, enten det gjelder programvare, maskinvare eller serviceavtaler.<\/p>\n\r\n                            <div class=\"flex-list\">\r\n                        <a  href=\"https:\/\/www.infinigate.com\/no\/tjenester\/finansiering\/\" target=\"\" class=\"g-button\">\r\n                Les mer om finansiering            <\/a>\r\n                <\/div>\r\n                    <\/div>\r\n\r\n                    <div class=\"media-content__media\">\r\n                <img loading=\"lazy\" decoding=\"async\" width=\"900\" height=\"600\" src=\"https:\/\/www.infinigate.com\/no\/wp-content\/uploads\/sites\/28\/2024\/11\/financial-growth-website-1-1.jpg\" class=\"attachment-super size-super\" alt=\"financial growth\" sizes=\"auto, (max-width: 768px) 100vw, 50vw\" srcset=\"https:\/\/www.infinigate.com\/no\/wp-content\/uploads\/sites\/28\/2024\/11\/financial-growth-website-1-1.jpg 900w, https:\/\/www.infinigate.com\/no\/wp-content\/uploads\/sites\/28\/2024\/11\/financial-growth-website-1-1-300x200.jpg 300w, https:\/\/www.infinigate.com\/no\/wp-content\/uploads\/sites\/28\/2024\/11\/financial-growth-website-1-1-768x512.jpg 768w\" \/>            <\/div>\r\n            <\/div>\r\n<\/section>\r\n\n\n<section class=\"cta-banner wp-block alignfull\">\r\n    <div class=\"cta-banner__inner\">\r\n        <div class=\"cta-banner__content\">\r\n\r\n                                <h2 class=\"cta-banner__heading\"><p>Trenger du ytterligere hjelp med v\u00e5re tjenester?<\/p>\n<\/h2>\r\n            \r\n                            <div class=\"cta-banner__subheading\">\r\n                    <p>V\u00e5re ansatte st\u00e5r klare til \u00e5 hjelpe deg med din foresp\u00f8rsel.<\/p>\n                <\/div>\r\n                    <\/div>\r\n\r\n                    <div class=\"cta-banner__button\">\r\n                    <a  href=\"https:\/\/www.infinigate.com\/no\/vaare-ansatte\/\" target=\"\" class=\"g-button g-button--arrow\">\r\n                Ta kontakt            <\/a>\r\n            <\/div>\r\n            <\/div>\r\n\r\n    \r\n\r\n<\/section>\r\n","protected":false},"excerpt":{"rendered":"","protected":false},"author":13,"featured_media":3064,"parent":0,"menu_order":40,"comment_status":"closed","ping_status":"closed","template":"","meta":{"_acf_changed":false,"footnotes":""},"folder":[],"class_list":["post-851","page","type-page","status-publish","has-post-thumbnail","hentry"],"acf":[],"distributor_meta":false,"distributor_terms":false,"distributor_media":false,"distributor_original_site_name":"Infinigate | Norway","distributor_original_site_url":"https:\/\/www.infinigate.com\/no","push-errors":false,"_links":{"self":[{"href":"https:\/\/www.infinigate.com\/no\/wp-json\/wp\/v2\/pages\/851","targetHints":{"allow":["GET"]}}],"collection":[{"href":"https:\/\/www.infinigate.com\/no\/wp-json\/wp\/v2\/pages"}],"about":[{"href":"https:\/\/www.infinigate.com\/no\/wp-json\/wp\/v2\/types\/page"}],"author":[{"embeddable":true,"href":"https:\/\/www.infinigate.com\/no\/wp-json\/wp\/v2\/users\/13"}],"replies":[{"embeddable":true,"href":"https:\/\/www.infinigate.com\/no\/wp-json\/wp\/v2\/comments?post=851"}],"version-history":[{"count":0,"href":"https:\/\/www.infinigate.com\/no\/wp-json\/wp\/v2\/pages\/851\/revisions"}],"wp:featuredmedia":[{"embeddable":true,"href":"https:\/\/www.infinigate.com\/no\/wp-json\/wp\/v2\/media\/3064"}],"wp:attachment":[{"href":"https:\/\/www.infinigate.com\/no\/wp-json\/wp\/v2\/media?parent=851"}],"wp:term":[{"taxonomy":"folder","embeddable":true,"href":"https:\/\/www.infinigate.com\/no\/wp-json\/wp\/v2\/folder?post=851"}],"curies":[{"name":"wp","href":"https:\/\/api.w.org\/{rel}","templated":true}]}}