{"id":1721,"date":"2023-03-10T11:54:41","date_gmt":"2023-03-10T11:54:41","guid":{"rendered":"https:\/\/infinigate.wpengine.com\/pl\/?page_id=1721"},"modified":"2025-09-13T19:19:56","modified_gmt":"2025-09-13T17:19:56","slug":"profesjonalna-konfiguracja-i-instalacja","status":"publish","type":"page","link":"https:\/\/www.infinigate.com\/pl\/uslugi\/profesjonalna-konfiguracja-i-instalacja\/","title":{"rendered":"Profesjonalna konfiguracja i instalacja"},"content":{"rendered":"\n<figure class=\"wp-block-image alignfull size-full is-style-corner-overlay\"><img loading=\"lazy\" decoding=\"async\" width=\"1440\" height=\"510\" src=\"https:\/\/www.infinigate.com\/pl\/wp-content\/uploads\/sites\/15\/2023\/04\/configuration-as-a-service.jpg\" alt=\"\" class=\"wp-image-3065\" srcset=\"https:\/\/www.infinigate.com\/pl\/wp-content\/uploads\/sites\/15\/2023\/04\/configuration-as-a-service.jpg 1440w, https:\/\/www.infinigate.com\/pl\/wp-content\/uploads\/sites\/15\/2023\/04\/configuration-as-a-service-300x106.jpg 300w, https:\/\/www.infinigate.com\/pl\/wp-content\/uploads\/sites\/15\/2023\/04\/configuration-as-a-service-1024x363.jpg 1024w, https:\/\/www.infinigate.com\/pl\/wp-content\/uploads\/sites\/15\/2023\/04\/configuration-as-a-service-768x272.jpg 768w\" sizes=\"auto, (max-width: 1440px) 100vw, 1440px\" \/><\/figure>\n\n\n\n<div class=\"wp-block-columns is-layout-flex wp-container-core-columns-is-layout-9d6595d7 wp-block-columns-is-layout-flex\">\n<div class=\"wp-block-column is-layout-flow wp-block-column-is-layout-flow\">\n<p class=\"is-style-large-body\">These services ensure that customer equipment is never \u2018dead on arrival (DOA)\u2019.&nbsp;&nbsp;<\/p>\n\n\n\n<p>Our \u2018Remote hands\u2019 services allow you to ensure fast, effective installation of equipment at your customers\u2019 sites, helping you to keep every project on track.&nbsp;<br><\/p>\n<\/div>\n\n\n\n<div class=\"wp-block-column is-layout-flow wp-block-column-is-layout-flow\">\n<p>As an additional benefit, our two purpose-built configuration centres make Configuration-as-a-Service and Remote Hands services available across the EU and UK.&nbsp;<\/p>\n<\/div>\n<\/div>\n\n\n    <section style=\"--content-grid--columns: 2;\" class=\"content-grid wp-block animate content-grid--2-columns alignfull\">\r\n        <div class=\"content-grid__inner\">\r\n            \r\n\r\n                                <h2 class=\"content-grid__heading has--heading-border\">Nasze pozosta\u0142e us\u0142ugi dla partner\u00f3w<\/h2>\r\n            \r\n\r\n            \r\n                    \r\n                                                    \r\n                    \r\n                                                                        <div class=\"content-grid__items\">\r\n                                                                            <div class=\"content-grid__item has-background has-gray-25-background-color\">\r\n                                            \r\n                                                \r\n                                        \r\n                                                                                        <h3 class=\"content-grid__item__heading\">Rozw\u00f3j partner\u00f3w<\/h3>\r\n                                        \r\n                                        \r\n                                                                        <div class=\"content-grid__item__link\">\r\n                                                <a  href=\"https:\/\/www.infinigate.com\/pl\/uslugi\/rozwoj-partnerow\/\" target=\"\" class=\"g-button--arrow\">\r\n                            <\/a>\r\n                                <\/div>\r\n                                        \r\n                        <\/div>\r\n                                                                            <div class=\"content-grid__item has-background has-gray-25-background-color\">\r\n                                            \r\n                                                \r\n                                        \r\n                                                                                        <h3 class=\"content-grid__item__heading\">Inteligentna analiza danych<\/h3>\r\n                                        \r\n                                                                        <div class=\" content-grid__item__subheading\">\r\n                                            <p>\u2013 inteligentne zarz\u0105dzanie danymi i ich wykorzystanie w rozwoju biznesu<\/p>\n                                <\/div>\r\n                                        \r\n                                                                        <div class=\"content-grid__item__link\">\r\n                                                <a  href=\"https:\/\/www.infinigate.com\/pl\/uslugi\/inteligentna-analiza-danych\/\" target=\"\" class=\"g-button--arrow\">\r\n                            <\/a>\r\n                                <\/div>\r\n                                        \r\n                        <\/div>\r\n                                                                            <div class=\"content-grid__item has-background has-gray-25-background-color\">\r\n                                            \r\n                                                \r\n                                        \r\n                                                                                        <h3 class=\"content-grid__item__heading\">Us\u0142ugi zarz\u0105dzane<\/h3>\r\n                                        \r\n                                                                        <div class=\" content-grid__item__subheading\">\r\n                                            <p>\u2013 us\u0142ugi zarz\u0105dzane wspieraj\u0105ce partner\u00f3w i klient\u00f3w ko\u0144cowych<\/p>\n                                <\/div>\r\n                                        \r\n                                                                        <div class=\"content-grid__item__link\">\r\n                                                <a  href=\"https:\/\/www.infinigate.com\/pl\/uslugi\/uslugi-zarzadzane\/\" target=\"\" class=\"g-button--arrow\">\r\n                            <\/a>\r\n                                <\/div>\r\n                                        \r\n                        <\/div>\r\n                                                                            <div class=\"content-grid__item has-background has-gray-25-background-color\">\r\n                                            \r\n                                                \r\n                                        \r\n                                                                                        <h3 class=\"content-grid__item__heading\">Wsparcie techniczne i utrzymanie<\/h3>\r\n                                        \r\n                                                                        <div class=\" content-grid__item__subheading\">\r\n                                            <p>\u2013 wsparcie techniczne oraz utrzymanie rozwi\u0105za\u0144<\/p>\n                                <\/div>\r\n                                        \r\n                                                                        <div class=\"content-grid__item__link\">\r\n                                                <a  href=\"https:\/\/www.infinigate.com\/pl\/uslugi\/wsparcie-techniczne-i-utrzymanie\/\" target=\"\" class=\"g-button--arrow\">\r\n                            <\/a>\r\n                                <\/div>\r\n                                        \r\n                        <\/div>\r\n                                                                            <div class=\"content-grid__item has-background has-gray-25-background-color\">\r\n                                            \r\n                                                \r\n                                        \r\n                                                                                        <h3 class=\"content-grid__item__heading\">Szkolenia akredytowane przez producent\u00f3w<\/h3>\r\n                                        \r\n                                                                        <div class=\" content-grid__item__subheading\">\r\n                                            <p>\u2013 certyfikowane szkolenia autoryzowane przez vendor\u00f3w<\/p>\n                                <\/div>\r\n                                        \r\n                                                                        <div class=\"content-grid__item__link\">\r\n                                                <a  href=\"https:\/\/www.infinigate.com\/pl\/uslugi\/szkolenia-akredytowane-przez-producentow\/\" target=\"\" class=\"g-button--arrow\">\r\n                            <\/a>\r\n                                <\/div>\r\n                                        \r\n                        <\/div>\r\n                                                                            <div class=\"content-grid__item has-background has-gray-25-background-color\">\r\n                                            \r\n                                                \r\n                                        \r\n                                                                                        <h3 class=\"content-grid__item__heading\">Logistyka globalna<\/h3>\r\n                                        \r\n                                                                        <div class=\" content-grid__item__subheading\">\r\n                                            <p>\u2013 kompleksowa obs\u0142uga logistyczna w wymiarze mi\u0119dzynarodowym<\/p>\n                                <\/div>\r\n                                        \r\n                                                                        <div class=\"content-grid__item__link\">\r\n                                                <a  href=\"https:\/\/www.infinigate.com\/pl\/uslugi\/logistyka-globalna\/\" target=\"\" class=\"g-button--arrow\">\r\n                            <\/a>\r\n                                <\/div>\r\n                                        \r\n                        <\/div>\r\n                                                    <\/div>\r\n                                    <\/div>\r\n    <\/section>\r\n\n\n<section class=\"cta-banner wp-block alignfull\">\r\n    <div class=\"cta-banner__inner\">\r\n        <div class=\"cta-banner__content\">\r\n\r\n                                <h2 class=\"cta-banner__heading\"><p>Nasz zesp\u00f3\u0142 ch\u0119tnie odpowie na Twoje pytania \u2013 skontaktuj si\u0119 z nami!<\/p>\n<\/h2>\r\n            \r\n                            <div class=\"cta-banner__subheading\">\r\n                    <p>Nasz zesp\u00f3\u0142 ch\u0119tnie odpowie na Twoje pytania \u2013 skontaktuj si\u0119 z nami!<\/p>\n                <\/div>\r\n                    <\/div>\r\n\r\n                    <div class=\"cta-banner__button\">\r\n                    <a  href=\"https:\/\/www.infinigate.com\/pl\/kontakt\/\" target=\"\" class=\"g-button g-button--arrow\">\r\n                Skontaktuj si\u0119 z nami            <\/a>\r\n            <\/div>\r\n            <\/div>\r\n\r\n    \r\n\r\n<\/section>\r\n","protected":false},"excerpt":{"rendered":"<p>These services ensure that customer equipment is never \u2018dead on arrival (DOA)\u2019.&nbsp;&nbsp; Our \u2018Remote hands\u2019 services allow you to ensure&hellip;<\/p>\n","protected":false},"author":13,"featured_media":3065,"parent":851,"menu_order":5,"comment_status":"closed","ping_status":"closed","template":"","meta":{"_acf_changed":false,"footnotes":""},"folder":[],"class_list":["post-1721","page","type-page","status-publish","has-post-thumbnail","hentry"],"acf":[],"distributor_meta":false,"distributor_terms":false,"distributor_media":false,"distributor_original_site_name":"Infinigate | Polska","distributor_original_site_url":"https:\/\/www.infinigate.com\/pl","push-errors":false,"_links":{"self":[{"href":"https:\/\/www.infinigate.com\/pl\/wp-json\/wp\/v2\/pages\/1721","targetHints":{"allow":["GET"]}}],"collection":[{"href":"https:\/\/www.infinigate.com\/pl\/wp-json\/wp\/v2\/pages"}],"about":[{"href":"https:\/\/www.infinigate.com\/pl\/wp-json\/wp\/v2\/types\/page"}],"author":[{"embeddable":true,"href":"https:\/\/www.infinigate.com\/pl\/wp-json\/wp\/v2\/users\/13"}],"replies":[{"embeddable":true,"href":"https:\/\/www.infinigate.com\/pl\/wp-json\/wp\/v2\/comments?post=1721"}],"version-history":[{"count":0,"href":"https:\/\/www.infinigate.com\/pl\/wp-json\/wp\/v2\/pages\/1721\/revisions"}],"up":[{"embeddable":true,"href":"https:\/\/www.infinigate.com\/pl\/wp-json\/wp\/v2\/pages\/851"}],"wp:featuredmedia":[{"embeddable":true,"href":"https:\/\/www.infinigate.com\/pl\/wp-json\/wp\/v2\/media\/3065"}],"wp:attachment":[{"href":"https:\/\/www.infinigate.com\/pl\/wp-json\/wp\/v2\/media?parent=1721"}],"wp:term":[{"taxonomy":"folder","embeddable":true,"href":"https:\/\/www.infinigate.com\/pl\/wp-json\/wp\/v2\/folder?post=1721"}],"curies":[{"name":"wp","href":"https:\/\/api.w.org\/{rel}","templated":true}]}}