{"id":1725,"date":"2023-03-10T11:59:23","date_gmt":"2023-03-10T11:59:23","guid":{"rendered":"https:\/\/infinigate.wpengine.com\/pl\/?page_id=1725"},"modified":"2025-09-13T19:18:29","modified_gmt":"2025-09-13T17:18:29","slug":"wsparcie-techniczne-i-utrzymanie","status":"publish","type":"page","link":"https:\/\/www.infinigate.com\/pl\/uslugi\/wsparcie-techniczne-i-utrzymanie\/","title":{"rendered":"Wsparcie techniczne i utrzymanie"},"content":{"rendered":"\n<figure class=\"wp-block-image alignfull size-full is-style-default\"><img loading=\"lazy\" decoding=\"async\" width=\"1440\" height=\"510\" src=\"https:\/\/www.infinigate.com\/pl\/wp-content\/uploads\/sites\/15\/2023\/03\/Hero-image-support.jpg\" alt=\"\" class=\"wp-image-1801\" srcset=\"https:\/\/www.infinigate.com\/pl\/wp-content\/uploads\/sites\/15\/2023\/03\/Hero-image-support.jpg 1440w, https:\/\/www.infinigate.com\/pl\/wp-content\/uploads\/sites\/15\/2023\/03\/Hero-image-support-300x106.jpg 300w, https:\/\/www.infinigate.com\/pl\/wp-content\/uploads\/sites\/15\/2023\/03\/Hero-image-support-1024x363.jpg 1024w, https:\/\/www.infinigate.com\/pl\/wp-content\/uploads\/sites\/15\/2023\/03\/Hero-image-support-768x272.jpg 768w\" sizes=\"auto, (max-width: 1440px) 100vw, 1440px\" \/><\/figure>\n\n\n\n<div class=\"wp-block-columns is-layout-flex wp-container-core-columns-is-layout-9d6595d7 wp-block-columns-is-layout-flex\">\n<div class=\"wp-block-column is-layout-flow wp-block-column-is-layout-flow\">\n<p class=\"is-style-large-body\">Your customers need effective, highly responsive technical support from day one to keep their critical operations online. <\/p>\n\n\n\n<p class=\"is-style-default\">But you may face a range of challenges in terms of providing this, from skills gaps and resourcing issues, to lack of defined processes or required vendor accreditations. <\/p>\n\n\n\n<p>With our fully vendor-accredited support services, you<br>can offer your customers total assurance for even the largest, most complex, and most critical networking, IT and security environments.<\/p>\n\n\n\n<p><br><\/p>\n<\/div>\n\n\n\n<div class=\"wp-block-column is-layout-flow wp-block-column-is-layout-flow\">\n<p>While vendor support contracts may focus on<br>a single OEM\u2019s solutions, we can \u2018triage\u2019 across multi-vendor infrastructure to discover and resolve technical issues faster. <\/p>\n\n\n\n<p>We can also be highly flexible about response times, ensuring your customers get the rapid help they need, wherever and whenever they need it.<\/p>\n\n\n\n<p>Whether you plan to eventually deliver support for<br>your end-customers using in house resources, or<br>if you decide to continue using Infinigate to support<br>your end customers long term, we can help you<br>to maximise commercial opportunities and deliver<br>consistently excellent customer experiences.<\/p>\n<\/div>\n<\/div>\n\n\n    <section style=\"--content-grid--columns: 2;\" class=\"content-grid wp-block animate content-grid--2-columns alignfull\">\r\n        <div class=\"content-grid__inner\">\r\n            \r\n\r\n                                <h2 class=\"content-grid__heading has--heading-border\">Nasze pozosta\u0142e us\u0142ugi dla partner\u00f3w<\/h2>\r\n            \r\n\r\n            \r\n                    \r\n                                                    \r\n                    \r\n                                                                        <div class=\"content-grid__items\">\r\n                                                                            <div class=\"content-grid__item has-background has-gray-25-background-color\">\r\n                                            \r\n                                                \r\n                                        \r\n                                                                                        <h3 class=\"content-grid__item__heading\">Rozw\u00f3j partner\u00f3w<\/h3>\r\n                                        \r\n                                                                        <div class=\" content-grid__item__subheading\">\r\n                                            <p><span style=\"width: 0px;overflow: hidden;line-height: 0\" data-mce-type=\"bookmark\" class=\"mce_SELRES_start\">\ufeff<\/span><\/p>\n                                <\/div>\r\n                                        \r\n                                                                        <div class=\"content-grid__item__link\">\r\n                                                <a  href=\"https:\/\/www.infinigate.com\/pl\/uslugi\/rozwoj-partnerow\/\" target=\"\" class=\"g-button--arrow\">\r\n                            <\/a>\r\n                                <\/div>\r\n                                        \r\n                        <\/div>\r\n                                                                            <div class=\"content-grid__item has-background has-gray-25-background-color\">\r\n                                            \r\n                                                \r\n                                        \r\n                                                                                        <h3 class=\"content-grid__item__heading\">Inteligentna analiza danych<\/h3>\r\n                                        \r\n                                                                        <div class=\" content-grid__item__subheading\">\r\n                                            <p>\u2013 inteligentne zarz\u0105dzanie danymi i ich wykorzystanie w rozwoju biznesu<span style=\"width: 0px;overflow: hidden;line-height: 0\" data-mce-type=\"bookmark\" class=\"mce_SELRES_start\">\ufeff<\/span><\/p>\n                                <\/div>\r\n                                        \r\n                                                                        <div class=\"content-grid__item__link\">\r\n                                                <a  href=\"https:\/\/www.infinigate.com\/pl\/uslugi\/inteligentna-analiza-danych\/\" target=\"\" class=\"g-button--arrow\">\r\n                            <\/a>\r\n                                <\/div>\r\n                                        \r\n                        <\/div>\r\n                                                                            <div class=\"content-grid__item has-background has-gray-25-background-color\">\r\n                                            \r\n                                                \r\n                                        \r\n                                                                                        <h3 class=\"content-grid__item__heading\">Us\u0142ugi zarz\u0105dzane<\/h3>\r\n                                        \r\n                                                                        <div class=\" content-grid__item__subheading\">\r\n                                            <p>\u2013 us\u0142ugi zarz\u0105dzane wspieraj\u0105ce partner\u00f3w i klient\u00f3w ko\u0144cowych<span style=\"width: 0px;overflow: hidden;line-height: 0\" data-mce-type=\"bookmark\" class=\"mce_SELRES_start\">\ufeff<\/span><\/p>\n                                <\/div>\r\n                                        \r\n                                                                        <div class=\"content-grid__item__link\">\r\n                                                <a  href=\"https:\/\/www.infinigate.com\/pl\/uslugi\/uslugi-zarzadzane\/\" target=\"\" class=\"g-button--arrow\">\r\n                            <\/a>\r\n                                <\/div>\r\n                                        \r\n                        <\/div>\r\n                                                                            <div class=\"content-grid__item has-background has-gray-25-background-color\">\r\n                                            \r\n                                                \r\n                                        \r\n                                                                                        <h3 class=\"content-grid__item__heading\">Profesjonalna konfiguracja i instalacja<\/h3>\r\n                                        \r\n                                                                        <div class=\" content-grid__item__subheading\">\r\n                                            <p>\u2013 profesjonalna konfiguracja i instalacja system\u00f3w<span style=\"width: 0px;overflow: hidden;line-height: 0\" data-mce-type=\"bookmark\" class=\"mce_SELRES_start\">\ufeff<\/span><\/p>\n                                <\/div>\r\n                                        \r\n                                                                        <div class=\"content-grid__item__link\">\r\n                                                <a  href=\"https:\/\/www.infinigate.com\/pl\/uslugi\/profesjonalna-konfiguracja-i-instalacja\/\" target=\"\" class=\"g-button--arrow\">\r\n                            <\/a>\r\n                                <\/div>\r\n                                        \r\n                        <\/div>\r\n                                                                            <div class=\"content-grid__item has-background has-gray-25-background-color\">\r\n                                            \r\n                                                \r\n                                        \r\n                                                                                        <h3 class=\"content-grid__item__heading\">Szkolenia akredytowane przez producent\u00f3w<\/h3>\r\n                                        \r\n                                                                        <div class=\" content-grid__item__subheading\">\r\n                                            <p>\u2013 certyfikowane szkolenia autoryzowane przez vendor\u00f3w<span style=\"width: 0px;overflow: hidden;line-height: 0\" data-mce-type=\"bookmark\" class=\"mce_SELRES_start\">\ufeff<\/span><\/p>\n                                <\/div>\r\n                                        \r\n                                                                        <div class=\"content-grid__item__link\">\r\n                                                <a  href=\"https:\/\/www.infinigate.com\/pl\/uslugi\/szkolenia-akredytowane-przez-producentow\/\" target=\"\" class=\"g-button--arrow\">\r\n                            <\/a>\r\n                                <\/div>\r\n                                        \r\n                        <\/div>\r\n                                                                            <div class=\"content-grid__item has-background has-gray-25-background-color\">\r\n                                            \r\n                                                \r\n                                        \r\n                                                                                        <h3 class=\"content-grid__item__heading\">Logistyka globalna<\/h3>\r\n                                        \r\n                                                                        <div class=\" content-grid__item__subheading\">\r\n                                            <p>\u2013 kompleksowa obs\u0142uga logistyczna w wymiarze mi\u0119dzynarodowym<span style=\"width: 0px;overflow: hidden;line-height: 0\" data-mce-type=\"bookmark\" class=\"mce_SELRES_start\">\ufeff<\/span><\/p>\n                                <\/div>\r\n                                        \r\n                                                                        <div class=\"content-grid__item__link\">\r\n                                                <a  href=\"https:\/\/www.infinigate.com\/pl\/uslugi\/logistyka-globalna\/\" target=\"\" class=\"g-button--arrow\">\r\n                            <\/a>\r\n                                <\/div>\r\n                                        \r\n                        <\/div>\r\n                                                    <\/div>\r\n                                    <\/div>\r\n    <\/section>\r\n\n\n<section class=\"cta-banner wp-block alignfull\">\r\n    <div class=\"cta-banner__inner\">\r\n        <div class=\"cta-banner__content\">\r\n\r\n                                <h2 class=\"cta-banner__heading\"><p>Nasz zesp\u00f3\u0142 ch\u0119tnie odpowie na Twoje pytania \u2013 skontaktuj si\u0119 z nami!<\/p>\n<\/h2>\r\n            \r\n                            <div class=\"cta-banner__subheading\">\r\n                    <p>Nasz zesp\u00f3\u0142 ch\u0119tnie odpowie na Twoje pytania \u2013 skontaktuj si\u0119 z nami!<\/p>\n                <\/div>\r\n                    <\/div>\r\n\r\n                    <div class=\"cta-banner__button\">\r\n                    <a  href=\"https:\/\/www.infinigate.com\/pl\/kontakt\/\" target=\"\" class=\"g-button g-button--arrow\">\r\n                Skontaktuj si\u0119 z nami            <\/a>\r\n            <\/div>\r\n            <\/div>\r\n\r\n    \r\n\r\n<\/section>\r\n","protected":false},"excerpt":{"rendered":"<p>Your customers need effective, highly responsive technical support from day one to keep their critical operations online. But you may&hellip;<\/p>\n","protected":false},"author":13,"featured_media":1801,"parent":851,"menu_order":4,"comment_status":"closed","ping_status":"closed","template":"","meta":{"_acf_changed":false,"footnotes":""},"folder":[],"class_list":["post-1725","page","type-page","status-publish","has-post-thumbnail","hentry"],"acf":[],"distributor_meta":false,"distributor_terms":false,"distributor_media":false,"distributor_original_site_name":"Infinigate | Polska","distributor_original_site_url":"https:\/\/www.infinigate.com\/pl","push-errors":false,"_links":{"self":[{"href":"https:\/\/www.infinigate.com\/pl\/wp-json\/wp\/v2\/pages\/1725","targetHints":{"allow":["GET"]}}],"collection":[{"href":"https:\/\/www.infinigate.com\/pl\/wp-json\/wp\/v2\/pages"}],"about":[{"href":"https:\/\/www.infinigate.com\/pl\/wp-json\/wp\/v2\/types\/page"}],"author":[{"embeddable":true,"href":"https:\/\/www.infinigate.com\/pl\/wp-json\/wp\/v2\/users\/13"}],"replies":[{"embeddable":true,"href":"https:\/\/www.infinigate.com\/pl\/wp-json\/wp\/v2\/comments?post=1725"}],"version-history":[{"count":0,"href":"https:\/\/www.infinigate.com\/pl\/wp-json\/wp\/v2\/pages\/1725\/revisions"}],"up":[{"embeddable":true,"href":"https:\/\/www.infinigate.com\/pl\/wp-json\/wp\/v2\/pages\/851"}],"wp:featuredmedia":[{"embeddable":true,"href":"https:\/\/www.infinigate.com\/pl\/wp-json\/wp\/v2\/media\/1801"}],"wp:attachment":[{"href":"https:\/\/www.infinigate.com\/pl\/wp-json\/wp\/v2\/media?parent=1725"}],"wp:term":[{"taxonomy":"folder","embeddable":true,"href":"https:\/\/www.infinigate.com\/pl\/wp-json\/wp\/v2\/folder?post=1725"}],"curies":[{"name":"wp","href":"https:\/\/api.w.org\/{rel}","templated":true}]}}