{"id":1731,"date":"2023-03-10T12:03:50","date_gmt":"2023-03-10T12:03:50","guid":{"rendered":"https:\/\/infinigate.wpengine.com\/pl\/?page_id=1731"},"modified":"2025-09-13T19:17:43","modified_gmt":"2025-09-13T17:17:43","slug":"rozwoj-partnerow","status":"publish","type":"page","link":"https:\/\/www.infinigate.com\/pl\/uslugi\/rozwoj-partnerow\/","title":{"rendered":"Rozw\u00f3j partner\u00f3w"},"content":{"rendered":"\n<figure class=\"wp-block-image alignfull size-full is-style-corner-overlay\"><img loading=\"lazy\" decoding=\"async\" width=\"1440\" height=\"510\" src=\"https:\/\/www.infinigate.com\/pl\/wp-content\/uploads\/sites\/15\/2023\/04\/Partner-Enablement-services-1.jpg\" alt=\"\" class=\"wp-image-3070\" srcset=\"https:\/\/www.infinigate.com\/pl\/wp-content\/uploads\/sites\/15\/2023\/04\/Partner-Enablement-services-1.jpg 1440w, https:\/\/www.infinigate.com\/pl\/wp-content\/uploads\/sites\/15\/2023\/04\/Partner-Enablement-services-1-300x106.jpg 300w, https:\/\/www.infinigate.com\/pl\/wp-content\/uploads\/sites\/15\/2023\/04\/Partner-Enablement-services-1-1024x363.jpg 1024w, https:\/\/www.infinigate.com\/pl\/wp-content\/uploads\/sites\/15\/2023\/04\/Partner-Enablement-services-1-768x272.jpg 768w\" sizes=\"auto, (max-width: 1440px) 100vw, 1440px\" \/><\/figure>\n\n\n\n<div class=\"wp-block-columns is-layout-flex wp-container-core-columns-is-layout-9d6595d7 wp-block-columns-is-layout-flex\">\n<div class=\"wp-block-column is-layout-flow wp-block-column-is-layout-flow\">\n<p class=\"is-style-large-body\">I wreszcie \u2013 jak mo\u017cesz uzupe\u0142ni\u0107 luki w swoich us\u0142ugach, aby tworzy\u0107 nowe \u017ar\u00f3d\u0142a przychod\u00f3w?<\/p>\n\n\n\n<p><br><\/p>\n<\/div>\n\n\n\n<div class=\"wp-block-column is-layout-flow wp-block-column-is-layout-flow\">\n<p>Dzi\u0119ki zespo\u0142owi do\u015bwiadczonych i zaanga\u017cowanych opiekun\u00f3w klienta oraz specjalist\u00f3w ds. sprzeda\u017cy technicznej prowadzimy Ci\u0119 do rozwi\u0105za\u0144, us\u0142ug i zasob\u00f3w edukacyjnych, kt\u00f3rych potrzebujesz, aby przyspieszy\u0107 rozw\u00f3j swojego biznesu i utrzyma\u0107 go na wysokim poziomie<\/p>\n<\/div>\n<\/div>\n\n\n\n<h2 class=\"wp-block-heading is-style-border-left wp-block-heading\" id=\"h-account-managerowie-ktorzy-zrobia-wiecej-bys-osiagnal-sukces\"><strong>Account Managerowie<\/strong>, kt\u00f3rzy zrobi\u0105 wi\u0119cej, by\u015b osi\u0105gn\u0105\u0142 sukces<\/h2>\n\n\n\n<div class=\"wp-block-columns is-layout-flex wp-container-core-columns-is-layout-9d6595d7 wp-block-columns-is-layout-flex\">\n<div class=\"wp-block-column is-layout-flow wp-block-column-is-layout-flow\">\n<p>Nasi do\u015bwiadczeni i zaanga\u017cowani Account Managerowie s\u0105 zawsze gotowi, aby wesprze\u0107 Ci\u0119 w rozwoju biznesu.<\/p>\n\n\n\n<p>Niezale\u017cnie od tego, czy potrzebujesz pomocy w doborze technologii, czy wsparcia przy tworzeniu atrakcyjnej oferty przetargowej \u2013 jeste\u015bmy tu, by Ci pom\u00f3c.<\/p>\n<\/div>\n\n\n\n<div class=\"wp-block-column is-layout-flow wp-block-column-is-layout-flow\">\n<p><strong>\ud83d\udca1<\/strong><strong> Wspieramy Ci\u0119 na ka\u017cdym etapie:<\/strong><\/p>\n\n\n\n<ul class=\"wp-block-list\">\n<li>pomagamy budowa\u0107 silniejsze oferty i wygrywa\u0107 wi\u0119cej projekt\u00f3w,<\/li>\n\n\n\n<li>zapewniamy pewno\u015b\u0107 w realizacji wdro\u017ce\u0144,<\/li>\n\n\n\n<li>doradzamy w planowaniu rozwoju biznesu i dzielimy si\u0119 wiedz\u0105 o najwa\u017cniejszych trendach rynkowych oraz nowych mo\u017cliwo\u015bciach.<\/li>\n<\/ul>\n\n\n\n<p>Dzi\u0119ki temu wiesz, gdzie znajduj\u0105 si\u0119 szanse rozwoju i jak najlepiej je wykorzysta\u0107.<\/p>\n<\/div>\n<\/div>\n\n\n<section class=\"media-content wp-block media-content--right media-content--media-type--image has-gray-25-background-color has-background alignfull\">\r\n    <div class=\"media-content__inner\">\r\n        <div class=\"media-content__content\">\r\n                                <h2 class=\"media-content__heading\">Profesjonalne wsparcie marketingowe<\/h2>\r\n            \r\n            \r\n            <p>Nasz do\u015bwiadczony zesp\u00f3\u0142 specjalist\u00f3w ds. marketingu IT jest gotowy, aby pom\u00f3c Ci rozwija\u0107 Tw\u00f3j biznes, generuj\u0105c popyt na rynku i sprawiaj\u0105c, \u017ce Twoje dzia\u0142ania marketingowe wyr\u00f3\u017cni\u0105 si\u0119 na tle konkurencji.<\/p>\n<p>Dzi\u0119ki naszym kompetencjom w zakresie tworzenia kampanii, kreatywnego designu i medi\u00f3w cyfrowych realizujemy dedykowane, dopasowane dzia\u0142ania, kt\u00f3re uzupe\u0142niaj\u0105 i wzmacniaj\u0105 Twoj\u0105 strategi\u0119 marketingow\u0105.<\/p>\n<p>Prowadzimy tak\u017ce w\u0142asne inicjatywy marketingowe w imieniu naszych partner\u00f3w, aby zdobywa\u0107 nowe rynki i generowa\u0107 warto\u015bciowe leady.<\/p>\n\r\n                    <\/div>\r\n\r\n                    <div class=\"media-content__media\">\r\n                <img loading=\"lazy\" decoding=\"async\" width=\"900\" height=\"582\" src=\"https:\/\/www.infinigate.com\/pl\/wp-content\/uploads\/sites\/15\/2023\/04\/Partner-Enablement-services-2.jpg\" class=\"attachment-super size-super\" alt=\"Partner Enablement services\" sizes=\"auto, (max-width: 768px) 100vw, 50vw\" srcset=\"https:\/\/www.infinigate.com\/pl\/wp-content\/uploads\/sites\/15\/2023\/04\/Partner-Enablement-services-2.jpg 900w, https:\/\/www.infinigate.com\/pl\/wp-content\/uploads\/sites\/15\/2023\/04\/Partner-Enablement-services-2-300x194.jpg 300w, https:\/\/www.infinigate.com\/pl\/wp-content\/uploads\/sites\/15\/2023\/04\/Partner-Enablement-services-2-768x497.jpg 768w\" \/>            <\/div>\r\n            <\/div>\r\n<\/section>\r\n\n\n\n<div class=\"wp-block-columns is-layout-flex wp-container-core-columns-is-layout-9d6595d7 wp-block-columns-is-layout-flex\">\n<div class=\"wp-block-column is-layout-flow wp-block-column-is-layout-flow\">\n<h2 class=\"wp-block-heading is-style-border-left wp-block-heading\" id=\"h-edukacja-i-rozwoj-kompetencji-nbsp\">Edukacja i rozw\u00f3j kompetencji&nbsp;<\/h2>\n\n\n\n<p>Rozwijanie umiej\u0119tno\u015bci w zakresie technologii naszych vendor\u00f3w nie tylko wspiera rozw\u00f3j Twojego biznesu.<\/p>\n\n\n\n<p>To tak\u017ce gwarancja, \u017ce Twoi klienci ko\u0144cowi maksymalnie wykorzystaj\u0105 swoje inwestycje w technologie, co buduje zaufanie i wzmacnia d\u0142ugoterminowe relacje.<\/p>\n\n\n\n<p>W Infinigate pomagamy Ci poszerza\u0107 kompetencje dzi\u0119ki szerokiej gamie szkole\u0144 i program\u00f3w rozwojowych.<\/p>\n\n\n\n<p>Mo\u017cesz skupi\u0107 si\u0119 na konkretnych rozwi\u0105zaniach lub skorzysta\u0107 z certyfikowanych szkole\u0144 vendor\u00f3w, aby poszerzy\u0107 swoje mo\u017cliwo\u015bci us\u0142ugowe, zwi\u0119kszy\u0107 efektywno\u015b\u0107 wsparcia i przychody.<\/p>\n\n\n\n<p><br><\/p>\n<\/div>\n\n\n\n<div class=\"wp-block-column is-layout-flow wp-block-column-is-layout-flow\">\n<h2 class=\"wp-block-heading is-style-border-left wp-block-heading\" id=\"h-finance-finansowanie-i-wsparcie-rozwoju\">Finance Finansowanie i wsparcie rozwoju<\/h2>\n\n\n\n<p>Wsparcie finansowe jest fundamentem rozwoju Twojego biznesu.<\/p>\n\n\n\n<p>Dlatego oferujemy elastyczne warunki p\u0142atno\u015bci oraz dedykowane us\u0142ugi finansowe, kt\u00f3re mo\u017cesz wykorzysta\u0107 r\u00f3wnie\u017c wobec swoich klient\u00f3w.<\/p>\n\n\n\n<p>Dzi\u0119ki temu zwi\u0119kszasz konkurencyjno\u015b\u0107 swoich ofert, zamykasz projekty szybciej i osi\u0105gasz wy\u017csze mar\u017ce.<\/p>\n<\/div>\n<\/div>\n\n\n    <section style=\"--content-grid--columns: 2;\" class=\"content-grid wp-block animate content-grid--2-columns alignfull\">\r\n        <div class=\"content-grid__inner\">\r\n            \r\n\r\n                                <h2 class=\"content-grid__heading has--heading-border\">Nasze pozosta\u0142e us\u0142ugi dla partner\u00f3w<\/h2>\r\n            \r\n\r\n            \r\n                    \r\n                                                    \r\n                    \r\n                                                                        <div class=\"content-grid__items\">\r\n                                                                            <div class=\"content-grid__item has-background has-gray-25-background-color\">\r\n                                            \r\n                                                \r\n                                        \r\n                                                                                        <h3 class=\"content-grid__item__heading\">Rozw\u00f3j partner\u00f3w<\/h3>\r\n                                        \r\n                                        \r\n                                                                        <div class=\"content-grid__item__link\">\r\n                                                <a  href=\"https:\/\/www.infinigate.com\/pl\/uslugi\/rozwoj-partnerow\/\" target=\"\" class=\"g-button--arrow\">\r\n                            <\/a>\r\n                                <\/div>\r\n                                        \r\n                        <\/div>\r\n                                                                            <div class=\"content-grid__item has-background has-gray-25-background-color\">\r\n                                            \r\n                                                \r\n                                        \r\n                                                                                        <h3 class=\"content-grid__item__heading\">Inteligentna analiza danych<\/h3>\r\n                                        \r\n                                                                        <div class=\" content-grid__item__subheading\">\r\n                                            <p>\u2013 inteligentne zarz\u0105dzanie danymi i ich wykorzystanie w rozwoju biznesu<\/p>\n                                <\/div>\r\n                                        \r\n                                                                        <div class=\"content-grid__item__link\">\r\n                                                <a  href=\"https:\/\/www.infinigate.com\/pl\/uslugi\/inteligentna-analiza-danych\/\" target=\"\" class=\"g-button--arrow\">\r\n                            <\/a>\r\n                                <\/div>\r\n                                        \r\n                        <\/div>\r\n                                                                            <div class=\"content-grid__item has-background has-gray-25-background-color\">\r\n                                            \r\n                                                \r\n                                        \r\n                                                                                        <h3 class=\"content-grid__item__heading\">Us\u0142ugi zarz\u0105dzane<\/h3>\r\n                                        \r\n                                                                        <div class=\" content-grid__item__subheading\">\r\n                                            <p>\u2013 us\u0142ugi zarz\u0105dzane wspieraj\u0105ce partner\u00f3w i klient\u00f3w ko\u0144cowych<\/p>\n                                <\/div>\r\n                                        \r\n                                                                        <div class=\"content-grid__item__link\">\r\n                                                <a  href=\"https:\/\/www.infinigate.com\/pl\/uslugi\/uslugi-zarzadzane\/\" target=\"\" class=\"g-button--arrow\">\r\n                            <\/a>\r\n                                <\/div>\r\n                                        \r\n                        <\/div>\r\n                                                                            <div class=\"content-grid__item has-background has-gray-25-background-color\">\r\n                                            \r\n                                                \r\n                                        \r\n                                                                                        <h3 class=\"content-grid__item__heading\">Wsparcie techniczne i utrzymanie<\/h3>\r\n                                        \r\n                                                                        <div class=\" content-grid__item__subheading\">\r\n                                            <p>\u2013 wsparcie techniczne oraz utrzymanie rozwi\u0105za\u0144<\/p>\n                                <\/div>\r\n                                        \r\n                                                                        <div class=\"content-grid__item__link\">\r\n                                                <a  href=\"https:\/\/www.infinigate.com\/pl\/uslugi\/wsparcie-techniczne-i-utrzymanie\/\" target=\"\" class=\"g-button--arrow\">\r\n                            <\/a>\r\n                                <\/div>\r\n                                        \r\n                        <\/div>\r\n                                                                            <div class=\"content-grid__item has-background has-gray-25-background-color\">\r\n                                            \r\n                                                \r\n                                        \r\n                                                                                        <h3 class=\"content-grid__item__heading\">Profesjonalna konfiguracja i instalacja<\/h3>\r\n                                        \r\n                                                                        <div class=\" content-grid__item__subheading\">\r\n                                            <p>\u2013 profesjonalna konfiguracja i instalacja system\u00f3w<\/p>\n                                <\/div>\r\n                                        \r\n                                                                        <div class=\"content-grid__item__link\">\r\n                                                <a  href=\"https:\/\/www.infinigate.com\/pl\/uslugi\/profesjonalna-konfiguracja-i-instalacja\/\" target=\"\" class=\"g-button--arrow\">\r\n                            <\/a>\r\n                                <\/div>\r\n                                        \r\n                        <\/div>\r\n                                                                            <div class=\"content-grid__item has-background has-gray-25-background-color\">\r\n                                            \r\n                                                \r\n                                        \r\n                                                                                        <h3 class=\"content-grid__item__heading\">Szkolenia akredytowane przez producent\u00f3w<\/h3>\r\n                                        \r\n                                                                        <div class=\" content-grid__item__subheading\">\r\n                                            <p>\u2013 certyfikowane szkolenia autoryzowane przez vendor\u00f3w<\/p>\n                                <\/div>\r\n                                        \r\n                                                                        <div class=\"content-grid__item__link\">\r\n                                                <a  href=\"https:\/\/www.infinigate.com\/pl\/uslugi\/szkolenia-akredytowane-przez-producentow\/\" target=\"\" class=\"g-button--arrow\">\r\n                            <\/a>\r\n                                <\/div>\r\n                                        \r\n                        <\/div>\r\n                                                                            <div class=\"content-grid__item has-background has-gray-25-background-color\">\r\n                                            \r\n                                                \r\n                                        \r\n                                                                                        <h3 class=\"content-grid__item__heading\">Logistyka globalna<\/h3>\r\n                                        \r\n                                                                        <div class=\" content-grid__item__subheading\">\r\n                                            <p>\u2013 kompleksowa obs\u0142uga logistyczna w wymiarze mi\u0119dzynarodowym<\/p>\n                                <\/div>\r\n                                        \r\n                                                                        <div class=\"content-grid__item__link\">\r\n                                                <a  href=\"https:\/\/www.infinigate.com\/pl\/uslugi\/logistyka-globalna\/\" target=\"\" class=\"g-button--arrow\">\r\n                            <\/a>\r\n                                <\/div>\r\n                                        \r\n                        <\/div>\r\n                                                    <\/div>\r\n                                    <\/div>\r\n    <\/section>\r\n\n\n<section class=\"cta-banner wp-block alignfull\">\r\n    <div class=\"cta-banner__inner\">\r\n        <div class=\"cta-banner__content\">\r\n\r\n                                <h2 class=\"cta-banner__heading\"><p>Nasz zesp\u00f3\u0142 ch\u0119tnie odpowie na Twoje pytania \u2013 skontaktuj si\u0119 z nami!<\/p>\n<\/h2>\r\n            \r\n                            <div class=\"cta-banner__subheading\">\r\n                    <p>Nasz zesp\u00f3\u0142 ch\u0119tnie odpowie na Twoje pytania \u2013 skontaktuj si\u0119 z nami!<\/p>\n                <\/div>\r\n                    <\/div>\r\n\r\n                    <div class=\"cta-banner__button\">\r\n                    <a  href=\"https:\/\/www.infinigate.com\/pl\/kontakt\/\" target=\"\" class=\"g-button g-button--arrow\">\r\n                Skontaktuj si\u0119 z nami            <\/a>\r\n            <\/div>\r\n            <\/div>\r\n\r\n    \r\n\r\n<\/section>\r\n","protected":false},"excerpt":{"rendered":"<p>I wreszcie \u2013 jak mo\u017cesz uzupe\u0142ni\u0107 luki w swoich us\u0142ugach, aby tworzy\u0107 nowe \u017ar\u00f3d\u0142a przychod\u00f3w? Dzi\u0119ki zespo\u0142owi do\u015bwiadczonych i zaanga\u017cowanych&hellip;<\/p>\n","protected":false},"author":13,"featured_media":3070,"parent":851,"menu_order":1,"comment_status":"closed","ping_status":"closed","template":"","meta":{"_acf_changed":false,"footnotes":""},"folder":[],"class_list":["post-1731","page","type-page","status-publish","has-post-thumbnail","hentry"],"acf":[],"distributor_meta":false,"distributor_terms":false,"distributor_media":false,"distributor_original_site_name":"Infinigate | Polska","distributor_original_site_url":"https:\/\/www.infinigate.com\/pl","push-errors":false,"_links":{"self":[{"href":"https:\/\/www.infinigate.com\/pl\/wp-json\/wp\/v2\/pages\/1731","targetHints":{"allow":["GET"]}}],"collection":[{"href":"https:\/\/www.infinigate.com\/pl\/wp-json\/wp\/v2\/pages"}],"about":[{"href":"https:\/\/www.infinigate.com\/pl\/wp-json\/wp\/v2\/types\/page"}],"author":[{"embeddable":true,"href":"https:\/\/www.infinigate.com\/pl\/wp-json\/wp\/v2\/users\/13"}],"replies":[{"embeddable":true,"href":"https:\/\/www.infinigate.com\/pl\/wp-json\/wp\/v2\/comments?post=1731"}],"version-history":[{"count":0,"href":"https:\/\/www.infinigate.com\/pl\/wp-json\/wp\/v2\/pages\/1731\/revisions"}],"up":[{"embeddable":true,"href":"https:\/\/www.infinigate.com\/pl\/wp-json\/wp\/v2\/pages\/851"}],"wp:featuredmedia":[{"embeddable":true,"href":"https:\/\/www.infinigate.com\/pl\/wp-json\/wp\/v2\/media\/3070"}],"wp:attachment":[{"href":"https:\/\/www.infinigate.com\/pl\/wp-json\/wp\/v2\/media?parent=1731"}],"wp:term":[{"taxonomy":"folder","embeddable":true,"href":"https:\/\/www.infinigate.com\/pl\/wp-json\/wp\/v2\/folder?post=1731"}],"curies":[{"name":"wp","href":"https:\/\/api.w.org\/{rel}","templated":true}]}}