{"id":1613,"date":"2023-03-07T20:41:27","date_gmt":"2023-03-07T20:41:27","guid":{"rendered":"https:\/\/infinigate.wpengine.com\/ro\/?page_id=1613"},"modified":"2025-12-19T18:18:21","modified_gmt":"2025-12-19T16:18:21","slug":"tehnologii-infinigate","status":"publish","type":"page","link":"https:\/\/www.infinigate.com\/ro\/tehnologii-infinigate\/","title":{"rendered":"Tehnologiile Infinigate"},"content":{"rendered":"\n<figure class=\"wp-block-image alignfull size-full is-style-corner-overlay\"><img loading=\"lazy\" decoding=\"async\" width=\"1440\" height=\"510\" src=\"https:\/\/www.infinigate.com\/ro\/wp-content\/uploads\/sites\/19\/2023\/04\/Hero-image-technology.jpg\" alt=\"\" class=\"wp-image-3181\" srcset=\"https:\/\/www.infinigate.com\/ro\/wp-content\/uploads\/sites\/19\/2023\/04\/Hero-image-technology.jpg 1440w, https:\/\/www.infinigate.com\/ro\/wp-content\/uploads\/sites\/19\/2023\/04\/Hero-image-technology-300x106.jpg 300w, https:\/\/www.infinigate.com\/ro\/wp-content\/uploads\/sites\/19\/2023\/04\/Hero-image-technology-1024x363.jpg 1024w, https:\/\/www.infinigate.com\/ro\/wp-content\/uploads\/sites\/19\/2023\/04\/Hero-image-technology-768x272.jpg 768w\" sizes=\"auto, (max-width: 1440px) 100vw, 1440px\" \/><\/figure>\n\n\n    <section style=\"--content-grid--columns: 3;\" class=\"content-grid wp-block animate content-grid--3-columns content-grid--has-overlay alignwide\">\r\n        <div class=\"content-grid__inner\">\r\n            \r\n\r\n            \r\n\r\n            \r\n                    \r\n                                                    \r\n                    \r\n                                                                        <div class=\"content-grid__items\">\r\n                                                                            <div class=\"content-grid__item has-background has-gray-200-background-color\">\r\n                                            \r\n                                                \r\n                                        \r\n                                                                                        <h3 class=\"content-grid__item__heading\">Securitate cibernetic\u0103<\/h3>\r\n                                        \r\n                                                                        <div class=\" content-grid__item__subheading\">\r\n                                            <p>Oferi\u021bi clien\u021bilor dvs. siguran\u021ba c\u0103 sistemele \u0219i datele lor critice sunt protejate \u2013 24 de ore pe zi, 7 zile pe s\u0103pt\u0103m\u00e2n\u0103, 365 de zile pe an, cu solu\u021biile noastre de securitate cibernetic\u0103. Obiectivul nostru este securitatea complet\u0103.<\/p>\n                                <\/div>\r\n                                        \r\n                                                                        <div class=\"content-grid__item__link\">\r\n                                                <a  href=\"https:\/\/www.infinigate.com\/ro\/solutii\/cybersecurity\/\" target=\"\" class=\"g-button--arrow\">\r\n                Descoper\u0103            <\/a>\r\n                                <\/div>\r\n                                        \r\n                        <\/div>\r\n                                                                            <div class=\"content-grid__item has-background has-gray-300-background-color\">\r\n                                            \r\n                                                \r\n                                        \r\n                                                                                        <h3 class=\"content-grid__item__heading\">Re\u021bele securizate<\/h3>\r\n                                        \r\n                                                                        <div class=\" content-grid__item__subheading\">\r\n                                            <p>Clien\u021bii d-voastr\u0103 au nevoie de o re\u021bea inteligent\u0103, automatizat\u0103 \u0219i securizat\u0103.<\/p>\n                                <\/div>\r\n                                        \r\n                                                                        <div class=\"content-grid__item__link\">\r\n                                                <a  href=\"https:\/\/www.infinigate.com\/ro\/solutii\/secure-networks\/\" target=\"\" class=\"g-button--arrow\">\r\n                Descoper\u0103            <\/a>\r\n                                <\/div>\r\n                                        \r\n                        <\/div>\r\n                                                                            <div class=\"content-grid__item has-background has-gray-400-background-color\">\r\n                                            \r\n                                                \r\n                                        \r\n                                                                                        <h3 class=\"content-grid__item__heading\">Secure cloud<\/h3>\r\n                                        \r\n                                                                        <div class=\" content-grid__item__subheading\">\r\n                                            <p>\u201eTrecerea rapid\u0103 la cloud\u201d a clien\u021bilor dvs. nu trebuie s\u0103 implice riscuri \u00een materie de securitate sau costuri. Ajuta\u021bi-i s\u0103 defineasc\u0103 \u0219i s\u0103 implementeze strategii multi-cloud sigure \u0219i adecvate scopului.<\/p>\n                                <\/div>\r\n                                        \r\n                                                                        <div class=\"content-grid__item__link\">\r\n                                                <a  href=\"https:\/\/www.infinigate.com\/ro\/solutii\/secure-cloud\/\" target=\"\" class=\"g-button--arrow\">\r\n                Descoper\u0103            <\/a>\r\n                                <\/div>\r\n                                        \r\n                        <\/div>\r\n                                                    <\/div>\r\n                                    <\/div>\r\n    <\/section>\r\n\n\n\n<p><\/p>\n","protected":false},"excerpt":{"rendered":"","protected":false},"author":13,"featured_media":0,"parent":0,"menu_order":2,"comment_status":"closed","ping_status":"closed","template":"","meta":{"_acf_changed":false,"footnotes":""},"folder":[],"class_list":["post-1613","page","type-page","status-publish","hentry"],"acf":[],"distributor_meta":false,"distributor_terms":false,"distributor_media":false,"distributor_original_site_name":"Infinigate | Romania","distributor_original_site_url":"https:\/\/www.infinigate.com\/ro","push-errors":false,"_links":{"self":[{"href":"https:\/\/www.infinigate.com\/ro\/wp-json\/wp\/v2\/pages\/1613","targetHints":{"allow":["GET"]}}],"collection":[{"href":"https:\/\/www.infinigate.com\/ro\/wp-json\/wp\/v2\/pages"}],"about":[{"href":"https:\/\/www.infinigate.com\/ro\/wp-json\/wp\/v2\/types\/page"}],"author":[{"embeddable":true,"href":"https:\/\/www.infinigate.com\/ro\/wp-json\/wp\/v2\/users\/13"}],"replies":[{"embeddable":true,"href":"https:\/\/www.infinigate.com\/ro\/wp-json\/wp\/v2\/comments?post=1613"}],"version-history":[{"count":0,"href":"https:\/\/www.infinigate.com\/ro\/wp-json\/wp\/v2\/pages\/1613\/revisions"}],"wp:attachment":[{"href":"https:\/\/www.infinigate.com\/ro\/wp-json\/wp\/v2\/media?parent=1613"}],"wp:term":[{"taxonomy":"folder","embeddable":true,"href":"https:\/\/www.infinigate.com\/ro\/wp-json\/wp\/v2\/folder?post=1613"}],"curies":[{"name":"wp","href":"https:\/\/api.w.org\/{rel}","templated":true}]}}