{"id":3331,"date":"2023-11-21T10:52:46","date_gmt":"2023-11-21T10:52:46","guid":{"rendered":"https:\/\/www.infinigate.com\/ro\/?page_id=3331"},"modified":"2025-04-14T12:42:27","modified_gmt":"2025-04-14T11:42:27","slug":"comanda-juniper-primeste-un-premiu","status":"publish","type":"page","link":"https:\/\/www.infinigate.com\/ro\/comanda-juniper-primeste-un-premiu\/","title":{"rendered":"PROMO\u021aIE JUNIPER"},"content":{"rendered":"\n<figure class=\"wp-block-image size-full is-resized wp-duotone-unset-1\"><img loading=\"lazy\" decoding=\"async\" width=\"600\" height=\"200\" src=\"https:\/\/www.infinigate.com\/ro\/wp-content\/uploads\/sites\/19\/2023\/11\/Juniper-Promo-1.png\" alt=\"\" class=\"wp-image-3340\" srcset=\"https:\/\/www.infinigate.com\/ro\/wp-content\/uploads\/sites\/19\/2023\/11\/Juniper-Promo-1.png 600w, https:\/\/www.infinigate.com\/ro\/wp-content\/uploads\/sites\/19\/2023\/11\/Juniper-Promo-1-300x100.png 300w\" sizes=\"auto, (max-width: 600px) 100vw, 600px\" \/><\/figure>\n\n\n\n<p>Achizitiona\u021bi Juniper de la Infinigate \u00een perioada 22 noiembrie 2023 \u2013 20 decembrie 2023 \u0219i primi\u021bi premii \u00een func\u021bie de valoarea total\u0103 a achizi\u021biilor!<\/p>\n\n\n\n<p><\/p>\n\n\n\n<figure class=\"wp-block-image size-full is-resized\"><img loading=\"lazy\" decoding=\"async\" src=\"https:\/\/www.infinigate.com\/ro\/wp-content\/uploads\/sites\/19\/2023\/11\/Picture2.png\" alt=\"\" class=\"wp-image-3339\" style=\"width:593px;height:337px\" width=\"593\" height=\"337\" srcset=\"https:\/\/www.infinigate.com\/ro\/wp-content\/uploads\/sites\/19\/2023\/11\/Picture2.png 564w, https:\/\/www.infinigate.com\/ro\/wp-content\/uploads\/sites\/19\/2023\/11\/Picture2-300x171.png 300w\" sizes=\"auto, (max-width: 593px) 100vw, 593px\" \/><\/figure>\n\n\n\n<p><strong>Termeni \u0219i conditii:<\/strong><\/p>\n\n\n\n<ol class=\"wp-block-list\" type=\"1\" start=\"1\">\n<li><strong>Durata promo\u021biei:<\/strong> 22.11.2023-20.12.2023 (comenzi plasate \u0219i facturate)<\/li>\n<\/ol>\n\n\n\n<ol class=\"wp-block-list\" type=\"1\" start=\"2\">\n<li><strong>Parteneri eligibili:<\/strong><\/li>\n<\/ol>\n\n\n\n<p>Promo\u021bia se adreseaz\u0103 tuturor partenerilor Infinigate (persoane juridice) care sunt \u00eenregistra\u021bi \u00een portalul Juniper \u0219i care achizi\u021bioneaz\u0103 Juniper de la Infinigate \u00een perioada 22 noiembrie 2023 \u2013 20 decembrie 2023 (se iau \u00een calcul numai comenzile facturate de Infinigate c\u0103tre parteneri pe durata promo\u021biei).<\/p>\n\n\n\n<ol class=\"wp-block-list\" type=\"1\" start=\"3\">\n<li><strong>Produse eligible:<\/strong><\/li>\n<\/ol>\n\n\n\n<p>Promo\u021bia se aplic\u0103 tuturor produselor Juniper, excep\u021bie f\u0103c\u00e2nd produsele pentru care au fost acordate pre\u021buri speciale de tip NFR (Not For Resale) de c\u0103tre Juniper.<\/p>\n\n\n\n<ol class=\"wp-block-list\" type=\"1\" start=\"4\">\n<li><strong>Desemnarea firmelor c\u00e2\u0219tig\u0103toare \u0219i acordarea premiilor:<\/strong><\/li>\n<\/ol>\n\n\n\n<ol class=\"wp-block-list\" type=\"a\" start=\"1\">\n<li>Dac\u0103 sumele cumulate \u00eenscrise pe facturile emise de c\u0103tre Infinigate unui partener, aferente comenzilor Juniper, dep\u0103\u0219esc 47.000 RON + TVA, dar sunt mai mici de 141.000 RON + TVA, partenerul (persoan\u0103 juridic\u0103) prime\u0219te gratuit un Apple Watch SE GPS, 40mm Silver Aluminium Case, White Sport Band*.<\/li>\n\n\n\n<li>Dac\u0103 sumele cumulate \u00eenscrise pe facturile emise de c\u0103tre Infinigate unui partener, aferente comenzilor Juniper, dep\u0103\u0219esc 141.000 RON + TVA, dar sunt mai mici de 282.000 RON + TVA, partenerul (persoan\u0103 juridic\u0103) prime\u0219te gratuit un set de C\u0103\u0219ti Over-Ear Beats Studio Pro Wireless*.<\/li>\n\n\n\n<li>Dac\u0103 sumele cumulate \u00eenscrise pe facturile emise de c\u0103tre Infinigate unui partener, aferente comenzilor Juniper, dep\u0103\u0219esc 282.000 RON + TVA, dar sunt mai mici de 470.000 RON + TVA, partenerul (persoan\u0103 juridic\u0103) primeste gratuit un MacBook Air 13&#8243; True Tone, procesor Apple M1, 8 nuclee CPU \u0219i 7 nuclee GPU, 8GB, 256GB, Space Grey, INT KB*.<\/li>\n\n\n\n<li>Dac\u0103 sumele cumulate \u00eenscrise pe facturile emise de c\u0103tre Infinigate unui partener, aferente comenzilor Juniper, dep\u0103\u0219esc 470.000 RON + TVA, partenerul (persoan\u0103 juridic\u0103) prime\u0219te gratuit un MacBook Pro 13.3&#8243;, procesor Apple M2, 8 nuclee CPU \u0219i 10 nuclee GPU, 8GB, 512GB, Space Grey, INT KB*<\/li>\n<\/ol>\n\n\n\n<ol class=\"wp-block-list\" type=\"a\" start=\"1\">\n<li>Premiile se vor acorda dup\u0103 \u00eencheierea promo\u021biei, dar nu mai t\u00e2rziu de 31.01.2024, iar firmele c\u00e2\u0219tig\u0103toare se vor stabili \u00een baza rapoartelor de v\u00e2nz\u0103ri Infinigate rulate pentru perioada promo\u021biei \u0219i \u00een func\u021bie de stocul disponibil la produc\u0103tor.<\/li>\n\n\n\n<li>Firmele c\u00e2\u0219tigatoare vor fi anunta\u021be individual cu privire la nivelul la care s-au \u00eencadrat \u0219i, implicit, premiul aferent acestuia.<\/li>\n\n\n\n<li>*\u00cen cazul \u00een care produc\u0103torul decide s\u0103 retrag\u0103 de pe pia\u021b\u0103 produsele oferite drept premii sau acestea nu sunt disponibile \u00een stoc la data \u00eencheierii promo\u021biei, Infinigate \u00ee\u0219i rezerv\u0103 dreptul de a \u00eenlocui produsul respectiv cu unul similar din punct de vedere tehnologic, calitativ, pre\u021b.<\/li>\n\n\n\n<li>\u00cen cazul \u00een care produsul oferit drept premiu nu se afl\u0103 \u00een stocul produc\u0103torului, dar partenerul decide s\u0103 a\u0219tepte livrarea acestuia \u00een termenul de livrare estimat comunicat de Infinigate, data limit\u0103 de acordare a premiului poate dep\u0103\u0219i data de 31.01.2024.<\/li>\n<\/ol>\n\n\n\n<ol class=\"wp-block-list\" type=\"1\" start=\"5\">\n<li><strong>Alte detalii:<\/strong>\n<ol class=\"wp-block-list\" type=\"1\" start=\"1\">\n<li>Produsele oferite drept premii \u00een cadrul acestei promo\u021bii nu se pot schimba \u0219i nu se pot \u00eenlocui cu alte produse sau cu valoarea \u00een bani a acestora.<\/li>\n\n\n\n<li>Specifica\u021biile tehnice ale premiilor sunt informative, \u00een conformitate cu datele afi\u0219ate de c\u0103tre produc\u0103tori, pot fi modificate f\u0103r\u0103 \u00een\u0219tiin\u021bare prealabil\u0103 \u0219i nu constituie obligativitate contractual\u0103.<\/li>\n\n\n\n<li>Infinigate nu \u00ee\u0219i asum\u0103 responsabilitatea asupra calit\u0103\u021bii produselor oferite drept premii \u00een cadrul promo\u021biei.<\/li>\n<\/ol>\n<\/li>\n<\/ol>\n\n\n\n<p>Infinigate nu este responsabil\u0103 de garan\u021bia produselor oferite drept premii \u00een cadrul promo\u021biei.<\/p>\n\n\n<script>\nvar gform;gform||(document.addEventListener(\"gform_main_scripts_loaded\",function(){gform.scriptsLoaded=!0}),document.addEventListener(\"gform\/theme\/scripts_loaded\",function(){gform.themeScriptsLoaded=!0}),window.addEventListener(\"DOMContentLoaded\",function(){gform.domLoaded=!0}),gform={domLoaded:!1,scriptsLoaded:!1,themeScriptsLoaded:!1,isFormEditor:()=>\"function\"==typeof InitializeEditor,callIfLoaded:function(o){return!(!gform.domLoaded||!gform.scriptsLoaded||!gform.themeScriptsLoaded&&!gform.isFormEditor()||(gform.isFormEditor()&&console.warn(\"The use of gform.initializeOnLoaded() is deprecated in the form editor context and will be removed in Gravity Forms 3.1.\"),o(),0))},initializeOnLoaded:function(o){gform.callIfLoaded(o)||(document.addEventListener(\"gform_main_scripts_loaded\",()=>{gform.scriptsLoaded=!0,gform.callIfLoaded(o)}),document.addEventListener(\"gform\/theme\/scripts_loaded\",()=>{gform.themeScriptsLoaded=!0,gform.callIfLoaded(o)}),window.addEventListener(\"DOMContentLoaded\",()=>{gform.domLoaded=!0,gform.callIfLoaded(o)}))},hooks:{action:{},filter:{}},addAction:function(o,r,e,t){gform.addHook(\"action\",o,r,e,t)},addFilter:function(o,r,e,t){gform.addHook(\"filter\",o,r,e,t)},doAction:function(o){gform.doHook(\"action\",o,arguments)},applyFilters:function(o){return gform.doHook(\"filter\",o,arguments)},removeAction:function(o,r){gform.removeHook(\"action\",o,r)},removeFilter:function(o,r,e){gform.removeHook(\"filter\",o,r,e)},addHook:function(o,r,e,t,n){null==gform.hooks[o][r]&&(gform.hooks[o][r]=[]);var d=gform.hooks[o][r];null==n&&(n=r+\"_\"+d.length),gform.hooks[o][r].push({tag:n,callable:e,priority:t=null==t?10:t})},doHook:function(r,o,e){var t;if(e=Array.prototype.slice.call(e,1),null!=gform.hooks[r][o]&&((o=gform.hooks[r][o]).sort(function(o,r){return o.priority-r.priority}),o.forEach(function(o){\"function\"!=typeof(t=o.callable)&&(t=window[t]),\"action\"==r?t.apply(null,e):e[0]=t.apply(null,e)})),\"filter\"==r)return e[0]},removeHook:function(o,r,t,n){var e;null!=gform.hooks[o][r]&&(e=(e=gform.hooks[o][r]).filter(function(o,r,e){return!!(null!=n&&n!=o.tag||null!=t&&t!=o.priority)}),gform.hooks[o][r]=e)}});\n<\/script>\n\n                <div class='gf_browser_gecko gform_wrapper gravity-theme gform-theme--no-framework' data-form-theme='gravity-theme' data-form-index='0' id='gform_wrapper_122' ><div id='gf_122' class='gform_anchor' tabindex='-1'><\/div>\n                        <div class='gform_heading'>\n                            <h2 class=\"gform_title\">Devino partener Infinigate \u0219i Juniper<\/h2>\n                            <p class='gform_description'><\/p>\n                        <\/div><form method='post' enctype='multipart\/form-data'  id='gform_122'  action='\/ro\/wp-json\/wp\/v2\/pages\/3331#gf_122' data-formid='122' novalidate>\n                        <div class='gform-body gform_body'><div id='gform_fields_122' class='gform_fields top_label form_sublabel_above description_above validation_below'><div id=\"field_122_11\" class=\"gfield gfield--type-honeypot gform_validation_container field_sublabel_above gfield--has-description field_description_above field_validation_below gfield_visibility_visible\"  ><label class='gfield_label gform-field-label' for='input_122_11'>URL<\/label><div class='gfield_description' id='gfield_description_122_11'>This field is for validation purposes and should be left unchanged.<\/div><div class='ginput_container'><input name='input_11' id='input_122_11' type='text' value='' autocomplete='new-password'\/><\/div><\/div><div id=\"field_122_1\" class=\"gfield gfield--type-text gfield_contains_required field_sublabel_above gfield--no-description field_description_above field_validation_below gfield_visibility_visible\"  ><label class='gfield_label gform-field-label' for='input_122_1'>Nume complet<span class=\"gfield_required\"><span class=\"gfield_required gfield_required_text\">(Required)<\/span><\/span><\/label><div class='ginput_container ginput_container_text'><input name='input_1' id='input_122_1' type='text' value='' class='large'     aria-required=\"true\" aria-invalid=\"false\"   \/><\/div><\/div><div id=\"field_122_5\" class=\"gfield gfield--type-text gfield--width-full gfield_contains_required field_sublabel_above gfield--no-description field_description_above field_validation_below gfield_visibility_visible\"  ><label class='gfield_label gform-field-label' for='input_122_5'>Companie<span class=\"gfield_required\"><span class=\"gfield_required gfield_required_text\">(Required)<\/span><\/span><\/label><div class='ginput_container ginput_container_text'><input name='input_5' id='input_122_5' type='text' value='' class='large'     aria-required=\"true\" aria-invalid=\"false\"   \/><\/div><\/div><div id=\"field_122_3\" class=\"gfield gfield--type-email gfield--width-full gfield_contains_required field_sublabel_above gfield--no-description field_description_above field_validation_below gfield_visibility_visible\"  ><label class='gfield_label gform-field-label' for='input_122_3'>Email<span class=\"gfield_required\"><span class=\"gfield_required gfield_required_text\">(Required)<\/span><\/span><\/label><div class='ginput_container ginput_container_email'>\n                            <input name='input_3' id='input_122_3' type='email' value='' class='large'    aria-required=\"true\" aria-invalid=\"false\"  \/>\n                        <\/div><\/div><div id=\"field_122_10\" class=\"gfield gfield--type-text gfield--width-full gfield_contains_required field_sublabel_above gfield--no-description field_description_above field_validation_below gfield_visibility_visible\"  ><label class='gfield_label gform-field-label' for='input_122_10'>Num\u0103r de telefon<span class=\"gfield_required\"><span class=\"gfield_required gfield_required_text\">(Required)<\/span><\/span><\/label><div class='ginput_container ginput_container_text'><input name='input_10' id='input_122_10' type='text' value='' class='large'     aria-required=\"true\" aria-invalid=\"false\"   \/><\/div><\/div><div id=\"field_122_7\" class=\"gfield gfield--type-textarea gfield--width-full field_sublabel_above gfield--no-description field_description_above field_validation_below gfield_visibility_visible\"  ><label class='gfield_label gform-field-label' for='input_122_7'>Spune-ne mai multe despre interesul t\u0103u pentru Infinigate \u0219i Juniper<\/label><div class='ginput_container ginput_container_textarea'><textarea name='input_7' id='input_122_7' class='textarea large'      aria-invalid=\"false\"   rows='10' cols='50'><\/textarea><\/div><\/div><fieldset id=\"field_122_9\" class=\"gfield gfield--type-checkbox gfield--type-choice gfield--width-full gfield_contains_required field_sublabel_above gfield--no-description field_description_above field_validation_below gfield_visibility_visible\"  ><legend class='gfield_label gform-field-label gfield_label_before_complex' >Infinigate privacy policy<span class=\"gfield_required\"><span class=\"gfield_required gfield_required_text\">(Required)<\/span><\/span><\/legend><div class='ginput_container ginput_container_checkbox'><div class='gfield_checkbox ' id='input_122_9'><div class='gchoice gchoice_122_9_1'>\n\t\t\t\t\t\t\t\t<input class='gfield-choice-input' name='input_9.1' type='checkbox'  value='I understand contact from Infinigate will be strictly in accordance with the terms set out in its &lt;a href=&quot;\/privacy\/&quot;&gt;privacy policy&lt;\/a&gt;'  id='choice_122_9_1'   \/>\n\t\t\t\t\t\t\t\t<label for='choice_122_9_1' id='label_122_9_1' class='gform-field-label gform-field-label--type-inline'>I understand contact from Infinigate will be strictly in accordance with the terms set out in its <a href=\"\/privacy\/\">privacy policy<\/a><\/label>\n\t\t\t\t\t\t\t<\/div><\/div><\/div><\/fieldset><\/div><\/div>\n        <div class='gform-footer gform_footer top_label'> <input type='submit' id='gform_submit_button_122' class='gform_button button' onclick='gform.submission.handleButtonClick(this);' data-submission-type='submit' value='Submit'  \/> \n            <input type='hidden' class='gform_hidden' name='gform_submission_method' data-js='gform_submission_method_122' value='postback' \/>\n            <input type='hidden' class='gform_hidden' name='gform_theme' data-js='gform_theme_122' id='gform_theme_122' value='gravity-theme' \/>\n            <input type='hidden' class='gform_hidden' name='gform_style_settings' data-js='gform_style_settings_122' id='gform_style_settings_122' value='{&quot;inputPrimaryColor&quot;:&quot;#204ce5&quot;}' \/>\n            <input type='hidden' class='gform_hidden' name='is_submit_122' value='1' \/>\n            <input type='hidden' class='gform_hidden' name='gform_submit' value='122' \/>\n            \n            <input type='hidden' class='gform_hidden' name='gform_currency' data-currency='USD' value='ysgqAaAd9DMpTlpBzUwb2u5Eq5GJs5eLIt66v0X9PtTQn1VpZfGIttRSV9aVFqZxiDBdGImnFJGVQyNMuv+C+iPJYZ1sW3r261IU8kTg0j1jiDA=' \/>\n            <input type='hidden' class='gform_hidden' name='gform_unique_id' value='' \/>\n            <input type='hidden' class='gform_hidden' name='state_122' value='WyJ7XCI5LjFcIjpcIjFhOGNlNzk3MmJiMTkwMThhMmEyYTE3M2RhZjdiZGU2XCJ9IiwiODAwYTM4YzYwYmNlMmI3NDRkYjM5YTllMTM4YWNmOGYiXQ==' \/>\n            <input type='hidden' autocomplete='off' class='gform_hidden' name='gform_target_page_number_122' id='gform_target_page_number_122' value='0' \/>\n            <input type='hidden' autocomplete='off' class='gform_hidden' name='gform_source_page_number_122' id='gform_source_page_number_122' value='1' \/>\n            <input type='hidden' name='gform_field_values' value='' \/>\n            \n        <\/div>\n                        <\/form>\n                        <\/div><script>\ngform.initializeOnLoaded( function() {gformInitSpinner( 122, 'https:\/\/www.infinigate.com\/ro\/wp-content\/plugins\/gravityforms\/images\/spinner.svg', true );jQuery('#gform_ajax_frame_122').on('load',function(){var contents = jQuery(this).contents().find('*').html();var is_postback = contents.indexOf('GF_AJAX_POSTBACK') >= 0;if(!is_postback){return;}var form_content = jQuery(this).contents().find('#gform_wrapper_122');var is_confirmation = jQuery(this).contents().find('#gform_confirmation_wrapper_122').length > 0;var is_redirect = contents.indexOf('gformRedirect(){') >= 0;var is_form = form_content.length > 0 && ! is_redirect && ! is_confirmation;var mt = parseInt(jQuery('html').css('margin-top'), 10) + parseInt(jQuery('body').css('margin-top'), 10) + 100;if(is_form){jQuery('#gform_wrapper_122').html(form_content.html());if(form_content.hasClass('gform_validation_error')){jQuery('#gform_wrapper_122').addClass('gform_validation_error');} else {jQuery('#gform_wrapper_122').removeClass('gform_validation_error');}setTimeout( function() { \/* delay the scroll by 50 milliseconds to fix a bug in chrome *\/ jQuery(document).scrollTop(jQuery('#gform_wrapper_122').offset().top - mt); }, 50 );if(window['gformInitDatepicker']) {gformInitDatepicker();}if(window['gformInitPriceFields']) {gformInitPriceFields();}var current_page = jQuery('#gform_source_page_number_122').val();gformInitSpinner( 122, 'https:\/\/www.infinigate.com\/ro\/wp-content\/plugins\/gravityforms\/images\/spinner.svg', true );jQuery(document).trigger('gform_page_loaded', [122, current_page]);window['gf_submitting_122'] = false;}else if(!is_redirect){var confirmation_content = jQuery(this).contents().find('.GF_AJAX_POSTBACK').html();if(!confirmation_content){confirmation_content = contents;}jQuery('#gform_wrapper_122').replaceWith(confirmation_content);jQuery(document).scrollTop(jQuery('#gf_122').offset().top - mt);jQuery(document).trigger('gform_confirmation_loaded', [122]);window['gf_submitting_122'] = false;wp.a11y.speak(jQuery('#gform_confirmation_message_122').text());}else{jQuery('#gform_122').append(contents);if(window['gformRedirect']) {gformRedirect();}}jQuery(document).trigger(\"gform_pre_post_render\", [{ formId: \"122\", currentPage: \"current_page\", abort: function() { this.preventDefault(); } }]);        if (event && event.defaultPrevented) {                return;        }        const gformWrapperDiv = document.getElementById( \"gform_wrapper_122\" );        if ( gformWrapperDiv ) {            const visibilitySpan = document.createElement( \"span\" );            visibilitySpan.id = \"gform_visibility_test_122\";            gformWrapperDiv.insertAdjacentElement( \"afterend\", visibilitySpan );        }        const visibilityTestDiv = document.getElementById( \"gform_visibility_test_122\" );        let postRenderFired = false;        function triggerPostRender() {            if ( postRenderFired ) {                return;            }            postRenderFired = true;            gform.core.triggerPostRenderEvents( 122, current_page );            if ( visibilityTestDiv ) {                visibilityTestDiv.parentNode.removeChild( visibilityTestDiv );            }        }        function debounce( func, wait, immediate ) {            var timeout;            return function() {                var context = this, args = arguments;                var later = function() {                    timeout = null;                    if ( !immediate ) func.apply( context, args );                };                var callNow = immediate && !timeout;                clearTimeout( timeout );                timeout = setTimeout( later, wait );                if ( callNow ) func.apply( context, args );            };        }        const debouncedTriggerPostRender = debounce( function() {            triggerPostRender();        }, 200 );        if ( visibilityTestDiv && visibilityTestDiv.offsetParent === null ) {            const observer = new MutationObserver( ( mutations ) => {                mutations.forEach( ( mutation ) => {                    if ( mutation.type === 'attributes' && visibilityTestDiv.offsetParent !== null ) {                        debouncedTriggerPostRender();                        observer.disconnect();                    }                });            });            observer.observe( document.body, {                attributes: true,                childList: false,                subtree: true,                attributeFilter: [ 'style', 'class' ],            });        } else {            triggerPostRender();        }    } );} );\n<\/script>\n","protected":false},"excerpt":{"rendered":"<p>Achizitiona\u021bi Juniper de la Infinigate \u00een perioada 22 noiembrie 2023 \u2013 20 decembrie 2023 \u0219i primi\u021bi premii \u00een func\u021bie de&hellip;<\/p>\n","protected":false},"author":13,"featured_media":0,"parent":0,"menu_order":100,"comment_status":"closed","ping_status":"closed","template":"","meta":{"_acf_changed":false,"footnotes":""},"folder":[],"class_list":["post-3331","page","type-page","status-publish","hentry"],"acf":[],"distributor_meta":false,"distributor_terms":false,"distributor_media":false,"distributor_original_site_name":"Infinigate | Romania","distributor_original_site_url":"https:\/\/www.infinigate.com\/ro","push-errors":false,"_links":{"self":[{"href":"https:\/\/www.infinigate.com\/ro\/wp-json\/wp\/v2\/pages\/3331","targetHints":{"allow":["GET"]}}],"collection":[{"href":"https:\/\/www.infinigate.com\/ro\/wp-json\/wp\/v2\/pages"}],"about":[{"href":"https:\/\/www.infinigate.com\/ro\/wp-json\/wp\/v2\/types\/page"}],"author":[{"embeddable":true,"href":"https:\/\/www.infinigate.com\/ro\/wp-json\/wp\/v2\/users\/13"}],"replies":[{"embeddable":true,"href":"https:\/\/www.infinigate.com\/ro\/wp-json\/wp\/v2\/comments?post=3331"}],"version-history":[{"count":0,"href":"https:\/\/www.infinigate.com\/ro\/wp-json\/wp\/v2\/pages\/3331\/revisions"}],"wp:attachment":[{"href":"https:\/\/www.infinigate.com\/ro\/wp-json\/wp\/v2\/media?parent=3331"}],"wp:term":[{"taxonomy":"folder","embeddable":true,"href":"https:\/\/www.infinigate.com\/ro\/wp-json\/wp\/v2\/folder?post=3331"}],"curies":[{"name":"wp","href":"https:\/\/api.w.org\/{rel}","templated":true}]}}