{"id":3368,"date":"2024-03-26T11:37:55","date_gmt":"2024-03-26T11:37:55","guid":{"rendered":"https:\/\/www.infinigate.com\/ro\/?page_id=3368"},"modified":"2025-04-14T12:42:05","modified_gmt":"2025-04-14T11:42:05","slug":"infinigate-juniper-partners-day","status":"publish","type":"page","link":"https:\/\/www.infinigate.com\/ro\/infinigate-juniper-partners-day\/","title":{"rendered":"Infinigate &#8211; Juniper Partners Day, 17 April 2024"},"content":{"rendered":"\n<figure class=\"wp-block-image size-large\"><img loading=\"lazy\" decoding=\"async\" width=\"1024\" height=\"535\" src=\"https:\/\/www.infinigate.com\/ro\/wp-content\/uploads\/sites\/19\/2024\/03\/Infinigate-Juniper-Partners-Day-2-1024x535.png\" alt=\"\" class=\"wp-image-3371\" srcset=\"https:\/\/www.infinigate.com\/ro\/wp-content\/uploads\/sites\/19\/2024\/03\/Infinigate-Juniper-Partners-Day-2-1024x535.png 1024w, https:\/\/www.infinigate.com\/ro\/wp-content\/uploads\/sites\/19\/2024\/03\/Infinigate-Juniper-Partners-Day-2-300x157.png 300w, https:\/\/www.infinigate.com\/ro\/wp-content\/uploads\/sites\/19\/2024\/03\/Infinigate-Juniper-Partners-Day-2-768x401.png 768w, https:\/\/www.infinigate.com\/ro\/wp-content\/uploads\/sites\/19\/2024\/03\/Infinigate-Juniper-Partners-Day-2.png 1200w\" sizes=\"auto, (max-width: 1024px) 100vw, 1024px\" \/><\/figure>\n\n\n\n<p>Al\u0103turi de Juniper te invit\u0103m pe 17 aprilie la evenimentul nostru, \u201cInfinigate \u2013 Juniper Partners Day\u201d, \u00eencep\u00e2nd cu ora 9:30, la Courtyard by Marriott Bucharest Floreasca.<\/p>\n\n\n\n<p>\u00cen cadrul acestui eveniment, vom aborda subiecte precum MIST-AI, Apstra, Marvis VNA, dar vom discuta \u0219i despre avantajele pe care le ai ca partener Juniper.<\/p>\n\n\n\n<blockquote class=\"wp-block-quote is-layout-flow wp-block-quote-is-layout-flow\">\n<p>  17 aprilie, ora 9:30 AM, la Courtyard by Marriott Bucharest Floreasca<\/p>\n<\/blockquote>\n\n\n\n<p>Agenda:<\/p>\n\n\n\n<ul class=\"wp-block-list\">\n<li>9:30 \u2013 10:00: Welcome and Registration;<\/li>\n\n\n\n<li>10:00 \u2013 10:30: Welcome speech &amp; Partner Advantage by Infinigate;<\/li>\n\n\n\n<li>10:30 \u2013 10:45: Welcome speech by Juniper;<\/li>\n\n\n\n<li>10:45 \u2013 11:00: Coffee break;<\/li>\n\n\n\n<li>11:00 \u2013 11:45: AI \u2013 Driven Enterprise Solutions;<\/li>\n\n\n\n<li>11:45 \u2013 12:00: Coffee Break;<\/li>\n\n\n\n<li>12:00 \u2013 13:00: Cloud Ready Data Center Solutions; &nbsp;<\/li>\n\n\n\n<li>13:00 \u2013 13:30: Use Cases;<\/li>\n\n\n\n<li>13:30 \u2013 15:00: Lunch &amp; networking.<\/li>\n<\/ul>\n\n\n\n<p>Locurile sunt limitate, a\u0219adar te \u00eencuraj\u0103m s\u0103-\u021bi rezervi locul c\u00e2t mai cur\u00e2nd posibil. Pentru a te \u00eenregistra \u0219i a-\u021bi rezerva locul, te rug\u0103m s\u0103 completezi formularul din aceast\u0103 pagin\u0103.<\/p>\n\n\n\n<p>Te a\u0219tept\u0103m cu drag pentru a discuta despre cum te putem ajuta s\u0103 \u00ee\u021bi dezvolta\u021bi afacerea, s\u0103 identific\u0103m noi oportunit\u0103\u021bi de business \u0219i s\u0103 adaugi servicii \u0219i solu\u021bii noi \u00een portofoliul t\u0103u.<\/p>\n\n\n\n<p>Te a\u0219tept\u0103m cu drag,<\/p>\n\n\n\n<p>Echipa Infinigate<\/p>\n\n\n\n<h2 class=\"wp-block-heading is-style-border-left wp-block-heading\">\u00censcrie-te aici:<\/h2>\n\n\n<script>\nvar gform;gform||(document.addEventListener(\"gform_main_scripts_loaded\",function(){gform.scriptsLoaded=!0}),document.addEventListener(\"gform\/theme\/scripts_loaded\",function(){gform.themeScriptsLoaded=!0}),window.addEventListener(\"DOMContentLoaded\",function(){gform.domLoaded=!0}),gform={domLoaded:!1,scriptsLoaded:!1,themeScriptsLoaded:!1,isFormEditor:()=>\"function\"==typeof InitializeEditor,callIfLoaded:function(o){return!(!gform.domLoaded||!gform.scriptsLoaded||!gform.themeScriptsLoaded&&!gform.isFormEditor()||(gform.isFormEditor()&&console.warn(\"The use of gform.initializeOnLoaded() is deprecated in the form editor context and will be removed in Gravity Forms 3.1.\"),o(),0))},initializeOnLoaded:function(o){gform.callIfLoaded(o)||(document.addEventListener(\"gform_main_scripts_loaded\",()=>{gform.scriptsLoaded=!0,gform.callIfLoaded(o)}),document.addEventListener(\"gform\/theme\/scripts_loaded\",()=>{gform.themeScriptsLoaded=!0,gform.callIfLoaded(o)}),window.addEventListener(\"DOMContentLoaded\",()=>{gform.domLoaded=!0,gform.callIfLoaded(o)}))},hooks:{action:{},filter:{}},addAction:function(o,r,e,t){gform.addHook(\"action\",o,r,e,t)},addFilter:function(o,r,e,t){gform.addHook(\"filter\",o,r,e,t)},doAction:function(o){gform.doHook(\"action\",o,arguments)},applyFilters:function(o){return gform.doHook(\"filter\",o,arguments)},removeAction:function(o,r){gform.removeHook(\"action\",o,r)},removeFilter:function(o,r,e){gform.removeHook(\"filter\",o,r,e)},addHook:function(o,r,e,t,n){null==gform.hooks[o][r]&&(gform.hooks[o][r]=[]);var d=gform.hooks[o][r];null==n&&(n=r+\"_\"+d.length),gform.hooks[o][r].push({tag:n,callable:e,priority:t=null==t?10:t})},doHook:function(r,o,e){var t;if(e=Array.prototype.slice.call(e,1),null!=gform.hooks[r][o]&&((o=gform.hooks[r][o]).sort(function(o,r){return o.priority-r.priority}),o.forEach(function(o){\"function\"!=typeof(t=o.callable)&&(t=window[t]),\"action\"==r?t.apply(null,e):e[0]=t.apply(null,e)})),\"filter\"==r)return e[0]},removeHook:function(o,r,t,n){var e;null!=gform.hooks[o][r]&&(e=(e=gform.hooks[o][r]).filter(function(o,r,e){return!!(null!=n&&n!=o.tag||null!=t&&t!=o.priority)}),gform.hooks[o][r]=e)}});\n<\/script>\n\n                <div class='gf_browser_gecko gform_wrapper gravity-theme gform-theme--no-framework' data-form-theme='gravity-theme' data-form-index='0' id='gform_wrapper_120' ><div id='gf_120' class='gform_anchor' tabindex='-1'><\/div><form method='post' enctype='multipart\/form-data'  id='gform_120'  action='\/ro\/wp-json\/wp\/v2\/pages\/3368#gf_120' data-formid='120' novalidate>\n                        <div class='gform-body gform_body'><div id='gform_fields_120' class='gform_fields top_label form_sublabel_above description_above validation_below'><div id=\"field_120_8\" class=\"gfield gfield--type-honeypot gform_validation_container field_sublabel_above gfield--has-description field_description_above field_validation_below gfield_visibility_visible\"  ><label class='gfield_label gform-field-label' for='input_120_8'>Name<\/label><div class='gfield_description' id='gfield_description_120_8'>This field is for validation purposes and should be left unchanged.<\/div><div class='ginput_container'><input name='input_8' id='input_120_8' type='text' value='' autocomplete='new-password'\/><\/div><\/div><fieldset id=\"field_120_7\" class=\"gfield gfield--type-name gfield--input-type-name gfield--width-full gfield_contains_required field_sublabel_above gfield--no-description field_description_above field_validation_below gfield_visibility_visible\"  ><legend class='gfield_label gform-field-label gfield_label_before_complex' >Nume<span class=\"gfield_required\"><span class=\"gfield_required gfield_required_text\">(Required)<\/span><\/span><\/legend><div class='ginput_complex ginput_container ginput_container--name no_prefix has_first_name no_middle_name has_last_name no_suffix gf_name_has_2 ginput_container_name gform-grid-row' id='input_120_7'>\n                            \n                            <span id='input_120_7_3_container' class='name_first gform-grid-col gform-grid-col--size-auto' >\n                                                    <label for='input_120_7_3' class='gform-field-label gform-field-label--type-sub '>First<\/label>\n                                                    <input type='text' name='input_7.3' id='input_120_7_3' value=''   aria-required='true'     \/>\n                                                <\/span>\n                            \n                            <span id='input_120_7_6_container' class='name_last gform-grid-col gform-grid-col--size-auto' >\n                                                            <label for='input_120_7_6' class='gform-field-label gform-field-label--type-sub '>Last<\/label>\n                                                            <input type='text' name='input_7.6' id='input_120_7_6' value=''   aria-required='true'     \/>\n                                                        <\/span>\n                            \n                        <\/div><\/fieldset><div id=\"field_120_2\" class=\"gfield gfield--type-email gfield--input-type-email gfield_contains_required field_sublabel_above gfield--no-description field_description_above field_validation_below gfield_visibility_visible\"  ><label class='gfield_label gform-field-label' for='input_120_2'>Email<span class=\"gfield_required\"><span class=\"gfield_required gfield_required_text\">(Required)<\/span><\/span><\/label><div class='ginput_container ginput_container_email'>\n                            <input name='input_2' id='input_120_2' type='email' value='' class='large'    aria-required=\"true\" aria-invalid=\"false\"  \/>\n                        <\/div><\/div><div id=\"field_120_4\" class=\"gfield gfield--type-phone gfield--input-type-phone gfield--width-full field_sublabel_above gfield--no-description field_description_above field_validation_below gfield_visibility_visible\"  ><label class='gfield_label gform-field-label' for='input_120_4'>Numar telefon<\/label><div class='ginput_container ginput_container_phone'><input name='input_4' id='input_120_4' type='tel' value='' class='large'    aria-invalid=\"false\"   \/><\/div><\/div><div id=\"field_120_5\" class=\"gfield gfield--type-text gfield--input-type-text gfield--width-full gfield_contains_required field_sublabel_above gfield--no-description field_description_above field_validation_below gfield_visibility_visible\"  ><label class='gfield_label gform-field-label' for='input_120_5'>Companie<span class=\"gfield_required\"><span class=\"gfield_required gfield_required_text\">(Required)<\/span><\/span><\/label><div class='ginput_container ginput_container_text'><input name='input_5' id='input_120_5' type='text' value='' class='large'     aria-required=\"true\" aria-invalid=\"false\"   \/><\/div><\/div><div id=\"field_120_6\" class=\"gfield gfield--type-text gfield--input-type-text gfield--width-full field_sublabel_above gfield--no-description field_description_above field_validation_below gfield_visibility_visible\"  ><label class='gfield_label gform-field-label' for='input_120_6'>Pozi\u021bie<\/label><div class='ginput_container ginput_container_text'><input name='input_6' id='input_120_6' type='text' value='' class='large'      aria-invalid=\"false\"   \/><\/div><\/div><div id=\"field_120_3\" class=\"gfield gfield--type-textarea gfield--input-type-textarea field_sublabel_above gfield--no-description field_description_above field_validation_below gfield_visibility_visible\"  ><label class='gfield_label gform-field-label' for='input_120_3'>Ce a\u021bi vrea s\u0103 ne spune\u021bi?<\/label><div class='ginput_container ginput_container_textarea'><textarea name='input_3' id='input_120_3' class='textarea medium'   maxlength='600'   aria-invalid=\"false\"   rows='10' cols='50'><\/textarea><\/div><\/div><\/div><\/div>\n        <div class='gform-footer gform_footer top_label'> <input type='submit' id='gform_submit_button_120' class='gform_button button' onclick='gform.submission.handleButtonClick(this);' data-submission-type='submit' value='M\u0103 \u00eenregistrez'  \/> \n            <input type='hidden' class='gform_hidden' name='gform_submission_method' data-js='gform_submission_method_120' value='postback' \/>\n            <input type='hidden' class='gform_hidden' name='gform_theme' data-js='gform_theme_120' id='gform_theme_120' value='gravity-theme' \/>\n            <input type='hidden' class='gform_hidden' name='gform_style_settings' data-js='gform_style_settings_120' id='gform_style_settings_120' value='{&quot;inputPrimaryColor&quot;:&quot;#204ce5&quot;}' \/>\n            <input type='hidden' class='gform_hidden' name='is_submit_120' value='1' \/>\n            <input type='hidden' class='gform_hidden' name='gform_submit' value='120' \/>\n            \n            <input type='hidden' class='gform_hidden' name='gform_currency' data-currency='USD' value='KvDZa4xSopDVDroH\/B7LZJU5fyYjs3H3SWjoZdWbkDnVSB9hJ2h1lZMP9bqeH00FjZ4FSlkuUVJ0MZW7VWzk5oi8o+RDKrfhJ5raC6e3XgWDw4o=' \/>\n            <input type='hidden' class='gform_hidden' name='gform_unique_id' value='' \/>\n            <input type='hidden' class='gform_hidden' name='state_120' value='WyJbXSIsIjc3YWE1M2E5MTFjMjNhN2Y1NDgxODNlYzQwZWNmZDYzIl0=' \/>\n            <input type='hidden' autocomplete='off' class='gform_hidden' name='gform_target_page_number_120' id='gform_target_page_number_120' value='0' \/>\n            <input type='hidden' autocomplete='off' class='gform_hidden' name='gform_source_page_number_120' id='gform_source_page_number_120' value='1' \/>\n            <input type='hidden' name='gform_field_values' value='' \/>\n            \n        <\/div>\n                        <\/form>\n                        <\/div><script>\ngform.initializeOnLoaded( function() {gformInitSpinner( 120, 'https:\/\/www.infinigate.com\/ro\/wp-content\/plugins\/gravityforms\/images\/spinner.svg', true );jQuery('#gform_ajax_frame_120').on('load',function(){var contents = jQuery(this).contents().find('*').html();var is_postback = contents.indexOf('GF_AJAX_POSTBACK') >= 0;if(!is_postback){return;}var form_content = jQuery(this).contents().find('#gform_wrapper_120');var is_confirmation = jQuery(this).contents().find('#gform_confirmation_wrapper_120').length > 0;var is_redirect = contents.indexOf('gformRedirect(){') >= 0;var is_form = form_content.length > 0 && ! is_redirect && ! is_confirmation;var mt = parseInt(jQuery('html').css('margin-top'), 10) + parseInt(jQuery('body').css('margin-top'), 10) + 100;if(is_form){jQuery('#gform_wrapper_120').html(form_content.html());if(form_content.hasClass('gform_validation_error')){jQuery('#gform_wrapper_120').addClass('gform_validation_error');} else {jQuery('#gform_wrapper_120').removeClass('gform_validation_error');}setTimeout( function() { \/* delay the scroll by 50 milliseconds to fix a bug in chrome *\/ jQuery(document).scrollTop(jQuery('#gform_wrapper_120').offset().top - mt); }, 50 );if(window['gformInitDatepicker']) {gformInitDatepicker();}if(window['gformInitPriceFields']) {gformInitPriceFields();}var current_page = jQuery('#gform_source_page_number_120').val();gformInitSpinner( 120, 'https:\/\/www.infinigate.com\/ro\/wp-content\/plugins\/gravityforms\/images\/spinner.svg', true );jQuery(document).trigger('gform_page_loaded', [120, current_page]);window['gf_submitting_120'] = false;}else if(!is_redirect){var confirmation_content = jQuery(this).contents().find('.GF_AJAX_POSTBACK').html();if(!confirmation_content){confirmation_content = contents;}jQuery('#gform_wrapper_120').replaceWith(confirmation_content);jQuery(document).scrollTop(jQuery('#gf_120').offset().top - mt);jQuery(document).trigger('gform_confirmation_loaded', [120]);window['gf_submitting_120'] = false;wp.a11y.speak(jQuery('#gform_confirmation_message_120').text());}else{jQuery('#gform_120').append(contents);if(window['gformRedirect']) {gformRedirect();}}jQuery(document).trigger(\"gform_pre_post_render\", [{ formId: \"120\", currentPage: \"current_page\", abort: function() { this.preventDefault(); } }]);        if (event && event.defaultPrevented) {                return;        }        const gformWrapperDiv = document.getElementById( \"gform_wrapper_120\" );        if ( gformWrapperDiv ) {            const visibilitySpan = document.createElement( \"span\" );            visibilitySpan.id = \"gform_visibility_test_120\";            gformWrapperDiv.insertAdjacentElement( \"afterend\", visibilitySpan );        }        const visibilityTestDiv = document.getElementById( \"gform_visibility_test_120\" );        let postRenderFired = false;        function triggerPostRender() {            if ( postRenderFired ) {                return;            }            postRenderFired = true;            gform.core.triggerPostRenderEvents( 120, current_page );            if ( visibilityTestDiv ) {                visibilityTestDiv.parentNode.removeChild( visibilityTestDiv );            }        }        function debounce( func, wait, immediate ) {            var timeout;            return function() {                var context = this, args = arguments;                var later = function() {                    timeout = null;                    if ( !immediate ) func.apply( context, args );                };                var callNow = immediate && !timeout;                clearTimeout( timeout );                timeout = setTimeout( later, wait );                if ( callNow ) func.apply( context, args );            };        }        const debouncedTriggerPostRender = debounce( function() {            triggerPostRender();        }, 200 );        if ( visibilityTestDiv && visibilityTestDiv.offsetParent === null ) {            const observer = new MutationObserver( ( mutations ) => {                mutations.forEach( ( mutation ) => {                    if ( mutation.type === 'attributes' && visibilityTestDiv.offsetParent !== null ) {                        debouncedTriggerPostRender();                        observer.disconnect();                    }                });            });            observer.observe( document.body, {                attributes: true,                childList: false,                subtree: true,                attributeFilter: [ 'style', 'class' ],            });        } else {            triggerPostRender();        }    } );} );\n<\/script>\n","protected":false},"excerpt":{"rendered":"<p>Al\u0103turi de Juniper te invit\u0103m pe 17 aprilie la evenimentul nostru, \u201cInfinigate \u2013 Juniper Partners Day\u201d, \u00eencep\u00e2nd cu ora 9:30,&hellip;<\/p>\n","protected":false},"author":13,"featured_media":0,"parent":0,"menu_order":100,"comment_status":"closed","ping_status":"closed","template":"","meta":{"_acf_changed":false,"footnotes":""},"folder":[],"class_list":["post-3368","page","type-page","status-publish","hentry"],"acf":[],"distributor_meta":false,"distributor_terms":false,"distributor_media":false,"distributor_original_site_name":"Infinigate | Romania","distributor_original_site_url":"https:\/\/www.infinigate.com\/ro","push-errors":false,"_links":{"self":[{"href":"https:\/\/www.infinigate.com\/ro\/wp-json\/wp\/v2\/pages\/3368","targetHints":{"allow":["GET"]}}],"collection":[{"href":"https:\/\/www.infinigate.com\/ro\/wp-json\/wp\/v2\/pages"}],"about":[{"href":"https:\/\/www.infinigate.com\/ro\/wp-json\/wp\/v2\/types\/page"}],"author":[{"embeddable":true,"href":"https:\/\/www.infinigate.com\/ro\/wp-json\/wp\/v2\/users\/13"}],"replies":[{"embeddable":true,"href":"https:\/\/www.infinigate.com\/ro\/wp-json\/wp\/v2\/comments?post=3368"}],"version-history":[{"count":0,"href":"https:\/\/www.infinigate.com\/ro\/wp-json\/wp\/v2\/pages\/3368\/revisions"}],"wp:attachment":[{"href":"https:\/\/www.infinigate.com\/ro\/wp-json\/wp\/v2\/media?parent=3368"}],"wp:term":[{"taxonomy":"folder","embeddable":true,"href":"https:\/\/www.infinigate.com\/ro\/wp-json\/wp\/v2\/folder?post=3368"}],"curies":[{"name":"wp","href":"https:\/\/api.w.org\/{rel}","templated":true}]}}