{"id":11664,"date":"2025-04-30T10:51:14","date_gmt":"2025-04-30T08:51:14","guid":{"rendered":"https:\/\/www.infinigate.com\/se\/?page_id=11664"},"modified":"2026-02-10T11:04:35","modified_gmt":"2026-02-10T10:04:35","slug":"partner-up-with-progress","status":"publish","type":"page","link":"https:\/\/www.infinigate.com\/se\/partner-up-with-progress\/","title":{"rendered":"Partner Up with Progress"},"content":{"rendered":"\n<h3 class=\"wp-block-heading wp-block-heading\" id=\"h-tva-webinar-tva-produkter\"><br><strong>Tv\u00e5 webinar. Tv\u00e5 produkter.<\/strong><\/h3>\n\n\n\n<p class=\"has-text-align-left\">Progress \u00e4r Infinigates hetaste leverant\u00f6r inom \u00f6vervakning, n\u00e4tverksanalys, s\u00e4ker fil\u00f6verf\u00f6ring och lastbalansering. Nu vill vi ge dig som \u00e4r \u00e5terf\u00f6rs\u00e4ljare en introduktion till varf\u00f6r du ska jobba tillsammans med Progress.<br>I den h\u00e4r webinarserien f\u00e5r du koll p\u00e5 tv\u00e5 av deras mest efterfr\u00e5gade l\u00f6sningar:<br> <strong>WhatsUp Gold och Kemp LoadMaster.<\/strong><br><\/p>\n\n\n\n<p><\/p>\n\n\n\n<div class=\"wp-block-cover alignfull is-light\"><span aria-hidden=\"true\" class=\"wp-block-cover__background has-yellow-background-color has-background-dim-100 has-background-dim\"><\/span><div class=\"wp-block-cover__inner-container is-layout-constrained wp-block-cover-is-layout-constrained\">\n<h2 class=\"wp-block-heading alignfull has-text-align-center is-style-default has-grey-color has-text-color has-link-color wp-elements-4c1bc88d18cfeb8210d90f5e61824751\" id=\"h-en-webinarserie-for-aterforsaljare\">En webinarserie f\u00f6r \u00e5terf\u00f6rs\u00e4ljare<\/h2>\n<\/div><\/div>\n\n\n\n<div class=\"wp-block-columns is-layout-flex wp-container-core-columns-is-layout-9d6595d7 wp-block-columns-is-layout-flex\">\n<div class=\"wp-block-column is-layout-flow wp-block-column-is-layout-flow\">\n<figure class=\"wp-block-image size-full is-style-default\"><img loading=\"lazy\" decoding=\"async\" width=\"870\" height=\"491\" src=\"https:\/\/www.infinigate.com\/se\/wp-content\/uploads\/sites\/24\/2025\/05\/Progress-Kemp-Cover.png\" alt=\"\" class=\"wp-image-11746\" style=\"object-fit:cover\" srcset=\"https:\/\/www.infinigate.com\/se\/wp-content\/uploads\/sites\/24\/2025\/05\/Progress-Kemp-Cover.png 870w, https:\/\/www.infinigate.com\/se\/wp-content\/uploads\/sites\/24\/2025\/05\/Progress-Kemp-Cover-300x169.png 300w, https:\/\/www.infinigate.com\/se\/wp-content\/uploads\/sites\/24\/2025\/05\/Progress-Kemp-Cover-768x433.png 768w\" sizes=\"auto, (max-width: 870px) 100vw, 870px\" \/><\/figure>\n<\/div>\n\n\n\n<div class=\"wp-block-column is-layout-flow wp-block-column-is-layout-flow\">\n<h3 class=\"wp-block-heading wp-block-heading\" id=\"h-vill-dina-kunder-att-deras-tjanster-alltid-ska-fungera-utan-avbrott\">Vill dina kunder att deras tj\u00e4nster alltid ska fungera \u2013 utan avbrott?<\/h3>\n\n\n\n<p class=\"has-coral-color has-text-color has-link-color wp-elements-198124bc7f9eb6e81cd7d3c88c7b4684\">26 mars kl.11:00 | Undvik driftstopp med smart lastbalansering (Kemp Loadmaster).<\/p>\n\n\n\n<p><em>Kemp LoadMaster<\/em> h\u00e5ller appar och system ig\u00e5ng genom att skicka trafiken till den server som fungerar b\u00e4st just d\u00e5. Om en server g\u00e5r ner tar en annan \u00f6ver utan avbrott eller st\u00f6rningar.<\/p>\n\n\n\n<p>\ud83d\udd39 En introduktion till LoadMaster.<br><br>\ud83d\udd39 Vanliga kundexempel<br><br>\ud83d\udd39 S\u00e5 kommer du i g\u00e5ng som \u00e5terf\u00f6rs\u00e4ljare<\/p>\n\n\n\n<div class=\"wp-block-buttons is-layout-flex wp-block-buttons-is-layout-flex\">\n<div class=\"wp-block-button\"><a class=\"wp-block-button__link wp-element-button\" href=\"https:\/\/attendee.gotowebinar.com\/register\/8400532072790591061\" target=\"_blank\" rel=\"noreferrer noopener\">Anm\u00e4l dig h\u00e4r<\/a><\/div>\n<\/div>\n<\/div>\n<\/div>\n\n\n\n<div class=\"wp-block-columns is-layout-flex wp-container-core-columns-is-layout-9d6595d7 wp-block-columns-is-layout-flex\">\n<div class=\"wp-block-column is-layout-flow wp-block-column-is-layout-flow\">\n<h3 class=\"wp-block-heading wp-block-heading\" id=\"h-behover-dina-kunder-ha-koll-pa-natverk-och-infrastruktur-i-realtid\">Beh\u00f6ver dina kunder ha koll p\u00e5 n\u00e4tverk och infrastruktur \u2013 i realtid?<\/h3>\n\n\n\n<p class=\"has-coral-color has-text-color has-link-color wp-elements-f9f3fe49ab6a7e715f410f7d1604aad2\">23 april kl.11:00 | Kom ig\u00e5ng med WhatsUp Gold<\/p>\n\n\n\n<p>Med WhatsUp Gold f\u00e5r de en av marknadens mest uppskattade l\u00f6sningar f\u00f6r n\u00e4tverks\u00f6vervakning. Fr\u00e5n uppt\u00e4ckt och \u00f6vervakning till larm och rapporter \u2013 allt i ett och samma gr\u00e4nssnitt.<\/p>\n\n\n\n<p>\ud83d\udd39En introduktion till WhatsUp Gold och dess funktioner<\/p>\n\n\n\n<p>\ud83d\udd39F\u00f6rst\u00e5else f\u00f6r vilka typer av kunder som har nytta av WhatsUp Gold<\/p>\n\n\n\n<p>\ud83d\udd39S\u00e5 kommer du snabbt ig\u00e5ng som \u00e5terf\u00f6rs\u00e4ljare.<\/p>\n\n\n\n<div class=\"wp-block-buttons is-layout-flex wp-block-buttons-is-layout-flex\">\n<div class=\"wp-block-button\"><a class=\"wp-block-button__link wp-element-button\" href=\"https:\/\/attendee.gotowebinar.com\/register\/4415488517358188121\" target=\"_blank\" rel=\"noreferrer noopener\">Anm\u00e4l dig h\u00e4r<\/a><\/div>\n<\/div>\n<\/div>\n\n\n\n<div class=\"wp-block-column is-layout-flow wp-block-column-is-layout-flow\">\n<figure class=\"wp-block-image size-full is-style-default\"><img loading=\"lazy\" decoding=\"async\" width=\"870\" height=\"491\" src=\"https:\/\/www.infinigate.com\/se\/wp-content\/uploads\/sites\/24\/2025\/05\/Progress-WhatsUp-Gold-Cover.png\" alt=\"\" class=\"wp-image-11748\" style=\"object-fit:cover\" srcset=\"https:\/\/www.infinigate.com\/se\/wp-content\/uploads\/sites\/24\/2025\/05\/Progress-WhatsUp-Gold-Cover.png 870w, https:\/\/www.infinigate.com\/se\/wp-content\/uploads\/sites\/24\/2025\/05\/Progress-WhatsUp-Gold-Cover-300x169.png 300w, https:\/\/www.infinigate.com\/se\/wp-content\/uploads\/sites\/24\/2025\/05\/Progress-WhatsUp-Gold-Cover-768x433.png 768w\" sizes=\"auto, (max-width: 870px) 100vw, 870px\" \/><\/figure>\n<\/div>\n<\/div>\n\n\n\n<div class=\"wp-block-columns is-layout-flex wp-container-core-columns-is-layout-9d6595d7 wp-block-columns-is-layout-flex\">\n<div class=\"wp-block-column is-layout-flow wp-block-column-is-layout-flow\"><\/div>\n\n\n\n<div class=\"wp-block-column is-layout-flow wp-block-column-is-layout-flow\">\n\n\n\n\n\n\n\n\n\n\n\n<\/div>\n<\/div>\n\n\n\n\n\n<figure class=\"wp-block-image alignfull size-large\"><img loading=\"lazy\" decoding=\"async\" width=\"1024\" height=\"143\" src=\"https:\/\/www.infinigate.com\/se\/wp-content\/uploads\/sites\/24\/2025\/04\/Progress_statistik-1024x143.png\" alt=\"\" class=\"wp-image-11684\" srcset=\"https:\/\/www.infinigate.com\/se\/wp-content\/uploads\/sites\/24\/2025\/04\/Progress_statistik-1024x143.png 1024w, https:\/\/www.infinigate.com\/se\/wp-content\/uploads\/sites\/24\/2025\/04\/Progress_statistik-300x42.png 300w, https:\/\/www.infinigate.com\/se\/wp-content\/uploads\/sites\/24\/2025\/04\/Progress_statistik-768x107.png 768w, https:\/\/www.infinigate.com\/se\/wp-content\/uploads\/sites\/24\/2025\/04\/Progress_statistik.png 1487w\" sizes=\"auto, (max-width: 1024px) 100vw, 1024px\" \/><\/figure>\n\n\n\n<p><\/p>\n\n\n\n<h2 class=\"wp-block-heading is-style-border-left wp-block-heading\" id=\"h-om-infinigate\"><strong>Om Infinigate <\/strong><\/h2>\n\n\n\n<p>Infinigate \u00e4r distribut\u00f6r med fokus p\u00e5 IT-s\u00e4kerhet. F\u00f6r de leverant\u00f6rer som finns i v\u00e5r portf\u00f6lj erbjuder vi kvalificerad support, utbildning, marknad- och s\u00e4ljst\u00f6d. Vi hj\u00e4lper dig, som \u00e4r \u00e5terf\u00f6rs\u00e4ljare, utveckla din s\u00e4kerhetsaff\u00e4r. Du som vill veta mer om IT-s\u00e4kerhet och inte \u00e4r IT-\u00e5terf\u00f6rs\u00e4ljare \u00e4r ocks\u00e5 v\u00e4lkommen att kontakta Infinigate.<\/p>\n\n\n\n<p>Vi ger g\u00e4rna r\u00e5d och tips kring IT-s\u00e4kerhet!<\/p>\n\n\n\n<div class=\"wp-block-buttons is-layout-flex wp-block-buttons-is-layout-flex\">\n<div class=\"wp-block-button\"><a class=\"wp-block-button__link wp-element-button\" href=\"mailto:sakerhet@infinigate.se\">Kontakta oss<\/a><\/div>\n<\/div>\n","protected":false},"excerpt":{"rendered":"<p>Tv\u00e5 webinar. Tv\u00e5 produkter. Progress \u00e4r Infinigates hetaste leverant\u00f6r inom \u00f6vervakning, n\u00e4tverksanalys, s\u00e4ker fil\u00f6verf\u00f6ring och lastbalansering. Nu vill vi ge&hellip;<\/p>\n","protected":false},"author":68,"featured_media":11742,"parent":0,"menu_order":0,"comment_status":"closed","ping_status":"closed","template":"","meta":{"_acf_changed":false,"footnotes":""},"folder":[],"class_list":["post-11664","page","type-page","status-publish","has-post-thumbnail","hentry"],"acf":[],"distributor_meta":false,"distributor_terms":false,"distributor_media":false,"distributor_original_site_name":"Infinigate | Sverige","distributor_original_site_url":"https:\/\/www.infinigate.com\/se","push-errors":false,"_links":{"self":[{"href":"https:\/\/www.infinigate.com\/se\/wp-json\/wp\/v2\/pages\/11664","targetHints":{"allow":["GET"]}}],"collection":[{"href":"https:\/\/www.infinigate.com\/se\/wp-json\/wp\/v2\/pages"}],"about":[{"href":"https:\/\/www.infinigate.com\/se\/wp-json\/wp\/v2\/types\/page"}],"author":[{"embeddable":true,"href":"https:\/\/www.infinigate.com\/se\/wp-json\/wp\/v2\/users\/68"}],"replies":[{"embeddable":true,"href":"https:\/\/www.infinigate.com\/se\/wp-json\/wp\/v2\/comments?post=11664"}],"version-history":[{"count":0,"href":"https:\/\/www.infinigate.com\/se\/wp-json\/wp\/v2\/pages\/11664\/revisions"}],"wp:featuredmedia":[{"embeddable":true,"href":"https:\/\/www.infinigate.com\/se\/wp-json\/wp\/v2\/media\/11742"}],"wp:attachment":[{"href":"https:\/\/www.infinigate.com\/se\/wp-json\/wp\/v2\/media?parent=11664"}],"wp:term":[{"taxonomy":"folder","embeddable":true,"href":"https:\/\/www.infinigate.com\/se\/wp-json\/wp\/v2\/folder?post=11664"}],"curies":[{"name":"wp","href":"https:\/\/api.w.org\/{rel}","templated":true}]}}