{"id":15696,"date":"2026-04-09T10:53:10","date_gmt":"2026-04-09T08:53:10","guid":{"rendered":"https:\/\/www.infinigate.com\/se\/?page_id=15696"},"modified":"2026-05-04T13:57:39","modified_gmt":"2026-05-04T11:57:39","slug":"stockholm-tech-show","status":"publish","type":"page","link":"https:\/\/www.infinigate.com\/se\/stockholm-tech-show\/","title":{"rendered":"Vi ses p\u00e5 Stockholm Tech Show!"},"content":{"rendered":"\n<div class=\"wp-block-columns is-layout-flex wp-container-core-columns-is-layout-9d6595d7 wp-block-columns-is-layout-flex\">\n<div class=\"wp-block-column is-layout-flow wp-block-column-is-layout-flow\">\n<div class=\"wp-block-columns is-layout-flex wp-container-core-columns-is-layout-9d6595d7 wp-block-columns-is-layout-flex\">\n<div class=\"wp-block-column is-layout-flow wp-block-column-is-layout-flow\" style=\"flex-basis:66.66%\">\n<h2 class=\"wp-block-heading is-style-border-left wp-block-heading\" id=\"h-cyber-security-starts-here\"><strong>Cyber Security starts here&#8230;<\/strong><\/h2>\n\n\n\n<p>Den 26-27 maj hittar du oss p\u00e5 Stockholm Tech Show p\u00e5 Kistam\u00e4ssan tillsammans med ledande leverant\u00f6rer inom cybers\u00e4kerhet. \u00c4r du d\u00e4r f\u00f6r att tr\u00e4ffa kunder eller f\u00e5 koll p\u00e5 det senaste inom IT, med s\u00e4rskilt fokus p\u00e5 s\u00e4kerhet?&nbsp;Kom och heja p\u00e5 oss i monter H20.<br>Psst. Det finns kostnadsfria biljetter!<\/p>\n\n\n\n<div class=\"wp-block-buttons is-layout-flex wp-block-buttons-is-layout-flex\">\n<div class=\"wp-block-button\"><a class=\"wp-block-button__link wp-element-button\" href=\"https:\/\/stockholmtechshow.se\/tickets\/\" target=\"_blank\" rel=\"noreferrer noopener\">Kostnadsfri biljett<\/a><\/div>\n<\/div>\n<\/div>\n\n\n\n<div class=\"wp-block-column is-layout-flow wp-block-column-is-layout-flow\" style=\"flex-basis:33.33%\">\n<figure class=\"wp-block-image alignright size-large is-resized is-style-no-rounded-corners-no-drop-shadow\"><img loading=\"lazy\" decoding=\"async\" width=\"886\" height=\"857\" src=\"https:\/\/www.infinigate.com\/se\/wp-content\/uploads\/sites\/24\/2026\/04\/Stamp-to-Stockholm-Tech-Show-2-02.svg\" alt=\"\" class=\"wp-image-15795\" style=\"width:250px\"\/><\/figure>\n<\/div>\n<\/div>\n\n\n<\/div>\n<\/div>\n\n\n\n<div class=\"wp-block-columns is-layout-flex wp-container-core-columns-is-layout-9d6595d7 wp-block-columns-is-layout-flex\">\n<div class=\"wp-block-column is-layout-flow wp-block-column-is-layout-flow\">\n<div class=\"wp-block-columns is-layout-flex wp-container-core-columns-is-layout-9d6595d7 wp-block-columns-is-layout-flex\">\n<div class=\"wp-block-column is-layout-flow wp-block-column-is-layout-flow\">\n<figure class=\"wp-block-embed is-type-video is-provider-youtube wp-block-embed-youtube wp-embed-aspect-9-16 wp-has-aspect-ratio\"><div class=\"wp-block-embed__wrapper\">\n<iframe loading=\"lazy\" title=\"Har din kompis Facebookkonto blivit hackat?\" width=\"422\" height=\"750\" src=\"https:\/\/www.youtube.com\/embed\/_HuN5NzatgA?feature=oembed\" frameborder=\"0\" allow=\"accelerometer; autoplay; clipboard-write; encrypted-media; gyroscope; picture-in-picture; web-share\" referrerpolicy=\"strict-origin-when-cross-origin\" allowfullscreen><\/iframe>\n<\/div><figcaption class=\"wp-element-caption\">| <strong>Yubico<\/strong> |<\/figcaption><\/figure>\n\n\n\n<h3 class=\"wp-block-heading has-text-align-left is-style-border-left wp-block-heading\" id=\"h-modern-och-anvandarvanlig-mfa\"><strong>Modern och anv\u00e4ndarv\u00e4nlig MFA<\/strong><\/h3>\n\n\n\n<p class=\"has-text-align-left\" id=\"h-yubikey-modern-och-anvandarvanlig-mfa\"><strong>Har din kompis Facebookkonto blivit hackat?<\/strong><\/p>\n\n\n\n<p id=\"h-yubikey-modern-och-anvandarvanlig-mfa\">I m\u00e5nga fall handlar det inte om att n\u00e5gon hackar sig in utan om att inloggningsuppgifter har hamnat i fel h\u00e4nder. Det g\u00e4ller b\u00e5de privata konton och system p\u00e5 arbetsplatsen.&nbsp;<strong>Faktum \u00e4r att upp till 80 % av dataintr\u00e5ng involverar stulna eller svaga inloggningsuppgifter.<\/strong><\/p>\n\n\n\n<div class=\"wp-block-buttons is-layout-flex wp-block-buttons-is-layout-flex\">\n<div class=\"wp-block-button\"><a class=\"wp-block-button__link wp-element-button\" href=\"https:\/\/www.infinigate.com\/se\/vendors\/yubico\/har-din-kompis-facebookkonto-blivit-hackat\/\" target=\"_blank\" rel=\"noreferrer noopener\">L\u00e4s mer<\/a><\/div>\n<\/div>\n<\/div>\n\n\n\n<div class=\"wp-block-column is-layout-flow wp-block-column-is-layout-flow\">\n<figure class=\"wp-block-embed is-type-video is-provider-youtube wp-block-embed-youtube wp-embed-aspect-9-16 wp-has-aspect-ratio\"><div class=\"wp-block-embed__wrapper\">\n<iframe loading=\"lazy\" title=\"En SOC som jobbar smartare!\" width=\"422\" height=\"750\" src=\"https:\/\/www.youtube.com\/embed\/XQKTtAMmA8U?feature=oembed\" frameborder=\"0\" allow=\"accelerometer; autoplay; clipboard-write; encrypted-media; gyroscope; picture-in-picture; web-share\" referrerpolicy=\"strict-origin-when-cross-origin\" allowfullscreen><\/iframe>\n<\/div><figcaption class=\"wp-element-caption\"><strong>| Torq |<\/strong><\/figcaption><\/figure>\n\n\n\n<h3 class=\"wp-block-heading is-style-border-left wp-block-heading\" id=\"h-en-soc-som-jobbar-smartare\"><strong>En SOC som jobbar smartare<\/strong><\/h3>\n\n\n\n<p><strong>Har du en egen SOC?<\/strong>&nbsp;<strong>D\u00e5 ska den vara automatiserad<\/strong>!<\/p>\n\n\n\n<p>Automatisering hj\u00e4lper till att minska kostnader, frig\u00f6ra tid och g\u00f6ra det l\u00e4ttare att prioritera r\u00e4tt hot. Med Torq automatiseras arbetet fr\u00e5n larm till \u00e5tg\u00e4rd, vilket g\u00f6r din s\u00e4kerhetsfunktion snabbare, mer skalbar och mindre beroende av manuellt arbete.<\/p>\n\n\n\n<div class=\"wp-block-buttons is-layout-flex wp-block-buttons-is-layout-flex\">\n<div class=\"wp-block-button\"><a class=\"wp-block-button__link wp-element-button\" href=\"https:\/\/www.infinigate.com\/se\/vendors\/torq\/en-soc-som-jobbar-smartare\/\" target=\"_blank\" rel=\"noreferrer noopener\">L\u00e4s mer<\/a><\/div>\n<\/div>\n<\/div>\n\n\n\n<div class=\"wp-block-column is-layout-flow wp-block-column-is-layout-flow\">\n<figure class=\"wp-block-embed is-type-video is-provider-youtube wp-block-embed-youtube wp-embed-aspect-9-16 wp-has-aspect-ratio\"><div class=\"wp-block-embed__wrapper\">\n<iframe loading=\"lazy\" title=\"Hur jobbar ditt f\u00f6retag med IT-s\u00e4kerhet utanf\u00f6r kontorstid?\" width=\"422\" height=\"750\" src=\"https:\/\/www.youtube.com\/embed\/LgTusiaZx-g?feature=oembed\" frameborder=\"0\" allow=\"accelerometer; autoplay; clipboard-write; encrypted-media; gyroscope; picture-in-picture; web-share\" referrerpolicy=\"strict-origin-when-cross-origin\" allowfullscreen><\/iframe>\n<\/div><figcaption class=\"wp-element-caption\"><strong>| WatchGuard |<\/strong><\/figcaption><\/figure>\n\n\n\n<h3 class=\"wp-block-heading is-style-border-left wp-block-heading\" id=\"h-lat-experter-overvaka-din-it-miljo\"><strong>L\u00e5t experter \u00f6vervaka din IT-milj\u00f6!<\/strong><\/h3>\n\n\n\n<p><strong><strong>Hur jobbar ditt f\u00f6retag med IT-s\u00e4kerhet utanf\u00f6r kontorstid?<\/strong><\/strong><\/p>\n\n\n\n<p>Med WatchGuard f\u00e5r du ett externt s\u00e4kerhetsteam som \u00f6vervakar din IT-milj\u00f6 och agerar p\u00e5 hot dygnet runt.&nbsp;Du slipper bygga en egen bemanning men f\u00e5r \u00e4nd\u00e5 hj\u00e4lp att uppt\u00e4cka, f\u00f6rst\u00e5 och stoppa verkliga hot.<\/p>\n\n\n\n<div class=\"wp-block-buttons is-layout-flex wp-block-buttons-is-layout-flex\">\n<div class=\"wp-block-button\"><a class=\"wp-block-button__link wp-element-button\" href=\"https:\/\/www.infinigate.com\/se\/vendors\/watchguard\/ditt-sakerhetsteam\/\" target=\"_blank\" rel=\"noreferrer noopener\">L\u00e4s mer<\/a><\/div>\n<\/div>\n<\/div>\n\n\n\n<div class=\"wp-block-column is-layout-flow wp-block-column-is-layout-flow\">\n<figure class=\"wp-block-embed is-type-video is-provider-youtube wp-block-embed-youtube wp-embed-aspect-9-16 wp-has-aspect-ratio\"><div class=\"wp-block-embed__wrapper\">\n<iframe loading=\"lazy\" title=\"Alla pratar om molnet. Hur jobbar din verksamhet?\" width=\"422\" height=\"750\" src=\"https:\/\/www.youtube.com\/embed\/x7GvAODhZVQ?feature=oembed\" frameborder=\"0\" allow=\"accelerometer; autoplay; clipboard-write; encrypted-media; gyroscope; picture-in-picture; web-share\" referrerpolicy=\"strict-origin-when-cross-origin\" allowfullscreen><\/iframe>\n<\/div><figcaption class=\"wp-element-caption\"><strong>| Trellix |<\/strong><\/figcaption><\/figure>\n\n\n\n<h3 class=\"wp-block-heading is-style-border-left wp-block-heading\" id=\"h-alla-pratar-om-molnet\"><strong>Alla pratar om molnet<\/strong><\/h3>\n\n\n\n<p id=\"h-\"><strong>Hur jobbar din verksamhet?<\/strong><\/p>\n\n\n\n<p id=\"h-\">F\u00f6r m\u00e5nga verksamheter \u00e4r verkligheten komplicerad. Vissa system har flyttats till molnet. Andra ligger kvar lokalt. Med olika l\u00f6sningar och behov hamnar fokus ofta p\u00e5 att hantera verktyg \u00e4n p\u00e5 att hantera och f\u00f6rst\u00e5 s\u00e4kerhetsriskerna. Med Trellix kan du skydda hela din IT-milj\u00f6 oavsett hur verkligheten ser ut utan att kompromissa p\u00e5 s\u00e4kerheten.<\/p>\n\n\n\n<div class=\"wp-block-buttons is-layout-flex wp-block-buttons-is-layout-flex\">\n<div class=\"wp-block-button\"><a class=\"wp-block-button__link wp-element-button\" href=\"https:\/\/www.infinigate.com\/se\/vendors\/trellix\/alla-pratar-om-molnet\/\" target=\"_blank\" rel=\"noreferrer noopener\">L\u00e4s mer<\/a><\/div>\n<\/div>\n<\/div>\n<\/div>\n<\/div>\n<\/div>\n\n\n\n<div class=\"wp-block-columns is-layout-flex wp-container-core-columns-is-layout-9d6595d7 wp-block-columns-is-layout-flex\">\n<div class=\"wp-block-column is-layout-flow wp-block-column-is-layout-flow\"><\/div>\n\n\n\n<div class=\"wp-block-column is-layout-flow wp-block-column-is-layout-flow\">\n<figure class=\"wp-block-embed is-type-video is-provider-youtube wp-block-embed-youtube wp-embed-aspect-9-16 wp-has-aspect-ratio\"><div class=\"wp-block-embed__wrapper\">\n<iframe loading=\"lazy\" title=\"Automatisera backup med N-able\" width=\"422\" height=\"750\" src=\"https:\/\/www.youtube.com\/embed\/0cqWOe12gEU?feature=oembed\" frameborder=\"0\" allow=\"accelerometer; autoplay; clipboard-write; encrypted-media; gyroscope; picture-in-picture; web-share\" referrerpolicy=\"strict-origin-when-cross-origin\" allowfullscreen><\/iframe>\n<\/div><figcaption class=\"wp-element-caption\"><strong>| N-able |<\/strong><\/figcaption><\/figure>\n\n\n\n<h3 class=\"wp-block-heading is-style-border-left wp-block-heading\" id=\"h-automatisera-backup-med-n-able\"><strong>Automatisera backup med N-able<\/strong><\/h3>\n\n\n\n<p><strong>Undvik driftstopp &amp; dataf\u00f6rlust!<\/strong><\/p>\n\n\n\n<p>Har ni en plan f\u00f6r om (n\u00e4r!) olyckan \u00e4r framme och appar och filer m\u00e5ste \u00e5terst\u00e4llas? N-able Cove Data Protection erbjuder en molnbaserad backup-l\u00f6sning som enkelt, stabilt och underh\u00e5llsfritt backar upp din data och s\u00e4kerst\u00e4ller s\u00e4ker, tillf\u00f6rlitlig och snabb \u00e5terst\u00e4llning utan den komplexitet som traditionella system inneb\u00e4r.<\/p>\n\n\n\n<div class=\"wp-block-buttons is-layout-flex wp-block-buttons-is-layout-flex\">\n<div class=\"wp-block-button\"><a class=\"wp-block-button__link wp-element-button\" href=\"https:\/\/www.infinigate.com\/se\/vendors\/n-able\/automatisera-backup-med-n-able\/\" target=\"_blank\" rel=\"noreferrer noopener\">L\u00e4s mer<\/a><\/div>\n<\/div>\n<\/div>\n\n\n\n<div class=\"wp-block-column is-layout-flow wp-block-column-is-layout-flow\"><\/div>\n\n\n\n<div class=\"wp-block-column is-layout-flow wp-block-column-is-layout-flow\"><\/div>\n<\/div>\n\n\n\n<div class=\"wp-block-columns is-layout-flex wp-container-core-columns-is-layout-9d6595d7 wp-block-columns-is-layout-flex\">\n<div class=\"wp-block-column is-layout-flow wp-block-column-is-layout-flow\">\n<figure class=\"wp-block-image size-large\"><img loading=\"lazy\" decoding=\"async\" width=\"1024\" height=\"341\" src=\"https:\/\/www.infinigate.com\/se\/wp-content\/uploads\/sites\/24\/2026\/04\/STT_Loggor-3-1024x341.png\" alt=\"\" class=\"wp-image-16118\" srcset=\"https:\/\/www.infinigate.com\/se\/wp-content\/uploads\/sites\/24\/2026\/04\/STT_Loggor-3-1024x341.png 1024w, https:\/\/www.infinigate.com\/se\/wp-content\/uploads\/sites\/24\/2026\/04\/STT_Loggor-3-300x100.png 300w, https:\/\/www.infinigate.com\/se\/wp-content\/uploads\/sites\/24\/2026\/04\/STT_Loggor-3-768x256.png 768w, https:\/\/www.infinigate.com\/se\/wp-content\/uploads\/sites\/24\/2026\/04\/STT_Loggor-3.png 1500w\" sizes=\"auto, (max-width: 1024px) 100vw, 1024px\" \/><\/figure>\n<\/div>\n<\/div>\n\n\n\n<p><\/p>\n\n\n\n<h2 class=\"wp-block-heading is-style-border-left wp-block-heading\" id=\"h-om-infinigate\"><strong>Om Infinigate <\/strong><\/h2>\n\n\n\n<p>Infinigate \u00e4r distribut\u00f6r med fokus p\u00e5 IT-s\u00e4kerhet. F\u00f6r de leverant\u00f6rer som finns i v\u00e5r portf\u00f6lj erbjuder vi kvalificerad support, utbildning, marknad- och s\u00e4ljst\u00f6d. Vi hj\u00e4lper dig, som \u00e4r \u00e5terf\u00f6rs\u00e4ljare, utveckla din s\u00e4kerhetsaff\u00e4r. Du som vill veta mer om IT-s\u00e4kerhet och inte \u00e4r IT-\u00e5terf\u00f6rs\u00e4ljare \u00e4r ocks\u00e5 v\u00e4lkommen att kontakta Infinigate.<\/p>\n\n\n\n<p>Vi ger g\u00e4rna r\u00e5d och tips kring IT-s\u00e4kerhet!<\/p>\n\n\n\n<div class=\"wp-block-buttons is-layout-flex wp-block-buttons-is-layout-flex\">\n<div class=\"wp-block-button\"><a class=\"wp-block-button__link wp-element-button\" href=\"mailto:sakerhet@infinigate.se\">Kontakta oss<\/a><\/div>\n<\/div>\n","protected":false},"excerpt":{"rendered":"<p>Cyber Security starts here&#8230; Den 26-27 maj hittar du oss p\u00e5 Stockholm Tech Show p\u00e5 Kistam\u00e4ssan tillsammans med ledande leverant\u00f6rer&hellip;<\/p>\n","protected":false},"author":68,"featured_media":0,"parent":0,"menu_order":0,"comment_status":"closed","ping_status":"closed","template":"","meta":{"_acf_changed":false,"footnotes":""},"folder":[],"class_list":["post-15696","page","type-page","status-publish","hentry"],"acf":[],"distributor_meta":false,"distributor_terms":false,"distributor_media":false,"distributor_original_site_name":"Infinigate | Sverige","distributor_original_site_url":"https:\/\/www.infinigate.com\/se","push-errors":false,"_links":{"self":[{"href":"https:\/\/www.infinigate.com\/se\/wp-json\/wp\/v2\/pages\/15696","targetHints":{"allow":["GET"]}}],"collection":[{"href":"https:\/\/www.infinigate.com\/se\/wp-json\/wp\/v2\/pages"}],"about":[{"href":"https:\/\/www.infinigate.com\/se\/wp-json\/wp\/v2\/types\/page"}],"author":[{"embeddable":true,"href":"https:\/\/www.infinigate.com\/se\/wp-json\/wp\/v2\/users\/68"}],"replies":[{"embeddable":true,"href":"https:\/\/www.infinigate.com\/se\/wp-json\/wp\/v2\/comments?post=15696"}],"version-history":[{"count":6,"href":"https:\/\/www.infinigate.com\/se\/wp-json\/wp\/v2\/pages\/15696\/revisions"}],"predecessor-version":[{"id":16285,"href":"https:\/\/www.infinigate.com\/se\/wp-json\/wp\/v2\/pages\/15696\/revisions\/16285"}],"wp:attachment":[{"href":"https:\/\/www.infinigate.com\/se\/wp-json\/wp\/v2\/media?parent=15696"}],"wp:term":[{"taxonomy":"folder","embeddable":true,"href":"https:\/\/www.infinigate.com\/se\/wp-json\/wp\/v2\/folder?post=15696"}],"curies":[{"name":"wp","href":"https:\/\/api.w.org\/{rel}","templated":true}]}}