{"id":1613,"date":"2023-03-07T20:41:27","date_gmt":"2023-03-07T20:41:27","guid":{"rendered":"https:\/\/infinigate.wpengine.com\/?page_id=1613"},"modified":"2024-09-02T09:40:42","modified_gmt":"2024-09-02T07:40:42","slug":"infinigate-sakerhetsomraden","status":"publish","type":"page","link":"https:\/\/www.infinigate.com\/se\/infinigate-sakerhetsomraden\/","title":{"rendered":"Infinigates s\u00e4kerhetsomr\u00e5den"},"content":{"rendered":"\n<figure class=\"wp-block-image alignfull size-full is-style-corner-overlay\"><img decoding=\"async\" src=\"https:\/\/www.infinigate.com\/se\/wp-content\/uploads\/sites\/24\/2024\/09\/shutterstock_2470322443.jpg\" alt=\"\" class=\"wp-image-7488\" \/><\/figure>\n\n\n    <section style=\"--content-grid--columns: 3;\" class=\"content-grid wp-block animate content-grid--3-columns content-grid--has-overlay alignwide\">\r\n        <div class=\"content-grid__inner\">\r\n            \r\n\r\n            \r\n\r\n            \r\n                    \r\n                                                    \r\n                    \r\n                                                                        <div class=\"content-grid__items\">\r\n                                                                            <div class=\"content-grid__item has-background has-gray-200-background-color\">\r\n                                            \r\n                                                \r\n                                        \r\n                                                                                        <h3 class=\"content-grid__item__heading\">IT-s\u00e4kerhet<\/h3>\r\n                                        \r\n                                                                        <div class=\" content-grid__item__subheading\">\r\n                                            <div class=\"flex-shrink-0 flex flex-col relative items-end\">\n<div>\n<div class=\"pt-0.5 juice:pt-0\">\n<div class=\"gizmo-bot-avatar flex h-6 w-6 items-center justify-center overflow-hidden rounded-full juice:h-8 juice:w-8\">\n<div class=\"relative p-1 rounded-sm flex items-center justify-center bg-token-main-surface-primary text-token-text-primary h-8 w-8\"><span style=\"font-family: var(--type--1--font-family);font-size: calc(1.125rem + var(--fluid-bp)*2);font-weight: var(--type--1--font-weight)\">Ge dina kunder trygghet med teknologier som skyddar deras system och data dygnet runt, \u00e5ret om. Vi siktar p\u00e5 total s\u00e4kerhet.<\/span><\/div>\n<\/div>\n<\/div>\n<\/div>\n<\/div>\n                                <\/div>\r\n                                        \r\n                                                                        <div class=\"content-grid__item__link\">\r\n                                                <a  href=\"https:\/\/www.infinigate.com\/se\/technologies\/cybersecurity\/\" target=\"\" class=\"g-button--arrow\">\r\n                L\u00e4s mer            <\/a>\r\n                                <\/div>\r\n                                        \r\n                        <\/div>\r\n                                                                            <div class=\"content-grid__item has-background has-gray-300-background-color\">\r\n                                            \r\n                                                \r\n                                        \r\n                                                                                        <h3 class=\"content-grid__item__heading\">N\u00e4tverkss\u00e4kerhet<\/h3>\r\n                                        \r\n                                                                        <div class=\" content-grid__item__subheading\">\r\n                                            <p>\u00d6ka dina int\u00e4kter och ge dina kunder mer n\u00e4tverksintelligens, automation och effektivitet med v\u00e5ra s\u00e4kra, AI-drivna n\u00e4tverksl\u00f6sningar.<\/p>\n                                <\/div>\r\n                                        \r\n                                                                        <div class=\"content-grid__item__link\">\r\n                                                <a  href=\"https:\/\/www.infinigate.com\/se\/technologies\/secure-networks\/\" target=\"\" class=\"g-button--arrow\">\r\n                L\u00e4s mer            <\/a>\r\n                                <\/div>\r\n                                        \r\n                        <\/div>\r\n                                                                            <div class=\"content-grid__item has-background has-gray-400-background-color\">\r\n                                            \r\n                                                \r\n                                        \r\n                                                                                        <h3 class=\"content-grid__item__heading\">Molns\u00e4kerhet<\/h3>\r\n                                        \r\n                                                                        <div class=\" content-grid__item__subheading\">\r\n                                            <p>Dina kunders snabba \u00f6verg\u00e5ng till molnet beh\u00f6ver inte medf\u00f6ra s\u00e4kerhets- eller kostnadsrisker. Hj\u00e4lp dem att skapa och implementera s\u00e4kra och effektiva multicloud-strategier.<\/p>\n                                <\/div>\r\n                                        \r\n                                                                        <div class=\"content-grid__item__link\">\r\n                                                <a  href=\"https:\/\/www.infinigate.com\/se\/technologies\/secure-cloud\/\" target=\"\" class=\"g-button--arrow\">\r\n                L\u00e4s mer            <\/a>\r\n                                <\/div>\r\n                                        \r\n                        <\/div>\r\n                                                    <\/div>\r\n                                    <\/div>\r\n    <\/section>\r\n","protected":false},"excerpt":{"rendered":"","protected":false},"author":13,"featured_media":3181,"parent":0,"menu_order":10,"comment_status":"closed","ping_status":"closed","template":"","meta":{"_acf_changed":false,"footnotes":""},"folder":[],"class_list":["post-1613","page","type-page","status-publish","has-post-thumbnail","hentry"],"acf":[],"distributor_meta":false,"distributor_terms":false,"distributor_media":false,"distributor_original_site_name":"Infinigate | Sverige","distributor_original_site_url":"https:\/\/www.infinigate.com\/se","push-errors":false,"_links":{"self":[{"href":"https:\/\/www.infinigate.com\/se\/wp-json\/wp\/v2\/pages\/1613","targetHints":{"allow":["GET"]}}],"collection":[{"href":"https:\/\/www.infinigate.com\/se\/wp-json\/wp\/v2\/pages"}],"about":[{"href":"https:\/\/www.infinigate.com\/se\/wp-json\/wp\/v2\/types\/page"}],"author":[{"embeddable":true,"href":"https:\/\/www.infinigate.com\/se\/wp-json\/wp\/v2\/users\/13"}],"replies":[{"embeddable":true,"href":"https:\/\/www.infinigate.com\/se\/wp-json\/wp\/v2\/comments?post=1613"}],"version-history":[{"count":0,"href":"https:\/\/www.infinigate.com\/se\/wp-json\/wp\/v2\/pages\/1613\/revisions"}],"wp:featuredmedia":[{"embeddable":true,"href":"https:\/\/www.infinigate.com\/se\/wp-json\/wp\/v2\/media\/3181"}],"wp:attachment":[{"href":"https:\/\/www.infinigate.com\/se\/wp-json\/wp\/v2\/media?parent=1613"}],"wp:term":[{"taxonomy":"folder","embeddable":true,"href":"https:\/\/www.infinigate.com\/se\/wp-json\/wp\/v2\/folder?post=1613"}],"curies":[{"name":"wp","href":"https:\/\/api.w.org\/{rel}","templated":true}]}}