{"id":1721,"date":"2023-03-10T11:54:41","date_gmt":"2023-03-10T11:54:41","guid":{"rendered":"https:\/\/infinigate.wpengine.com\/?page_id=1721"},"modified":"2025-04-08T08:31:22","modified_gmt":"2025-04-08T06:31:22","slug":"kundservice","status":"publish","type":"page","link":"https:\/\/www.infinigate.com\/se\/tjanster\/kundservice\/","title":{"rendered":"Kundservice &#8211; 105%"},"content":{"rendered":"\n<h2 class=\"wp-block-heading wp-block-heading\" id=\"h-har-du-koll-pa-alla-fornyelser-dags-att-affarsutveckla\">Har du koll p\u00e5 alla f\u00f6rnyelser? Dags att aff\u00e4rsutveckla?<\/h2>\n\n\n\n<div class=\"wp-block-columns is-layout-flex wp-container-core-columns-is-layout-9d6595d7 wp-block-columns-is-layout-flex\">\n<div class=\"wp-block-column is-layout-flow wp-block-column-is-layout-flow\">\n<p class=\"is-style-large-body\">Infinigates servicemotto \u00e4r att leverera lite MER, lite B\u00c4TTRE och lite SNABBARE \u00e4n vad som f\u00f6rv\u00e4ntas.<\/p>\n\n\n\n<p class=\"is-style-default\">Vi kallar det 105% . Genom service ut\u00f6ver det vanliga blir vi den f\u00f6rl\u00e4ngda armen f\u00f6r v\u00e5ra samarbetspartners n\u00e4r det g\u00e4ller att f\u00f6rmedla samt skapa merv\u00e4rde till kunderna.<\/p>\n<\/div>\n\n\n\n<div class=\"wp-block-column is-layout-flow wp-block-column-is-layout-flow\">\n<p>Infinigate l\u00e4gger fokus p\u00e5 att hitta IT-s\u00e4kerhetsl\u00f6sningar som m\u00f6ter var kunds utmaningar och behov. Som v\u00e4rdeadderande distribut\u00f6r erbjuder Infinigate inte bara pris- och produktinformation utan \u00e4ven st\u00f6d i f\u00f6rs\u00e4ljningsprocessen, st\u00f6d med f\u00f6rnyelser, dealregistreringar etc.<\/p>\n<\/div>\n<\/div>\n\n\n<section class=\"media-content wp-block media-content--left media-content--media-type--image has-gray-25-background-color has-background alignfull\">\r\n    <div class=\"media-content__inner\">\r\n        <div class=\"media-content__content\">\r\n                                <h2 class=\"media-content__heading\">Infinigate hj\u00e4lper till!<\/h2>\r\n            \r\n            \r\n            <h3>S\u00e4ljst\u00f6d &#8211; hj\u00e4lp att hitta och st\u00e4nga aff\u00e4ren<\/h3>\n<ul>\n<li>R\u00e5dgivning och offerthj\u00e4lp<\/li>\n<li>Hj\u00e4lp att hitta, bredda och st\u00e4nga s\u00e4kerhetsaff\u00e4ren<\/li>\n<li>Sambes\u00f6k till slutkunderna f\u00f6r att st\u00f6tta med inf\u00f6rs\u00e4ljningen<\/li>\n<li>Rekommendation av en l\u00e4mplig l\u00f6sning<\/li>\n<\/ul>\n\r\n                            <div class=\"flex-list\">\r\n                        <a  href=\"mailto:sakerhet@infinigate.se\" target=\"\" class=\"g-button\">\r\n                Kontakta oss            <\/a>\r\n                <\/div>\r\n                    <\/div>\r\n\r\n                    <div class=\"media-content__media\">\r\n                <img loading=\"lazy\" decoding=\"async\" width=\"1200\" height=\"719\" src=\"https:\/\/www.infinigate.com\/se\/wp-content\/uploads\/sites\/24\/2024\/06\/Kundservice-saljstod.jpg\" class=\"attachment-super size-super\" alt=\"Kundservice sa\u0308ljsto\u0308d\" sizes=\"auto, (max-width: 768px) 100vw, 50vw\" srcset=\"https:\/\/www.infinigate.com\/se\/wp-content\/uploads\/sites\/24\/2024\/06\/Kundservice-saljstod.jpg 1200w, https:\/\/www.infinigate.com\/se\/wp-content\/uploads\/sites\/24\/2024\/06\/Kundservice-saljstod-300x180.jpg 300w, https:\/\/www.infinigate.com\/se\/wp-content\/uploads\/sites\/24\/2024\/06\/Kundservice-saljstod-1024x614.jpg 1024w, https:\/\/www.infinigate.com\/se\/wp-content\/uploads\/sites\/24\/2024\/06\/Kundservice-saljstod-768x460.jpg 768w\" \/>            <\/div>\r\n            <\/div>\r\n<\/section>\r\n\n\n\n<div class=\"wp-block-group alignfull is-horizontal is-nowrap is-layout-flex wp-container-core-group-is-layout-41b81202 wp-block-group-is-layout-flex\">\n<div class=\"wp-block-columns are-vertically-aligned-top is-layout-flex wp-container-core-columns-is-layout-9d6595d7 wp-block-columns-is-layout-flex\">\n<div class=\"wp-block-column is-vertically-aligned-top is-layout-flow wp-block-column-is-layout-flow\">\n<h3 class=\"wp-block-heading wp-block-heading\" id=\"h-renewal-service-hjalp-att-behalla-affaren\">Renewal Service &#8211; hj\u00e4lp att beh\u00e5lla aff\u00e4ren<\/h3>\n\n\n\n<ul class=\"wp-block-list\">\n<li>Vi bevakar avtal som l\u00f6per ut (renewals) och i god tid kontakta er med p\u00e5minnelse<\/li>\n\n\n\n<li>Om \u00f6nskas erbjuder vi f\u00e4rdiga offerter vid p\u00e5minnelsen<\/li>\n\n\n\n<li>Synkning av antalet licenser inom en vald avtalsperiod<\/li>\n<\/ul>\n<\/div>\n\n\n\n<div class=\"wp-block-column is-vertically-aligned-top is-layout-flow wp-block-column-is-layout-flow\">\n<h3 class=\"wp-block-heading wp-block-heading\" id=\"h-administration-genvagar-for-att-spara-tjana-mer\">Administration \u2013 genv\u00e4gar f\u00f6r att spara\/tj\u00e4na mer<\/h3>\n\n\n\n<ul class=\"wp-block-list\">\n<li>Infinigate tipsar om hur ni kan tj\u00e4na mer med hj\u00e4lp av deal registrering<\/li>\n\n\n\n<li>Vi tipsar \u00e4ven om hur ni kan f\u00f6rb\u00e4ttra era int\u00e4kter genom att (m\u00e5nga g\u00e5nger) enkelt uppn\u00e5 h\u00f6gre partnerstatus<\/li>\n\n\n\n<li>D\u00e4rmed kan ni \u00e4ven erbjuda st\u00f6rre flexibilitet kring prisbilden till era kunder<\/li>\n\n\n\n<li>Portaler, partnerprogram, kampanjer, produktnyheter &#8211; Infinigate har koll och ser till att du har koll<\/li>\n<\/ul>\n<\/div>\n<\/div>\n<\/div>\n\n\n    <section class=\"links wp-block animate alignwide\">\r\n        <div class=\"links__inner\">\r\n                                <h2 class=\"links__heading has--heading-border\"><p>Till kategori Tj\u00e4nster<\/p>\n<\/h2>\r\n            \r\n            \r\n            <div class=\"links__items\">\r\n                                                            <div class=\"links__item\">\r\n                                <a  href=\"https:\/\/www.infinigate.com\/se\/tjanster\/salj\/\" target=\"\">\r\n                S\u00e4lj            <\/a>\r\n                        <\/div>\r\n                                                                                <div class=\"links__item\">\r\n                                <a  href=\"https:\/\/www.infinigate.com\/se\/tjanster\/support\/\" target=\"\">\r\n                Support            <\/a>\r\n                        <\/div>\r\n                                                                                <div class=\"links__item\">\r\n                                <a  href=\"https:\/\/www.infinigate.com\/se\/tjanster\/marknadsforing\/\" target=\"\">\r\n                Marknadsf\u00f6ring            <\/a>\r\n                        <\/div>\r\n                                                                                <div class=\"links__item\">\r\n                                <a  href=\"https:\/\/www.infinigate.com\/se\/tjanster\/konsulter-support\/\" target=\"\">\r\n                Konsulter &amp; support            <\/a>\r\n                        <\/div>\r\n                                                                                <div class=\"links__item\">\r\n                                <a  href=\"https:\/\/www.infinigate.com\/se\/tjanster\/utbildning\/\" target=\"\">\r\n                Utbildning            <\/a>\r\n                        <\/div>\r\n                                                                                    <\/div>\r\n        <\/div>\r\n    <\/section>\r\n\n\n<section class=\"cta-banner wp-block alignfull\">\r\n    <div class=\"cta-banner__inner\">\r\n        <div class=\"cta-banner__content\">\r\n\r\n                                <h2 class=\"cta-banner__heading\"><p>Vill du veta mer om hur vi kan hj\u00e4lpa dig?<\/p>\n<\/h2>\r\n            \r\n                            <div class=\"cta-banner__subheading\">\r\n                    <p>Kontakta oss s\u00e5 ber\u00e4ttar vi g\u00e4rna mer!<\/p>\n                <\/div>\r\n                    <\/div>\r\n\r\n                    <div class=\"cta-banner__button\">\r\n                    <a rel=\"noopener\" href=\"mailto:sakerhet@infinigate.se\" target=\"_blank\" class=\"g-button g-button--arrow\">\r\n                Kontakta oss            <\/a>\r\n            <\/div>\r\n            <\/div>\r\n\r\n    \r\n\r\n<\/section>\r\n","protected":false},"excerpt":{"rendered":"<p>Har du koll p\u00e5 alla f\u00f6rnyelser? Dags att aff\u00e4rsutveckla? Infinigates servicemotto \u00e4r att leverera lite MER, lite B\u00c4TTRE och lite&hellip;<\/p>\n","protected":false},"author":13,"featured_media":5788,"parent":851,"menu_order":45,"comment_status":"closed","ping_status":"closed","template":"","meta":{"_acf_changed":false,"footnotes":""},"folder":[],"class_list":["post-1721","page","type-page","status-publish","has-post-thumbnail","hentry"],"acf":[],"distributor_meta":false,"distributor_terms":false,"distributor_media":false,"distributor_original_site_name":"Infinigate | Sverige","distributor_original_site_url":"https:\/\/www.infinigate.com\/se","push-errors":false,"_links":{"self":[{"href":"https:\/\/www.infinigate.com\/se\/wp-json\/wp\/v2\/pages\/1721","targetHints":{"allow":["GET"]}}],"collection":[{"href":"https:\/\/www.infinigate.com\/se\/wp-json\/wp\/v2\/pages"}],"about":[{"href":"https:\/\/www.infinigate.com\/se\/wp-json\/wp\/v2\/types\/page"}],"author":[{"embeddable":true,"href":"https:\/\/www.infinigate.com\/se\/wp-json\/wp\/v2\/users\/13"}],"replies":[{"embeddable":true,"href":"https:\/\/www.infinigate.com\/se\/wp-json\/wp\/v2\/comments?post=1721"}],"version-history":[{"count":0,"href":"https:\/\/www.infinigate.com\/se\/wp-json\/wp\/v2\/pages\/1721\/revisions"}],"up":[{"embeddable":true,"href":"https:\/\/www.infinigate.com\/se\/wp-json\/wp\/v2\/pages\/851"}],"wp:featuredmedia":[{"embeddable":true,"href":"https:\/\/www.infinigate.com\/se\/wp-json\/wp\/v2\/media\/5788"}],"wp:attachment":[{"href":"https:\/\/www.infinigate.com\/se\/wp-json\/wp\/v2\/media?parent=1721"}],"wp:term":[{"taxonomy":"folder","embeddable":true,"href":"https:\/\/www.infinigate.com\/se\/wp-json\/wp\/v2\/folder?post=1721"}],"curies":[{"name":"wp","href":"https:\/\/api.w.org\/{rel}","templated":true}]}}