{"id":1729,"date":"2023-03-10T12:01:27","date_gmt":"2023-03-10T12:01:27","guid":{"rendered":"https:\/\/infinigate.wpengine.com\/?page_id=1729"},"modified":"2025-04-08T08:30:30","modified_gmt":"2025-04-08T06:30:30","slug":"utbildning","status":"publish","type":"page","link":"https:\/\/www.infinigate.com\/se\/tjanster\/utbildning\/","title":{"rendered":"Utbildning"},"content":{"rendered":"\n<div class=\"wp-block-columns is-layout-flex wp-container-core-columns-is-layout-9d6595d7 wp-block-columns-is-layout-flex\">\n<div class=\"wp-block-column is-layout-flow wp-block-column-is-layout-flow\">\n<h2 class=\"wp-block-heading wp-block-heading\" id=\"h-lara-mer-om-it-sakerhet\">L\u00e4ra mer om IT-s\u00e4kerhet?<\/h2>\n\n\n\n<p class=\"is-style-large-body\">Infinigate erbjuder teknik- och s\u00e4ljutbildning f\u00f6r de l\u00f6sningar som finns i utbudet.<\/p>\n<\/div>\n\n\n\n<div class=\"wp-block-column is-layout-flow wp-block-column-is-layout-flow\">\n<p class=\"is-style-default\">Som auktoriserat Training Center f\u00f6r ett flertal leverant\u00f6rer kan Infinigate hj\u00e4lpa dig att n\u00e5 certifieringarna som beh\u00f6vs f\u00f6r ditt f\u00f6retag.<\/p>\n\n\n\n<p>Kurslokalen st\u00e5r redo i Uppsala men utbildningar anordnas \u00e4ven online eller p\u00e5 plats ute i landet.<\/p>\n<\/div>\n<\/div>\n\n\n<section class=\"media-content wp-block media-content--left media-content--media-type--image has-gray-25-background-color has-background alignfull\">\r\n    <div class=\"media-content__inner\">\r\n        <div class=\"media-content__content\">\r\n                                <h2 class=\"media-content__heading\">Infinigate hj\u00e4lper till!<\/h2>\r\n            \r\n            \r\n            <h3>Teknisk utbildning<\/h3>\n<p>M\u00e5let med v\u00e5ra tekniska kurser \u00e4r att f\u00f6rse kursdeltagarna med den praktiska kunskapen som beh\u00f6vs vid installation, konfigurering, och probleml\u00f6sning f\u00f6r produkterna som finns i v\u00e5rt utbud.<\/p>\n<h3>S\u00e4ljutbildning<\/h3>\n<p>V\u00e5ra kurser med s\u00e4ljfokus ger en \u00f6verblick av v\u00e5ra leverant\u00f6rers l\u00f6sningar och f\u00f6rklarar licensieringen samtidigt som kursdeltagarna f\u00e5r argumenten som beh\u00f6vs f\u00f6r att kunna s\u00e4lja l\u00f6sningarna.<\/p>\n\r\n                            <div class=\"flex-list\">\r\n                        <a rel=\"noopener\" href=\"mailto:sakerhet@infinigate.se\" target=\"_blank\" class=\"g-button\">\r\n                Kontakta oss            <\/a>\r\n                <\/div>\r\n                    <\/div>\r\n\r\n                    <div class=\"media-content__media\">\r\n                <img loading=\"lazy\" decoding=\"async\" width=\"1200\" height=\"669\" src=\"https:\/\/www.infinigate.com\/se\/wp-content\/uploads\/sites\/24\/2024\/06\/Tjanster_david.jpg\" class=\"attachment-super size-super\" alt=\"Tjanster david\" sizes=\"auto, (max-width: 768px) 100vw, 50vw\" srcset=\"https:\/\/www.infinigate.com\/se\/wp-content\/uploads\/sites\/24\/2024\/06\/Tjanster_david.jpg 1200w, https:\/\/www.infinigate.com\/se\/wp-content\/uploads\/sites\/24\/2024\/06\/Tjanster_david-300x167.jpg 300w, https:\/\/www.infinigate.com\/se\/wp-content\/uploads\/sites\/24\/2024\/06\/Tjanster_david-1024x571.jpg 1024w, https:\/\/www.infinigate.com\/se\/wp-content\/uploads\/sites\/24\/2024\/06\/Tjanster_david-768x428.jpg 768w\" \/>            <\/div>\r\n            <\/div>\r\n<\/section>\r\n\n\n\n<div class=\"wp-block-group alignfull is-horizontal is-nowrap is-layout-flex wp-container-core-group-is-layout-41b81202 wp-block-group-is-layout-flex\">\n<div class=\"wp-block-columns are-vertically-aligned-top is-layout-flex wp-container-core-columns-is-layout-9d6595d7 wp-block-columns-is-layout-flex\">\n<div class=\"wp-block-column is-vertically-aligned-top is-layout-flow wp-block-column-is-layout-flow\">\n<h2 class=\"wp-block-heading wp-block-heading\" id=\"h-sakerhetsskola\">S\u00e4kerhetsskola<\/h2>\n\n\n\n<p>P\u00e5 Infinigates s\u00e4kerhetsskola tar vi p\u00e5 ett okomplicerat s\u00e4tt upp IT-s\u00e4kerhetshoten som finns d\u00e4r ute och ger en \u00f6versikt av var en IT-milj\u00f6 \u00e4r som mest s\u00e5rbar.<\/p>\n\n\n\n<h2 class=\"wp-block-heading wp-block-heading\" id=\"h-workshops-roadshows-och-event\">Workshops, roadshows och event<\/h2>\n\n\n\n<p>Tillsammans med v\u00e5ra leverant\u00f6rer anordnar vi regelbundet workshops, roadshows och andra event f\u00f6r att informera och uppdatera dig och dina kunder om de senaste l\u00f6sningarna.<\/p>\n<\/div>\n\n\n\n<div class=\"wp-block-column is-vertically-aligned-top is-layout-flow wp-block-column-is-layout-flow\">\n<h2 class=\"wp-block-heading wp-block-heading\" id=\"h-skraddarsydda-utbildningar\">Skr\u00e4ddarsydda utbildningar<\/h2>\n\n\n\n<p>F\u00f6retagsutbildning \u00e4r en kostnadseffektiv och flexibel utbildningsl\u00f6sning som \u00e4r l\u00e4mplig n\u00e4r flera personer p\u00e5 f\u00f6retaget beh\u00f6ver g\u00e5 samma utbildning. Planering sker alltid i samarbete med kunder och kan till exempel resultera i standardkurser, anpassade kurser eller skr\u00e4ddarsydda speciall\u00f6sningar. Vi utformar f\u00f6retagsanpassade kurser s\u00e5v\u00e4l i v\u00e5ra lokaler som hos er. Beg\u00e4r g\u00e4rna offert.<\/p>\n<\/div>\n<\/div>\n<\/div>\n\n\n\n<div class=\"wp-block-buttons is-content-justification-center is-layout-flex wp-container-core-buttons-is-layout-16018d1d wp-block-buttons-is-layout-flex\">\n<div class=\"wp-block-button\"><a class=\"wp-block-button__link wp-element-button\" href=\"https:\/\/www.infinigate.com\/se\/events\/\">Till kurskalendern<\/a><\/div>\n<\/div>\n\n\n    <section class=\"links wp-block animate alignwide\">\r\n        <div class=\"links__inner\">\r\n                                <h2 class=\"links__heading has--heading-border\"><p>Till kategori Tj\u00e4nster<\/p>\n<\/h2>\r\n            \r\n            \r\n            <div class=\"links__items\">\r\n                                                            <div class=\"links__item\">\r\n                                <a  href=\"https:\/\/www.infinigate.com\/se\/tjanster\/salj\/\" target=\"\">\r\n                S\u00e4lj            <\/a>\r\n                        <\/div>\r\n                                                                                <div class=\"links__item\">\r\n                                <a  href=\"https:\/\/www.infinigate.com\/se\/tjanster\/support\/\" target=\"\">\r\n                Support            <\/a>\r\n                        <\/div>\r\n                                                                                <div class=\"links__item\">\r\n                                <a  href=\"https:\/\/www.infinigate.com\/se\/tjanster\/marknadsforing\/\" target=\"\">\r\n                Marknadsf\u00f6ring            <\/a>\r\n                        <\/div>\r\n                                                                                <div class=\"links__item\">\r\n                                <a  href=\"https:\/\/www.infinigate.com\/se\/tjanster\/konsulter-support\/\" target=\"\">\r\n                Konsulter &amp; support            <\/a>\r\n                        <\/div>\r\n                                                                                <div class=\"links__item\">\r\n                                <a  href=\"https:\/\/www.infinigate.com\/se\/tjanster\/kundservice\/\" target=\"\">\r\n                Kundservice &#8211; 105%             <\/a>\r\n                        <\/div>\r\n                                                                                    <\/div>\r\n        <\/div>\r\n    <\/section>\r\n\n\n<section class=\"cta-banner wp-block alignfull\">\r\n    <div class=\"cta-banner__inner\">\r\n        <div class=\"cta-banner__content\">\r\n\r\n                                <h2 class=\"cta-banner__heading\"><p>Vill du veta mer om hur vi kan hj\u00e4lpa dig?Kontakta oss s\u00e5 ber\u00e4ttar vi g\u00e4rna mer!<\/p>\n<\/h2>\r\n            \r\n                            <div class=\"cta-banner__subheading\">\r\n                    <p>Kontakta oss s\u00e5 ber\u00e4ttar vi g\u00e4rna mer!<\/p>\n                <\/div>\r\n                    <\/div>\r\n\r\n                    <div class=\"cta-banner__button\">\r\n                    <a  href=\"mailto:sakerhet@infinigate.se\" target=\"\" class=\"g-button g-button--arrow\">\r\n                Kontakta oss            <\/a>\r\n            <\/div>\r\n            <\/div>\r\n\r\n    \r\n\r\n<\/section>\r\n","protected":false},"excerpt":{"rendered":"<p>L\u00e4ra mer om IT-s\u00e4kerhet? Infinigate erbjuder teknik- och s\u00e4ljutbildning f\u00f6r de l\u00f6sningar som finns i utbudet. Som auktoriserat Training Center&hellip;<\/p>\n","protected":false},"author":13,"featured_media":5816,"parent":851,"menu_order":46,"comment_status":"closed","ping_status":"closed","template":"","meta":{"_acf_changed":false,"footnotes":""},"folder":[],"class_list":["post-1729","page","type-page","status-publish","has-post-thumbnail","hentry"],"acf":[],"distributor_meta":false,"distributor_terms":false,"distributor_media":false,"distributor_original_site_name":"Infinigate | Sverige","distributor_original_site_url":"https:\/\/www.infinigate.com\/se","push-errors":false,"_links":{"self":[{"href":"https:\/\/www.infinigate.com\/se\/wp-json\/wp\/v2\/pages\/1729","targetHints":{"allow":["GET"]}}],"collection":[{"href":"https:\/\/www.infinigate.com\/se\/wp-json\/wp\/v2\/pages"}],"about":[{"href":"https:\/\/www.infinigate.com\/se\/wp-json\/wp\/v2\/types\/page"}],"author":[{"embeddable":true,"href":"https:\/\/www.infinigate.com\/se\/wp-json\/wp\/v2\/users\/13"}],"replies":[{"embeddable":true,"href":"https:\/\/www.infinigate.com\/se\/wp-json\/wp\/v2\/comments?post=1729"}],"version-history":[{"count":0,"href":"https:\/\/www.infinigate.com\/se\/wp-json\/wp\/v2\/pages\/1729\/revisions"}],"up":[{"embeddable":true,"href":"https:\/\/www.infinigate.com\/se\/wp-json\/wp\/v2\/pages\/851"}],"wp:featuredmedia":[{"embeddable":true,"href":"https:\/\/www.infinigate.com\/se\/wp-json\/wp\/v2\/media\/5816"}],"wp:attachment":[{"href":"https:\/\/www.infinigate.com\/se\/wp-json\/wp\/v2\/media?parent=1729"}],"wp:term":[{"taxonomy":"folder","embeddable":true,"href":"https:\/\/www.infinigate.com\/se\/wp-json\/wp\/v2\/folder?post=1729"}],"curies":[{"name":"wp","href":"https:\/\/api.w.org\/{rel}","templated":true}]}}