{"id":3741,"date":"2023-12-13T16:26:42","date_gmt":"2023-12-13T16:26:42","guid":{"rendered":"https:\/\/www.infinigate.com\/se\/?page_id=3741"},"modified":"2025-04-08T08:29:45","modified_gmt":"2025-04-08T06:29:45","slug":"support","status":"publish","type":"page","link":"https:\/\/www.infinigate.com\/se\/tjanster\/support\/","title":{"rendered":"Support"},"content":{"rendered":"\n<h2 class=\"wp-block-heading wp-block-heading\" id=\"h-har-du-stott-pa-problem-behover-du-bollplank-kring-it-sakerhet\">Har du st\u00f6tt p\u00e5 problem? Beh\u00f6ver du bollplank kring IT-s\u00e4kerhet?<\/h2>\n\n\n\n<div class=\"wp-block-columns is-layout-flex wp-container-core-columns-is-layout-9d6595d7 wp-block-columns-is-layout-flex\">\n<div class=\"wp-block-column is-layout-flow wp-block-column-is-layout-flow\">\n<p class=\"is-style-large-body\">Infinigates tekniska experter st\u00e5r redo som bollplank f\u00f6r att rekommendera r\u00e4tt l\u00f6sningar.<\/p>\n\n\n\n<p class=\"is-style-default\">De hj\u00e4lper till att bygga upp kompetensen kring nya l\u00f6sningar och st\u00f6ttar som technical presale. Hj\u00e4lp vid installation, konfigurering och n\u00e4r det g\u00e4ller att skapa skr\u00e4ddarsydda l\u00f6sningar.<\/p>\n<\/div>\n\n\n\n<div class=\"wp-block-column is-layout-flow wp-block-column-is-layout-flow\">\n<p><br><br>\u00c4ven n\u00e4r s\u00e4ljprocessen har slutf\u00f6rts \u00e4r det viktigt att kunna erbjuda optimal support till kunderna. I \u00f6ver 90% av fallen kan vi hj\u00e4lpa till att l\u00f6sa problemen utan inblandning av leverant\u00f6ren, vilket betyder snabb hj\u00e4lp.<\/p>\n<\/div>\n<\/div>\n\n\n<section class=\"media-content wp-block media-content--left media-content--media-type--image has-gray-25-background-color has-background alignfull\">\r\n    <div class=\"media-content__inner\">\r\n        <div class=\"media-content__content\">\r\n                                <h2 class=\"media-content__heading\">Infinigate hj\u00e4lper till!<\/h2>\r\n            \r\n            \r\n            <ul>\n<li>Hj\u00e4lp att implementera l\u00f6sningen hos kund<\/li>\n<li>Hj\u00e4lp vid installationen, konfigureringen och n\u00e4r det g\u00e4ller att skapa skr\u00e4ddarsydda l\u00f6sningar<\/li>\n<li>Genom att ta hj\u00e4lp av Infinigates tekniska resurser kan \u00e5terf\u00f6rs\u00e4ljare undvika dyrbara och tidskr\u00e4vande investeringar<\/li>\n<li>Hj\u00e4lp med support\u00e4renden<\/li>\n<li>Vi k\u00e4nner kontaktv\u00e4garna hos leverant\u00f6ren och kan eskalera \u00e4renden hos leverant\u00f6ren i de fall det beh\u00f6vs<\/li>\n<\/ul>\n\r\n                            <div class=\"flex-list\">\r\n                        <a  href=\"mailto:sakerhet@infinigate.se\" target=\"\" class=\"g-button\">\r\n                Kontakta Infinigate            <\/a>\r\n                <\/div>\r\n                    <\/div>\r\n\r\n                    <div class=\"media-content__media\">\r\n                <img loading=\"lazy\" decoding=\"async\" width=\"800\" height=\"479\" src=\"https:\/\/www.infinigate.com\/se\/wp-content\/uploads\/sites\/24\/2024\/06\/Tjej_med_gula_horlurar_800x479px.jpg\" class=\"attachment-super size-super\" alt=\"Tjej med gula horlurar\" sizes=\"auto, (max-width: 768px) 100vw, 50vw\" srcset=\"https:\/\/www.infinigate.com\/se\/wp-content\/uploads\/sites\/24\/2024\/06\/Tjej_med_gula_horlurar_800x479px.jpg 800w, https:\/\/www.infinigate.com\/se\/wp-content\/uploads\/sites\/24\/2024\/06\/Tjej_med_gula_horlurar_800x479px-300x180.jpg 300w, https:\/\/www.infinigate.com\/se\/wp-content\/uploads\/sites\/24\/2024\/06\/Tjej_med_gula_horlurar_800x479px-768x460.jpg 768w\" \/>            <\/div>\r\n            <\/div>\r\n<\/section>\r\n\n\n    <section class=\"links wp-block animate alignwide\">\r\n        <div class=\"links__inner\">\r\n                                <h2 class=\"links__heading has--heading-border\"><p>Till kategori Tj\u00e4nster<\/p>\n<\/h2>\r\n            \r\n            \r\n            <div class=\"links__items\">\r\n                                                            <div class=\"links__item\">\r\n                                <a  href=\"https:\/\/www.infinigate.com\/se\/tjanster\/salj\/\" target=\"\">\r\n                S\u00e4lj            <\/a>\r\n                        <\/div>\r\n                                                                                <div class=\"links__item\">\r\n                                <a  href=\"https:\/\/www.infinigate.com\/se\/tjanster\/marknadsforing\/\" target=\"\">\r\n                Marknadsf\u00f6ring            <\/a>\r\n                        <\/div>\r\n                                                                                <div class=\"links__item\">\r\n                                <a  href=\"https:\/\/www.infinigate.com\/se\/tjanster\/konsulter-support\/\" target=\"\">\r\n                Konsulter            <\/a>\r\n                        <\/div>\r\n                                                                                <div class=\"links__item\">\r\n                                <a  href=\"https:\/\/www.infinigate.com\/se\/tjanster\/kundservice\/\" target=\"\">\r\n                 Kundservice &#8211; 105%             <\/a>\r\n                        <\/div>\r\n                                                                                <div class=\"links__item\">\r\n                                <a  href=\"https:\/\/www.infinigate.com\/se\/tjanster\/utbildning\/\" target=\"\">\r\n                Utbildning            <\/a>\r\n                        <\/div>\r\n                                                                                                                        <\/div>\r\n        <\/div>\r\n    <\/section>\r\n\n\n<section class=\"cta-banner wp-block alignfull\">\r\n    <div class=\"cta-banner__inner\">\r\n        <div class=\"cta-banner__content\">\r\n\r\n                                <h2 class=\"cta-banner__heading\"><p>Vill du veta mer om hur vi kan hj\u00e4lpa dig?<\/p>\n<\/h2>\r\n            \r\n                            <div class=\"cta-banner__subheading\">\r\n                    <p>Kontakta oss s\u00e5 ber\u00e4ttar vi g\u00e4rna mer!<\/p>\n                <\/div>\r\n                    <\/div>\r\n\r\n                    <div class=\"cta-banner__button\">\r\n                    <a  href=\"mailto:sakerhet@infinigate.se\" target=\"\" class=\"g-button g-button--arrow\">\r\n                Kontakta oss            <\/a>\r\n            <\/div>\r\n            <\/div>\r\n\r\n    \r\n\r\n<\/section>\r\n","protected":false},"excerpt":{"rendered":"<p>Har du st\u00f6tt p\u00e5 problem? Beh\u00f6ver du bollplank kring IT-s\u00e4kerhet? Infinigates tekniska experter st\u00e5r redo som bollplank f\u00f6r att rekommendera&hellip;<\/p>\n","protected":false},"author":13,"featured_media":5806,"parent":851,"menu_order":42,"comment_status":"closed","ping_status":"closed","template":"","meta":{"_acf_changed":false,"footnotes":""},"folder":[],"class_list":["post-3741","page","type-page","status-publish","has-post-thumbnail","hentry"],"acf":[],"distributor_meta":false,"distributor_terms":false,"distributor_media":false,"distributor_original_site_name":"Infinigate | Sverige","distributor_original_site_url":"https:\/\/www.infinigate.com\/se","push-errors":false,"_links":{"self":[{"href":"https:\/\/www.infinigate.com\/se\/wp-json\/wp\/v2\/pages\/3741","targetHints":{"allow":["GET"]}}],"collection":[{"href":"https:\/\/www.infinigate.com\/se\/wp-json\/wp\/v2\/pages"}],"about":[{"href":"https:\/\/www.infinigate.com\/se\/wp-json\/wp\/v2\/types\/page"}],"author":[{"embeddable":true,"href":"https:\/\/www.infinigate.com\/se\/wp-json\/wp\/v2\/users\/13"}],"replies":[{"embeddable":true,"href":"https:\/\/www.infinigate.com\/se\/wp-json\/wp\/v2\/comments?post=3741"}],"version-history":[{"count":0,"href":"https:\/\/www.infinigate.com\/se\/wp-json\/wp\/v2\/pages\/3741\/revisions"}],"up":[{"embeddable":true,"href":"https:\/\/www.infinigate.com\/se\/wp-json\/wp\/v2\/pages\/851"}],"wp:featuredmedia":[{"embeddable":true,"href":"https:\/\/www.infinigate.com\/se\/wp-json\/wp\/v2\/media\/5806"}],"wp:attachment":[{"href":"https:\/\/www.infinigate.com\/se\/wp-json\/wp\/v2\/media?parent=3741"}],"wp:term":[{"taxonomy":"folder","embeddable":true,"href":"https:\/\/www.infinigate.com\/se\/wp-json\/wp\/v2\/folder?post=3741"}],"curies":[{"name":"wp","href":"https:\/\/api.w.org\/{rel}","templated":true}]}}