{"id":3901,"date":"2024-03-04T17:52:41","date_gmt":"2024-03-04T17:52:41","guid":{"rendered":"https:\/\/www.infinigate.com\/se\/?page_id=3901"},"modified":"2024-09-04T10:39:18","modified_gmt":"2024-09-04T08:39:18","slug":"id-connect","status":"publish","type":"page","link":"https:\/\/www.infinigate.com\/se\/id-connect\/","title":{"rendered":"Infinigate ID Connect"},"content":{"rendered":"\n<div class=\"wp-block-columns is-layout-flex wp-container-core-columns-is-layout-9d6595d7 wp-block-columns-is-layout-flex\">\n<div class=\"wp-block-column is-layout-flow wp-block-column-is-layout-flow\">\n<h2 class=\"wp-block-heading is-style-border-left wp-block-heading\" id=\"h-infinigates-digitala-samlingsportal\">Infinigates digitala samlingsportal<\/h2>\n\n\n\n<p><\/p>\n\n\n\n<p><\/p>\n\n\n\n<div class=\"wp-block-buttons is-layout-flex wp-block-buttons-is-layout-flex\">\n<div class=\"wp-block-button\"><a class=\"wp-block-button__link wp-element-button\" href=\"https:\/\/idconnect.infinigate.se\" target=\"_blank\" rel=\"noreferrer noopener\">Logga in<\/a><\/div>\n<\/div>\n\n\n\n<p>ID Connect \u00e4r en samlingsportal som sammanf\u00f6r olika portaler, inklusive webshop och MSP-portal. H\u00e4r finner du \u00e4ven detaljerade prislistor f\u00f6r dig som \u00e4r \u00e5terf\u00f6rs\u00e4ljare, viktig orderinformation och tillg\u00e5ng till utbildningar.<\/p>\n\n\n\n<p>Med en enkel inloggning f\u00e5r du \u00e5tkomst till alla Infinigates digitala tj\u00e4nster, vilket g\u00f6r det l\u00e4ttare \u00e4n n\u00e5gonsin att hantera och optimera IT-s\u00e4kerhet fr\u00e5n en enda centraliserad plats.<\/p>\n\n\n\n<div class=\"wp-block-buttons is-layout-flex wp-block-buttons-is-layout-flex\">\n<div class=\"wp-block-button\"><a class=\"wp-block-button__link wp-element-button\" href=\"https:\/\/www.infinigate.com\/se\/id-connect\/infinigate-skapa-konto\/\">Skapa konto<\/a><\/div>\n<\/div>\n<\/div>\n\n\n\n<div class=\"wp-block-column is-layout-flow wp-block-column-is-layout-flow\">\n<figure class=\"wp-block-image size-large is-resized aligncenter is-style-no-rounded-corners-no-drop-shadow\"><img loading=\"lazy\" decoding=\"async\" width=\"241\" height=\"51\" src=\"https:\/\/www.infinigate.com\/se\/wp-content\/uploads\/sites\/24\/2024\/02\/IDconnect-dark.svg\" alt=\"ID Connect logo\" class=\"wp-image-3888\" style=\"object-fit:cover;width:300px;height:61px\" \/><\/figure>\n\n\n\n<p><strong>ID Connect erbjuder:<\/strong><\/p>\n\n\n\n<ul class=\"wp-block-list\">\n<li>S\u00e4lj och oderadmin s\u00e5 att du enkelt kan hantera offerter, ordrar, leveranser med mera.<\/li>\n\n\n\n<li>Infinigates digitala marknadsplats d\u00e4r du hittar v\u00e5r webshop och MSP-portal.<\/li>\n\n\n\n<li>Enkel \u00e5tkomst till v\u00e5ra utbildningar.<\/li>\n\n\n\n<li>Teknisk support<\/li>\n<\/ul>\n<\/div>\n<\/div>\n\n\n    <section style=\"--content-grid--columns: 3;\" class=\"content-grid wp-block animate content-grid--3-columns alignfull\">\r\n        <div class=\"content-grid__inner\">\r\n            \r\n\r\n                                <h2 class=\"content-grid__heading has--heading-border\">F\u00f6rdelar med ID Connect<\/h2>\r\n            \r\n\r\n            \r\n                    \r\n                                                    \r\n                    \r\n                                                                        <div class=\"content-grid__items\">\r\n                                                                            <div class=\"content-grid__item \">\r\n                                                                                            <div class=\"content-grid__item__icon has-background\">\r\n                                                    <div class=\"content-grid__item__icon-inner\">\r\n                                                        <img loading=\"lazy\" decoding=\"async\" width=\"48\" height=\"48\" src=\"https:\/\/www.infinigate.com\/se\/wp-content\/uploads\/sites\/24\/2024\/02\/cloud-service-icon.svg\" class=\"attachment-medium_large size-medium_large\" alt=\"cloud service icon\" \/>                                                    <\/div>\r\n                                                <\/div>\r\n                                            \r\n                                                \r\n                                        \r\n                                                                                        <h3 class=\"content-grid__item__heading\">F\u00f6renkla \u00f6verg\u00e5ngen till MSP<\/h3>\r\n                                        \r\n                                                                        <div class=\" content-grid__item__subheading\">\r\n                                            <p>Med en anpassningsbar och skalbar molnplattform f\u00f6r smidig hantering av din moln- och MSP-verksamhet.<\/p>\n                                <\/div>\r\n                                        \r\n                                        \r\n                        <\/div>\r\n                                                                            <div class=\"content-grid__item \">\r\n                                                                                            <div class=\"content-grid__item__icon has-background\">\r\n                                                    <div class=\"content-grid__item__icon-inner\">\r\n                                                        <img loading=\"lazy\" decoding=\"async\" width=\"48\" height=\"48\" src=\"https:\/\/www.infinigate.com\/se\/wp-content\/uploads\/sites\/24\/2024\/02\/transactions-icon.svg\" class=\"attachment-medium_large size-medium_large\" alt=\"transactions icon\" \/>                                                    <\/div>\r\n                                                <\/div>\r\n                                            \r\n                                                \r\n                                        \r\n                                                                                        <h3 class=\"content-grid__item__heading\">Hantera dina ink\u00f6p &#8211; snabbt och enkelt!<\/h3>\r\n                                        \r\n                                                                        <div class=\" content-grid__item__subheading\">\r\n                                            <p>K\u00f6p och hantera h\u00e5rdvara, mjukvara och tj\u00e4nster snabbt och bekv\u00e4mt \u2013 allt p\u00e5 ett st\u00e4lle.<\/p>\n                                <\/div>\r\n                                        \r\n                                        \r\n                        <\/div>\r\n                                                                            <div class=\"content-grid__item \">\r\n                                                                                            <div class=\"content-grid__item__icon has-background\">\r\n                                                    <div class=\"content-grid__item__icon-inner\">\r\n                                                        <img loading=\"lazy\" decoding=\"async\" width=\"48\" height=\"48\" src=\"https:\/\/www.infinigate.com\/se\/wp-content\/uploads\/sites\/24\/2024\/02\/sales-deals-icon.svg\" class=\"attachment-medium_large size-medium_large\" alt=\"sales deals icon\" \/>                                                    <\/div>\r\n                                                <\/div>\r\n                                            \r\n                                                \r\n                                        \r\n                                                                                        <h3 class=\"content-grid__item__heading\">Snabbare avslut!<\/h3>\r\n                                        \r\n                                                                        <div class=\" content-grid__item__subheading\">\r\n                                            <p>Information om priss\u00e4ttning och lagerniv\u00e5er i realtid g\u00f6r att du snabbt kan avsluta fler aff\u00e4rer.<\/p>\n                                <\/div>\r\n                                        \r\n                                        \r\n                        <\/div>\r\n                                                    <\/div>\r\n                                    <\/div>\r\n    <\/section>\r\n\n\n\n<div class=\"wp-block-cover alignwide\"><span aria-hidden=\"true\" class=\"wp-block-cover__background has-background-dim-0 has-background-dim\"><\/span><img loading=\"lazy\" decoding=\"async\" width=\"800\" height=\"450\" class=\"wp-block-cover__image-background wp-image-1065\" alt=\"decoration\" src=\"https:\/\/www.infinigate.com\/wp-content\/uploads\/2023\/02\/background-texture-2.jpg\" data-object-fit=\"cover\" srcset=\"https:\/\/www.infinigate.com\/se\/wp-content\/uploads\/sites\/24\/2023\/02\/background-texture-2.jpg 800w, https:\/\/www.infinigate.com\/se\/wp-content\/uploads\/sites\/24\/2023\/02\/background-texture-2-300x169.jpg 300w, https:\/\/www.infinigate.com\/se\/wp-content\/uploads\/sites\/24\/2023\/02\/background-texture-2-768x432.jpg 768w\" sizes=\"auto, (max-width: 800px) 100vw, 800px\" \/><div class=\"wp-block-cover__inner-container is-layout-constrained wp-block-cover-is-layout-constrained\">\n<h3 class=\"wp-block-heading has-text-align-center has-white-color has-text-color has-link-color wp-elements-c223bebd424da04638c4aefa6d1beed8\" id=\"h-en-digital-samlingsportal-med-fokus-pa-it-sakerhet-nbsp\">En digital samlingsportal med fokus p\u00e5 IT-s\u00e4kerhet&nbsp;<\/h3>\n\n\n\n<p class=\"has-text-align-center has-coral-color has-text-color has-link-color wp-elements-ed7f2d3c3ef139d556da00253bf2166a\"><strong>Webshop | MSP-portal | Utbildning | Teknisk support<\/strong><\/p>\n\n\n\n<p class=\"has-text-align-center\">\u00c4r du \u00e5terf\u00f6rs\u00e4ljare? Skaffa ditt konto idag!<\/p>\n\n\n\n<div class=\"wp-block-buttons is-content-justification-center is-layout-flex wp-container-core-buttons-is-layout-16018d1d wp-block-buttons-is-layout-flex\">\n<div class=\"wp-block-button\"><a class=\"wp-block-button__link wp-element-button\" href=\"https:\/\/www.infinigate.com\/se\/id-connect\/infinigate-skapa-konto\/\" target=\"_blank\" rel=\"noreferrer noopener\">Skapa konto<\/a><\/div>\n<\/div>\n<\/div><\/div>\n","protected":false},"excerpt":{"rendered":"<p>Infinigates digitala samlingsportal ID Connect \u00e4r en samlingsportal som sammanf\u00f6r olika portaler, inklusive webshop och MSP-portal. H\u00e4r finner du \u00e4ven&hellip;<\/p>\n","protected":false},"author":13,"featured_media":3905,"parent":0,"menu_order":37,"comment_status":"closed","ping_status":"closed","template":"","meta":{"_acf_changed":false,"footnotes":""},"folder":[],"class_list":["post-3901","page","type-page","status-publish","has-post-thumbnail","hentry"],"acf":[],"distributor_meta":false,"distributor_terms":false,"distributor_media":false,"distributor_original_site_name":"Infinigate | Sverige","distributor_original_site_url":"https:\/\/www.infinigate.com\/se","push-errors":false,"_links":{"self":[{"href":"https:\/\/www.infinigate.com\/se\/wp-json\/wp\/v2\/pages\/3901","targetHints":{"allow":["GET"]}}],"collection":[{"href":"https:\/\/www.infinigate.com\/se\/wp-json\/wp\/v2\/pages"}],"about":[{"href":"https:\/\/www.infinigate.com\/se\/wp-json\/wp\/v2\/types\/page"}],"author":[{"embeddable":true,"href":"https:\/\/www.infinigate.com\/se\/wp-json\/wp\/v2\/users\/13"}],"replies":[{"embeddable":true,"href":"https:\/\/www.infinigate.com\/se\/wp-json\/wp\/v2\/comments?post=3901"}],"version-history":[{"count":0,"href":"https:\/\/www.infinigate.com\/se\/wp-json\/wp\/v2\/pages\/3901\/revisions"}],"wp:featuredmedia":[{"embeddable":true,"href":"https:\/\/www.infinigate.com\/se\/wp-json\/wp\/v2\/media\/3905"}],"wp:attachment":[{"href":"https:\/\/www.infinigate.com\/se\/wp-json\/wp\/v2\/media?parent=3901"}],"wp:term":[{"taxonomy":"folder","embeddable":true,"href":"https:\/\/www.infinigate.com\/se\/wp-json\/wp\/v2\/folder?post=3901"}],"curies":[{"name":"wp","href":"https:\/\/api.w.org\/{rel}","templated":true}]}}