{"id":6276,"date":"2024-06-25T19:23:49","date_gmt":"2024-06-25T17:23:49","guid":{"rendered":"https:\/\/www.infinigate.com\/se\/?page_id=6276"},"modified":"2025-09-09T17:14:46","modified_gmt":"2025-09-09T15:14:46","slug":"tips-till-managed-service-providers","status":"publish","type":"page","link":"https:\/\/www.infinigate.com\/se\/tips-till-managed-service-providers\/","title":{"rendered":"Tips till managed service providers"},"content":{"rendered":"\n<div class=\"wp-block-group alignfull has-background is-horizontal is-nowrap is-layout-flex wp-container-core-group-is-layout-41b81202 wp-block-group-is-layout-flex\" style=\"background-color:#f4f4f6\">\n<div class=\"wp-block-columns are-vertically-aligned-center is-layout-flex wp-container-core-columns-is-layout-9d6595d7 wp-block-columns-is-layout-flex\">\n<div class=\"wp-block-column is-vertically-aligned-center is-layout-flow wp-block-column-is-layout-flow\">\n<figure class=\"wp-block-image size-full is-style-no-rounded-corners-no-drop-shadow\"><img loading=\"lazy\" decoding=\"async\" width=\"800\" height=\"550\" src=\"https:\/\/www.infinigate.com\/se\/wp-content\/uploads\/sites\/24\/2024\/06\/Service_Provider_postits.jpg\" alt=\"Service Provider postits\" class=\"wp-image-6271\" srcset=\"https:\/\/www.infinigate.com\/se\/wp-content\/uploads\/sites\/24\/2024\/06\/Service_Provider_postits.jpg 800w, https:\/\/www.infinigate.com\/se\/wp-content\/uploads\/sites\/24\/2024\/06\/Service_Provider_postits-300x206.jpg 300w, https:\/\/www.infinigate.com\/se\/wp-content\/uploads\/sites\/24\/2024\/06\/Service_Provider_postits-768x528.jpg 768w\" sizes=\"auto, (max-width: 800px) 100vw, 800px\" \/><\/figure>\n<\/div>\n\n\n\n<div class=\"wp-block-column is-vertically-aligned-center is-layout-flow wp-block-column-is-layout-flow\">\n<h2 class=\"wp-block-heading wp-block-heading\" id=\"h-definition-av-msp\">Definition av MSP<\/h2>\n\n\n\n<p>Exakt vad som definierar en Managed Service Provider finns inte skrivet i sten, Richard Tubb delar sin \u00e5sikt baserat p\u00e5 m\u00e5nga \u00e5rs erfarenhet. Vad tycker du?<\/p>\n\n\n\n<ol class=\"wp-block-list\">\n<li><strong>24x7x365 \u00f6vervakning och support<\/strong> och att man anv\u00e4nder ett RMM-verktyg (Remote Monitoring &amp; Management) f\u00f6r att kunna utf\u00f6ra effektiv support.<\/li>\n\n\n\n<li><strong>Fast avgift f\u00f6r teknisk support<\/strong> (&#8221;all you can eat&#8221; men oroa dig inte; kunderna vill inte sitta hela dagar i supportsamtal i on\u00f6dan, de har annat f\u00f6r sig.)<\/li>\n\n\n\n<li><strong>Leverant\u00f6rssupport<\/strong> (l\u00e5t inte kunder bli frustrerade genom att h\u00e4nvisa dem till den ena instansen efter den andra)<\/li>\n<\/ol>\n\n\n\n<p>H\u00e5ller du med?<\/p>\n<\/div>\n<\/div>\n<\/div>\n\n\n\n<div class=\"wp-block-group alignfull has-blue-background-color has-background is-horizontal is-nowrap is-layout-flex wp-container-core-group-is-layout-41b81202 wp-block-group-is-layout-flex\">\n<div class=\"wp-block-columns are-vertically-aligned-center is-layout-flex wp-container-core-columns-is-layout-9d6595d7 wp-block-columns-is-layout-flex\">\n<div class=\"wp-block-column is-vertically-aligned-center is-layout-flow wp-block-column-is-layout-flow\">\n<h2 class=\"wp-block-heading wp-block-heading\" id=\"h-5-misstag-att-undvika-som-msp\">5 misstag att undvika som MSP<\/h2>\n\n\n\n<ol class=\"wp-block-list\">\n<li><strong>Att inte dokumentera<\/strong> (detaljer om kundernas n\u00e4tverk, processer, checklistor etc.)<\/li>\n\n\n\n<li><strong>Att inte anv\u00e4nda ett PSA-verktyg<\/strong> (Professional Service Automation verktyg b\u00f6r implementeras tidigt f\u00f6r att h\u00e5lla koll p\u00e5 alla \u00e4renden, tiden som spenderas mm. &#8221;Manage your business based on metrics not on gut feeling.&#8221;)<\/li>\n\n\n\n<li><strong>Att inte fokusera p\u00e5 k\u00e4rnverksamheten<\/strong> (G\u00f6r inte allt! Bygg allianser med kollegor i branschen f\u00f6r att kunna bredda ditt erbjudande mha av samarbeten.)<\/li>\n\n\n\n<li><strong>Att inte ta tillr\u00e4ckligt betalt<\/strong> (arbeta med kunder som respekterar din kunskap och ditt v\u00e4rde)<\/li>\n\n\n\n<li><strong>Att inte be om hj\u00e4lp<\/strong> (omv\u00e4rldsbevaka, var med i user groups, dela best practise och utmaningar)<\/li>\n<\/ol>\n\n\n\n<div class=\"wp-block-buttons is-layout-flex wp-block-buttons-is-layout-flex\">\n<div class=\"wp-block-button\"><a class=\"wp-block-button__link wp-element-button\" href=\"https:\/\/www.tubblog.co.uk\/mspinsights\/\">H\u00e4mta  mer inspiration<\/a><\/div>\n<\/div>\n<\/div>\n\n\n\n<div class=\"wp-block-column is-vertically-aligned-center is-layout-flow wp-block-column-is-layout-flow\">\n<figure class=\"wp-block-image size-full is-style-no-rounded-corners-no-drop-shadow\"><img loading=\"lazy\" decoding=\"async\" width=\"800\" height=\"550\" src=\"https:\/\/www.infinigate.com\/se\/wp-content\/uploads\/sites\/24\/2024\/06\/Tips.jpg\" alt=\"Tips\" class=\"wp-image-6277\" srcset=\"https:\/\/www.infinigate.com\/se\/wp-content\/uploads\/sites\/24\/2024\/06\/Tips.jpg 800w, https:\/\/www.infinigate.com\/se\/wp-content\/uploads\/sites\/24\/2024\/06\/Tips-300x206.jpg 300w, https:\/\/www.infinigate.com\/se\/wp-content\/uploads\/sites\/24\/2024\/06\/Tips-768x528.jpg 768w\" sizes=\"auto, (max-width: 800px) 100vw, 800px\" \/><\/figure>\n<\/div>\n<\/div>\n<\/div>\n\n\n\n<div class=\"wp-block-buttons alignfull is-content-justification-center is-layout-flex wp-container-core-buttons-is-layout-16018d1d wp-block-buttons-is-layout-flex\">\n<div class=\"wp-block-button\"><a class=\"wp-block-button__link wp-element-button\" href=\"mailto:sakerhet@infinigate.se\" target=\"_blank\" rel=\"noreferrer noopener\">Komma ig\u00e5ng med IT-s\u00e4kerhet som tj\u00e4nst?<\/a><\/div>\n<\/div>\n","protected":false},"excerpt":{"rendered":"<p>Definition av MSP Exakt vad som definierar en Managed Service Provider finns inte skrivet i sten, Richard Tubb delar sin&hellip;<\/p>\n","protected":false},"author":13,"featured_media":6277,"parent":0,"menu_order":33,"comment_status":"closed","ping_status":"closed","template":"","meta":{"_acf_changed":false,"footnotes":""},"folder":[],"class_list":["post-6276","page","type-page","status-publish","has-post-thumbnail","hentry"],"acf":[],"distributor_meta":false,"distributor_terms":false,"distributor_media":false,"distributor_original_site_name":"Infinigate | Sverige","distributor_original_site_url":"https:\/\/www.infinigate.com\/se","push-errors":false,"_links":{"self":[{"href":"https:\/\/www.infinigate.com\/se\/wp-json\/wp\/v2\/pages\/6276","targetHints":{"allow":["GET"]}}],"collection":[{"href":"https:\/\/www.infinigate.com\/se\/wp-json\/wp\/v2\/pages"}],"about":[{"href":"https:\/\/www.infinigate.com\/se\/wp-json\/wp\/v2\/types\/page"}],"author":[{"embeddable":true,"href":"https:\/\/www.infinigate.com\/se\/wp-json\/wp\/v2\/users\/13"}],"replies":[{"embeddable":true,"href":"https:\/\/www.infinigate.com\/se\/wp-json\/wp\/v2\/comments?post=6276"}],"version-history":[{"count":0,"href":"https:\/\/www.infinigate.com\/se\/wp-json\/wp\/v2\/pages\/6276\/revisions"}],"wp:featuredmedia":[{"embeddable":true,"href":"https:\/\/www.infinigate.com\/se\/wp-json\/wp\/v2\/media\/6277"}],"wp:attachment":[{"href":"https:\/\/www.infinigate.com\/se\/wp-json\/wp\/v2\/media?parent=6276"}],"wp:term":[{"taxonomy":"folder","embeddable":true,"href":"https:\/\/www.infinigate.com\/se\/wp-json\/wp\/v2\/folder?post=6276"}],"curies":[{"name":"wp","href":"https:\/\/api.w.org\/{rel}","templated":true}]}}