{"id":6399,"date":"2024-06-28T09:25:41","date_gmt":"2024-06-28T07:25:41","guid":{"rendered":"https:\/\/www.infinigate.com\/se\/?page_id=6399"},"modified":"2025-07-22T12:59:52","modified_gmt":"2025-07-22T10:59:52","slug":"om-infinigate","status":"publish","type":"page","link":"https:\/\/www.infinigate.com\/se\/om-infinigate\/","title":{"rendered":"Om Infinigate"},"content":{"rendered":"\n<figure class=\"wp-block-image alignfull size-full is-style-corner-overlay\"><img loading=\"lazy\" decoding=\"async\" width=\"1440\" height=\"510\" src=\"https:\/\/www.infinigate.com\/se\/wp-content\/uploads\/sites\/24\/2024\/09\/om-oss_bild-1.png\" alt=\"\" class=\"wp-image-7494\" srcset=\"https:\/\/www.infinigate.com\/se\/wp-content\/uploads\/sites\/24\/2024\/09\/om-oss_bild-1.png 1440w, https:\/\/www.infinigate.com\/se\/wp-content\/uploads\/sites\/24\/2024\/09\/om-oss_bild-1-300x106.png 300w, https:\/\/www.infinigate.com\/se\/wp-content\/uploads\/sites\/24\/2024\/09\/om-oss_bild-1-1024x363.png 1024w, https:\/\/www.infinigate.com\/se\/wp-content\/uploads\/sites\/24\/2024\/09\/om-oss_bild-1-768x272.png 768w\" sizes=\"auto, (max-width: 1440px) 100vw, 1440px\" \/><\/figure>\n\n\n\n<div class=\"wp-block-columns is-layout-flex wp-container-core-columns-is-layout-9d6595d7 wp-block-columns-is-layout-flex\">\n<div class=\"wp-block-column is-layout-flow wp-block-column-is-layout-flow\">\n<h2 class=\"wp-block-heading has-text-align-center is-style-border-left wp-block-heading\" id=\"h-utmana-oss-att-vaxa-din-it-sakerhetsaffar\">Utmana oss att <strong>v\u00e4xa din IT-s\u00e4kerhetsaff\u00e4r<\/strong><\/h2>\n\n\n\n<p class=\"has-text-align-center\">Infinigate \u00e4r v\u00e4rdeadderande distribut\u00f6r med fokus p\u00e5 kvalitetsprodukter inom IT-s\u00e4kerhet, n\u00e4tverkss\u00e4kerhet och molns\u00e4kerhet.<br>Vi erbjuder support, utbildning och s\u00e4ljst\u00f6d inom dessa omr\u00e5den.<\/p>\n\n\n\n<p class=\"has-text-align-center\">Genom v\u00e5rt agila arbetss\u00e4tt, v\u00e5rt intensiva fokus och h\u00f6ga kompetens har vi under m\u00e5nga \u00e5r hj\u00e4lpt \u00e5terf\u00f6rs\u00e4ljare att n\u00e5 ut med budskap om IT-s\u00e4kerhet s\u00e5 att de framg\u00e5ngsrikt kan hj\u00e4lpa organisationer att f\u00e5 r\u00e4tt skydd mot cyberhot och n\u00e5 tillv\u00e4xt inom s\u00e4kerhet. <br>I Sverige har vi kontor i Uppsala, Stockholm och G\u00f6teborg.<\/p>\n\n\n\n<p class=\"has-text-align-center\"><strong>We spark your growth<\/strong><\/p>\n<\/div>\n<\/div>\n\n\n\n<h2 class=\"wp-block-heading is-style-border-left wp-block-heading\" id=\"h-mot-infinigate\">M\u00f6t Infinigate<\/h2>\n\n\n\n<div class=\"wp-block-columns is-layout-flex wp-container-core-columns-is-layout-9d6595d7 wp-block-columns-is-layout-flex\">\n<div class=\"wp-block-column is-layout-flow wp-block-column-is-layout-flow\">\n<figure class=\"wp-block-embed is-type-video is-provider-youtube wp-block-embed-youtube wp-embed-aspect-16-9 wp-has-aspect-ratio\"><div class=\"wp-block-embed__wrapper\">\n<iframe loading=\"lazy\" title=\"M\u00f6t Infinigate Sverige AB - din v\u00e4rdeadderande IT-s\u00e4kerhetsdistribut\u00f6r\" width=\"500\" height=\"281\" src=\"https:\/\/www.youtube.com\/embed\/3KjfUfwe_8M?feature=oembed\" frameborder=\"0\" allow=\"accelerometer; autoplay; clipboard-write; encrypted-media; gyroscope; picture-in-picture; web-share\" referrerpolicy=\"strict-origin-when-cross-origin\" allowfullscreen><\/iframe>\n<\/div><\/figure>\n<\/div>\n\n\n\n<div class=\"wp-block-column is-layout-flow wp-block-column-is-layout-flow\">\n<p class=\"has-text-align-center\">Beh\u00f6ver du en wingmate p\u00e5 ditt kundbes\u00f6k, en st\u00f6ttepelare vid support\u00e4renden och grym logistik? Hade marknadsst\u00f6d f\u00f6r fler leads och mer awareness varit toppen? T\u00e4nker du \u2013 precis som vi \u2013 att bra service \u00e4r s\u00e5 mycket mer \u00e4n \u201dbara\u201d pris &amp; artikelnummer?<\/p>\n\n\n\n<p class=\"has-text-align-center\">Infinigate \u00e4r distribut\u00f6r med fokus p\u00e5 s\u00e4kerhet. V\u00e5rt m\u00e5l \u00e4r att hj\u00e4lpa IT-\u00e5terf\u00f6rs\u00e4ljare n\u00e5 tillv\u00e4xt. Vi blir starka av att hitta aktiviteter som bidrar till v\u00e5ra kunders aff\u00e4rer. Infinigate \u00e4r ett v\u00e4letablerat f\u00f6retag som byggt stabila och l\u00e5ngsiktiga relationer med \u00e5terf\u00f6rs\u00e4ljare, kunder och leverant\u00f6rer i snart tre decennier. Medarbetarnas breda kompetens och stora engagemang tillh\u00f6r v\u00e5ra fr\u00e4msta framg\u00e5ngsfaktorer.<br> <br>Lite <strong>MER<\/strong>, lite <strong>B\u00c4TTRE<\/strong>, lite <strong>SNABBARE<\/strong> \u00e4r v\u00e5rt servicemotto.<\/p>\n<\/div>\n<\/div>\n\n\n\n<div class=\"wp-block-buttons alignwide is-content-justification-center is-layout-flex wp-container-core-buttons-is-layout-16018d1d wp-block-buttons-is-layout-flex\">\n<div class=\"wp-block-button\"><a class=\"wp-block-button__link wp-element-button\" href=\"mailto:sakerhet@infinigate.se\" target=\"_blank\" rel=\"noreferrer noopener\">Boka m\u00f6te med Infinigate<\/a><\/div>\n<\/div>\n\n\n\n<h2 class=\"wp-block-heading alignwide is-style-border-left wp-block-heading\" id=\"h-din-framgang-ar-var-framgang\">Din framg\u00e5ng \u00e4r v\u00e5r framg\u00e5ng<\/h2>\n\n\n\n<div class=\"wp-block-columns is-layout-flex wp-container-core-columns-is-layout-9d6595d7 wp-block-columns-is-layout-flex\">\n<div class=\"wp-block-column is-layout-flow wp-block-column-is-layout-flow\">\n<p class=\"has-text-align-left is-style-large-body has-coral-color has-text-color\"><strong style=\"font-size: 2em\">25+<\/strong><\/p>\n\n\n\n<p class=\"has-text-align-left has-blue-color has-text-color\"><strong>\u00e5rs erfarenhet<\/strong><\/p>\n<\/div>\n\n\n\n<div class=\"wp-block-column is-layout-flow wp-block-column-is-layout-flow\">\n<p class=\"has-text-align-left is-style-large-body has-coral-color has-text-color\"><strong style=\"font-size: 2em\">\u20ac2.7bn<\/strong><\/p>\n\n\n\n<p class=\"has-text-align-left has-blue-color has-text-color\"><strong>F25 Int\u00e4kter<\/strong><\/p>\n<\/div>\n\n\n\n<div class=\"wp-block-column is-layout-flow wp-block-column-is-layout-flow\">\n<p class=\"has-text-align-left is-style-large-body has-coral-color has-text-color\"><strong style=\"font-size: 2em\">25%<\/strong><\/p>\n\n\n\n<p class=\"has-text-align-left has-blue-color has-text-color\"><strong>Sammanlagd \u00e5rlig tillv\u00e4xttakt<\/strong><\/p>\n<\/div>\n\n\n\n<div class=\"wp-block-column has-white-background-color has-background is-layout-flow wp-block-column-is-layout-flow\">\n<p class=\"has-text-align-left is-style-large-body has-coral-color has-text-color\"><strong style=\"font-size: 2em\">\u20ac5bn<\/strong><\/p>\n\n\n\n<p class=\"has-text-align-left has-blue-color has-text-color\"><strong>F\u00f6rv\u00e4ntad oms\u00e4ttning till 27\/28<\/strong><\/p>\n<\/div>\n<\/div>\n\n\n    <section class=\"content-slider wp-block animate type--testimonials content-slider--type--testimonials content-slider--single-item alignfull\">\r\n        <div class=\"content-slider__inner\">\r\n            <div class=\"content-slider__slider slider slider--no-header\" id=\"slider-1\">\n    \n            <div class=\"slider__header\">\n            \n            \n            \n        <\/div>\n    \n    \n    <div class=\"slider__items\">\n                    <div class=\"slider__item \" id=\"slider-1-item-0\" tabindex=\"-1\">\n                                                    \n                                            <article class=\"testimonial testimonial--testimonials has-white-background-color has-background\">\r\n    \r\n            <div class=\"testimonial__inner\">\r\n                                    <svg xmlns=\"http:\/\/www.w3.org\/2000\/svg\" viewBox=\"0 0 43 33\" fill=\"none\" id=\"svg-2\" role=\"img\" aria-hidden=\"true\" width=\"43\" height=\"33\" class=\"testimonial__icon\"><path d=\"M42.201 2.82c0 1.32-.955 2.5-2.293 2.735-2.008.377-3.968 1.226-5.88 2.593-2.629 1.84-3.967 4.103-3.967 6.79 0 2.453 2.342 2.359 4.206 2.17 6.596-.707 10.994 6.271 7.505 11.883-3.346 5.376-11.759 5.14-15.583.519-5.497-6.649-3.584-18.721 2.534-24.38C31.638 2.444 35.032.793 38.952.086c1.672-.33 3.25 1.038 3.25 2.735Zm-22.942 0c0 1.32-.956 2.5-2.295 2.735-2.007.377-3.967 1.226-5.879 2.593-2.629 1.84-3.968 4.103-3.968 6.79 0 2.453 2.342 2.359 4.207 2.17 6.596-.707 10.994 6.271 7.504 11.883-3.345 5.376-11.758 5.14-15.582.519-5.497-6.697-3.585-18.768 2.533-24.426C8.695 2.395 12.09.744 16.01.037c1.672-.283 3.25 1.085 3.25 2.783Z\" fill=\"currentColor\"\/><\/svg>                                                    <div class=\"testimonial__header\">\r\n                                                        <h2 class=\"testimonial__heading\">We are large and ambitious enough to offer the very best industry solutions and total EMEA coverage, and small enough to care.<\/h2>\r\n                                            <\/div>\r\n                \r\n                            <\/div>\r\n            <\/article>\r\n                    \n                            <\/div>\n            <\/div>\n\n\n<\/div>\n        <\/div>\r\n    <\/section>\r\n\n\n\n<h2 class=\"wp-block-heading is-style-border-left wp-block-heading\" id=\"h-about-the-group\">About the Group<\/h2>\n\n\n\n<div class=\"wp-block-columns is-layout-flex wp-container-core-columns-is-layout-9d6595d7 wp-block-columns-is-layout-flex\">\n<div class=\"wp-block-column is-layout-flow wp-block-column-is-layout-flow\">\n<figure class=\"wp-block-embed is-type-video is-provider-youtube wp-block-embed-youtube wp-embed-aspect-16-9 wp-has-aspect-ratio\"><div class=\"wp-block-embed__wrapper\">\n<iframe loading=\"lazy\" title=\"We are Infinigate  - A Cybersecurity Distribution Powerhouse\" width=\"500\" height=\"281\" src=\"https:\/\/www.youtube.com\/embed\/3k2pr97wH9w?feature=oembed\" frameborder=\"0\" allow=\"accelerometer; autoplay; clipboard-write; encrypted-media; gyroscope; picture-in-picture; web-share\" referrerpolicy=\"strict-origin-when-cross-origin\" allowfullscreen><\/iframe>\n<\/div><\/figure>\n<\/div>\n\n\n\n<div class=\"wp-block-column is-layout-flow wp-block-column-is-layout-flow\">\n<p class=\"has-text-align-center\">Infinigate Group has more than 1250 employees covering operations in over 100 countries. Thanks to dedicated focus, cutting edge skills and service beyond what is expected&nbsp;Infinigate has established a market leading position as a value adding distributor and is a trusted advisor in Cybersecurity, Cloud &amp; Network Infrastructure.<br><br>During 2022 the Infinigate Group aquired&nbsp;Nuvias Group&#8217;s&nbsp;entities within cybersecurity and secure networking in Europe and the cloud distributor&nbsp;Vuzion&nbsp;in UK along with&nbsp;StarLink, a VAD gigant in middle east. In 2024 Infinigate announced strategic investment in fast-growing IT distributor Wavelink covering Australia and New Zealand.<\/p>\n<\/div>\n<\/div>\n\n\n\n<div class=\"wp-block-buttons alignwide is-content-justification-center is-layout-flex wp-container-core-buttons-is-layout-16018d1d wp-block-buttons-is-layout-flex\">\n<div class=\"wp-block-button\"><a class=\"wp-block-button__link has-text-align-center wp-element-button\" href=\"https:\/\/www.infinigate.com\">To Infinigate Group website<\/a><\/div>\n<\/div>\n","protected":false},"excerpt":{"rendered":"<p>Utmana oss att v\u00e4xa din IT-s\u00e4kerhetsaff\u00e4r Infinigate \u00e4r v\u00e4rdeadderande distribut\u00f6r med fokus p\u00e5 kvalitetsprodukter inom IT-s\u00e4kerhet, n\u00e4tverkss\u00e4kerhet och molns\u00e4kerhet.Vi erbjuder&hellip;<\/p>\n","protected":false},"author":68,"featured_media":1955,"parent":0,"menu_order":70,"comment_status":"closed","ping_status":"closed","template":"","meta":{"_acf_changed":false,"footnotes":""},"folder":[],"class_list":["post-6399","page","type-page","status-publish","has-post-thumbnail","hentry"],"acf":[],"distributor_meta":false,"distributor_terms":false,"distributor_media":false,"distributor_original_site_name":"Infinigate | Sverige","distributor_original_site_url":"https:\/\/www.infinigate.com\/se","push-errors":false,"_links":{"self":[{"href":"https:\/\/www.infinigate.com\/se\/wp-json\/wp\/v2\/pages\/6399","targetHints":{"allow":["GET"]}}],"collection":[{"href":"https:\/\/www.infinigate.com\/se\/wp-json\/wp\/v2\/pages"}],"about":[{"href":"https:\/\/www.infinigate.com\/se\/wp-json\/wp\/v2\/types\/page"}],"author":[{"embeddable":true,"href":"https:\/\/www.infinigate.com\/se\/wp-json\/wp\/v2\/users\/68"}],"replies":[{"embeddable":true,"href":"https:\/\/www.infinigate.com\/se\/wp-json\/wp\/v2\/comments?post=6399"}],"version-history":[{"count":0,"href":"https:\/\/www.infinigate.com\/se\/wp-json\/wp\/v2\/pages\/6399\/revisions"}],"wp:featuredmedia":[{"embeddable":true,"href":"https:\/\/www.infinigate.com\/se\/wp-json\/wp\/v2\/media\/1955"}],"wp:attachment":[{"href":"https:\/\/www.infinigate.com\/se\/wp-json\/wp\/v2\/media?parent=6399"}],"wp:term":[{"taxonomy":"folder","embeddable":true,"href":"https:\/\/www.infinigate.com\/se\/wp-json\/wp\/v2\/folder?post=6399"}],"curies":[{"name":"wp","href":"https:\/\/api.w.org\/{rel}","templated":true}]}}