{"id":7168,"date":"2024-08-22T23:01:43","date_gmt":"2024-08-22T21:01:43","guid":{"rendered":"https:\/\/www.infinigate.com\/se\/?page_id=7168"},"modified":"2024-10-24T11:56:51","modified_gmt":"2024-10-24T09:56:51","slug":"linkoping","status":"publish","type":"page","link":"https:\/\/www.infinigate.com\/se\/linkoping\/","title":{"rendered":"Link\u00f6ping"},"content":{"rendered":"\n<p><\/p>\n\n\n\n<h3 class=\"wp-block-heading alignwide is-style-border-left has-black-color has-text-color has-link-color wp-elements-25ea3d38fab81823e0e2ddc54095d45c\" id=\"h-cyberconnect-city-tour\"><strong>CyberConnect City tour<\/strong><\/h3>\n\n\n\n<div class=\"wp-block-columns is-layout-flex wp-container-core-columns-is-layout-9d6595d7 wp-block-columns-is-layout-flex\">\n<div class=\"wp-block-column is-layout-flow wp-block-column-is-layout-flow\">\n<p>Den 20-21 november \u00e4r Infinigate i Link\u00f6ping med omnejd f\u00f6r att prata IT-s\u00e4kerhet och h\u00f6ra hur vi kan hj\u00e4lpa dig att st\u00e4rka er position p\u00e5 s\u00e4kerhetsmarknaden. N\u00e4r vi \u00e4r p\u00e5 plats passar vi p\u00e5 att utforska omgivningarna. Vi spanar in det ber\u00f6mda flygplansmuseet och hejar fram det lokala hockeylaget.<\/p>\n\n\n\n<p>V\u00e4lkommen att delta och n\u00e4tverka kring IT-s\u00e4kerhet med Infinigate och kollegor i branschen!<\/p>\n<\/div>\n\n\n\n<div class=\"wp-block-column is-layout-flow wp-block-column-is-layout-flow\">\n<figure class=\"wp-block-embed is-type-video is-provider-youtube wp-block-embed-youtube wp-embed-aspect-4-3 wp-has-aspect-ratio\"><div class=\"wp-block-embed__wrapper\">\n<iframe loading=\"lazy\" title=\"CyberConnect City tour Link\u00f6ping\" width=\"422\" height=\"750\" src=\"https:\/\/www.youtube.com\/embed\/P3vU0D9BSq0?feature=oembed\" frameborder=\"0\" allow=\"accelerometer; autoplay; clipboard-write; encrypted-media; gyroscope; picture-in-picture; web-share\" referrerpolicy=\"strict-origin-when-cross-origin\" allowfullscreen><\/iframe>\n<\/div><\/figure>\n<\/div>\n<\/div>\n\n\n\n<div class=\"wp-block-columns is-layout-flex wp-container-core-columns-is-layout-9d6595d7 wp-block-columns-is-layout-flex\">\n<div class=\"wp-block-column is-layout-flow wp-block-column-is-layout-flow\">\n<h2 class=\"wp-block-heading is-style-default wp-block-heading\" id=\"h-hang-med-oss\">H\u00e4ng med oss!<\/h2>\n\n\n    <section class=\"cards wp-block animate cards--columns-2 cards--type--default alignwide\">\n        <div class=\"cards__inner\">\n            \n            <div class=\"cards__items\">\n                \n                \n                <article class=\"g-card animate-element has-white-background-color has-background has-image has-link g-card--type--custom\">\r\n        <div class=\"g-card__inner\">\r\n                \r\n\r\n                                        <div class=\"g-card__header\">\r\n                    \r\n\r\n                        <h2 class=\"g-card__heading\">    <a rel=\"noopener\" href=\"https:\/\/app.emarketeer.com\/ext\/form\/entry.php?m=386796a9fecd90efae82aaf6847b9119091fb47&#038;Origin=Direct\" target=\"_blank\">\r\n                Flygplansmuesum 20\/11            <\/a>\r\n<\/h2>\r\n                    \r\n                                            <div class=\"g-card__content\">\r\n                            <p>Testa Gripen i flygsimulator den 20\/11 kl.11:30-14:00 inklusive lunch.<\/p>\n                        <\/div>\r\n                    \r\n                    \r\n                                    <\/div>\r\n            \r\n            \r\n            \r\n            \r\n\r\n\r\n\r\n            \r\n                <a rel=\"noopener\" href=\"https:\/\/app.emarketeer.com\/ext\/form\/entry.php?m=386796a9fecd90efae82aaf6847b9119091fb47&#038;Origin=Direct\" target=\"_blank\" class=\"g-button--arrow g-card__read-more\">\r\n                Intresseanm\u00e4lan            <\/a>\r\n\r\n                <\/div>\r\n    \r\n            <div class=\"g-card__image\">\r\n                        <div class=\"g-card__image-inner img-fit\">\r\n                <img loading=\"lazy\" decoding=\"async\" width=\"768\" height=\"433\" src=\"https:\/\/www.infinigate.com\/se\/wp-content\/uploads\/sites\/24\/2024\/08\/Simulator_flyg_bild-768x433.jpg\" class=\"attachment-medium_large size-medium_large\" alt=\"\" srcset=\"https:\/\/www.infinigate.com\/se\/wp-content\/uploads\/sites\/24\/2024\/08\/Simulator_flyg_bild-768x433.jpg 768w, https:\/\/www.infinigate.com\/se\/wp-content\/uploads\/sites\/24\/2024\/08\/Simulator_flyg_bild-300x169.jpg 300w, https:\/\/www.infinigate.com\/se\/wp-content\/uploads\/sites\/24\/2024\/08\/Simulator_flyg_bild-1024x577.jpg 1024w, https:\/\/www.infinigate.com\/se\/wp-content\/uploads\/sites\/24\/2024\/08\/Simulator_flyg_bild.jpg 1536w\" sizes=\"auto, (max-width: 768px) 100vw, 768px\" \/>            <\/div>\r\n            \r\n                    <\/div>\r\n    \r\n    <\/article>\r\n<article class=\"g-card animate-element has-white-background-color has-background has-image has-link g-card--type--custom\">\r\n        <div class=\"g-card__inner\">\r\n                \r\n\r\n                                        <div class=\"g-card__header\">\r\n                    \r\n\r\n                        <h2 class=\"g-card__heading\">    <a rel=\"noopener\" href=\"https:\/\/app.emarketeer.com\/ext\/form\/entry.php?m=386793af3db52a92a8ba69fe3115a4e15d36b6d&#038;Origin=Direct\" target=\"_blank\">\r\n                Hockeymatch 21\/11            <\/a>\r\n<\/h2>\r\n                    \r\n                                            <div class=\"g-card__content\">\r\n                            <p>Hockey, Saab arena, Link\u00f6ping- Leksand inklusive middag 17:30-21:00 den 21\/11.<\/p>\n                        <\/div>\r\n                    \r\n                    \r\n                                    <\/div>\r\n            \r\n            \r\n            \r\n            \r\n\r\n\r\n\r\n            \r\n                <a rel=\"noopener\" href=\"https:\/\/app.emarketeer.com\/ext\/form\/entry.php?m=386793af3db52a92a8ba69fe3115a4e15d36b6d&#038;Origin=Direct\" target=\"_blank\" class=\"g-button--arrow g-card__read-more\">\r\n                Intresseanm\u00e4lan            <\/a>\r\n\r\n                <\/div>\r\n    \r\n            <div class=\"g-card__image\">\r\n                        <div class=\"g-card__image-inner img-fit\">\r\n                <img loading=\"lazy\" decoding=\"async\" width=\"768\" height=\"768\" src=\"https:\/\/www.infinigate.com\/se\/wp-content\/uploads\/sites\/24\/2024\/08\/Linkoping_hockey-768x768.jpg\" class=\"attachment-medium_large size-medium_large\" alt=\"\" srcset=\"https:\/\/www.infinigate.com\/se\/wp-content\/uploads\/sites\/24\/2024\/08\/Linkoping_hockey-768x768.jpg 768w, https:\/\/www.infinigate.com\/se\/wp-content\/uploads\/sites\/24\/2024\/08\/Linkoping_hockey-300x300.jpg 300w, https:\/\/www.infinigate.com\/se\/wp-content\/uploads\/sites\/24\/2024\/08\/Linkoping_hockey-1024x1024.jpg 1024w, https:\/\/www.infinigate.com\/se\/wp-content\/uploads\/sites\/24\/2024\/08\/Linkoping_hockey-150x150.jpg 150w, https:\/\/www.infinigate.com\/se\/wp-content\/uploads\/sites\/24\/2024\/08\/Linkoping_hockey-1536x1536.jpg 1536w, https:\/\/www.infinigate.com\/se\/wp-content\/uploads\/sites\/24\/2024\/08\/Linkoping_hockey-2048x2048.jpg 2048w, https:\/\/www.infinigate.com\/se\/wp-content\/uploads\/sites\/24\/2024\/08\/Linkoping_hockey-900x900.jpg 900w\" sizes=\"auto, (max-width: 768px) 100vw, 768px\" \/>            <\/div>\r\n            \r\n                    <\/div>\r\n    \r\n    <\/article>\r\n            <\/div>\n\n            \n                <\/section>\n<\/div>\n<\/div>\n\n\n\n<div class=\"wp-block-buttons alignwide is-content-justification-center is-layout-flex wp-container-core-buttons-is-layout-51f7783f wp-block-buttons-is-layout-flex\">\n<div class=\"wp-block-button is-style-is-secondary\"><a class=\"wp-block-button__link has-text-align-center wp-element-button\" href=\"https:\/\/www.infinigate.com\/se\/cyberconnect-city-tour\/\">Tillbaka till CyberConnect City tour<\/a><\/div>\n<\/div>\n\n\n\n<p><\/p>\n\n\n\n<p><\/p>\n\n\n\n<h2 class=\"wp-block-heading is-style-border-left wp-block-heading\" id=\"h-om-infinigate\"><strong>Om Infinigate <\/strong><\/h2>\n\n\n\n<p>Infinigate \u00e4r distribut\u00f6r med fokus p\u00e5 IT-s\u00e4kerhet. F\u00f6r de leverant\u00f6rer som finns i v\u00e5r portf\u00f6lj erbjuder vi kvalificerad support, utbildning, marknad- och s\u00e4ljst\u00f6d. Vi hj\u00e4lper dig, som \u00e4r \u00e5terf\u00f6rs\u00e4ljare, utveckla din s\u00e4kerhetsaff\u00e4r. Du som vill veta mer om IT-s\u00e4kerhet och inte \u00e4r IT-\u00e5terf\u00f6rs\u00e4ljare \u00e4r ocks\u00e5 v\u00e4lkommen att kontakta Infinigate.<\/p>\n\n\n\n<p>Vi ger g\u00e4rna r\u00e5d och tips kring IT-s\u00e4kerhet!<\/p>\n\n\n\n<div class=\"wp-block-buttons is-layout-flex wp-block-buttons-is-layout-flex\">\n<div class=\"wp-block-button\"><a class=\"wp-block-button__link wp-element-button\" href=\"mailto:sakerhet@infinigate.se\">Kontakta oss<\/a><\/div>\n<\/div>\n\n\n\n<p><\/p>\n","protected":false},"excerpt":{"rendered":"<p>CyberConnect City tour Den 20-21 november \u00e4r Infinigate i Link\u00f6ping med omnejd f\u00f6r att prata IT-s\u00e4kerhet och h\u00f6ra hur vi&hellip;<\/p>\n","protected":false},"author":68,"featured_media":7394,"parent":0,"menu_order":0,"comment_status":"closed","ping_status":"closed","template":"","meta":{"_acf_changed":false,"footnotes":""},"folder":[215],"class_list":["post-7168","page","type-page","status-publish","has-post-thumbnail","hentry"],"acf":[],"distributor_meta":false,"distributor_terms":false,"distributor_media":false,"distributor_original_site_name":"Infinigate | Sverige","distributor_original_site_url":"https:\/\/www.infinigate.com\/se","push-errors":false,"_links":{"self":[{"href":"https:\/\/www.infinigate.com\/se\/wp-json\/wp\/v2\/pages\/7168","targetHints":{"allow":["GET"]}}],"collection":[{"href":"https:\/\/www.infinigate.com\/se\/wp-json\/wp\/v2\/pages"}],"about":[{"href":"https:\/\/www.infinigate.com\/se\/wp-json\/wp\/v2\/types\/page"}],"author":[{"embeddable":true,"href":"https:\/\/www.infinigate.com\/se\/wp-json\/wp\/v2\/users\/68"}],"replies":[{"embeddable":true,"href":"https:\/\/www.infinigate.com\/se\/wp-json\/wp\/v2\/comments?post=7168"}],"version-history":[{"count":0,"href":"https:\/\/www.infinigate.com\/se\/wp-json\/wp\/v2\/pages\/7168\/revisions"}],"wp:featuredmedia":[{"embeddable":true,"href":"https:\/\/www.infinigate.com\/se\/wp-json\/wp\/v2\/media\/7394"}],"wp:attachment":[{"href":"https:\/\/www.infinigate.com\/se\/wp-json\/wp\/v2\/media?parent=7168"}],"wp:term":[{"taxonomy":"folder","embeddable":true,"href":"https:\/\/www.infinigate.com\/se\/wp-json\/wp\/v2\/folder?post=7168"}],"curies":[{"name":"wp","href":"https:\/\/api.w.org\/{rel}","templated":true}]}}