{"id":8550,"date":"2024-10-24T11:17:13","date_gmt":"2024-10-24T09:17:13","guid":{"rendered":"https:\/\/www.infinigate.com\/se\/?page_id=8550"},"modified":"2024-10-24T20:50:08","modified_gmt":"2024-10-24T18:50:08","slug":"nis2-direktivet-for-ot","status":"publish","type":"page","link":"https:\/\/www.infinigate.com\/se\/nis2-direktivet-for-ot\/","title":{"rendered":"Webinar:NIS2 direktivet f\u00f6r OT"},"content":{"rendered":"\n<div class=\"wp-block-columns is-layout-flex wp-container-core-columns-is-layout-9d6595d7 wp-block-columns-is-layout-flex\">\n<div class=\"wp-block-column is-layout-flow wp-block-column-is-layout-flow\">\n<h2 class=\"wp-block-heading is-style-border-left wp-block-heading\" id=\"h-nis2-direktivet-sa-skyddar-du-din-ot-miljo-och-uppfyller-cybersakerhetskraven\">NIS2-direktivet: S\u00e5 skyddar du din <strong>OT-milj\u00f6<\/strong> och uppfyller cybers\u00e4kerhetskraven<\/h2>\n\n\n\n<p>NIS2-direktivet syftar till att uppn\u00e5 en h\u00f6g gemensam cybers\u00e4kerhetsniv\u00e5 i hela EU. Direktivet inneb\u00e4r \u00f6kade krav p\u00e5 cybers\u00e4kerhet och incidenthantering f\u00f6r verksamheter som anses kritiska f\u00f6r samh\u00e4llets funktion. I detta webinar djupdyker vi i vad NIS2 inneb\u00e4r specifikt f\u00f6r OT-verksamheter med produktionsmilj\u00f6er som beh\u00f6ver s\u00e4kerhet som \u00e4r specialbyggd f\u00f6r \u00e4ndam\u00e5let. Vi diskuterar vikten av att ha en helhetssyn och kontinuitet kring s\u00e4kerheten f\u00f6r att slippa hamna i en sits d\u00e4r det blir en (budget)kamp mellan IT- och OT-s\u00e4kerhet.<\/p>\n\n\n\n<p>S\u00e4kerhetsf\u00f6retaget <strong>Armis<\/strong> visar vikten av att ha koll p\u00e5 alla managerade och omanagerade enheter , OT-s\u00e4kerhetsf\u00f6retaget <strong>TXOne<\/strong> delar expertis och ger konkreta tips f\u00f6r hur du kan skydda din OT-milj\u00f6 och <strong>Seadot<\/strong>, specialist inom cybers\u00e4kerhet och regelefterlevnad, delar r\u00e5d och erfarenheter f\u00f6r att effektivt m\u00f6ta aff\u00e4rsrisker som st\u00e4lls med kommande lagkrav runt NIS2.<\/p>\n\n\n\n<p>Webinaret \u00e4r kostnadsfritt och riktar sig till dig som vill veta mer om NIS2 relevans f\u00f6r samh\u00e4llskritiska OT-verksamheter som till exempel matproduktion, elf\u00f6rs\u00f6rjning, l\u00e4kemedelsindustri eller annan verksamhet i produktionsmilj\u00f6er.<\/p>\n\n\n\n<div class=\"wp-block-buttons is-layout-flex wp-block-buttons-is-layout-flex\">\n<div class=\"wp-block-button\"><a class=\"wp-block-button__link wp-element-button\" href=\"https:\/\/register.gotowebinar.com\/register\/2926004293961378399\">Registrera dig<\/a><\/div>\n<\/div>\n<\/div>\n<\/div>\n\n\n\n<h2 class=\"wp-block-heading is-style-border-left wp-block-heading\" id=\"h-vi-som-presenterar\">Vi som presenterar<\/h2>\n\n\n\n<div class=\"wp-block-columns is-layout-flex wp-container-core-columns-is-layout-9d6595d7 wp-block-columns-is-layout-flex\">\n<div class=\"wp-block-column is-layout-flow wp-block-column-is-layout-flow\">\n<div class=\"wp-block-group is-vertical is-layout-flex wp-container-core-group-is-layout-8cf370e7 wp-block-group-is-layout-flex\">\n<figure class=\"wp-block-image size-full\"><img loading=\"lazy\" decoding=\"async\" width=\"400\" height=\"400\" src=\"https:\/\/www.infinigate.com\/se\/wp-content\/uploads\/sites\/24\/2024\/10\/Hampus_armis_400x400.png\" alt=\"\" class=\"wp-image-8499\" style=\"object-fit:cover\" srcset=\"https:\/\/www.infinigate.com\/se\/wp-content\/uploads\/sites\/24\/2024\/10\/Hampus_armis_400x400.png 400w, https:\/\/www.infinigate.com\/se\/wp-content\/uploads\/sites\/24\/2024\/10\/Hampus_armis_400x400-300x300.png 300w, https:\/\/www.infinigate.com\/se\/wp-content\/uploads\/sites\/24\/2024\/10\/Hampus_armis_400x400-150x150.png 150w\" sizes=\"auto, (max-width: 400px) 100vw, 400px\" \/><\/figure>\n\n\n\n<h4 class=\"wp-block-heading is-style-border-left wp-block-heading\" id=\"h-hampus-hedvall\">Hampus Hedvall<\/h4>\n\n\n\n<p>Hampus har \u00f6ver<em> <\/em>10 \u00e5rs erfarenhet inom IT-s\u00e4kerhet och \u00e4r idag Senior Solution Architect p\u00e5 Armis, d\u00e4r han arbetar med IT-s\u00e4kerhet och n\u00e4tverksl\u00f6sningar.<\/p>\n<\/div>\n<\/div>\n\n\n\n<div class=\"wp-block-column is-layout-flow wp-block-column-is-layout-flow\">\n<div class=\"wp-block-group is-vertical is-layout-flex wp-container-core-group-is-layout-8cf370e7 wp-block-group-is-layout-flex\">\n<figure class=\"wp-block-image size-full\"><img loading=\"lazy\" decoding=\"async\" width=\"400\" height=\"400\" src=\"https:\/\/www.infinigate.com\/se\/wp-content\/uploads\/sites\/24\/2024\/10\/Bjorn-Sjoholm_400x400.png\" alt=\"\" class=\"wp-image-8588\" srcset=\"https:\/\/www.infinigate.com\/se\/wp-content\/uploads\/sites\/24\/2024\/10\/Bjorn-Sjoholm_400x400.png 400w, https:\/\/www.infinigate.com\/se\/wp-content\/uploads\/sites\/24\/2024\/10\/Bjorn-Sjoholm_400x400-300x300.png 300w, https:\/\/www.infinigate.com\/se\/wp-content\/uploads\/sites\/24\/2024\/10\/Bjorn-Sjoholm_400x400-150x150.png 150w\" sizes=\"auto, (max-width: 400px) 100vw, 400px\" \/><\/figure>\n\n\n\n<h4 class=\"wp-block-heading is-style-border-left wp-block-heading\" id=\"h-bjorn-sjoholm\">Bj\u00f6rn Sj\u00f6holm<\/h4>\n\n\n\n<p>Bj\u00f6rn \u00e4r specialist inom cybers\u00e4kerhet och compliance p\u00e5 Seadot.&nbsp;Han har arbetat med IT-s\u00e4kerhet och informationss\u00e4kerhet som r\u00e5dgivare och konsult i \u00f6ver 30 \u00e5r.<\/p>\n<\/div>\n<\/div>\n\n\n\n<div class=\"wp-block-column is-layout-flow wp-block-column-is-layout-flow\">\n<div class=\"wp-block-group is-vertical is-layout-flex wp-container-core-group-is-layout-8cf370e7 wp-block-group-is-layout-flex\">\n<figure class=\"wp-block-image size-full\"><img loading=\"lazy\" decoding=\"async\" width=\"400\" height=\"400\" src=\"https:\/\/www.infinigate.com\/se\/wp-content\/uploads\/sites\/24\/2024\/10\/Lars_TXOne_400x400.png\" alt=\"\" class=\"wp-image-8521\" srcset=\"https:\/\/www.infinigate.com\/se\/wp-content\/uploads\/sites\/24\/2024\/10\/Lars_TXOne_400x400.png 400w, https:\/\/www.infinigate.com\/se\/wp-content\/uploads\/sites\/24\/2024\/10\/Lars_TXOne_400x400-300x300.png 300w, https:\/\/www.infinigate.com\/se\/wp-content\/uploads\/sites\/24\/2024\/10\/Lars_TXOne_400x400-150x150.png 150w\" sizes=\"auto, (max-width: 400px) 100vw, 400px\" \/><\/figure>\n\n\n\n<h4 class=\"wp-block-heading is-style-border-left wp-block-heading\" id=\"h-lars-thoren\">Lars Thoren<\/h4>\n\n\n\n<p>Lars Thoren \u00e4r Sales Engineer p\u00e5 TXOne Networks och har en gedigen bakgrund inom n\u00e4tverk och IT-s\u00e4kerhet som str\u00e4cker sig tillbaka till 80-talet.<\/p>\n<\/div>\n<\/div>\n<\/div>\n\n\n\n<p><\/p>\n\n\n\n<h2 class=\"wp-block-heading is-style-border-left wp-block-heading\" id=\"h-om-infinigate\"><strong>Om Infinigate <\/strong><\/h2>\n\n\n\n<p>Infinigate \u00e4r distribut\u00f6r med fokus p\u00e5 IT-s\u00e4kerhet. F\u00f6r de leverant\u00f6rer som finns i v\u00e5r portf\u00f6lj erbjuder vi kvalificerad support, utbildning, marknad- och s\u00e4ljst\u00f6d. Vi hj\u00e4lper dig, som \u00e4r \u00e5terf\u00f6rs\u00e4ljare, utveckla din s\u00e4kerhetsaff\u00e4r. Du som vill veta mer om IT-s\u00e4kerhet och inte \u00e4r IT-\u00e5terf\u00f6rs\u00e4ljare \u00e4r ocks\u00e5 v\u00e4lkommen att kontakta Infinigate.<\/p>\n\n\n\n<p>Vi ger g\u00e4rna r\u00e5d och tips kring IT-s\u00e4kerhet!<\/p>\n\n\n\n<div class=\"wp-block-buttons is-layout-flex wp-block-buttons-is-layout-flex\">\n<div class=\"wp-block-button\"><a class=\"wp-block-button__link wp-element-button\" href=\"mailto:sakerhet@infinigate.se\">Kontakta oss<\/a><\/div>\n<\/div>\n","protected":false},"excerpt":{"rendered":"<p>NIS2-direktivet: S\u00e5 skyddar du din OT-milj\u00f6 och uppfyller cybers\u00e4kerhetskraven NIS2-direktivet syftar till att uppn\u00e5 en h\u00f6g gemensam cybers\u00e4kerhetsniv\u00e5 i hela&hellip;<\/p>\n","protected":false},"author":68,"featured_media":3238,"parent":0,"menu_order":0,"comment_status":"closed","ping_status":"closed","template":"","meta":{"_acf_changed":false,"footnotes":""},"folder":[],"class_list":["post-8550","page","type-page","status-publish","has-post-thumbnail","hentry"],"acf":[],"distributor_meta":false,"distributor_terms":false,"distributor_media":false,"distributor_original_site_name":"Infinigate | Sverige","distributor_original_site_url":"https:\/\/www.infinigate.com\/se","push-errors":false,"_links":{"self":[{"href":"https:\/\/www.infinigate.com\/se\/wp-json\/wp\/v2\/pages\/8550","targetHints":{"allow":["GET"]}}],"collection":[{"href":"https:\/\/www.infinigate.com\/se\/wp-json\/wp\/v2\/pages"}],"about":[{"href":"https:\/\/www.infinigate.com\/se\/wp-json\/wp\/v2\/types\/page"}],"author":[{"embeddable":true,"href":"https:\/\/www.infinigate.com\/se\/wp-json\/wp\/v2\/users\/68"}],"replies":[{"embeddable":true,"href":"https:\/\/www.infinigate.com\/se\/wp-json\/wp\/v2\/comments?post=8550"}],"version-history":[{"count":0,"href":"https:\/\/www.infinigate.com\/se\/wp-json\/wp\/v2\/pages\/8550\/revisions"}],"wp:featuredmedia":[{"embeddable":true,"href":"https:\/\/www.infinigate.com\/se\/wp-json\/wp\/v2\/media\/3238"}],"wp:attachment":[{"href":"https:\/\/www.infinigate.com\/se\/wp-json\/wp\/v2\/media?parent=8550"}],"wp:term":[{"taxonomy":"folder","embeddable":true,"href":"https:\/\/www.infinigate.com\/se\/wp-json\/wp\/v2\/folder?post=8550"}],"curies":[{"name":"wp","href":"https:\/\/api.w.org\/{rel}","templated":true}]}}