{"id":9283,"date":"2024-11-17T20:45:03","date_gmt":"2024-11-17T19:45:03","guid":{"rendered":"https:\/\/www.infinigate.com\/se\/?page_id=9283"},"modified":"2024-11-21T13:40:18","modified_gmt":"2024-11-21T12:40:18","slug":"mammutmarschen","status":"publish","type":"page","link":"https:\/\/www.infinigate.com\/se\/mammutmarschen\/","title":{"rendered":"Mammutmarschen K\u00f6penhamn"},"content":{"rendered":"\n<div class=\"wp-block-columns is-layout-flex wp-container-core-columns-is-layout-9d6595d7 wp-block-columns-is-layout-flex\">\n<div class=\"wp-block-column is-layout-flow wp-block-column-is-layout-flow\">\n<h2 class=\"wp-block-heading is-style-border-left wp-block-heading\" id=\"h-avverka-55-km-tillsammans-med-infinigate\">Avverka 55 km tillsammans med Infinigate<\/h2>\n\n\n\n<p class=\"has-coral-color has-text-color has-link-color wp-elements-35c1fe6dcb2a1b9a11cec61ccbaad5c2\">L\u00f6rdagen den 3 maj deltar Infinigate f\u00f6r andra g\u00e5ngen p\u00e5 extremvandringen Mammutmarch i K\u00f6penhamn. Den h\u00e4r g\u00e5ngen \u00e4r str\u00e4ckan 55km.<\/p>\n\n\n\n<p>Mammutmarschen l\u00f6per i vacker natur p\u00e5 Nordsj\u00e4lland. I samband med vandringen donerar Infinigate pengar till ett v\u00e4lg\u00f6renhetsprojekt som du f\u00e5r vara med att nominera. <br><br>\u00c4r du redo f\u00f6r en fantastisk upplevelse? Antag utmaningen! Tillsammans kan vi flytta berg.<\/p>\n\n\n\n<div class=\"wp-block-buttons is-layout-flex wp-block-buttons-is-layout-flex\">\n<div class=\"wp-block-button\"><a class=\"wp-block-button__link wp-element-button\" href=\"https:\/\/app.emarketeer.com\/ext\/form\/entry.php?m=390157afcc2d9f9bbaa8b599cefc4e61f070dad&amp;Origin=Direct\" target=\"_blank\" rel=\"noreferrer noopener\">G\u00f6r din intresseanm\u00e4lan<\/a><\/div>\n<\/div>\n<\/div>\n\n\n\n<div class=\"wp-block-column is-layout-flow wp-block-column-is-layout-flow\">\n<figure class=\"wp-block-image size-full\"><img loading=\"lazy\" decoding=\"async\" width=\"800\" height=\"600\" src=\"https:\/\/www.infinigate.com\/se\/wp-content\/uploads\/sites\/24\/2024\/11\/Mammutmarsch_800x600pxl.png\" alt=\"\" class=\"wp-image-9281\" style=\"object-fit:cover\" srcset=\"https:\/\/www.infinigate.com\/se\/wp-content\/uploads\/sites\/24\/2024\/11\/Mammutmarsch_800x600pxl.png 800w, https:\/\/www.infinigate.com\/se\/wp-content\/uploads\/sites\/24\/2024\/11\/Mammutmarsch_800x600pxl-300x225.png 300w, https:\/\/www.infinigate.com\/se\/wp-content\/uploads\/sites\/24\/2024\/11\/Mammutmarsch_800x600pxl-768x576.png 768w\" sizes=\"auto, (max-width: 800px) 100vw, 800px\" \/><\/figure>\n<\/div>\n<\/div>\n\n\n<section class=\"media-content wp-block media-content--left media-content--media-type--image has-gray-25-background-color has-background alignfull\">\r\n    <div class=\"media-content__inner\">\r\n        <div class=\"media-content__content\">\r\n                                <h2 class=\"media-content__heading\">H\u00e5llpunkter<\/h2>\r\n            \r\n            \r\n            <p><strong>2 maj <\/strong>inresa till K\u00f6penhamn<strong><br \/>\n<\/strong>20.00 Gemensam middag p\u00e5 hotellet (Ascot Hotel, Studiestr\u00e6de 61, K\u00f6penhamn)<\/p>\n<p><strong>3 maj<br \/>\n<\/strong>06.00 Gemensam avf\u00f6rd till Bagsv\u00e6rd<br \/>\n07:00 Vandringen b\u00f6rjar<br \/>\n19.00 M\u00e5lg\u00e5ng och gemensam f\u00e4rd till hotellet<br \/>\n21.00 Gemensam middag och eftersnack<br \/>\n<strong><br \/>\n4 maj <\/strong>hemresa<strong><br \/>\n<\/strong><br \/>\nInfinigate bjuder p\u00e5 anm\u00e4lningsavgift, tr\u00f6ja, middagar och v\u00e4lg\u00f6renhetsslanten. Du betalar sj\u00e4lv din resa till och fr\u00e5n K\u00f6penhamn och dina hotelln\u00e4tter.<\/p>\n\r\n                            <div class=\"flex-list\">\r\n                        <a rel=\"noopener\" href=\"https:\/\/mammutmarch.dk\/55-km-marsch\/mammutmarch-koebenhavn-30-55-km\/#1574789917437-7cf212c5-b992\" target=\"_blank\" class=\"g-button\">\r\n                L\u00e4s om mammutmarschen            <\/a>\r\n                <\/div>\r\n                    <\/div>\r\n\r\n                    <div class=\"media-content__media\">\r\n                <img loading=\"lazy\" decoding=\"async\" width=\"800\" height=\"1066\" src=\"https:\/\/www.infinigate.com\/se\/wp-content\/uploads\/sites\/24\/2024\/11\/Mammutmarsch_2_800x1066pxl.png\" class=\"attachment-super size-super\" alt=\"\" sizes=\"auto, (max-width: 768px) 100vw, 50vw\" srcset=\"https:\/\/www.infinigate.com\/se\/wp-content\/uploads\/sites\/24\/2024\/11\/Mammutmarsch_2_800x1066pxl.png 800w, https:\/\/www.infinigate.com\/se\/wp-content\/uploads\/sites\/24\/2024\/11\/Mammutmarsch_2_800x1066pxl-225x300.png 225w, https:\/\/www.infinigate.com\/se\/wp-content\/uploads\/sites\/24\/2024\/11\/Mammutmarsch_2_800x1066pxl-768x1023.png 768w\" \/>            <\/div>\r\n            <\/div>\r\n<\/section>\r\n\n\n\n<div class=\"wp-block-columns is-layout-flex wp-container-core-columns-is-layout-9d6595d7 wp-block-columns-is-layout-flex\">\n<div class=\"wp-block-column is-layout-flow wp-block-column-is-layout-flow\">\n<h2 class=\"wp-block-heading is-style-border-left wp-block-heading\" id=\"h-ett-aventyr-tillsammans-med-infinigate\">Ett \u00e4ventyr tillsammans med Infinigate<\/h2>\n\n\n\n<p class=\"wp-embed-aspect-16-9 wp-has-aspect-ratio\">Infinigate \u00e4r en v\u00e4rdeadderande distribut\u00f6r och erbjuder kvalificerad support, utbildning, marknad- och s\u00e4ljst\u00f6d. Vi hj\u00e4lper \u00e5terf\u00f6rs\u00e4ljare, utveckla sitt s\u00e4kerhetserbjudande och tillv\u00e4xt.<\/p>\n\n\n\n<p class=\"wp-embed-aspect-16-9 wp-has-aspect-ratio\">Du som vill veta mer om IT-s\u00e4kerhet och inte \u00e4r IT-\u00e5terf\u00f6rs\u00e4ljare \u00e4r ocks\u00e5 v\u00e4lkommen att kontakta Infinigate. Vi ger g\u00e4rna r\u00e5d och tips kring IT-s\u00e4kerhet!<\/p>\n\n\n\n<div class=\"wp-block-buttons is-layout-flex wp-block-buttons-is-layout-flex\">\n<div class=\"wp-block-button\"><a class=\"wp-block-button__link wp-element-button\">Kontakta Infinigate<\/a><\/div>\n<\/div>\n<\/div>\n<\/div>\n","protected":false},"excerpt":{"rendered":"<p>Avverka 55 km tillsammans med Infinigate L\u00f6rdagen den 3 maj deltar Infinigate f\u00f6r andra g\u00e5ngen p\u00e5 extremvandringen Mammutmarch i K\u00f6penhamn.&hellip;<\/p>\n","protected":false},"author":67,"featured_media":9280,"parent":0,"menu_order":0,"comment_status":"closed","ping_status":"closed","template":"","meta":{"_acf_changed":false,"footnotes":""},"folder":[],"class_list":["post-9283","page","type-page","status-publish","has-post-thumbnail","hentry"],"acf":[],"distributor_meta":false,"distributor_terms":false,"distributor_media":false,"distributor_original_site_name":"Infinigate | Sverige","distributor_original_site_url":"https:\/\/www.infinigate.com\/se","push-errors":false,"_links":{"self":[{"href":"https:\/\/www.infinigate.com\/se\/wp-json\/wp\/v2\/pages\/9283","targetHints":{"allow":["GET"]}}],"collection":[{"href":"https:\/\/www.infinigate.com\/se\/wp-json\/wp\/v2\/pages"}],"about":[{"href":"https:\/\/www.infinigate.com\/se\/wp-json\/wp\/v2\/types\/page"}],"author":[{"embeddable":true,"href":"https:\/\/www.infinigate.com\/se\/wp-json\/wp\/v2\/users\/67"}],"replies":[{"embeddable":true,"href":"https:\/\/www.infinigate.com\/se\/wp-json\/wp\/v2\/comments?post=9283"}],"version-history":[{"count":0,"href":"https:\/\/www.infinigate.com\/se\/wp-json\/wp\/v2\/pages\/9283\/revisions"}],"wp:featuredmedia":[{"embeddable":true,"href":"https:\/\/www.infinigate.com\/se\/wp-json\/wp\/v2\/media\/9280"}],"wp:attachment":[{"href":"https:\/\/www.infinigate.com\/se\/wp-json\/wp\/v2\/media?parent=9283"}],"wp:term":[{"taxonomy":"folder","embeddable":true,"href":"https:\/\/www.infinigate.com\/se\/wp-json\/wp\/v2\/folder?post=9283"}],"curies":[{"name":"wp","href":"https:\/\/api.w.org\/{rel}","templated":true}]}}