{"id":9388,"date":"2024-11-28T21:04:48","date_gmt":"2024-11-28T20:04:48","guid":{"rendered":"https:\/\/www.infinigate.com\/se\/?page_id=9388"},"modified":"2024-12-06T11:49:20","modified_gmt":"2024-12-06T10:49:20","slug":"adventskalender-2024","status":"publish","type":"page","link":"https:\/\/www.infinigate.com\/se\/adventskalender-2024\/","title":{"rendered":"Adventskalender 2024"},"content":{"rendered":"\n<div class=\"wp-block-group alignfull adventcalendar is-nowrap is-layout-flex wp-container-core-group-is-layout-ad2f72ca wp-block-group-is-layout-flex\">\n<div class=\"wp-block-columns alignfull is-layout-flex wp-container-core-columns-is-layout-9d6595d7 wp-block-columns-is-layout-flex\" id=\"adventskalender\">\n<div class=\"wp-block-column is-layout-flow wp-block-column-is-layout-flow\">\n<h2 class=\"wp-block-heading has-white-color has-text-color has-link-color wp-elements-2cfebfef8725478d9a0481d2f3e67a80\" id=\"h-vinn-fina-priser-i-december\"><br>Vinn fina priser i <strong>december!<\/strong><\/h2>\n\n\n\n<p class=\"has-white-color has-text-color has-link-color wp-elements-3193cc68fd1cdbb53a6db3c5da7182cb\">Bakom luckorna i \u00e5rets julkalender g\u00f6mmer sig tips, kunskap och sp\u00e4nnande kuriosa, sj\u00e4lvklart med fokus p\u00e5 IT-s\u00e4kerhet. Varje vecka hittar du kluriga fr\u00e5gest\u00e4llningar bakom n\u00e5gon av luckorna. Svarar du r\u00e4tt har du chans att <strong>vinna fina priser<\/strong> \u2013 kanske en julklapp till dig sj\u00e4lv eller n\u00e5gon du tycker om?<br><br>Ta chansen och st\u00e4rk din IT-s\u00e4kerhet (och s\u00e5klart din julst\u00e4mning) \ud83c\udf81<br><br><em><strong>Luckorna \u00e4r fyllda med b\u00e5de kunskap och skratt, <\/strong><br><strong>N\u00e5got f\u00f6r dig som vill s\u00e4tta p\u00e5 dig en s\u00e4kerhetshatt.<\/strong><\/em><\/p>\n\n\n<div class=\"santapress-container w-24-doors with-snow tr\" data-snowcond=\"modal\" data-snowtype=\"santapress\"><div class=\"santapress-door status-future door-past santapress-layout-02\" data-postid=\"9439\"><div class=\"santapress-door-inner\"><a href=\"#\" class=\"santapress-modal\"><img decoding=\"async\" src=\"https:\/\/www.infinigate.com\/se\/wp-content\/uploads\/sites\/24\/2024\/11\/Advent-Calendar-door-5.png\" alt=\"door-Lucka 5\" \/><\/a><\/div><\/div><div class=\"santapress-door status-future door-past santapress-layout-02\" data-postid=\"9459\"><div class=\"santapress-door-inner\"><a href=\"#\" class=\"santapress-modal\"><img decoding=\"async\" src=\"https:\/\/www.infinigate.com\/se\/wp-content\/uploads\/sites\/24\/2024\/11\/Advent-Calendar-door-24.png\" alt=\"door-Lucka 24\" \/><\/a><\/div><\/div><div class=\"santapress-door status-future door-past santapress-layout-02\" data-postid=\"9441\"><div class=\"santapress-door-inner\"><a href=\"#\" class=\"santapress-modal\"><img decoding=\"async\" src=\"https:\/\/www.infinigate.com\/se\/wp-content\/uploads\/sites\/24\/2024\/11\/Advent-Calendar-door-7.png\" alt=\"door-Lucka 7\" \/><\/a><\/div><\/div><div class=\"santapress-door status-future door-past santapress-layout-02\" data-postid=\"9451\"><div class=\"santapress-door-inner\"><a href=\"#\" class=\"santapress-modal\"><img decoding=\"async\" src=\"https:\/\/www.infinigate.com\/se\/wp-content\/uploads\/sites\/24\/2024\/11\/Advent-Calendar-door-16.png\" alt=\"door-Lucka 16\" \/><\/a><\/div><\/div><div class=\"santapress-door status-future door-past santapress-layout-02\" data-postid=\"9437\"><div class=\"santapress-door-inner\"><a href=\"#\" class=\"santapress-modal\"><img decoding=\"async\" src=\"https:\/\/www.infinigate.com\/se\/wp-content\/uploads\/sites\/24\/2024\/11\/Advent-Calendar-door-4.png\" alt=\"door-Lucka 4\" \/><\/a><\/div><\/div><div class=\"santapress-door status-future door-past santapress-layout-02\" data-postid=\"9456\"><div class=\"santapress-door-inner\"><a href=\"#\" class=\"santapress-modal\"><img decoding=\"async\" src=\"https:\/\/www.infinigate.com\/se\/wp-content\/uploads\/sites\/24\/2024\/11\/Advent-Calendar-door-21.png\" alt=\"door-Lucka 21\" \/><\/a><\/div><\/div><div class=\"santapress-door status-future door-past santapress-layout-02\" data-postid=\"9444\"><div class=\"santapress-door-inner\"><a href=\"#\" class=\"santapress-modal\"><img decoding=\"async\" src=\"https:\/\/www.infinigate.com\/se\/wp-content\/uploads\/sites\/24\/2024\/11\/Advent-Calendar-door-9.png\" alt=\"door-Lucka 9\" \/><\/a><\/div><\/div><div class=\"santapress-door status-future door-past santapress-layout-02\" data-postid=\"9436\"><div class=\"santapress-door-inner\"><a href=\"#\" class=\"santapress-modal\"><img decoding=\"async\" src=\"https:\/\/www.infinigate.com\/se\/wp-content\/uploads\/sites\/24\/2024\/11\/Advent-Calendar-door-3.png\" alt=\"door-Lucka 3\" \/><\/a><\/div><\/div><div class=\"santapress-door status-future door-past santapress-layout-02\" data-postid=\"9446\"><div class=\"santapress-door-inner\"><a href=\"#\" class=\"santapress-modal\"><img decoding=\"async\" src=\"https:\/\/www.infinigate.com\/se\/wp-content\/uploads\/sites\/24\/2024\/11\/Advent-Calendar-door-11.png\" alt=\"door-Lucka 11\" \/><\/a><\/div><\/div><div class=\"santapress-door status-future door-past santapress-layout-02\" data-postid=\"9458\"><div class=\"santapress-door-inner\"><a href=\"#\" class=\"santapress-modal\"><img decoding=\"async\" src=\"https:\/\/www.infinigate.com\/se\/wp-content\/uploads\/sites\/24\/2024\/11\/Advent-Calendar-door-23.png\" alt=\"door-Lucka 23\" \/><\/a><\/div><\/div><div class=\"santapress-door status-future door-past santapress-layout-02\" data-postid=\"9450\"><div class=\"santapress-door-inner\"><a href=\"#\" class=\"santapress-modal\"><img decoding=\"async\" src=\"https:\/\/www.infinigate.com\/se\/wp-content\/uploads\/sites\/24\/2024\/11\/Advent-Calendar-door-15.png\" alt=\"door-Lucka 15\" \/><\/a><\/div><\/div><div class=\"santapress-door status-future door-past santapress-layout-02\" data-postid=\"9453\"><div class=\"santapress-door-inner\"><a href=\"#\" class=\"santapress-modal\"><img decoding=\"async\" src=\"https:\/\/www.infinigate.com\/se\/wp-content\/uploads\/sites\/24\/2024\/11\/Advent-Calendar-door-18.png\" alt=\"door-Lucka 18\" \/><\/a><\/div><\/div><div class=\"santapress-door status-future door-past santapress-layout-02\" data-postid=\"9448\"><div class=\"santapress-door-inner\"><a href=\"#\" class=\"santapress-modal\"><img decoding=\"async\" src=\"https:\/\/www.infinigate.com\/se\/wp-content\/uploads\/sites\/24\/2024\/11\/Advent-Calendar-door-13.png\" alt=\"door-Lucka 13\" \/><\/a><\/div><\/div><div class=\"santapress-door status-future door-past santapress-layout-02\" data-postid=\"9442\"><div class=\"santapress-door-inner\"><a href=\"#\" class=\"santapress-modal\"><img decoding=\"async\" src=\"https:\/\/www.infinigate.com\/se\/wp-content\/uploads\/sites\/24\/2024\/11\/Advent-Calendar-door-8.png\" alt=\"door-Lucka 8\" \/><\/a><\/div><\/div><div class=\"santapress-door status-future door-past santapress-layout-02\" data-postid=\"9457\"><div class=\"santapress-door-inner\"><a href=\"#\" class=\"santapress-modal\"><img decoding=\"async\" src=\"https:\/\/www.infinigate.com\/se\/wp-content\/uploads\/sites\/24\/2024\/11\/Advent-Calendar-door-22.png\" alt=\"door-Lucka 22\" \/><\/a><\/div><\/div><div class=\"santapress-door status-future door-past santapress-layout-02\" data-postid=\"9452\"><div class=\"santapress-door-inner\"><a href=\"#\" class=\"santapress-modal\"><img decoding=\"async\" src=\"https:\/\/www.infinigate.com\/se\/wp-content\/uploads\/sites\/24\/2024\/11\/Advent-Calendar-door-17.png\" alt=\"door-Lucka 17\" \/><\/a><\/div><\/div><div class=\"santapress-door status-future door-past santapress-layout-02\" data-postid=\"9449\"><div class=\"santapress-door-inner\"><a href=\"#\" class=\"santapress-modal\"><img decoding=\"async\" src=\"https:\/\/www.infinigate.com\/se\/wp-content\/uploads\/sites\/24\/2024\/11\/Advent-Calendar-door-14.png\" alt=\"door-Lucka 14\" \/><\/a><\/div><\/div><div class=\"santapress-door status-future door-past santapress-layout-02\" data-postid=\"9435\"><div class=\"santapress-door-inner\"><a href=\"#\" class=\"santapress-modal\"><img decoding=\"async\" src=\"https:\/\/www.infinigate.com\/se\/wp-content\/uploads\/sites\/24\/2024\/11\/Advent-Calendar-door-2.png\" alt=\"door-Lucka 2\" \/><\/a><\/div><\/div><div class=\"santapress-door status-future door-past santapress-layout-02\" data-postid=\"9445\"><div class=\"santapress-door-inner\"><a href=\"#\" class=\"santapress-modal\"><img decoding=\"async\" src=\"https:\/\/www.infinigate.com\/se\/wp-content\/uploads\/sites\/24\/2024\/11\/Advent-Calendar-door-10.png\" alt=\"door-Lucka 10\" \/><\/a><\/div><\/div><div class=\"santapress-door status-future door-past santapress-layout-02\" data-postid=\"9455\"><div class=\"santapress-door-inner\"><a href=\"#\" class=\"santapress-modal\"><img decoding=\"async\" src=\"https:\/\/www.infinigate.com\/se\/wp-content\/uploads\/sites\/24\/2024\/11\/Advent-Calendar-door-20.png\" alt=\"door-Lucka 20\" \/><\/a><\/div><\/div><div class=\"santapress-door status-future door-past santapress-layout-02\" data-postid=\"9454\"><div class=\"santapress-door-inner\"><a href=\"#\" class=\"santapress-modal\"><img decoding=\"async\" src=\"https:\/\/www.infinigate.com\/se\/wp-content\/uploads\/sites\/24\/2024\/11\/Advent-Calendar-door-19.png\" alt=\"door-Lucka 19\" \/><\/a><\/div><\/div><div class=\"santapress-door status-future door-past santapress-layout-02\" data-postid=\"9440\"><div class=\"santapress-door-inner\"><a href=\"#\" class=\"santapress-modal\"><img decoding=\"async\" src=\"https:\/\/www.infinigate.com\/se\/wp-content\/uploads\/sites\/24\/2024\/11\/Advent-Calendar-door-6.png\" alt=\"door-Lucka 6\" \/><\/a><\/div><\/div><div class=\"santapress-door status-future door-past santapress-layout-02\" data-postid=\"9447\"><div class=\"santapress-door-inner\"><a href=\"#\" class=\"santapress-modal\"><img decoding=\"async\" src=\"https:\/\/www.infinigate.com\/se\/wp-content\/uploads\/sites\/24\/2024\/11\/Advent-Calendar-door-12.png\" alt=\"door-Lucka 12\" \/><\/a><\/div><\/div><div class=\"santapress-door status-future door-past santapress-layout-02\" data-postid=\"9433\"><div class=\"santapress-door-inner\"><a href=\"#\" class=\"santapress-modal\"><img decoding=\"async\" src=\"https:\/\/www.infinigate.com\/se\/wp-content\/uploads\/sites\/24\/2024\/11\/Advent-Calendar-door-1.png\" alt=\"door-Lucka 1\" \/><\/a><\/div><\/div><input type=\"hidden\" name=\"sp-nonce\" id=\"sp-nonce\" value=\"8d92524714\"><\/div> <!-- \/.santapress-container -->\n<\/div>\n<\/div>\n<\/div>\n\n\n\n<p><\/p>\n\n\n\n<h2 class=\"wp-block-heading is-style-border-left wp-block-heading\" id=\"h-om-infinigate\"><strong>Om Infinigate <\/strong><\/h2>\n\n\n\n<p>Infinigate \u00e4r distribut\u00f6r med fokus p\u00e5 IT-s\u00e4kerhet. F\u00f6r de leverant\u00f6rer som finns i v\u00e5r portf\u00f6lj erbjuder vi kvalificerad support, utbildning, marknad- och s\u00e4ljst\u00f6d. Vi hj\u00e4lper dig, som \u00e4r \u00e5terf\u00f6rs\u00e4ljare, utveckla din s\u00e4kerhetsaff\u00e4r. Du som vill veta mer om IT-s\u00e4kerhet och inte \u00e4r IT-\u00e5terf\u00f6rs\u00e4ljare \u00e4r ocks\u00e5 v\u00e4lkommen att kontakta Infinigate.<\/p>\n\n\n\n<p>Vi ger g\u00e4rna r\u00e5d och tips kring IT-s\u00e4kerhet!<\/p>\n\n\n\n<div class=\"wp-block-buttons is-layout-flex wp-block-buttons-is-layout-flex\">\n<div class=\"wp-block-button\"><a class=\"wp-block-button__link wp-element-button\" href=\"mailto:sakerhet@infinigate.se\">Kontakta oss<\/a><\/div>\n<\/div>\n","protected":false},"excerpt":{"rendered":"<p>Vinn fina priser i december! Bakom luckorna i \u00e5rets julkalender g\u00f6mmer sig tips, kunskap och sp\u00e4nnande kuriosa, sj\u00e4lvklart med fokus&hellip;<\/p>\n","protected":false},"author":13,"featured_media":9633,"parent":0,"menu_order":0,"comment_status":"closed","ping_status":"closed","template":"","meta":{"_acf_changed":false,"footnotes":""},"folder":[],"class_list":["post-9388","page","type-page","status-publish","has-post-thumbnail","hentry"],"acf":[],"distributor_meta":false,"distributor_terms":false,"distributor_media":false,"distributor_original_site_name":"Infinigate | Sverige","distributor_original_site_url":"https:\/\/www.infinigate.com\/se","push-errors":false,"_links":{"self":[{"href":"https:\/\/www.infinigate.com\/se\/wp-json\/wp\/v2\/pages\/9388","targetHints":{"allow":["GET"]}}],"collection":[{"href":"https:\/\/www.infinigate.com\/se\/wp-json\/wp\/v2\/pages"}],"about":[{"href":"https:\/\/www.infinigate.com\/se\/wp-json\/wp\/v2\/types\/page"}],"author":[{"embeddable":true,"href":"https:\/\/www.infinigate.com\/se\/wp-json\/wp\/v2\/users\/13"}],"replies":[{"embeddable":true,"href":"https:\/\/www.infinigate.com\/se\/wp-json\/wp\/v2\/comments?post=9388"}],"version-history":[{"count":0,"href":"https:\/\/www.infinigate.com\/se\/wp-json\/wp\/v2\/pages\/9388\/revisions"}],"wp:featuredmedia":[{"embeddable":true,"href":"https:\/\/www.infinigate.com\/se\/wp-json\/wp\/v2\/media\/9633"}],"wp:attachment":[{"href":"https:\/\/www.infinigate.com\/se\/wp-json\/wp\/v2\/media?parent=9388"}],"wp:term":[{"taxonomy":"folder","embeddable":true,"href":"https:\/\/www.infinigate.com\/se\/wp-json\/wp\/v2\/folder?post=9388"}],"curies":[{"name":"wp","href":"https:\/\/api.w.org\/{rel}","templated":true}]}}